{"id":105266,"date":"2025-02-04T13:44:43","date_gmt":"2025-02-04T13:44:43","guid":{"rendered":"https:\/\/store.evolve-fitness.eu\/?post_type=product&#038;p=105266"},"modified":"2025-03-27T07:51:28","modified_gmt":"2025-03-27T07:51:28","slug":"sacco-da-boxe-evolve-in-pelle-naturale-180-cm","status":"publish","type":"product","link":"https:\/\/store.evolve-fitness.eu\/it\/prodotto\/sacco-da-boxe-evolve-in-pelle-naturale-180-cm\/","title":{"rendered":"Sacco da boxe Evolve in pelle naturale 180 CM"},"content":{"rendered":"\n<section class=\"wp-block-group alignfull has-lightgray-background-color has-background is-layout-constrained wp-block-group-is-layout-constrained\">\n<div class=\"wp-block-columns alignwide is-layout-flex wp-container-core-columns-is-layout-2edb0647 wp-block-columns-is-layout-flex\" style=\"margin-top:0;margin-bottom:0\">\n<div class=\"wp-block-column is-layout-flow wp-block-column-is-layout-flow\" style=\"flex-basis:33.33%\"><\/div>\n\n\n\n<div class=\"wp-block-column is-layout-flow wp-block-column-is-layout-flow\" style=\"flex-basis:66.66%\"><\/div>\n<\/div>\n<\/section>\n\n<p><\/p>\n","protected":false},"excerpt":{"rendered":"<p>Il sacco da boxe \u00e8 composto da due strati: lo strato interno \u00e8 in tessuto di alta qualit\u00e0 e lo strato esterno \u00e8 in vera pelle di alta qualit\u00e0, quindi il sacco da boxe \u00e8 estremamente resistente. Tutte le cuciture del sacco da boxe sono cucite pi\u00f9 volte per evitare strappi.<\/p>\n","protected":false},"featured_media":105240,"template":"","meta":{"_acf_changed":false,"inline_featured_image":false},"product_cat":[611,613],"product_tag":[],"class_list":{"0":"post-105266","1":"product","2":"type-product","3":"status-publish","4":"has-post-thumbnail","6":"product_cat-interdisciplinare-e-funzionale","7":"product_cat-apparecchiature-funzionali","9":"first","10":"instock","11":"shipping-taxable","12":"purchasable","13":"product-type-simple"},"acf":[],"_links":{"self":[{"href":"https:\/\/store.evolve-fitness.eu\/it\/wp-json\/wp\/v2\/product\/105266","targetHints":{"allow":["GET"]}}],"collection":[{"href":"https:\/\/store.evolve-fitness.eu\/it\/wp-json\/wp\/v2\/product"}],"about":[{"href":"https:\/\/store.evolve-fitness.eu\/it\/wp-json\/wp\/v2\/types\/product"}],"wp:featuredmedia":[{"embeddable":true,"href":"https:\/\/store.evolve-fitness.eu\/it\/wp-json\/wp\/v2\/media\/105240"}],"wp:attachment":[{"href":"https:\/\/store.evolve-fitness.eu\/it\/wp-json\/wp\/v2\/media?parent=105266"}],"wp:term":[{"taxonomy":"product_cat","embeddable":true,"href":"https:\/\/store.evolve-fitness.eu\/it\/wp-json\/wp\/v2\/product_cat?post=105266"},{"taxonomy":"product_tag","embeddable":true,"href":"https:\/\/store.evolve-fitness.eu\/it\/wp-json\/wp\/v2\/product_tag?post=105266"}],"curies":[{"name":"wp","href":"https:\/\/api.w.org\/{rel}","templated":true}]}}