{"id":104944,"date":"2025-02-04T13:19:26","date_gmt":"2025-02-04T13:19:26","guid":{"rendered":"https:\/\/store.evolve-fitness.eu\/?post_type=product&#038;p=104944"},"modified":"2025-11-07T11:36:21","modified_gmt":"2025-11-07T11:36:21","slug":"sacco-da-boxe-in-pelle-artificiale-evolve-100-cm-180-cm","status":"publish","type":"product","link":"https:\/\/store.evolve-fitness.eu\/it\/prodotto\/sacco-da-boxe-in-pelle-artificiale-evolve-100-cm-180-cm\/","title":{"rendered":"Sacco da boxe in pelle artificiale Evolve 100 cm \/ 180 cm"},"content":{"rendered":"\n<section class=\"wp-block-group alignfull has-lightgray-background-color has-background is-layout-constrained wp-block-group-is-layout-constrained\">\n<div class=\"wp-block-columns alignwide is-layout-flex wp-container-core-columns-is-layout-2edb0647 wp-block-columns-is-layout-flex\" style=\"margin-top:0;margin-bottom:0\">\n<div class=\"wp-block-column is-layout-flow wp-block-column-is-layout-flow\" style=\"flex-basis:33.33%\"><\/div>\n\n\n\n<div class=\"wp-block-column is-layout-flow wp-block-column-is-layout-flow\" style=\"flex-basis:66.66%\"><\/div>\n<\/div>\n<\/section>\n","protected":false},"excerpt":{"rendered":"<p>Lo strato interno del sacco \u00e8 realizzato in tela tessuta rivestita in PVC, mentre lo strato esterno \u00e8 in pelle artificiale molto spessa. Questo crea una parete molto spessa, per cui il sacco da boxe manterr\u00e0 sempre un aspetto liscio anche dopo un uso molto prolungato. Ci sono quattro cinghie extra rinforzate con anelli laterali per appendere il sacco da boxe. Tutte le cuciture del sacco da boxe sono cucite pi\u00f9 volte per evitare strappi.<\/p>\n","protected":false},"featured_media":105190,"template":"","meta":{"_acf_changed":false,"inline_featured_image":false},"product_cat":[613,611],"product_tag":[],"class_list":{"0":"post-104944","1":"product","2":"type-product","3":"status-publish","4":"has-post-thumbnail","6":"product_cat-apparecchiature-funzionali","7":"product_cat-interdisciplinare-e-funzionale","9":"first","10":"instock","11":"taxable","12":"shipping-taxable","13":"purchasable","14":"product-type-variable"},"acf":[],"_links":{"self":[{"href":"https:\/\/store.evolve-fitness.eu\/it\/wp-json\/wp\/v2\/product\/104944","targetHints":{"allow":["GET"]}}],"collection":[{"href":"https:\/\/store.evolve-fitness.eu\/it\/wp-json\/wp\/v2\/product"}],"about":[{"href":"https:\/\/store.evolve-fitness.eu\/it\/wp-json\/wp\/v2\/types\/product"}],"wp:featuredmedia":[{"embeddable":true,"href":"https:\/\/store.evolve-fitness.eu\/it\/wp-json\/wp\/v2\/media\/105190"}],"wp:attachment":[{"href":"https:\/\/store.evolve-fitness.eu\/it\/wp-json\/wp\/v2\/media?parent=104944"}],"wp:term":[{"taxonomy":"product_cat","embeddable":true,"href":"https:\/\/store.evolve-fitness.eu\/it\/wp-json\/wp\/v2\/product_cat?post=104944"},{"taxonomy":"product_tag","embeddable":true,"href":"https:\/\/store.evolve-fitness.eu\/it\/wp-json\/wp\/v2\/product_tag?post=104944"}],"curies":[{"name":"wp","href":"https:\/\/api.w.org\/{rel}","templated":true}]}}