{"id":104741,"date":"2025-02-04T13:00:26","date_gmt":"2025-02-04T13:00:26","guid":{"rendered":"https:\/\/store.evolve-fitness.eu\/?post_type=product&#038;p=104741"},"modified":"2025-03-27T07:55:11","modified_gmt":"2025-03-27T07:55:11","slug":"sacco-da-boxe-evolve-anglebag-120-cm","status":"publish","type":"product","link":"https:\/\/store.evolve-fitness.eu\/it\/prodotto\/sacco-da-boxe-evolve-anglebag-120-cm\/","title":{"rendered":"Sacco da boxe Evolve Anglebag 120 CM"},"content":{"rendered":"\n<section class=\"wp-block-group alignfull has-lightgray-background-color has-background is-layout-constrained wp-block-group-is-layout-constrained\">\n<div class=\"wp-block-columns alignwide is-layout-flex wp-container-core-columns-is-layout-2edb0647 wp-block-columns-is-layout-flex\" style=\"margin-top:0;margin-bottom:0\">\n<div class=\"wp-block-column is-layout-flow wp-block-column-is-layout-flow\" style=\"flex-basis:33.33%\"><\/div>\n\n\n\n<div class=\"wp-block-column is-layout-flow wp-block-column-is-layout-flow\" style=\"flex-basis:66.66%\"><\/div>\n<\/div>\n<\/section>\n","protected":false},"excerpt":{"rendered":"<p>L&#8217;esterno del sacco da boxe \u00e8 realizzato in pelle artificiale di altissima qualit\u00e0, mentre l&#8217;interno \u00e8 riempito di morbido tessuto, grazie al quale il sacco assorbe perfettamente i colpi. Questo sacco da boxe ti permette di allenare i pugni in qualsiasi modo: pugni angolati, pugni dritti e spinte. Il diametro del sacco da boxe \u00e8 di 45 cm nella parte superiore e di 25 cm nella parte inferiore. Ideale per l&#8217;uso in casa o in palestra.<\/p>\n","protected":false},"featured_media":104765,"template":"","meta":{"_acf_changed":false,"inline_featured_image":false},"product_cat":[528,611,613],"product_tag":[],"class_list":{"0":"post-104741","1":"product","2":"type-product","3":"status-publish","4":"has-post-thumbnail","6":"product_cat-pagina-iniziale","7":"product_cat-interdisciplinare-e-funzionale","8":"product_cat-apparecchiature-funzionali","10":"first","11":"outofstock","12":"shipping-taxable","13":"purchasable","14":"product-type-simple"},"acf":[],"_links":{"self":[{"href":"https:\/\/store.evolve-fitness.eu\/it\/wp-json\/wp\/v2\/product\/104741","targetHints":{"allow":["GET"]}}],"collection":[{"href":"https:\/\/store.evolve-fitness.eu\/it\/wp-json\/wp\/v2\/product"}],"about":[{"href":"https:\/\/store.evolve-fitness.eu\/it\/wp-json\/wp\/v2\/types\/product"}],"wp:featuredmedia":[{"embeddable":true,"href":"https:\/\/store.evolve-fitness.eu\/it\/wp-json\/wp\/v2\/media\/104765"}],"wp:attachment":[{"href":"https:\/\/store.evolve-fitness.eu\/it\/wp-json\/wp\/v2\/media?parent=104741"}],"wp:term":[{"taxonomy":"product_cat","embeddable":true,"href":"https:\/\/store.evolve-fitness.eu\/it\/wp-json\/wp\/v2\/product_cat?post=104741"},{"taxonomy":"product_tag","embeddable":true,"href":"https:\/\/store.evolve-fitness.eu\/it\/wp-json\/wp\/v2\/product_tag?post=104741"}],"curies":[{"name":"wp","href":"https:\/\/api.w.org\/{rel}","templated":true}]}}