{"id":104602,"date":"2025-01-24T14:30:29","date_gmt":"2025-01-24T14:30:29","guid":{"rendered":"https:\/\/store.evolve-fitness.eu\/?post_type=product&#038;p=104602"},"modified":"2025-10-30T12:29:50","modified_gmt":"2025-10-30T12:29:50","slug":"panca-per-pressa-toracica-regolabile-della-serie-evolve-econ","status":"publish","type":"product","link":"https:\/\/store.evolve-fitness.eu\/it\/prodotto\/panca-per-pressa-toracica-regolabile-della-serie-evolve-econ\/","title":{"rendered":"Panca per pressa toracica regolabile della serie Evolve Econ"},"content":{"rendered":"\n<section class=\"wp-block-group alignfull black-content has-white-color has-darkgray-background-color has-text-color has-background is-layout-constrained wp-block-group-is-layout-constrained\" style=\"padding-top:var(--wp--preset--spacing--section-bottom);padding-bottom:var(--wp--preset--spacing--section-bottom)\">\n<h3 class=\"wp-block-heading has-text-align-center\" style=\"margin-bottom:var(--wp--preset--spacing--tb-section-padding)\"><strong>\n  <strong>\n    <strong>EVOLVE <\/strong>\n  <\/strong>\n<\/strong>Panche serie Econ<\/h3>\n\n\n\n<div class=\"wp-block-columns alignwide mobile-reverse is-layout-flex wp-container-core-columns-is-layout-ca64bf2d wp-block-columns-is-layout-flex\" style=\"margin-bottom:var(--wp--preset--spacing--side-padding)\">\n<div class=\"wp-block-column is-vertically-aligned-center is-layout-flow wp-block-column-is-layout-flow\">\n<h3 class=\"wp-block-heading\" style=\"margin-bottom:var(--wp--preset--spacing--h-3-bottom)\"><strong><strong><strong><strong><strong><strong>Alta qualit\u00e0<\/strong><\/strong><\/strong><\/strong><\/strong><\/strong><\/h3>\n\n\n\n<p><strong><em><strong><strong><strong><strong>Design resistente<\/strong><\/strong><\/strong><\/strong><\/em><\/strong><\/p>\n\n\n\n<p style=\"margin-bottom:var(--wp--preset--spacing--tb-section-padding)\">Le nostre panche per il fitness sono costruite per durare nel tempo, con una solida struttura metallica realizzata con tubi circolari saldati. L&#8217;avanzata tecnologia di spruzzatura elettrostatica di polveri termoindurenti non solo conferisce alla superficie un aspetto elegante, ma fornisce anche un&#8217;eccellente protezione dalla ruggine. Che si tratti di un appassionato di home fitness o di una palestra professionale, le nostre panche Evolve sono progettate per soddisfare le vostre esigenze. Sono perfetti anche per le strutture fitness commerciali nelle basi militari, negli hotel, negli ostelli e nei centri di riabilitazione.<\/p>\n\n\n\n<h3 class=\"wp-block-heading\" style=\"margin-bottom:var(--wp--preset--spacing--h-3-bottom)\"><strong><strong><strong><strong><strong><strong><strong><strong>Panca regolabile per la pressione sui pettorali<\/strong><\/strong><\/strong><\/strong><\/strong><\/strong><\/strong><\/strong><\/h3>\n\n\n\n<p><strong><em><strong><strong><strong><strong><strong>Personalizza i tuoi allenamenti per la parte superiore del corpo<\/strong><\/strong><\/strong><\/strong><\/strong><\/em><\/strong><\/p>\n\n\n\n<p>Questa panca \u00e8 progettata per allenare i muscoli del petto, delle spalle e dei tricipiti, grazie alle impostazioni regolabili per le posizioni inclinate, piatte e declinate. Ideale per eseguire una serie di esercizi come pressioni sul petto, pressioni sulle spalle e altro ancora, il suo design ergonomico garantisce il massimo comfort e la massima efficacia. Grazie alla struttura robusta e all&#8217;ingombro ridotto, questa panca \u00e8 l&#8217;aggiunta perfetta a qualsiasi spazio per il fitness e garantisce risultati senza compromessi.  <\/p>\n<\/div>\n\n\n\n<div class=\"wp-block-column is-vertically-aligned-center is-layout-flow wp-block-column-is-layout-flow\">\n<figure class=\"wp-block-image size-full is-style-rounded\"><img decoding=\"async\" src=\"https:\/\/evolve-fitness.eu\/wp-content\/uploads\/2025\/01\/EV-BN-EC-086-Evolve-Econ-Series-Adjustable-Chest-Press-Bench.png\" alt=\"EV-BN-EC-086\" class=\"wp-image-172329\" style=\"object-fit:cover\"\/><\/figure>\n<\/div>\n<\/div>\n<\/section>\n","protected":false},"excerpt":{"rendered":"<p>La panca Evolve Econ Series Adjustable Chest Press Bench (EV-BN-EC-086) \u00e8 un attrezzo per il fitness versatile e resistente, progettato per supportare il tuo percorso di allenamento della forza. Realizzata con materiali di alta qualit\u00e0, questa panca garantisce stabilit\u00e0, sicurezza e adattabilit\u00e0 a utenti di tutti i livelli di fitness. Perfetta per allenare i muscoli della parte superiore del corpo, \u00e8 un must per qualsiasi palestra domestica o commerciale.  <\/p>\n","protected":false},"featured_media":104626,"template":"","meta":{"_acf_changed":false,"inline_featured_image":false},"product_cat":[528,1266,1267],"product_tag":[],"class_list":{"0":"post-104602","1":"product","2":"type-product","3":"status-publish","4":"has-post-thumbnail","6":"product_cat-pagina-iniziale","7":"product_cat-panchine","8":"product_cat-banchi-della-serie-econ","10":"first","11":"outofstock","12":"shipping-taxable","13":"purchasable","14":"product-type-simple"},"acf":[],"_links":{"self":[{"href":"https:\/\/store.evolve-fitness.eu\/it\/wp-json\/wp\/v2\/product\/104602","targetHints":{"allow":["GET"]}}],"collection":[{"href":"https:\/\/store.evolve-fitness.eu\/it\/wp-json\/wp\/v2\/product"}],"about":[{"href":"https:\/\/store.evolve-fitness.eu\/it\/wp-json\/wp\/v2\/types\/product"}],"wp:featuredmedia":[{"embeddable":true,"href":"https:\/\/store.evolve-fitness.eu\/it\/wp-json\/wp\/v2\/media\/104626"}],"wp:attachment":[{"href":"https:\/\/store.evolve-fitness.eu\/it\/wp-json\/wp\/v2\/media?parent=104602"}],"wp:term":[{"taxonomy":"product_cat","embeddable":true,"href":"https:\/\/store.evolve-fitness.eu\/it\/wp-json\/wp\/v2\/product_cat?post=104602"},{"taxonomy":"product_tag","embeddable":true,"href":"https:\/\/store.evolve-fitness.eu\/it\/wp-json\/wp\/v2\/product_tag?post=104602"}],"curies":[{"name":"wp","href":"https:\/\/api.w.org\/{rel}","templated":true}]}}