{"id":102999,"date":"2025-01-21T12:33:39","date_gmt":"2025-01-21T12:33:39","guid":{"rendered":"https:\/\/store.evolve-fitness.eu\/?post_type=product&#038;p=102999"},"modified":"2026-04-01T12:01:41","modified_gmt":"2026-04-01T12:01:41","slug":"piastra-in-acciaio-evolve-powerlifting-025-kg-25-kg","status":"publish","type":"product","link":"https:\/\/store.evolve-fitness.eu\/it\/prodotto\/piastra-in-acciaio-evolve-powerlifting-025-kg-25-kg\/","title":{"rendered":"Piastra in acciaio Evolve Powerlifting 0,25 kg &#8211; 25 kg"},"content":{"rendered":"\n<section class=\"wp-block-group alignfull black-content has-white-color has-darkgray-background-color has-text-color has-background is-layout-constrained wp-block-group-is-layout-constrained\" style=\"padding-top:var(--wp--preset--spacing--section-bottom);padding-bottom:var(--wp--preset--spacing--section-bottom)\">\n<h3 class=\"wp-block-heading has-text-align-center\" style=\"margin-bottom:var(--wp--preset--spacing--tb-section-padding)\">Scheda tecnica<\/h3>\n\n\n\n<div class=\"wp-block-columns alignwide mobile-reverse is-layout-flex wp-container-core-columns-is-layout-ca64bf2d wp-block-columns-is-layout-flex\" style=\"margin-bottom:var(--wp--preset--spacing--side-padding)\">\n<div class=\"wp-block-column is-layout-flow wp-block-column-is-layout-flow\">\n<figure class=\"wp-block-image aligncenter size-large is-style-rounded\"><img decoding=\"async\" src=\"https:\/\/evolve-fitness.eu\/wp-content\/uploads\/2025\/01\/EV-WP-SP_card-1024x683.jpg\" alt=\"Piastra in acciaio Evolve Powerlifting\" class=\"wp-image-174097\"\/><\/figure>\n<\/div>\n<\/div>\n\n\n\n<div class=\"wp-block-columns alignwide mobile-reverse is-layout-flex wp-container-core-columns-is-layout-ca64bf2d wp-block-columns-is-layout-flex\" style=\"margin-bottom:var(--wp--preset--spacing--side-padding)\">\n<div class=\"wp-block-column is-vertically-aligned-center is-layout-flow wp-block-column-is-layout-flow\">\n<h3 class=\"wp-block-heading\" style=\"margin-bottom:var(--wp--preset--spacing--h-3-bottom)\"><strong><strong><strong><strong><strong><strong>Costruzione in acciaio premium<\/strong><\/strong><\/strong><\/strong><\/strong><\/strong><\/h3>\n\n\n\n<p><strong><em><strong><strong><strong><strong>Durevole e affidabile per le massime prestazioni<\/strong><\/strong><\/strong><\/strong><\/em><\/strong><\/p>\n\n\n\n<p style=\"margin-bottom:var(--wp--preset--spacing--tb-section-padding)\">La piastra Evolve Powerlifting Steel Plate \u00e8 forgiata in acciaio di alta qualit\u00e0, per garantire un&#8217;eccezionale durata e longevit\u00e0. Questo materiale robusto \u00e8 stato progettato per resistere alle esigenze di intense sessioni di powerlifting, offrendo una sensazione e una prestazione costante a ogni sollevamento. <\/p>\n\n\n\n<h3 class=\"wp-block-heading\" style=\"margin-bottom:var(--wp--preset--spacing--h-3-bottom)\"><strong><strong><strong><strong><strong><strong><strong><strong>Design elegante e funzionale<\/strong><\/strong><\/strong><\/strong><\/strong><\/strong><\/strong><\/strong><\/h3>\n\n\n\n<p><strong><em><strong><strong><strong><strong><strong>Un look professionale con un&#8217;utilit\u00e0 pratica<\/strong><\/strong><\/strong><\/strong><\/strong><\/em><\/strong><\/p>\n\n\n\n<p>Caratterizzate da un design compatto e minimalista, queste piastre offrono un&#8217;estetica elegante e professionale adatta a qualsiasi ambiente di palestra. La finitura in acciaio lucido \u00e8 elegante e resistente alla corrosione e mantiene il suo fascino e la sua funzionalit\u00e0 nel tempo. <\/p>\n<\/div>\n\n\n\n<div class=\"wp-block-column is-vertically-aligned-center is-layout-flow wp-block-column-is-layout-flow\">\n<figure class=\"wp-block-image size-full is-style-rounded\"><img decoding=\"async\" src=\"https:\/\/evolve-fitness.eu\/wp-content\/uploads\/2025\/01\/EV-WP-SP.png\" alt=\"\" class=\"wp-image-173356\" style=\"object-fit:cover\"\/><\/figure>\n<\/div>\n<\/div>\n\n\n\n<div class=\"wp-block-columns alignwide mobile-reverse is-layout-flex wp-container-core-columns-is-layout-ca64bf2d wp-block-columns-is-layout-flex\" style=\"margin-bottom:var(--wp--preset--spacing--side-padding)\">\n<div class=\"wp-block-column is-vertically-aligned-center is-layout-flow wp-block-column-is-layout-flow\">\n<figure class=\"wp-block-image size-full is-style-rounded\"><img decoding=\"async\" src=\"https:\/\/evolve-fitness.eu\/wp-content\/uploads\/2025\/01\/EV-WP-SP-1.jpg\" alt=\"Piastra in acciaio Evolve Powerlifting\" class=\"wp-image-173888\" style=\"object-fit:cover\"\/><\/figure>\n<\/div>\n\n\n\n<div class=\"wp-block-column is-vertically-aligned-center is-layout-flow wp-block-column-is-layout-flow\">\n<h3 class=\"wp-block-heading\" style=\"margin-bottom:var(--wp--preset--spacing--h-3-bottom)\"><strong><strong><strong><strong><strong><strong><strong>Perfetto per le applicazioni di powerlifting<\/strong><\/strong><\/strong><\/strong><\/strong><\/strong><\/strong><\/h3>\n\n\n\n<p><strong><em><strong><strong><strong><strong><strong>Su misura per le sessioni di sollevamento pi\u00f9 impegnative<\/strong><\/strong><\/strong><\/strong><\/strong><\/em><\/strong><\/p>\n\n\n\n<p style=\"margin-bottom:var(--wp--preset--spacing--tb-section-padding)\">Questa piastra \u00e8 stata realizzata con cura per gli esercizi di powerlifting, tra cui squat, deadlift e bench press. L&#8217;accuratezza del peso calibrato garantisce la precisione dei sollevamenti, aiutando a raggiungere gli obiettivi di forza in modo efficace e sicuro. <\/p>\n\n\n\n<h3 class=\"wp-block-heading\" style=\"margin-bottom:var(--wp--preset--spacing--h-3-bottom)\"><strong><strong><strong><strong><strong><strong><strong><strong><strong>Vantaggi per il risparmio di spazio<\/strong><\/strong><\/strong><\/strong><\/strong><\/strong><\/strong><\/strong><\/strong><\/h3>\n\n\n\n<p><strong><em><strong><strong><strong><strong><strong><strong>Uso efficiente dello spazio della palestra e delle barre elettriche<\/strong><\/strong><\/strong><\/strong><\/strong><\/strong><\/em><\/strong><\/p>\n\n\n\n<p>Il profilo sottile di queste piastre d&#8217;acciaio consente la massima capacit\u00e0 di carico sulle barre da powerlifting, rendendole perfette per i sollevatori pesanti. Inoltre, il loro design compatto riduce al minimo lo spazio necessario per riporle, assicurando che la tua palestra rimanga organizzata e priva di ingombri. <\/p>\n<\/div>\n<\/div>\n<\/section>\n","protected":false},"excerpt":{"rendered":"<p>Le piastre in acciaio Evolve Powerlifting (EV-WP-SP) sono progettate con precisione per soddisfare le esigenze di un allenamento di forza serio. Queste piastre, che vanno da 0,25 kg a 25 kg, sono realizzate in acciaio di alta qualit\u00e0 per garantire durata e precisione. Progettati per adattarsi ai bilancieri standard, hanno un design elegante e compatto che riduce al minimo l&#8217;ingombro e massimizza la densit\u00e0 del peso. Perfette per l&#8217;allenamento progressivo e il sollevamento di carichi pesanti, queste piastre sono ideali per gli atleti di tutti i livelli che desiderano ottenere prestazioni di alto livello.<\/p>\n","protected":false},"featured_media":103597,"template":"","meta":{"_acf_changed":false,"inline_featured_image":false},"product_cat":[528,985,1043],"product_tag":[],"class_list":{"0":"post-102999","1":"product","2":"type-product","3":"status-publish","4":"has-post-thumbnail","6":"product_cat-pagina-iniziale","7":"product_cat-pesi-liberi","8":"product_cat-piastre-di-peso","10":"first","11":"instock","12":"shipping-taxable","13":"purchasable","14":"product-type-variable"},"acf":[],"_links":{"self":[{"href":"https:\/\/store.evolve-fitness.eu\/it\/wp-json\/wp\/v2\/product\/102999","targetHints":{"allow":["GET"]}}],"collection":[{"href":"https:\/\/store.evolve-fitness.eu\/it\/wp-json\/wp\/v2\/product"}],"about":[{"href":"https:\/\/store.evolve-fitness.eu\/it\/wp-json\/wp\/v2\/types\/product"}],"wp:featuredmedia":[{"embeddable":true,"href":"https:\/\/store.evolve-fitness.eu\/it\/wp-json\/wp\/v2\/media\/103597"}],"wp:attachment":[{"href":"https:\/\/store.evolve-fitness.eu\/it\/wp-json\/wp\/v2\/media?parent=102999"}],"wp:term":[{"taxonomy":"product_cat","embeddable":true,"href":"https:\/\/store.evolve-fitness.eu\/it\/wp-json\/wp\/v2\/product_cat?post=102999"},{"taxonomy":"product_tag","embeddable":true,"href":"https:\/\/store.evolve-fitness.eu\/it\/wp-json\/wp\/v2\/product_tag?post=102999"}],"curies":[{"name":"wp","href":"https:\/\/api.w.org\/{rel}","templated":true}]}}