{"id":102657,"date":"2025-01-21T12:22:02","date_gmt":"2025-01-21T12:22:02","guid":{"rendered":"https:\/\/store.evolve-fitness.eu\/?post_type=product&#038;p=102657"},"modified":"2026-03-30T12:00:52","modified_gmt":"2026-03-30T12:00:52","slug":"barra-per-powerlifting-evolve-220-cm-20-kg","status":"publish","type":"product","link":"https:\/\/store.evolve-fitness.eu\/it\/prodotto\/barra-per-powerlifting-evolve-220-cm-20-kg\/","title":{"rendered":"Barra per Powerlifting Evolve &#8211; 220 cm \/ 20 kg"},"content":{"rendered":"\n<section class=\"wp-block-group alignfull black-content has-white-color has-darkgray-background-color has-text-color has-background is-layout-constrained wp-block-group-is-layout-constrained\" style=\"padding-top:var(--wp--preset--spacing--section-bottom);padding-bottom:var(--wp--preset--spacing--section-bottom)\">\n<h3 class=\"wp-block-heading has-text-align-center\" style=\"margin-bottom:var(--wp--preset--spacing--tb-section-padding)\">Scheda tecnica<\/h3>\n\n\n\n<div class=\"wp-block-columns alignwide mobile-reverse is-layout-flex wp-container-core-columns-is-layout-ca64bf2d wp-block-columns-is-layout-flex\" style=\"margin-bottom:var(--wp--preset--spacing--side-padding)\">\n<div class=\"wp-block-column is-layout-flow wp-block-column-is-layout-flow\">\n<figure class=\"wp-block-image aligncenter size-large is-style-rounded\"><img decoding=\"async\" src=\"https:\/\/evolve-fitness.eu\/wp-content\/uploads\/2025\/01\/Evolve-Powerlifiting-Bar-spec-3-1024x683.jpg\" alt=\"EV-OB-PL-220\" class=\"wp-image-174067\"\/><\/figure>\n<\/div>\n<\/div>\n\n\n\n<div class=\"wp-block-columns alignwide mobile-reverse is-layout-flex wp-container-core-columns-is-layout-ca64bf2d wp-block-columns-is-layout-flex\" style=\"margin-bottom:var(--wp--preset--spacing--side-padding)\">\n<div class=\"wp-block-column is-vertically-aligned-center is-layout-flow wp-block-column-is-layout-flow\">\n<h3 class=\"wp-block-heading\" style=\"margin-bottom:var(--wp--preset--spacing--h-3-bottom)\"><strong><strong><strong><strong><strong><strong>Alta qualit\u00e0<\/strong><\/strong><\/strong><\/strong><\/strong><\/strong><\/h3>\n\n\n\n<p><strong><em><strong><strong><strong><strong>Design resistente<\/strong><\/strong><\/strong><\/strong><\/em><\/strong><\/p>\n\n\n\n<p style=\"margin-bottom:var(--wp--preset--spacing--tb-section-padding)\">Le nostre panche per il fitness sono costruite per durare nel tempo, con una solida struttura metallica realizzata con tubi circolari saldati. L&#8217;avanzata tecnologia di spruzzatura elettrostatica di polveri termoindurenti non solo conferisce alla superficie un aspetto elegante, ma fornisce anche un&#8217;eccellente protezione dalla ruggine. Che si tratti di un appassionato di home fitness o di una palestra professionale, le nostre panche Evolve sono progettate per soddisfare le vostre esigenze. Sono perfetti anche per le strutture fitness commerciali nelle basi militari, negli hotel, negli ostelli e nei centri di riabilitazione.<\/p>\n\n\n\n<h3 class=\"wp-block-heading\" style=\"margin-bottom:var(--wp--preset--spacing--h-3-bottom)\"><strong><strong><strong><strong><strong><strong><strong><strong>Presa e controllo superiori<\/strong><\/strong><\/strong><\/strong><\/strong><\/strong><\/strong><\/strong><\/h3>\n\n\n\n<p><strong><em><strong><strong><strong><strong><strong>Zigrinatura per una maggiore stabilit\u00e0<\/strong><\/strong><\/strong><\/strong><\/strong><\/em><\/strong><\/p>\n\n\n\n<p>Questa sbarra per powerlifting presenta un&#8217;aggressiva zigrinatura che garantisce una presa sicura e salda durante i sollevamenti pi\u00f9 intensi. Le zigrinature posizionate con precisione aiutano i sollevatori a mantenere il corretto posizionamento delle mani durante gli squat, le distensioni su panca e i sollevamenti da terra. La barra include anche una zigrinatura centrale per una maggiore stabilit\u00e0 durante gli squat, evitando che la barra scivoli e aumentando la sicurezza.  <\/p>\n<\/div>\n\n\n\n<div class=\"wp-block-column is-vertically-aligned-center is-layout-flow wp-block-column-is-layout-flow\">\n<figure class=\"wp-block-image size-full is-style-rounded\"><img decoding=\"async\" src=\"https:\/\/evolve-fitness.eu\/wp-content\/uploads\/2025\/01\/Evolve-Powerlifiting-Bar-3.jpg\" alt=\"EV-OB-PL-220\" class=\"wp-image-173253\" style=\"object-fit:cover\"\/><\/figure>\n<\/div>\n<\/div>\n\n\n\n<div class=\"wp-block-columns alignwide mobile-reverse is-layout-flex wp-container-core-columns-is-layout-ca64bf2d wp-block-columns-is-layout-flex\" style=\"margin-bottom:var(--wp--preset--spacing--side-padding)\">\n<div class=\"wp-block-column is-vertically-aligned-center is-layout-flow wp-block-column-is-layout-flow\">\n<figure class=\"wp-block-image size-full is-style-rounded\"><img decoding=\"async\" src=\"https:\/\/evolve-fitness.eu\/wp-content\/uploads\/2025\/01\/Evolve-Powerlifiting-Bar-6.jpg\" alt=\"EV-OB-PL-220\" class=\"wp-image-174016\" style=\"object-fit:cover\"\/><\/figure>\n<\/div>\n\n\n\n<div class=\"wp-block-column is-vertically-aligned-center is-layout-flow wp-block-column-is-layout-flow\">\n<h3 class=\"wp-block-heading\" style=\"margin-bottom:var(--wp--preset--spacing--h-3-bottom)\"><strong><strong><strong><strong><strong><strong><strong>Capacit\u00e0 di carico e rigidit\u00e0 ottimali<\/strong><\/strong><\/strong><\/strong><\/strong><\/strong><\/strong><\/h3>\n\n\n\n<p><strong><em><strong><strong><strong><strong><strong>Progettato per pesi elevati<\/strong><\/strong><\/strong><\/strong><\/strong><\/em><\/strong><\/p>\n\n\n\n<p style=\"margin-bottom:var(--wp--preset--spacing--tb-section-padding)\">La barra per powerlifting Evolve \u00e8 stata progettata per gestire una capacit\u00e0 di peso massima di 900 kg (2000 libbre), soddisfacendo le esigenze dei powerlifter avanzati e d&#8217;\u00e9lite. La sua ridotta flessione e la sua rigidit\u00e0 ottimale assicurano movimenti controllati, consentendo di migliorare la forma e la trasmissione della potenza durante i sollevamenti per lo sforzo massimo. <\/p>\n\n\n\n<h3 class=\"wp-block-heading\" style=\"margin-bottom:var(--wp--preset--spacing--h-3-bottom)\"><strong><strong><strong><strong><strong><strong><strong><strong><strong>Design e durata del manicotto<\/strong><\/strong><\/strong><\/strong><\/strong><\/strong><\/strong><\/strong><\/strong><\/h3>\n\n\n\n<p><strong><em><strong><strong><strong><strong><strong><strong>Rotazione fluida per prestazioni di lunga durata<\/strong><\/strong><\/strong><\/strong><\/strong><\/strong><\/em><\/strong><\/p>\n\n\n\n<p>Dotata di robuste boccole, la barra garantisce una rotazione fluida e affidabile dei piatti. I manicotti sono rifiniti con un rivestimento in cromo duro che offre un&#8217;eccellente resistenza all&#8217;usura e alla corrosione, rendendola un investimento duraturo per qualsiasi allenamento di powerlifting. <\/p>\n<\/div>\n<\/div>\n<\/section>\n","protected":false},"excerpt":{"rendered":"<p>Il bilanciere Evolve Powerlifting (EV-OB-PL-220) \u00e8 un bilanciere di qualit\u00e0 superiore realizzato per gli appassionati di allenamento della forza e per gli atleti professionisti. Progettata all&#8217;insegna della durata e della precisione, questa sbarra da 220 cm e 20 kg offre prestazioni per il sollevamento di carichi pesanti. L&#8217;impugnatura superiore e la struttura robusta garantiscono stabilit\u00e0 e controllo, rendendolo la scelta ideale per squat, deadlift e bench press. Perfetto per tutti i livelli di fitness, questo bilanciere offre affidabilit\u00e0 e costanza.<\/p>\n","protected":false},"featured_media":102856,"template":"","meta":{"_acf_changed":false,"inline_featured_image":false},"product_cat":[2414,985,1037],"product_tag":[],"class_list":{"0":"post-102657","1":"product","2":"type-product","3":"status-publish","4":"has-post-thumbnail","6":"product_cat-hyrox-gear","7":"product_cat-pesi-liberi","8":"product_cat-bar-e-accessori","10":"first","11":"instock","12":"shipping-taxable","13":"purchasable","14":"product-type-simple"},"acf":[],"_links":{"self":[{"href":"https:\/\/store.evolve-fitness.eu\/it\/wp-json\/wp\/v2\/product\/102657","targetHints":{"allow":["GET"]}}],"collection":[{"href":"https:\/\/store.evolve-fitness.eu\/it\/wp-json\/wp\/v2\/product"}],"about":[{"href":"https:\/\/store.evolve-fitness.eu\/it\/wp-json\/wp\/v2\/types\/product"}],"wp:featuredmedia":[{"embeddable":true,"href":"https:\/\/store.evolve-fitness.eu\/it\/wp-json\/wp\/v2\/media\/102856"}],"wp:attachment":[{"href":"https:\/\/store.evolve-fitness.eu\/it\/wp-json\/wp\/v2\/media?parent=102657"}],"wp:term":[{"taxonomy":"product_cat","embeddable":true,"href":"https:\/\/store.evolve-fitness.eu\/it\/wp-json\/wp\/v2\/product_cat?post=102657"},{"taxonomy":"product_tag","embeddable":true,"href":"https:\/\/store.evolve-fitness.eu\/it\/wp-json\/wp\/v2\/product_tag?post=102657"}],"curies":[{"name":"wp","href":"https:\/\/api.w.org\/{rel}","templated":true}]}}