{"id":102037,"date":"2025-01-07T13:07:05","date_gmt":"2025-01-07T13:07:05","guid":{"rendered":"https:\/\/store.evolve-fitness.eu\/?post_type=product&#038;p=102037"},"modified":"2025-10-08T12:19:52","modified_gmt":"2025-10-08T12:19:52","slug":"panca-iso-laterale-caricata-con-piastre-della-serie-evolve-ultra","status":"publish","type":"product","link":"https:\/\/store.evolve-fitness.eu\/it\/prodotto\/panca-iso-laterale-caricata-con-piastre-della-serie-evolve-ultra\/","title":{"rendered":"Panca iso-laterale caricata con piastre della serie Evolve Ultra"},"content":{"rendered":"\n<p><\/p>\n\n<section class=\"wp-block-group alignfull black-content has-white-color has-darkgray-background-color has-text-color has-background is-layout-constrained wp-block-group-is-layout-constrained\" style=\"padding-top:var(--wp--preset--spacing--section-bottom);padding-bottom:var(--wp--preset--spacing--section-bottom)\">\n<h1 class=\"wp-block-heading has-text-align-center\" style=\"padding-top:var(--wp--preset--spacing--section-title-bottom);padding-bottom:var(--wp--preset--spacing--section-title-bottom)\"><strong><strong><strong>SERIE ULTRA CON PIASTRA EVOLVE<\/strong><\/strong><\/strong> Panca iso-laterale<\/h1>\n\n\n\n<section class=\"wp-block-group alignfull black-content has-white-color has-darkgray-background-color has-text-color has-background is-layout-constrained wp-block-group-is-layout-constrained\" style=\"margin-bottom:0;padding-top:var(--wp--preset--spacing--tb-padding);padding-bottom:var(--wp--preset--spacing--tb-padding)\">\n<div class=\"wp-block-columns alignwide mobile-reverse is-layout-flex wp-container-core-columns-is-layout-035fa626 wp-block-columns-is-layout-flex\" style=\"margin-bottom:var(--wp--preset--spacing--side-padding);padding-top:var(--wp--preset--spacing--tb-padding);padding-bottom:var(--wp--preset--spacing--tb-padding)\">\n<div class=\"wp-block-column is-vertically-aligned-center is-layout-flow wp-block-column-is-layout-flow\">\n<figure class=\"wp-block-image size-full is-resized is-style-rounded\"><img loading=\"lazy\" decoding=\"async\" width=\"810\" height=\"810\" src=\"https:\/\/store.evolve-fitness.eu\/wp-content\/uploads\/2024\/05\/Dizainas-be-pavadinimo-98.png\" alt=\"\" class=\"wp-image-63283\" style=\"aspect-ratio:1.1333333333333333;object-fit:cover;width:860px;height:auto\" srcset=\"https:\/\/store.evolve-fitness.eu\/wp-content\/uploads\/2024\/05\/Dizainas-be-pavadinimo-98.png 810w, https:\/\/store.evolve-fitness.eu\/wp-content\/uploads\/2024\/05\/Dizainas-be-pavadinimo-98-300x300.png 300w, https:\/\/store.evolve-fitness.eu\/wp-content\/uploads\/2024\/05\/Dizainas-be-pavadinimo-98-150x150.png 150w, https:\/\/store.evolve-fitness.eu\/wp-content\/uploads\/2024\/05\/Dizainas-be-pavadinimo-98-768x768.png 768w, https:\/\/store.evolve-fitness.eu\/wp-content\/uploads\/2024\/05\/Dizainas-be-pavadinimo-98-600x600.png 600w, https:\/\/store.evolve-fitness.eu\/wp-content\/uploads\/2024\/05\/Dizainas-be-pavadinimo-98-100x100.png 100w\" sizes=\"auto, (max-width: 810px) 100vw, 810px\" \/><\/figure>\n<\/div>\n\n\n\n<div class=\"wp-block-column is-vertically-aligned-center is-layout-flow wp-block-column-is-layout-flow\">\n<h3 class=\"wp-block-heading\" style=\"margin-bottom:var(--wp--preset--spacing--h-3-bottom)\"><strong><strong><strong><strong><strong><strong>IMPEGNO MUSCOLARE MIRATO<\/strong><\/strong><\/strong><\/strong><\/strong><\/strong><\/h3>\n\n\n\n<p><strong><em><strong><strong><strong><strong><strong><strong><strong><strong><strong><em><strong>Movimento unilaterale del braccio (disponibile su alcune macchine)<\/strong><\/em><\/strong><\/strong><\/strong><\/strong><\/strong><\/strong><\/strong><\/strong><\/strong><\/em><\/strong><\/p>\n\n\n\n<p style=\"margin-bottom:var(--wp--preset--spacing--tb-section-padding)\">La panca iso-laterale con carico su piastra Evolve Ultra Series offre un allenamento completo per la parte superiore del corpo, coinvolgendo pi\u00f9 gruppi muscolari contemporaneamente. Grazie al suo design innovativo, si rivolge efficacemente a petto, spalle e tricipiti, promuovendo uno sviluppo equilibrato e la forza. Il movimento iso-laterale consente un&#8217;azione indipendente delle braccia, assicurando che ogni lato del corpo venga lavorato in egual misura. Questa macchina offre una resistenza regolabile per soddisfare utenti di diversi livelli di fitness e obiettivi di allenamento, rendendola adatta sia ai principianti che agli atleti pi\u00f9 esperti. Promuovendo una forma e una tecnica corrette, la panca iso-laterale aiuta a migliorare la forza, la stabilit\u00e0 e la funzionalit\u00e0 generale della parte superiore del corpo. Il suo design ergonomico riduce al minimo le sollecitazioni sulle articolazioni e garantisce un allenamento sicuro ed efficiente. Sia che gli utenti vogliano costruire massa muscolare, aumentare la forza o migliorare la resistenza muscolare. La Panca Pressa Iso-Laterale offre una soluzione efficace e versatile per raggiungere i propri obiettivi di fitness. <\/p>\n\n\n\n<h3 class=\"wp-block-heading\" style=\"margin-bottom:var(--wp--preset--spacing--h-3-bottom)\"><strong><strong><strong><strong><strong><strong><strong><strong><strong><br\/>RESISTENZA REGOLABILE<\/strong><\/strong><\/strong><\/strong><\/strong><\/strong><\/strong><\/strong><\/strong><\/h3>\n\n\n\n<p><strong><em><strong><strong><strong><strong><strong><strong><em><strong>Pile di peso personalizzabili<\/strong><\/em><\/strong><\/strong><\/strong><\/strong><\/strong><\/strong><\/em><\/strong><\/p>\n\n\n\n<p style=\"margin-bottom:var(--wp--preset--spacing--tb-section-padding)\">Gli utenti possono facilmente regolare i livelli di resistenza aggiungendo o rimuovendo le piastre di peso, consentendo allenamenti personalizzati che si adattano ai livelli di forza dei polpacci e alla progressione individuale. Che si tratti di aumentare la resistenza dei polpacci o di incrementare la forza, la resistenza regolabile offre la versatilit\u00e0 necessaria per adattarsi ai vari obiettivi di allenamento.<\/p>\n<\/div>\n<\/div>\n\n\n\n<div class=\"wp-block-columns alignwide mobile-reverse is-layout-flex wp-container-core-columns-is-layout-7a02faa9 wp-block-columns-is-layout-flex\" style=\"margin-bottom:var(--wp--preset--spacing--tb-section-padding)\">\n<div class=\"wp-block-column is-vertically-aligned-center is-layout-flow wp-block-column-is-layout-flow\">\n<h3 class=\"wp-block-heading\" style=\"margin-bottom:var(--wp--preset--spacing--h-3-bottom)\"><strong><strong><strong><strong><strong><strong><strong><strong><strong>DESIGN CONFORTEVOLE<\/strong><\/strong><\/strong><\/strong><\/strong><\/strong><\/strong><\/strong><\/strong><\/h3>\n\n\n\n<p><strong><em><strong><strong><strong><strong><strong><strong><em><strong>Imbottitura e maniglie ergonomiche<\/strong><\/em><\/strong><\/strong><\/strong><\/strong><\/strong><\/strong><\/em><\/strong><\/p>\n\n\n\n<p style=\"margin-bottom:var(--wp--preset--spacing--tb-section-padding)\">Progettata pensando al comfort dell&#8217;utente. La macchina Seated Calf Raise \u00e8 dotata di cuscinetti e maniglie ergonomiche che favoriscono il corretto posizionamento delle gambe e il sostegno durante gli esercizi. <\/p>\n\n\n\n<h3 class=\"wp-block-heading\"><strong><strong>INGOMBRO RIDOTTO<\/strong><\/strong><\/h3>\n\n\n\n<p><strong><em><strong><strong><em><strong>Design efficiente dal punto di vista dello spazio<\/strong><\/em><\/strong><\/strong><\/em><\/strong><\/p>\n\n\n\n<p>Nonostante la sua funzionalit\u00e0, la macchina Standing Leg Curl mantiene un ingombro ridotto, che la rende adatta a chi ha uno spazio limitato per allenarsi. Il suo design snello massimizza l&#8217;efficienza dello spazio senza compromettere la funzionalit\u00e0, garantendo un&#8217;area di allenamento ottimizzata dedicata all&#8217;allenamento efficace dei tendini del ginocchio.<\/p>\n<\/div>\n\n\n\n<div class=\"wp-block-column is-vertically-aligned-center is-layout-flow wp-block-column-is-layout-flow\">\n<figure class=\"wp-block-image size-full is-resized is-style-rounded\"><img loading=\"lazy\" decoding=\"async\" width=\"810\" height=\"810\" src=\"https:\/\/store.evolve-fitness.eu\/wp-content\/uploads\/2024\/05\/Dizainas-be-pavadinimo-99.png\" alt=\"\" class=\"wp-image-63308\" style=\"aspect-ratio:1.1333333333333333;object-fit:cover;width:899px;height:auto\" srcset=\"https:\/\/store.evolve-fitness.eu\/wp-content\/uploads\/2024\/05\/Dizainas-be-pavadinimo-99.png 810w, https:\/\/store.evolve-fitness.eu\/wp-content\/uploads\/2024\/05\/Dizainas-be-pavadinimo-99-300x300.png 300w, https:\/\/store.evolve-fitness.eu\/wp-content\/uploads\/2024\/05\/Dizainas-be-pavadinimo-99-150x150.png 150w, https:\/\/store.evolve-fitness.eu\/wp-content\/uploads\/2024\/05\/Dizainas-be-pavadinimo-99-768x768.png 768w, https:\/\/store.evolve-fitness.eu\/wp-content\/uploads\/2024\/05\/Dizainas-be-pavadinimo-99-600x600.png 600w, https:\/\/store.evolve-fitness.eu\/wp-content\/uploads\/2024\/05\/Dizainas-be-pavadinimo-99-100x100.png 100w\" sizes=\"auto, (max-width: 810px) 100vw, 810px\" \/><\/figure>\n<\/div>\n<\/div>\n\n\n\n<div class=\"wp-block-columns alignwide mobile-reverse is-layout-flex wp-container-core-columns-is-layout-7a02faa9 wp-block-columns-is-layout-flex\" style=\"margin-bottom:var(--wp--preset--spacing--tb-section-padding)\">\n<div class=\"wp-block-column is-vertically-aligned-center is-layout-flow wp-block-column-is-layout-flow\">\n<figure class=\"wp-block-image alignleft size-full is-resized is-style-rounded\"><img loading=\"lazy\" decoding=\"async\" width=\"810\" height=\"810\" src=\"https:\/\/store.evolve-fitness.eu\/wp-content\/uploads\/2024\/05\/Dizainas-be-pavadinimo-100.png\" alt=\"\" class=\"wp-image-63333\" style=\"aspect-ratio:1.1333333333333333;object-fit:cover;width:829px;height:auto\" srcset=\"https:\/\/store.evolve-fitness.eu\/wp-content\/uploads\/2024\/05\/Dizainas-be-pavadinimo-100.png 810w, https:\/\/store.evolve-fitness.eu\/wp-content\/uploads\/2024\/05\/Dizainas-be-pavadinimo-100-300x300.png 300w, https:\/\/store.evolve-fitness.eu\/wp-content\/uploads\/2024\/05\/Dizainas-be-pavadinimo-100-150x150.png 150w, https:\/\/store.evolve-fitness.eu\/wp-content\/uploads\/2024\/05\/Dizainas-be-pavadinimo-100-768x768.png 768w, https:\/\/store.evolve-fitness.eu\/wp-content\/uploads\/2024\/05\/Dizainas-be-pavadinimo-100-600x600.png 600w, https:\/\/store.evolve-fitness.eu\/wp-content\/uploads\/2024\/05\/Dizainas-be-pavadinimo-100-100x100.png 100w\" sizes=\"auto, (max-width: 810px) 100vw, 810px\" \/><\/figure>\n<\/div>\n\n\n\n<div class=\"wp-block-column is-vertically-aligned-center is-layout-flow wp-block-column-is-layout-flow\">\n<h3 class=\"wp-block-heading\" style=\"margin-bottom:var(--wp--preset--spacing--h-3-bottom)\"><strong><strong><strong><strong><strong><strong><strong><strong>FINITURA DURATURA<\/strong><\/strong><\/strong><\/strong><\/strong><\/strong><\/strong><\/strong><\/h3>\n\n\n\n<p><strong><em><strong><strong><strong><strong><strong><em><strong>Tecnologia di spruzzatura elettrostatica di polveri termoindurenti<\/strong><\/em><\/strong><\/strong><\/strong><\/strong><\/strong><\/em><\/strong><\/p>\n\n\n\n<p style=\"margin-bottom:var(--wp--preset--spacing--tb-section-padding)\">Le nostre macchine sono dotate di una tecnologia di spruzzatura elettrostatica di polveri termoindurenti che garantisce una finitura duratura. Questo rivestimento avanzato mantiene l&#8217;estetica dell&#8217;apparecchiatura nel tempo.<\/p>\n<\/div>\n<\/div>\n\n\n\n<div class=\"wp-block-columns alignwide mobile-reverse is-layout-flex wp-container-core-columns-is-layout-ca64bf2d wp-block-columns-is-layout-flex\" style=\"margin-bottom:var(--wp--preset--spacing--side-padding)\">\n<div class=\"wp-block-column is-vertically-aligned-center is-layout-flow wp-block-column-is-layout-flow\"><\/div>\n<\/div>\n<\/section>\n<\/section>\n","protected":false},"excerpt":{"rendered":"<p>Provate il massimo dell&#8217;allenamento della forza con la piastra V-Squat della serie Ultra di Evolve, UL-380, un attrezzo per il fitness di alto livello progettato per garantire durata e prestazioni. Questa macchina \u00e8 dotata di pioli per riporre le piastre dei pesi in modo organizzato, per garantire un&#8217;esperienza di allenamento semplificata. I bulloni e i dadi in acciaio inossidabile garantiscono una durata senza compromessi, mentre il rivestimento in pelle PU per impieghi gravosi unisce il comfort a un aspetto lussuoso. La sicurezza \u00e8 fondamentale: le maniglie antiscivolo offrono una presa sicura per aumentare la fiducia durante l&#8217;esercizio. Proteggete il pavimento della vostra palestra con le resistenti protezioni incluse e godetevi la finitura duratura delle nostre attrezzature, grazie alla tecnologia di spruzzatura elettrostatica di polveri termoindurenti. L&#8217;UL-380, che pesa 206 kg, \u00e8 dotato di una garanzia di 2 anni e di caratteristiche tecniche come le posizioni di seduta regolabili, che lo rendono una scelta perfetta per un&#8217;esperienza di allenamento di alto livello. Aggiungete questo pezzo robusto ed efficiente alla vostra palestra e migliorate il vostro regime di fitness.<\/p>\n","protected":false},"featured_media":63295,"template":"","meta":{"_acf_changed":false,"inline_featured_image":false},"product_cat":[528,796,798],"product_tag":[],"class_list":{"0":"post-102037","1":"product","2":"type-product","3":"status-publish","4":"has-post-thumbnail","6":"product_cat-pagina-iniziale","7":"product_cat-macchine-a-piastre","8":"product_cat-serie-ultra-con-carico-a-piastra","10":"first","11":"outofstock","12":"shipping-taxable","13":"purchasable","14":"product-type-simple"},"acf":[],"_links":{"self":[{"href":"https:\/\/store.evolve-fitness.eu\/it\/wp-json\/wp\/v2\/product\/102037","targetHints":{"allow":["GET"]}}],"collection":[{"href":"https:\/\/store.evolve-fitness.eu\/it\/wp-json\/wp\/v2\/product"}],"about":[{"href":"https:\/\/store.evolve-fitness.eu\/it\/wp-json\/wp\/v2\/types\/product"}],"wp:featuredmedia":[{"embeddable":true,"href":"https:\/\/store.evolve-fitness.eu\/it\/wp-json\/wp\/v2\/media\/63295"}],"wp:attachment":[{"href":"https:\/\/store.evolve-fitness.eu\/it\/wp-json\/wp\/v2\/media?parent=102037"}],"wp:term":[{"taxonomy":"product_cat","embeddable":true,"href":"https:\/\/store.evolve-fitness.eu\/it\/wp-json\/wp\/v2\/product_cat?post=102037"},{"taxonomy":"product_tag","embeddable":true,"href":"https:\/\/store.evolve-fitness.eu\/it\/wp-json\/wp\/v2\/product_tag?post=102037"}],"curies":[{"name":"wp","href":"https:\/\/api.w.org\/{rel}","templated":true}]}}