{"id":101796,"date":"2024-12-16T08:54:50","date_gmt":"2024-12-16T08:54:50","guid":{"rendered":"https:\/\/store.evolve-fitness.eu\/?post_type=product&#038;p=101796"},"modified":"2025-01-08T13:07:15","modified_gmt":"2025-01-08T13:07:15","slug":"tappeto-erboso-artificiale-evolve","status":"publish","type":"product","link":"https:\/\/store.evolve-fitness.eu\/it\/prodotto\/tappeto-erboso-artificiale-evolve\/","title":{"rendered":"Tappeto erboso artificiale Evolve"},"content":{"rendered":"\n<section class=\"wp-block-group alignfull black-content has-white-color has-darkgray-background-color has-text-color has-background is-layout-constrained wp-block-group-is-layout-constrained\" style=\"padding-top:var(--wp--preset--spacing--section-bottom);padding-bottom:var(--wp--preset--spacing--section-bottom)\">\n<div class=\"wp-block-columns alignwide is-layout-flex wp-container-core-columns-is-layout-c45ee707 wp-block-columns-is-layout-flex\" style=\"margin-bottom:var(--wp--preset--spacing--side-padding);padding-top:var(--wp--preset--spacing--side-padding)\">\n<div class=\"wp-block-column is-vertically-aligned-center is-layout-flow wp-block-column-is-layout-flow\">\n<h3 class=\"wp-block-heading\"><strong>Tappeto erboso artificiale versatile per uso interno ed esterno<\/strong><\/h3>\n\n\n\n<p><strong><em><strong><em>Durata e prestazioni per ogni spazio fitness<\/em><\/strong><\/em><\/strong><\/p>\n\n\n\n<p style=\"margin-bottom:var(--wp--preset--spacing--tb-section-padding)\">Il tappeto erboso artificiale Evolve \u00e8 la soluzione ideale per creare zone di allenamento versatili, sia all&#8217;interno che all&#8217;esterno. Progettato per garantire durata e funzionalit\u00e0, questo tappeto erboso offre una superficie antiscivolo e ammortizzata che supporta allenamenti ad alta intensit\u00e0, spinte con la slitta ed esercizi di agilit\u00e0. Il suo design a bassa manutenzione resiste all&#8217;usura, mentre la texture naturale simile all&#8217;erba offre una sensazione autentica agli appassionati di sport e fitness. Perfetta per palestre, strutture di allenamento o spazi all&#8217;aperto, l&#8217;erba artificiale Evolve garantisce prestazioni, comfort e affidabilit\u00e0 per ogni allenamento.   <\/p>\n\n\n\n<h3 class=\"wp-block-heading\"><strong>Superficie di allenamento personalizzabile e confortevole<\/strong><\/h3>\n\n\n\n<p><strong><em><strong><em>Design personalizzato con comfort e stile migliorati<\/em><\/strong><\/em><\/strong><\/p>\n\n\n\n<p style=\"margin-bottom:var(--wp--preset--spacing--tb-section-padding)\">Il tappeto erboso artificiale Evolve combina funzionalit\u00e0 ed estetica, offrendo opzioni di personalizzazione complete, tra cui loghi, linee e numeri, per creare una superficie di allenamento su misura per te. Con uno strato di gomma di 5 mm integrato nello spessore totale di 20 mm, questo tappeto erboso offre un&#8217;ammortizzazione superiore e una sensazione di maggiore comfort per il piede, riducendo l&#8217;affaticamento durante le sessioni di allenamento pi\u00f9 intense. Al di l\u00e0 delle prestazioni, i bellissimi disegni rendono il tappeto erboso un elemento decorativo, migliorando l&#8217;aspetto visivo di qualsiasi palestra o studio personale.  <\/p>\n<\/div>\n\n\n\n<div class=\"wp-block-column is-vertically-aligned-center is-layout-flow wp-block-column-is-layout-flow\">\n<figure class=\"wp-block-image size-full\"><img decoding=\"async\" src=\"https:\/\/evolve-fitness.eu\/wp-content\/uploads\/2024\/12\/turf.jpg\" alt=\"EV-AT-CS-20\" class=\"wp-image-171269\"\/><\/figure>\n<\/div>\n<\/div>\n<\/section>\n","protected":false},"excerpt":{"rendered":"<p>Trasforma la tua palestra o la tua area di allenamento con il tappeto erboso artificiale Evolve, la soluzione perfetta per creare una superficie di allenamento durevole, funzionale e di grande impatto visivo. Progettato per resistere ad allenamenti intensi e ad un traffico elevato, questo tappeto erboso di prima qualit\u00e0 offre un&#8217;eccellente trazione, ammortizzazione e versatilit\u00e0 per un&#8217;ampia gamma di esercizi. Che si tratti di una pista di sprint, di una zona di spinta per la slitta o di un&#8217;area fitness multifunzionale, il tappeto erboso artificiale Evolve \u00e8 progettato per migliorare le prestazioni e l&#8217;estetica.<\/p>\n","protected":false},"featured_media":101821,"template":"","meta":{"_acf_changed":false,"inline_featured_image":false},"product_cat":[528,845,847],"product_tag":[],"class_list":{"0":"post-101796","1":"product","2":"type-product","3":"status-publish","4":"has-post-thumbnail","6":"product_cat-pagina-iniziale","7":"product_cat-piattaforme-e-pavimenti","8":"product_cat-pavimenti","10":"first","11":"outofstock","12":"shipping-taxable","13":"purchasable","14":"product-type-simple"},"acf":[],"_links":{"self":[{"href":"https:\/\/store.evolve-fitness.eu\/it\/wp-json\/wp\/v2\/product\/101796","targetHints":{"allow":["GET"]}}],"collection":[{"href":"https:\/\/store.evolve-fitness.eu\/it\/wp-json\/wp\/v2\/product"}],"about":[{"href":"https:\/\/store.evolve-fitness.eu\/it\/wp-json\/wp\/v2\/types\/product"}],"wp:featuredmedia":[{"embeddable":true,"href":"https:\/\/store.evolve-fitness.eu\/it\/wp-json\/wp\/v2\/media\/101821"}],"wp:attachment":[{"href":"https:\/\/store.evolve-fitness.eu\/it\/wp-json\/wp\/v2\/media?parent=101796"}],"wp:term":[{"taxonomy":"product_cat","embeddable":true,"href":"https:\/\/store.evolve-fitness.eu\/it\/wp-json\/wp\/v2\/product_cat?post=101796"},{"taxonomy":"product_tag","embeddable":true,"href":"https:\/\/store.evolve-fitness.eu\/it\/wp-json\/wp\/v2\/product_tag?post=101796"}],"curies":[{"name":"wp","href":"https:\/\/api.w.org\/{rel}","templated":true}]}}