{"id":101771,"date":"2024-12-13T12:59:40","date_gmt":"2024-12-13T12:59:40","guid":{"rendered":"https:\/\/store.evolve-fitness.eu\/?post_type=product&#038;p=101771"},"modified":"2026-03-13T12:01:43","modified_gmt":"2026-03-13T12:01:43","slug":"cintura-da-yoga-evolve","status":"publish","type":"product","link":"https:\/\/store.evolve-fitness.eu\/it\/prodotto\/cintura-da-yoga-evolve\/","title":{"rendered":"Cintura da yoga Evolve"},"content":{"rendered":"\n<p><\/p>\n\n\n\n<p><\/p>\n","protected":false},"excerpt":{"rendered":"<p>La cintura da yoga Evolve \u00e8 un accessorio essenziale per migliorare la flessibilit\u00e0, l&#8217;allineamento e la tecnica. Progettata per supportare gli yogi di tutti i livelli, questa cintura resistente e regolabile ti aiuta ad approfondire in modo sicuro gli allungamenti, a mantenere le posizioni pi\u00f9 impegnative e a perfezionare la tua postura. Sia che tu stia lavorando per migliorare la tua flessibilit\u00e0 o che tu abbia bisogno di un&#8217;assistenza extra per eseguire asana specifiche, la Cintura Yoga Evolve \u00e8 uno strumento affidabile e versatile per migliorare la tua pratica.    <\/p>\n<p>\n","protected":false},"featured_media":123658,"template":"","meta":{"_acf_changed":false,"inline_featured_image":false},"product_cat":[534],"product_tag":[],"class_list":{"0":"post-101771","1":"product","2":"type-product","3":"status-publish","4":"has-post-thumbnail","6":"product_cat-studio-it","8":"first","9":"instock","10":"shipping-taxable","11":"purchasable","12":"product-type-simple"},"acf":[],"_links":{"self":[{"href":"https:\/\/store.evolve-fitness.eu\/it\/wp-json\/wp\/v2\/product\/101771","targetHints":{"allow":["GET"]}}],"collection":[{"href":"https:\/\/store.evolve-fitness.eu\/it\/wp-json\/wp\/v2\/product"}],"about":[{"href":"https:\/\/store.evolve-fitness.eu\/it\/wp-json\/wp\/v2\/types\/product"}],"wp:featuredmedia":[{"embeddable":true,"href":"https:\/\/store.evolve-fitness.eu\/it\/wp-json\/wp\/v2\/media\/123658"}],"wp:attachment":[{"href":"https:\/\/store.evolve-fitness.eu\/it\/wp-json\/wp\/v2\/media?parent=101771"}],"wp:term":[{"taxonomy":"product_cat","embeddable":true,"href":"https:\/\/store.evolve-fitness.eu\/it\/wp-json\/wp\/v2\/product_cat?post=101771"},{"taxonomy":"product_tag","embeddable":true,"href":"https:\/\/store.evolve-fitness.eu\/it\/wp-json\/wp\/v2\/product_tag?post=101771"}],"curies":[{"name":"wp","href":"https:\/\/api.w.org\/{rel}","templated":true}]}}