{"id":99326,"date":"2024-09-05T07:55:41","date_gmt":"2024-09-05T07:55:41","guid":{"rendered":"https:\/\/store.evolve-fitness.eu\/?post_type=product&#038;p=99326"},"modified":"2025-03-27T08:03:51","modified_gmt":"2025-03-27T08:03:51","slug":"evolve-vertical-bars-rack-1","status":"publish","type":"product","link":"https:\/\/store.evolve-fitness.eu\/fr\/produit\/evolve-vertical-bars-rack-1\/","title":{"rendered":"Evolve Vertical Bars Rack"},"content":{"rendered":"","protected":false},"excerpt":{"rendered":"<p>Gardez votre espace d&rsquo;entra\u00eenement organis\u00e9 et efficace avec le support vertical pour barres Evolve &#8211; la solution parfaite pour ranger votre collection d&rsquo;halt\u00e8res. Con\u00e7u dans un souci de durabilit\u00e9 et de praticit\u00e9, ce rack \u00e9l\u00e9gant et robuste peut accueillir plusieurs barres en toute s\u00e9curit\u00e9, ce qui vous permet de gagner de l&rsquo;espace tout en conservant un espace d&rsquo;entra\u00eenement professionnel et ordonn\u00e9. Id\u00e9al pour les salles de sport \u00e0 domicile, les studios ou les installations commerciales, le rack vertical Evolve garantit un acc\u00e8s facile \u00e0 votre \u00e9quipement, afin que vous puissiez vous concentrer sur votre entra\u00eenement sans encombrement.  <\/p>\n","protected":false},"featured_media":101192,"template":"","meta":{"_acf_changed":false,"inline_featured_image":false},"product_cat":[413,975,976],"product_tag":[],"class_list":{"0":"post-99326","1":"product","2":"type-product","3":"status-publish","4":"has-post-thumbnail","6":"product_cat-page-daccueil","7":"product_cat-poids-libres","8":"product_cat-rayonnages-et-solutions-de-stockage","10":"first","11":"instock","12":"shipping-taxable","13":"purchasable","14":"product-type-simple"},"acf":[],"_links":{"self":[{"href":"https:\/\/store.evolve-fitness.eu\/fr\/wp-json\/wp\/v2\/product\/99326","targetHints":{"allow":["GET"]}}],"collection":[{"href":"https:\/\/store.evolve-fitness.eu\/fr\/wp-json\/wp\/v2\/product"}],"about":[{"href":"https:\/\/store.evolve-fitness.eu\/fr\/wp-json\/wp\/v2\/types\/product"}],"wp:featuredmedia":[{"embeddable":true,"href":"https:\/\/store.evolve-fitness.eu\/fr\/wp-json\/wp\/v2\/media\/101192"}],"wp:attachment":[{"href":"https:\/\/store.evolve-fitness.eu\/fr\/wp-json\/wp\/v2\/media?parent=99326"}],"wp:term":[{"taxonomy":"product_cat","embeddable":true,"href":"https:\/\/store.evolve-fitness.eu\/fr\/wp-json\/wp\/v2\/product_cat?post=99326"},{"taxonomy":"product_tag","embeddable":true,"href":"https:\/\/store.evolve-fitness.eu\/fr\/wp-json\/wp\/v2\/product_tag?post=99326"}],"curies":[{"name":"wp","href":"https:\/\/api.w.org\/{rel}","templated":true}]}}