{"id":96435,"date":"2024-08-01T06:30:50","date_gmt":"2024-08-01T06:30:50","guid":{"rendered":"https:\/\/store.evolve-fitness.eu\/?post_type=product&#038;p=96435"},"modified":"2026-03-17T12:00:56","modified_gmt":"2026-03-17T12:00:56","slug":"support-evolve-wall-balls-et-powerbags","status":"publish","type":"product","link":"https:\/\/store.evolve-fitness.eu\/fr\/produit\/support-evolve-wall-balls-et-powerbags\/","title":{"rendered":"Support Evolve Wall Balls et Powerbags"},"content":{"rendered":"\n<section class=\"wp-block-group alignfull has-lightgray-background-color has-background is-layout-constrained wp-block-group-is-layout-constrained\">\n<div class=\"wp-block-columns alignwide is-layout-flex wp-container-core-columns-is-layout-2edb0647 wp-block-columns-is-layout-flex\" style=\"margin-top:0;margin-bottom:0\">\n<div class=\"wp-block-column is-layout-flow wp-block-column-is-layout-flow\" style=\"flex-basis:33.33%\"><\/div>\n\n\n\n<div class=\"wp-block-column is-layout-flow wp-block-column-is-layout-flow\" style=\"flex-basis:66.66%\"><\/div>\n<\/div>\n<\/section>\n","protected":false},"excerpt":{"rendered":"<p>Am\u00e9liorez l&rsquo;organisation et l&rsquo;accessibilit\u00e9 de votre salle de sport avec le support mural pour ballons et sacs de sport Evolve, une solution de rangement \u00e9l\u00e9gante et robuste con\u00e7ue pour les salles de sport modernes. Ce support est con\u00e7u pour ranger et pr\u00e9senter une vari\u00e9t\u00e9 de balles murales et de sacs d&rsquo;alimentation, les rendant ainsi facilement accessibles et efficacement organis\u00e9s. Id\u00e9al pour les salles de sport commerciales et les salles d&rsquo;entra\u00eenement \u00e0 domicile, le rack Evolve garantit un espace d&rsquo;entra\u00eenement s\u00fbr et sans encombrement. Sa construction robuste et sa conception bien pens\u00e9e s&rsquo;adaptent \u00e0 plusieurs tailles et poids, d\u00e9montrant l&rsquo;engagement d&rsquo;Evolve en mati\u00e8re de durabilit\u00e9 et de fonctionnalit\u00e9. L&#8217;empreinte compacte du rack maximise l&rsquo;espace au sol tout en am\u00e9liorant l&rsquo;attrait esth\u00e9tique de votre salle de sport. En int\u00e9grant le support Evolve Wall Balls and Powerbags dans votre environnement de fitness, vous n&rsquo;investissez pas seulement dans une organisation sup\u00e9rieure de l&rsquo;\u00e9quipement, mais vous favorisez \u00e9galement une exp\u00e9rience d&rsquo;entra\u00eenement plus productive et rationalis\u00e9e.  <\/p>\n","protected":false},"featured_media":96227,"template":"","meta":{"_acf_changed":false,"inline_featured_image":false},"product_cat":[591,2148,592],"product_tag":[],"class_list":{"0":"post-96435","1":"product","2":"type-product","3":"status-publish","4":"has-post-thumbnail","6":"product_cat-transversal-et-fonctionnel","7":"product_cat-stockage-fr","8":"product_cat-equipement-fonctionnel","10":"first","11":"instock","12":"shipping-taxable","13":"purchasable","14":"product-type-simple"},"acf":[],"_links":{"self":[{"href":"https:\/\/store.evolve-fitness.eu\/fr\/wp-json\/wp\/v2\/product\/96435","targetHints":{"allow":["GET"]}}],"collection":[{"href":"https:\/\/store.evolve-fitness.eu\/fr\/wp-json\/wp\/v2\/product"}],"about":[{"href":"https:\/\/store.evolve-fitness.eu\/fr\/wp-json\/wp\/v2\/types\/product"}],"wp:featuredmedia":[{"embeddable":true,"href":"https:\/\/store.evolve-fitness.eu\/fr\/wp-json\/wp\/v2\/media\/96227"}],"wp:attachment":[{"href":"https:\/\/store.evolve-fitness.eu\/fr\/wp-json\/wp\/v2\/media?parent=96435"}],"wp:term":[{"taxonomy":"product_cat","embeddable":true,"href":"https:\/\/store.evolve-fitness.eu\/fr\/wp-json\/wp\/v2\/product_cat?post=96435"},{"taxonomy":"product_tag","embeddable":true,"href":"https:\/\/store.evolve-fitness.eu\/fr\/wp-json\/wp\/v2\/product_tag?post=96435"}],"curies":[{"name":"wp","href":"https:\/\/api.w.org\/{rel}","templated":true}]}}