{"id":96193,"date":"2024-07-31T14:43:55","date_gmt":"2024-07-31T14:43:55","guid":{"rendered":"https:\/\/store.evolve-fitness.eu\/?post_type=product&#038;p=96193"},"modified":"2026-03-17T12:00:55","modified_gmt":"2026-03-17T12:00:55","slug":"evolution-des-echelles-de-vitesse","status":"publish","type":"product","link":"https:\/\/store.evolve-fitness.eu\/fr\/produit\/evolution-des-echelles-de-vitesse\/","title":{"rendered":"\u00c9volution des \u00e9chelles de vitesse"},"content":{"rendered":"\n<p> <mark style=\"background-color:rgba(0, 0, 0, 0);color:#ffffff\" class=\"has-inline-color\">ASD<\/mark><\/p>\n\n<p><\/p>\n","protected":false},"excerpt":{"rendered":"<p>Am\u00e9liorez votre entra\u00eenement avec l&rsquo;\u00e9chelle de vitesse Evolve, l&rsquo;outil ultime pour les athl\u00e8tes, les amateurs de fitness et tous ceux qui cherchent \u00e0 am\u00e9liorer leur agilit\u00e9, leur vitesse et leur coordination. Con\u00e7ue pour une utilisation en int\u00e9rieur et en ext\u00e9rieur, cette \u00e9chelle d&rsquo;entra\u00eenement polyvalente est parfaite pour l&rsquo;\u00e9chauffement, l&rsquo;am\u00e9lioration du jeu de jambes ou la ma\u00eetrise des mouvements explosifs. L&rsquo;\u00e9chelle de vitesse Evolve est l\u00e9g\u00e8re, durable et facile \u00e0 installer, ce qui en fait un compl\u00e9ment essentiel \u00e0 votre programme d&rsquo;entra\u00eenement.  <\/p>\n<p>\n","protected":false},"featured_media":100366,"template":"","meta":{"_acf_changed":false,"inline_featured_image":false},"product_cat":[2416,592,476],"product_tag":[],"class_list":{"0":"post-96193","1":"product","2":"type-product","3":"status-publish","4":"has-post-thumbnail","6":"product_cat-hyrox-gear","7":"product_cat-equipement-fonctionnel","8":"product_cat-studio-fr","10":"first","11":"outofstock","12":"shipping-taxable","13":"purchasable","14":"product-type-simple"},"acf":[],"_links":{"self":[{"href":"https:\/\/store.evolve-fitness.eu\/fr\/wp-json\/wp\/v2\/product\/96193","targetHints":{"allow":["GET"]}}],"collection":[{"href":"https:\/\/store.evolve-fitness.eu\/fr\/wp-json\/wp\/v2\/product"}],"about":[{"href":"https:\/\/store.evolve-fitness.eu\/fr\/wp-json\/wp\/v2\/types\/product"}],"wp:featuredmedia":[{"embeddable":true,"href":"https:\/\/store.evolve-fitness.eu\/fr\/wp-json\/wp\/v2\/media\/100366"}],"wp:attachment":[{"href":"https:\/\/store.evolve-fitness.eu\/fr\/wp-json\/wp\/v2\/media?parent=96193"}],"wp:term":[{"taxonomy":"product_cat","embeddable":true,"href":"https:\/\/store.evolve-fitness.eu\/fr\/wp-json\/wp\/v2\/product_cat?post=96193"},{"taxonomy":"product_tag","embeddable":true,"href":"https:\/\/store.evolve-fitness.eu\/fr\/wp-json\/wp\/v2\/product_tag?post=96193"}],"curies":[{"name":"wp","href":"https:\/\/api.w.org\/{rel}","templated":true}]}}