{"id":92098,"date":"2024-07-15T14:52:30","date_gmt":"2024-07-15T14:52:30","guid":{"rendered":"https:\/\/store.evolve-fitness.eu\/?post_type=product&#038;p=92098"},"modified":"2025-03-27T07:38:24","modified_gmt":"2025-03-27T07:38:24","slug":"support-de-ballons-de-gymnastique-evolve-1","status":"publish","type":"product","link":"https:\/\/store.evolve-fitness.eu\/fr\/produit\/support-de-ballons-de-gymnastique-evolve-1\/","title":{"rendered":"Support de ballons de gymnastique Evolve"},"content":{"rendered":"\n<p> <mark style=\"background-color:rgba(0, 0, 0, 0);color:#ffffff\" class=\"has-inline-color\">ASD<\/mark><\/p>\n\n<p><\/p>\n","protected":false},"excerpt":{"rendered":"<p>Organisez votre espace de fitness avec une efficacit\u00e9 in\u00e9gal\u00e9e en utilisant le support de balles de gymnastique Evolve, GB-030. Ce support \u00e0 ballons \u00e9l\u00e9gant et robuste est un compl\u00e9ment indispensable \u00e0 toute salle de sport, centre de fitness ou zone d&rsquo;entra\u00eenement \u00e0 domicile, offrant une solution pratique et \u00e9l\u00e9gante pour le stockage des ballons de stabilit\u00e9. Sa construction robuste garantit sa durabilit\u00e9 et sa fiabilit\u00e9, tandis que son design peu encombrant optimise l&rsquo;espace au sol, ce qui permet de garder votre zone d&rsquo;entra\u00eenement propre et accessible. Id\u00e9al pour les salles de sport de toutes tailles, le support \u00e0 ballons Evolve Gym peut accueillir plusieurs ballons, ce qui en fait un outil parfait pour les environnements o\u00f9 la fonctionnalit\u00e9 et l&rsquo;organisation sont essentielles. Am\u00e9liorez l&rsquo;ambiance et l&rsquo;efficacit\u00e9 de votre salle de sport gr\u00e2ce \u00e0 ce support de ballons de gym de premi\u00e8re qualit\u00e9, et rationalisez la fa\u00e7on dont vous rangez et acc\u00e9dez \u00e0 votre \u00e9quipement de fitness.  <\/p>\n<p>\n","protected":false},"featured_media":92120,"template":"","meta":{"_acf_changed":false,"inline_featured_image":false},"product_cat":[476],"product_tag":[],"class_list":{"0":"post-92098","1":"product","2":"type-product","3":"status-publish","4":"has-post-thumbnail","6":"product_cat-studio-fr","8":"first","9":"instock","10":"shipping-taxable","11":"purchasable","12":"product-type-simple"},"acf":[],"_links":{"self":[{"href":"https:\/\/store.evolve-fitness.eu\/fr\/wp-json\/wp\/v2\/product\/92098","targetHints":{"allow":["GET"]}}],"collection":[{"href":"https:\/\/store.evolve-fitness.eu\/fr\/wp-json\/wp\/v2\/product"}],"about":[{"href":"https:\/\/store.evolve-fitness.eu\/fr\/wp-json\/wp\/v2\/types\/product"}],"wp:featuredmedia":[{"embeddable":true,"href":"https:\/\/store.evolve-fitness.eu\/fr\/wp-json\/wp\/v2\/media\/92120"}],"wp:attachment":[{"href":"https:\/\/store.evolve-fitness.eu\/fr\/wp-json\/wp\/v2\/media?parent=92098"}],"wp:term":[{"taxonomy":"product_cat","embeddable":true,"href":"https:\/\/store.evolve-fitness.eu\/fr\/wp-json\/wp\/v2\/product_cat?post=92098"},{"taxonomy":"product_tag","embeddable":true,"href":"https:\/\/store.evolve-fitness.eu\/fr\/wp-json\/wp\/v2\/product_tag?post=92098"}],"curies":[{"name":"wp","href":"https:\/\/api.w.org\/{rel}","templated":true}]}}