{"id":90087,"date":"2024-07-10T13:39:51","date_gmt":"2024-07-10T13:39:51","guid":{"rendered":"https:\/\/store.evolve-fitness.eu\/?post_type=product&#038;p=90087"},"modified":"2026-04-03T12:00:49","modified_gmt":"2026-04-03T12:00:49","slug":"support-multifonction-evolve","status":"publish","type":"product","link":"https:\/\/store.evolve-fitness.eu\/fr\/produit\/support-multifonction-evolve\/","title":{"rendered":"Support multifonction Evolve"},"content":{"rendered":"\n<p> <mark style=\"background-color:rgba(0, 0, 0, 0);color:#ffffff\" class=\"has-inline-color\">ASD<\/mark><\/p>\n\n<p><\/p>\n\n<section class=\"wp-block-group alignfull black-content has-white-color has-darkgray-background-color has-text-color has-background is-layout-constrained wp-block-group-is-layout-constrained\" style=\"padding-top:var(--wp--preset--spacing--section-bottom);padding-bottom:var(--wp--preset--spacing--section-bottom)\">\n<section class=\"wp-block-group alignfull black-content has-white-color has-darkgray-background-color has-text-color has-background is-layout-constrained wp-block-group-is-layout-constrained\" style=\"padding-top:var(--wp--preset--spacing--section-bottom);padding-bottom:var(--wp--preset--spacing--section-bottom)\">\n<div class=\"wp-block-columns alignwide is-layout-flex wp-container-core-columns-is-layout-c45ee707 wp-block-columns-is-layout-flex\" style=\"margin-bottom:var(--wp--preset--spacing--side-padding);padding-top:var(--wp--preset--spacing--side-padding)\">\n<div class=\"wp-block-column is-vertically-aligned-center is-layout-flow wp-block-column-is-layout-flow\">\n<figure class=\"wp-block-video\"><video autoplay=\"\" controls=\"\" loop=\"\" muted=\"\" src=\"https:\/\/evolve-fitness.eu\/wp-content\/uploads\/2023\/12\/2-17.mp4\"><\/video><\/figure>\n<\/div>\n\n\n\n<div class=\"wp-block-column is-vertically-aligned-center is-layout-constrained wp-block-column-is-layout-constrained\">\n<h3 class=\"wp-block-heading\" style=\"margin-bottom:var(--wp--preset--spacing--h-3-bottom)\"><strong>Utilisation efficace de l&rsquo;espace<\/strong> <\/h3>\n\n\n\n<p><strong><em>Organiser et \u00e9conomiser de l&rsquo;espace<\/em><\/strong><\/p>\n\n\n\n<p style=\"margin-bottom:var(--wp--preset--spacing--tb-section-padding)\">Avec son design \u00e9l\u00e9gant et compact, il utilise efficacement l&rsquo;espace tout en offrant un acc\u00e8s facile aux tapis, am\u00e9liorant ainsi l&rsquo;organisation du gymnase et la commodit\u00e9 de l&rsquo;utilisateur.<\/p>\n<\/div>\n<\/div>\n\n\n\n<div class=\"wp-block-columns alignwide is-layout-flex wp-container-core-columns-is-layout-c45ee707 wp-block-columns-is-layout-flex\" style=\"margin-bottom:var(--wp--preset--spacing--side-padding);padding-top:var(--wp--preset--spacing--side-padding)\">\n<div class=\"wp-block-column is-vertically-aligned-center is-layout-flow wp-block-column-is-layout-flow\">\n<h3 class=\"wp-block-heading\" style=\"margin-bottom:var(--wp--preset--spacing--h-3-bottom)\"><strong>Construction robuste<\/strong><\/h3>\n\n\n\n<p><strong><em>Con\u00e7u pour une utilisation intensive<\/em><\/strong><\/p>\n\n\n\n<p>Construit pour durer et \u00eatre stable, le support est con\u00e7u pour r\u00e9sister aux rigueurs d&rsquo;un environnement de gymnastique professionnel.<\/p>\n<\/div>\n\n\n\n<div class=\"wp-block-column is-vertically-aligned-center is-layout-flow wp-block-column-is-layout-flow\">\n<div class=\"wp-block-columns is-layout-flex wp-container-core-columns-is-layout-9d6595d7 wp-block-columns-is-layout-flex\">\n<div class=\"wp-block-column is-layout-flow wp-block-column-is-layout-flow\">\n<figure class=\"wp-block-video\"><video height=\"600\" style=\"aspect-ratio: 680 \/ 600;\" width=\"680\" autoplay=\"\" controls=\"\" loop=\"\" muted=\"\" src=\"https:\/\/evolve-fitness.eu\/wp-content\/uploads\/2023\/12\/3-11.mp4\"><\/video><\/figure>\n<\/div>\n<\/div>\n<\/div>\n<\/div>\n\n\n\n<div class=\"wp-block-columns alignwide is-layout-flex wp-container-core-columns-is-layout-c45ee707 wp-block-columns-is-layout-flex\" style=\"margin-bottom:var(--wp--preset--spacing--side-padding);padding-top:var(--wp--preset--spacing--side-padding)\">\n<div class=\"wp-block-column is-vertically-aligned-center is-layout-flow wp-block-column-is-layout-flow\">\n<figure class=\"wp-block-image size-large\"><img decoding=\"async\" src=\"https:\/\/evolve-fitness.eu\/wp-content\/uploads\/2023\/12\/A7_05554-1-1024x683.jpg\" alt=\"\" class=\"wp-image-8532\"\/><\/figure>\n<\/div>\n\n\n\n<div class=\"wp-block-column is-vertically-aligned-center is-layout-flow wp-block-column-is-layout-flow\">\n<h3 class=\"wp-block-heading\" style=\"margin-bottom:var(--wp--preset--spacing--h-3-bottom)\"><strong><strong>Conception ajustable<\/strong><\/strong><\/h3>\n\n\n\n<p><em><strong>Conception universelle<\/strong><\/em><\/p>\n\n\n\n<p>Sa structure r\u00e9glable permet de l&rsquo;adapter \u00e0 diff\u00e9rentes tailles et diff\u00e9rents types de tapis d&rsquo;exercice, ce qui le rend tr\u00e8s polyvalent pour diff\u00e9rents types de salles de sport.<\/p>\n<\/div>\n<\/div>\n\n\n\n<div class=\"wp-block-columns alignwide is-layout-flex wp-container-core-columns-is-layout-c45ee707 wp-block-columns-is-layout-flex\" style=\"margin-bottom:var(--wp--preset--spacing--side-padding);padding-top:var(--wp--preset--spacing--side-padding)\">\n<div class=\"wp-block-column is-vertically-aligned-center is-layout-flow wp-block-column-is-layout-flow\">\n<h3 class=\"wp-block-heading\" style=\"margin-bottom:var(--wp--preset--spacing--h-3-bottom)\"><strong>L&rsquo;attrait esth\u00e9tique<\/strong><\/h3>\n\n\n\n<p><strong><em>Possibilit\u00e9 d&rsquo;imprimer le logo ou le dessin de l&rsquo;entreprise directement sur le tapis.<\/em><\/strong><\/p>\n\n\n\n<p>Le support est con\u00e7u non seulement pour \u00eatre fonctionnel, mais aussi pour \u00eatre esth\u00e9tique. Son look \u00e9l\u00e9gant et moderne s&rsquo;int\u00e8gre \u00e0 tout int\u00e9rieur de salle de sport, ajoutant une touche de sophistication \u00e0 l&rsquo;environnement d&rsquo;entra\u00eenement.<\/p>\n<\/div>\n\n\n\n<div class=\"wp-block-column is-vertically-aligned-center is-layout-flow wp-block-column-is-layout-flow\">\n<div class=\"wp-block-columns is-layout-flex wp-container-core-columns-is-layout-9d6595d7 wp-block-columns-is-layout-flex\">\n<div class=\"wp-block-column is-layout-flow wp-block-column-is-layout-flow\">\n<figure class=\"wp-block-image size-large\"><img decoding=\"async\" src=\"https:\/\/evolve-fitness.eu\/wp-content\/uploads\/2023\/12\/A7_05547-1024x683.jpg\" alt=\"\" class=\"wp-image-8534\"\/><\/figure>\n<\/div>\n<\/div>\n<\/div>\n<\/div>\n<\/section>\n<\/section>\n","protected":false},"excerpt":{"rendered":"<p>Le support multifonction Evolve est un support de tapis r\u00e9glable de premi\u00e8re qualit\u00e9 con\u00e7u pour un usage professionnel. Il offre une construction robuste et des options de stockage polyvalentes, ce qui en fait un choix id\u00e9al pour les salles de sport et les centres de remise en forme qui cherchent \u00e0 organiser et \u00e0 acc\u00e9der facilement \u00e0 leurs tapis d&rsquo;exercice. Ce produit allie fonctionnalit\u00e9 et design \u00e9l\u00e9gant, garantissant une utilisation efficace de l&rsquo;espace et une manipulation ais\u00e9e.  <\/p>\n<p>\n","protected":false},"featured_media":90109,"template":"","meta":{"_acf_changed":false,"inline_featured_image":false},"product_cat":[476],"product_tag":[],"class_list":{"0":"post-90087","1":"product","2":"type-product","3":"status-publish","4":"has-post-thumbnail","6":"product_cat-studio-fr","8":"first","9":"instock","10":"shipping-taxable","11":"purchasable","12":"product-type-simple"},"acf":[],"_links":{"self":[{"href":"https:\/\/store.evolve-fitness.eu\/fr\/wp-json\/wp\/v2\/product\/90087","targetHints":{"allow":["GET"]}}],"collection":[{"href":"https:\/\/store.evolve-fitness.eu\/fr\/wp-json\/wp\/v2\/product"}],"about":[{"href":"https:\/\/store.evolve-fitness.eu\/fr\/wp-json\/wp\/v2\/types\/product"}],"wp:featuredmedia":[{"embeddable":true,"href":"https:\/\/store.evolve-fitness.eu\/fr\/wp-json\/wp\/v2\/media\/90109"}],"wp:attachment":[{"href":"https:\/\/store.evolve-fitness.eu\/fr\/wp-json\/wp\/v2\/media?parent=90087"}],"wp:term":[{"taxonomy":"product_cat","embeddable":true,"href":"https:\/\/store.evolve-fitness.eu\/fr\/wp-json\/wp\/v2\/product_cat?post=90087"},{"taxonomy":"product_tag","embeddable":true,"href":"https:\/\/store.evolve-fitness.eu\/fr\/wp-json\/wp\/v2\/product_tag?post=90087"}],"curies":[{"name":"wp","href":"https:\/\/api.w.org\/{rel}","templated":true}]}}