{"id":76116,"date":"2024-06-06T06:00:45","date_gmt":"2024-06-06T06:00:45","guid":{"rendered":"https:\/\/store.evolve-fitness.eu\/?post_type=product&#038;p=76116"},"modified":"2025-12-03T13:29:32","modified_gmt":"2025-12-03T13:29:32","slug":"evolve-ultra-series-lat-pull-down-7","status":"publish","type":"product","link":"https:\/\/store.evolve-fitness.eu\/fr\/produit\/evolve-ultra-series-lat-pull-down-7\/","title":{"rendered":"Evolve Ultra Series Lat Pull Down"},"content":{"rendered":"\n<section class=\"wp-block-group alignfull black-content has-white-color has-darkgray-background-color has-text-color has-background is-layout-constrained wp-block-group-is-layout-constrained\" style=\"padding-top:var(--wp--preset--spacing--section-bottom);padding-bottom:var(--wp--preset--spacing--section-bottom)\">\n<section class=\"wp-block-group alignfull black-content has-white-color has-darkgray-background-color has-text-color has-background is-layout-constrained wp-block-group-is-layout-constrained\" style=\"padding-top:var(--wp--preset--spacing--section-bottom);padding-bottom:var(--wp--preset--spacing--section-bottom)\">\n<div class=\"wp-block-columns alignwide mobile-reverse is-layout-flex wp-container-core-columns-is-layout-ca64bf2d wp-block-columns-is-layout-flex\" style=\"margin-bottom:var(--wp--preset--spacing--side-padding)\">\n<div class=\"wp-block-column is-vertically-aligned-center is-layout-flow wp-block-column-is-layout-flow\">\n<h3 class=\"wp-block-heading\" style=\"margin-bottom:var(--wp--preset--spacing--h-3-bottom)\"><strong>PLAQUE DE POIDS SUP\u00c9RIEURE<\/strong><\/h3>\n\n\n\n<p><strong><em><strong><em>Prolonge la r\u00e9sistance maximale<\/em><\/strong><\/em><\/strong><\/p>\n\n\n\n<p>La presse \u00e0 \u00e9paulettes Evolve Ultra Series Selectorized est \u00e9quip\u00e9e de deux plaques de poids suppl\u00e9mentaires de 2,5 kg, ce qui permet d&rsquo;am\u00e9liorer les performances de l&rsquo;appareil. Tout d&rsquo;abord, il augmente la r\u00e9sistance maximale que l&rsquo;appareil peut fournir, ce qui permet aux utilisateurs de se surpasser lors de leurs s\u00e9ances d&rsquo;entra\u00eenement.<br\/>En outre, ces plaques de poids suppl\u00e9mentaires offrent un avantage unique en permettant aux utilisateurs de faire des incr\u00e9ments plus petits et plus pr\u00e9cis dans leurs ajustements de r\u00e9sistance, chaque plaque offrant une augmentation de 2,5 kg. Cette pr\u00e9cision dans la s\u00e9lection de la r\u00e9sistance permet aux individus d&rsquo;adapter leurs s\u00e9ances d&rsquo;entra\u00eenement \u00e0 leurs besoins et objectifs sp\u00e9cifiques, garantissant que chaque s\u00e9ance d&rsquo;exercice est adapt\u00e9e pour optimiser les r\u00e9sultats.<\/p>\n<\/div>\n\n\n\n<div class=\"wp-block-column is-vertically-aligned-center is-layout-flow wp-block-column-is-layout-flow\">\n<figure class=\"wp-block-image size-full is-resized\"><img loading=\"lazy\" decoding=\"async\" width=\"600\" height=\"609\" src=\"https:\/\/store.evolve-fitness.eu\/wp-content\/uploads\/2024\/06\/plate-600x609-1.webp\" alt=\"\" class=\"wp-image-76131\" style=\"width:857px;height:auto\" srcset=\"https:\/\/store.evolve-fitness.eu\/wp-content\/uploads\/2024\/06\/plate-600x609-1.webp 600w, https:\/\/store.evolve-fitness.eu\/wp-content\/uploads\/2024\/06\/plate-600x609-1-296x300.webp 296w\" sizes=\"auto, (max-width: 600px) 100vw, 600px\" \/><\/figure>\n<\/div>\n<\/div>\n\n\n\n<div class=\"wp-block-columns alignwide mobile-reverse is-layout-flex wp-container-core-columns-is-layout-ca64bf2d wp-block-columns-is-layout-flex\" style=\"margin-bottom:var(--wp--preset--spacing--side-padding)\">\n<div class=\"wp-block-column is-vertically-aligned-center is-layout-flow wp-block-column-is-layout-flow\">\n<figure class=\"wp-block-video\"><video height=\"1080\" style=\"aspect-ratio: 1920 \/ 1080;\" width=\"1920\" controls=\"\" src=\"https:\/\/store.evolve-fitness.eu\/wp-content\/uploads\/2024\/06\/UL-040-Weight-Stack.mp4\"><\/video><\/figure>\n<\/div>\n\n\n\n<div class=\"wp-block-column is-vertically-aligned-center is-layout-flow wp-block-column-is-layout-flow\">\n<h3 class=\"wp-block-heading\" style=\"margin-bottom:var(--wp--preset--spacing--h-3-bottom)\"><strong>PILE DE POIDS<\/strong><\/h3>\n\n\n\n<p><strong><em><strong><em>Personnalisez et ajoutez<\/em><\/strong><\/em><\/strong><\/p>\n\n\n\n<p>L&rsquo;appareil Evolve Ultra Series Selectorized Shoulder Press est \u00e9quip\u00e9 d&rsquo;un niveau de r\u00e9sistance de 85 kg, mais vous avez \u00e9galement la possibilit\u00e9 de le personnaliser et de l&rsquo;ajouter \u00e0 122,5 kg pour une exp\u00e9rience d&rsquo;entra\u00eenement encore plus stimulante. Il est dot\u00e9 d&rsquo;une pile de poids enti\u00e8rement ferm\u00e9e qui garantit la s\u00e9curit\u00e9 de vos exercices.<\/p>\n<\/div>\n<\/div>\n\n\n\n<div class=\"wp-block-columns alignwide mobile-reverse is-layout-flex wp-container-core-columns-is-layout-ca64bf2d wp-block-columns-is-layout-flex\" style=\"margin-bottom:var(--wp--preset--spacing--side-padding)\">\n<div class=\"wp-block-column is-vertically-aligned-center is-layout-flow wp-block-column-is-layout-flow\">\n<h3 class=\"wp-block-heading\" style=\"margin-bottom:var(--wp--preset--spacing--h-3-bottom)\"><strong>C\u00c2BLE<\/strong><\/h3>\n\n\n\n<p><strong><em><strong><em>Qualit\u00e9 sup\u00e9rieure<\/em><\/strong><\/em><\/strong><\/p>\n\n\n\n<p>Les machines Evolve Ultra Series utilisent des c\u00e2bles de qualit\u00e9 sup\u00e9rieure. Il y a six brins principaux, et chaque brin est compos\u00e9 de 19 fils torsad\u00e9s ensemble, en polyamide 12 (PA12), et d&rsquo;un diam\u00e8tre de 5 mm. Lorsque vous passez d&rsquo;un exercice \u00e0 l&rsquo;autre, qu&rsquo;il s&rsquo;agisse d&rsquo;une flexion des biceps, d&rsquo;un d\u00e9velopp\u00e9 couch\u00e9, d&rsquo;un d\u00e9velopp\u00e9 lat\u00e9ral ou de toute autre activit\u00e9 de musculation, les performances exceptionnelles des c\u00e2bles de la s\u00e9rie Evolve Ultra garantissent la fluidit\u00e9 de vos mouvements et la constance de la r\u00e9sistance, ce qui favorise une exp\u00e9rience d&rsquo;entra\u00eenement \u00e0 la fois efficace et agr\u00e9able.<\/p>\n<\/div>\n\n\n\n<div class=\"wp-block-column is-vertically-aligned-center is-layout-flow wp-block-column-is-layout-flow\">\n<figure class=\"wp-block-video\"><video height=\"720\" style=\"aspect-ratio: 1280 \/ 720;\" width=\"1280\" controls=\"\" src=\"https:\/\/store.evolve-fitness.eu\/wp-content\/uploads\/2024\/06\/Evolve-cable.mp4\"><\/video><\/figure>\n<\/div>\n<\/div>\n\n\n\n<div class=\"wp-block-columns alignwide mobile-reverse is-layout-flex wp-container-core-columns-is-layout-ca64bf2d wp-block-columns-is-layout-flex\" style=\"margin-bottom:var(--wp--preset--spacing--side-padding)\">\n<div class=\"wp-block-column is-vertically-aligned-center is-layout-flow wp-block-column-is-layout-flow\">\n<figure class=\"wp-block-video\"><video height=\"720\" style=\"aspect-ratio: 1280 \/ 720;\" width=\"1280\" controls=\"\" src=\"https:\/\/store.evolve-fitness.eu\/wp-content\/uploads\/2024\/06\/Evolve-Double-powder-coated-Frame.mp4\"><\/video><\/figure>\n<\/div>\n\n\n\n<div class=\"wp-block-column is-vertically-aligned-center is-layout-flow wp-block-column-is-layout-flow\">\n<h3 class=\"wp-block-heading\" style=\"margin-bottom:var(--wp--preset--spacing--h-3-bottom)\"><strong>DOUBLE REV\u00caTEMENT PAR POUDRE<\/strong><\/h3>\n\n\n\n<p><strong><em><strong><em>Rev\u00eatement par poudre \u00e9lectrostatique<\/em><\/strong><\/em><\/strong><\/p>\n\n\n\n<p style=\"margin-bottom:var(--wp--preset--spacing--tb-section-padding)\">Les machines de musculation de la s\u00e9rie Evolve Ultra, dot\u00e9es d&rsquo;un cadre noir perle mat \u00e0 rev\u00eatement \u00e9lectrostatique par poudre, allient forme et fonction. Son attrait esth\u00e9tique est renforc\u00e9 par sa finition noire mate, tandis que ses caract\u00e9ristiques pratiques, notamment sa r\u00e9sistance au frottement, ses propri\u00e9t\u00e9s anticorrosion et sa r\u00e9sistance aux rayures, en font un compagnon de fitness fiable et durable.<\/p>\n\n\n\n<p><strong><em>Protecteurs de sol moul\u00e9s en caoutchouc tr\u00e8s r\u00e9sistants<\/em><\/strong><\/p>\n\n\n\n<p>Les pieds en caoutchouc robustes de la s\u00e9rie Evolve Ultra servent de boucliers de protection pour \u00e9viter tout dommage potentiel \u00e0 vos sols. Ces pieds en caoutchouc tr\u00e8s r\u00e9sistants sont con\u00e7us pour prot\u00e9ger vos surfaces de plancher de tout dommage pouvant survenir pendant l&rsquo;utilisation. En outre, ces pieds en caoutchouc n&rsquo;offrent pas seulement une protection, mais contribuent \u00e9galement \u00e0 la stabilit\u00e9.<\/p>\n<\/div>\n<\/div>\n<\/section>\n<\/section>\n","protected":false},"excerpt":{"rendered":"<p>Am\u00e9liorez vos s\u00e9ances d&rsquo;entra\u00eenement de la poitrine avec la presse \u00e0 poitrine Evolve Ultra Series Selectorized Chest Press, UL-010. Con\u00e7u pour le confort et la performance, il est dot\u00e9 de si\u00e8ges moul\u00e9s, d&rsquo;un mouvement ind\u00e9pendant des bras et d&rsquo;un car\u00e9nage couvert de la pile de poids. Avec une finition mate \u00e9l\u00e9gante, des poign\u00e9es optimales et un r\u00e9glage du si\u00e8ge sans effort, le UL-010 est le summum de l&rsquo;innovation pour votre salle de sport.<\/p>\n","protected":false},"featured_media":81248,"template":"","meta":{"_acf_changed":false,"inline_featured_image":false},"product_cat":[413,1110,1224],"product_tag":[],"class_list":{"0":"post-76116","1":"product","2":"type-product","3":"status-publish","4":"has-post-thumbnail","6":"product_cat-page-daccueil","7":"product_cat-machines-selectionnees","8":"product_cat-machines-selectorized-ultra-series","10":"first","11":"instock","12":"shipping-taxable","13":"purchasable","14":"product-type-simple"},"acf":[],"_links":{"self":[{"href":"https:\/\/store.evolve-fitness.eu\/fr\/wp-json\/wp\/v2\/product\/76116","targetHints":{"allow":["GET"]}}],"collection":[{"href":"https:\/\/store.evolve-fitness.eu\/fr\/wp-json\/wp\/v2\/product"}],"about":[{"href":"https:\/\/store.evolve-fitness.eu\/fr\/wp-json\/wp\/v2\/types\/product"}],"wp:featuredmedia":[{"embeddable":true,"href":"https:\/\/store.evolve-fitness.eu\/fr\/wp-json\/wp\/v2\/media\/81248"}],"wp:attachment":[{"href":"https:\/\/store.evolve-fitness.eu\/fr\/wp-json\/wp\/v2\/media?parent=76116"}],"wp:term":[{"taxonomy":"product_cat","embeddable":true,"href":"https:\/\/store.evolve-fitness.eu\/fr\/wp-json\/wp\/v2\/product_cat?post=76116"},{"taxonomy":"product_tag","embeddable":true,"href":"https:\/\/store.evolve-fitness.eu\/fr\/wp-json\/wp\/v2\/product_tag?post=76116"}],"curies":[{"name":"wp","href":"https:\/\/api.w.org\/{rel}","templated":true}]}}