{"id":60027,"date":"2024-01-26T13:59:31","date_gmt":"2024-01-26T13:59:31","guid":{"rendered":"https:\/\/store.evolve-fitness.eu\/product\/evolve-single-double-vertical-dumbbell-storage-attachment-for-5-pairs\/"},"modified":"2026-03-18T12:00:58","modified_gmt":"2026-03-18T12:00:58","slug":"evolve-single-double-vertical-dumbbell-storage-attachment-for-5-pairs","status":"publish","type":"product","link":"https:\/\/store.evolve-fitness.eu\/fr\/produit\/evolve-single-double-vertical-dumbbell-storage-attachment-for-5-pairs\/","title":{"rendered":"Evolve Single \/ Double Vertical Dumbbell Storage Attachment for 5 pairs"},"content":{"rendered":"","protected":false},"excerpt":{"rendered":"<p>Maximisez l&rsquo;efficacit\u00e9 de votre salle de sport avec l&rsquo;accessoire de rangement vertical pour halt\u00e8res simples et doubles Evolve, con\u00e7u pour 5 paires d&rsquo;halt\u00e8res. Cette solution peu encombrante change la donne pour un rangement organis\u00e9 et accessible des halt\u00e8res. La conception verticale permet non seulement d&rsquo;optimiser l&rsquo;espace au sol, mais aussi d&rsquo;acc\u00e9der rapidement et facilement aux halt\u00e8res. Con\u00e7u pour \u00eatre durable et facile \u00e0 utiliser, cet accessoire s&rsquo;int\u00e8gre parfaitement \u00e0 l&rsquo;installation de votre salle de sport Evolve. Am\u00e9liorez votre exp\u00e9rience d&rsquo;entra\u00eenement en gardant vos halt\u00e8res bien rang\u00e9s et \u00e0 port\u00e9e de main pour votre prochaine s\u00e9rie, ce qui rend chaque s\u00e9ance fluide et efficace. Am\u00e9liorez l&rsquo;organisation de votre salle de sport avec l&rsquo;accessoire de rangement vertical pour halt\u00e8res simples ou doubles Evolve et profitez d&rsquo;un espace d&rsquo;entra\u00eenement sans encombrement.<\/p>\n","protected":false},"featured_media":60029,"template":"","meta":{"_acf_changed":false,"inline_featured_image":false},"product_cat":[413,591,664,703],"product_tag":[],"class_list":{"0":"post-60027","1":"product","2":"type-product","3":"status-publish","4":"has-post-thumbnail","6":"product_cat-page-daccueil","7":"product_cat-transversal-et-fonctionnel","8":"product_cat-composants-de-lappareil-de-forage","9":"product_cat-stockage","11":"first","12":"instock","13":"shipping-taxable","14":"purchasable","15":"product-type-variable"},"acf":[],"_links":{"self":[{"href":"https:\/\/store.evolve-fitness.eu\/fr\/wp-json\/wp\/v2\/product\/60027","targetHints":{"allow":["GET"]}}],"collection":[{"href":"https:\/\/store.evolve-fitness.eu\/fr\/wp-json\/wp\/v2\/product"}],"about":[{"href":"https:\/\/store.evolve-fitness.eu\/fr\/wp-json\/wp\/v2\/types\/product"}],"wp:featuredmedia":[{"embeddable":true,"href":"https:\/\/store.evolve-fitness.eu\/fr\/wp-json\/wp\/v2\/media\/60029"}],"wp:attachment":[{"href":"https:\/\/store.evolve-fitness.eu\/fr\/wp-json\/wp\/v2\/media?parent=60027"}],"wp:term":[{"taxonomy":"product_cat","embeddable":true,"href":"https:\/\/store.evolve-fitness.eu\/fr\/wp-json\/wp\/v2\/product_cat?post=60027"},{"taxonomy":"product_tag","embeddable":true,"href":"https:\/\/store.evolve-fitness.eu\/fr\/wp-json\/wp\/v2\/product_tag?post=60027"}],"curies":[{"name":"wp","href":"https:\/\/api.w.org\/{rel}","templated":true}]}}