{"id":58912,"date":"2024-02-01T11:02:45","date_gmt":"2024-02-01T11:02:45","guid":{"rendered":"https:\/\/store.evolve-fitness.eu\/product\/banc-plat-evolve-econ-series\/"},"modified":"2026-04-03T12:00:42","modified_gmt":"2026-04-03T12:00:42","slug":"banc-plat-evolve-econ-series","status":"publish","type":"product","link":"https:\/\/store.evolve-fitness.eu\/fr\/produit\/banc-plat-evolve-econ-series\/","title":{"rendered":"Banc plat Evolve Econ Series"},"content":{"rendered":"\n<section class=\"wp-block-group alignfull black-content has-white-color has-darkgray-background-color has-text-color has-background is-layout-constrained wp-block-group-is-layout-constrained\" style=\"padding-top:var(--wp--preset--spacing--section-bottom);padding-bottom:var(--wp--preset--spacing--section-bottom)\">\n<div class=\"wp-block-columns alignwide mobile-reverse is-layout-flex wp-container-core-columns-is-layout-ca64bf2d wp-block-columns-is-layout-flex\" style=\"margin-bottom:var(--wp--preset--spacing--side-padding)\">\n<div class=\"wp-block-column is-vertically-aligned-center is-layout-flow wp-block-column-is-layout-flow\">\n<h3 class=\"wp-block-heading\" style=\"margin-bottom:var(--wp--preset--spacing--h-3-bottom)\"><strong>Utilit\u00e9 polyvalente<\/strong><\/h3>\n\n\n\n<p><strong><em><strong>Une base pour de nombreuses s\u00e9ances d&rsquo;entra\u00eenement<\/strong><\/em><\/strong><\/p>\n\n\n\n<p style=\"margin-bottom:var(--wp--preset--spacing--tb-section-padding)\">Le banc plat Evolve Econ Series est un \u00e9quipement robuste et fiable con\u00e7u pour une large gamme d&rsquo;exercices de musculation. Il est id\u00e9al pour des exercices tels que le d\u00e9velopp\u00e9 couch\u00e9, le d\u00e9velopp\u00e9 couch\u00e9 avec halt\u00e8res et divers mouvements au poids du corps, ciblant les muscles du haut du corps, du tronc et m\u00eame des jambes lorsqu&rsquo;il est utilis\u00e9 de mani\u00e8re cr\u00e9ative. Sa simplicit\u00e9 et sa stabilit\u00e9 en font un \u00e9l\u00e9ment fondamental de tout programme de remise en forme, adapt\u00e9 aux utilisateurs qui cherchent \u00e0 d\u00e9velopper leur force et leurs muscles sur plusieurs parties du corps.<\/p>\n<\/div>\n\n\n\n<div class=\"wp-block-column is-vertically-aligned-center is-layout-flow wp-block-column-is-layout-flow\">\n<figure class=\"wp-block-video\"><video height=\"574\" style=\"aspect-ratio: 574 \/ 574;\" width=\"574\" autoplay=\"\" controls=\"\" loop=\"\" muted=\"\" src=\"https:\/\/evolve-fitness.eu\/wp-content\/uploads\/2024\/01\/Evolve-Econ-Series-Flat-Bench-video.mp4\"><\/video><\/figure>\n<\/div>\n<\/div>\n\n\n\n<div class=\"wp-block-columns alignwide is-layout-flex wp-container-core-columns-is-layout-c45ee707 wp-block-columns-is-layout-flex\" style=\"margin-bottom:var(--wp--preset--spacing--side-padding);padding-top:var(--wp--preset--spacing--side-padding)\">\n<div class=\"wp-block-column is-vertically-aligned-center is-layout-flow wp-block-column-is-layout-flow\">\n<figure class=\"wp-block-image size-large\"><img decoding=\"async\" src=\"https:\/\/evolve-fitness.eu\/wp-content\/uploads\/2024\/01\/Evolve-Econ-Series-Flat-Bench-C1-1024x683.jpg\" alt=\"\" class=\"wp-image-10809\"\/><\/figure>\n<\/div>\n\n\n\n<div class=\"wp-block-column is-vertically-aligned-center is-layout-flow wp-block-column-is-layout-flow\">\n<h3 class=\"wp-block-heading\" style=\"margin-bottom:var(--wp--preset--spacing--h-3-bottom)\"><strong>Conception efficace de l&rsquo;espace<\/strong><\/h3>\n\n\n\n<p><strong><em> <strong>Maximise l&rsquo;espace d&rsquo;entra\u00eenement<\/strong><\/em><\/strong><\/p>\n\n\n\n<p>Le banc plat de la s\u00e9rie Evolve Econ est con\u00e7u avec une construction robuste et durable, assurant la durabilit\u00e9 et la fiabilit\u00e9 pour un usage intensif. Sa conception robuste permet des entra\u00eenements rigoureux, ce qui en fait un compl\u00e9ment pr\u00e9cieux \u00e0 tout programme de remise en forme pour ceux qui recherchent un banc fiable.<\/p>\n<\/div>\n<\/div>\n\n\n\n<div class=\"wp-block-columns alignwide is-layout-flex wp-container-core-columns-is-layout-c45ee707 wp-block-columns-is-layout-flex\" style=\"margin-bottom:var(--wp--preset--spacing--side-padding);padding-top:var(--wp--preset--spacing--side-padding)\">\n<div class=\"wp-block-column is-vertically-aligned-center is-layout-flow wp-block-column-is-layout-flow\">\n<h3 class=\"wp-block-heading\" style=\"margin-bottom:var(--wp--preset--spacing--h-3-bottom)\"><strong>Confort optimal<\/strong><\/h3>\n\n\n\n<p><strong><em><strong>Con\u00e7u pour le confort de l&rsquo;utilisateur<\/strong><\/em><\/strong><\/p>\n\n\n\n<p style=\"margin-bottom:var(--wp--preset--spacing--tb-section-padding)\">Dot\u00e9 d&rsquo;un \u00e9pais rembourrage en mousse haute densit\u00e9, le banc offre un confort sup\u00e9rieur pendant les s\u00e9ances d&rsquo;entra\u00eenement, permettant aux utilisateurs de se concentrer sur leur forme et leurs performances sans \u00eatre distraits. Il est recouvert d&rsquo;un cuir de haute qualit\u00e9, \u00e0 la fois durable et confortable, qui offre une surface stable et antid\u00e9rapante pour divers exercices. Ce mat\u00e9riau garantit la long\u00e9vit\u00e9 et la facilit\u00e9 d&rsquo;entretien, ce qui le rend adapt\u00e9 aux environnements d&rsquo;entra\u00eenement intensifs.<\/p>\n<\/div>\n\n\n\n<div class=\"wp-block-column is-vertically-aligned-center is-layout-flow wp-block-column-is-layout-flow\">\n<figure class=\"wp-block-image size-large\"><img decoding=\"async\" src=\"https:\/\/evolve-fitness.eu\/wp-content\/uploads\/2024\/01\/Evolve-Econ-Series-Flat-Bench-C2-1024x683.jpg\" alt=\"\" class=\"wp-image-10811\"\/><\/figure>\n<\/div>\n<\/div>\n\n\n\n<div class=\"wp-block-columns alignwide is-layout-flex wp-container-core-columns-is-layout-c45ee707 wp-block-columns-is-layout-flex\" style=\"margin-bottom:var(--wp--preset--spacing--side-padding);padding-top:var(--wp--preset--spacing--side-padding)\">\n<div class=\"wp-block-column is-vertically-aligned-center is-layout-flow wp-block-column-is-layout-flow\">\n<figure class=\"wp-block-image size-large\"><img decoding=\"async\" src=\"https:\/\/evolve-fitness.eu\/wp-content\/uploads\/2024\/01\/Evolve-Econ-Series-Flat-Bench-C3-683x1024.jpg\" alt=\"\" class=\"wp-image-10813\"\/><\/figure>\n<\/div>\n\n\n\n<div class=\"wp-block-column is-vertically-aligned-center is-layout-flow wp-block-column-is-layout-flow\">\n<h3 class=\"wp-block-heading\" style=\"margin-bottom:var(--wp--preset--spacing--h-3-bottom)\"><strong><strong><strong><strong>Entretien facile<\/strong><\/strong><\/strong><\/strong><\/h3>\n\n\n\n<p><strong><em>Con\u00e7u pour la commodit\u00e9<\/em><\/strong><\/p>\n\n\n\n<p>Le design \u00e9pur\u00e9 et minimaliste du banc n&rsquo;est pas seulement esth\u00e9tique, il est \u00e9galement facile \u00e0 nettoyer et \u00e0 entretenir, ce qui lui permet de rester en parfait \u00e9tat avec un minimum d&rsquo;efforts. Les pieds sont \u00e9quip\u00e9s de protections en plastique, con\u00e7ues pour prot\u00e9ger votre rev\u00eatement de sol des rayures et des dommages pendant l&rsquo;utilisation. Cette caract\u00e9ristique bien pens\u00e9e garantit que le banc peut \u00eatre utilis\u00e9 en toute s\u00e9curit\u00e9 sur une vari\u00e9t\u00e9 de surfaces sans compromettre l&rsquo;\u00e9tat de votre espace d&rsquo;entra\u00eenement.<\/p>\n<\/div>\n<\/div>\n\n\n\n<div class=\"wp-block-columns alignwide is-layout-flex wp-container-core-columns-is-layout-c45ee707 wp-block-columns-is-layout-flex\" style=\"margin-bottom:var(--wp--preset--spacing--side-padding);padding-top:var(--wp--preset--spacing--side-padding)\">\n<div class=\"wp-block-column is-vertically-aligned-center is-layout-flow wp-block-column-is-layout-flow\">\n<h3 class=\"wp-block-heading\" style=\"margin-bottom:var(--wp--preset--spacing--h-3-bottom)\"><strong>Construction robuste<\/strong><\/h3>\n\n\n\n<p><strong><strong><em>Con\u00e7u pour la stabilit\u00e9<\/em><\/strong><\/strong><\/p>\n\n\n\n<p style=\"margin-bottom:var(--wp--preset--spacing--tb-section-padding)\">Le banc est fabriqu\u00e9 en acier de haute qualit\u00e9, ce qui lui permet de r\u00e9sister \u00e0 une utilisation intensive et de fournir une base stable pour une vari\u00e9t\u00e9 d&rsquo;exercices, ce qui en fait un \u00e9quipement fiable pour tout amateur de fitness. Sa construction est r\u00e9put\u00e9e pour sa solidit\u00e9 et sa durabilit\u00e9, ce qui lui permet de r\u00e9sister aux exigences d&rsquo;une utilisation intensive et r\u00e9guli\u00e8re. Cela fait de ce banc un excellent choix pour les salles de sport domestiques et commerciales, o\u00f9 la fiabilit\u00e9 est essentielle.<\/p>\n<\/div>\n\n\n\n<div class=\"wp-block-column is-vertically-aligned-center is-layout-flow wp-block-column-is-layout-flow\">\n<figure class=\"wp-block-image size-large\"><img decoding=\"async\" src=\"https:\/\/evolve-fitness.eu\/wp-content\/uploads\/2024\/01\/Evolve-Econ-Series-Flat-Bench-C4-683x1024.jpg\" alt=\"\" class=\"wp-image-10815\"\/><\/figure>\n<\/div>\n<\/div>\n<\/section>\n","protected":false},"excerpt":{"rendered":"<p>Le banc plat Evolve Econ Series, EC-050 est con\u00e7u pour la durabilit\u00e9 et la stabilit\u00e9, fournissant une base solide pour une large gamme d&rsquo;exercices d&rsquo;halt\u00e9rophilie. Sa conception compacte et efficace lui permet de s&rsquo;int\u00e9grer parfaitement \u00e0 tout espace d&rsquo;entra\u00eenement, ce qui en fait un choix id\u00e9al pour les salles de sport \u00e0 domicile et les installations commerciales. Ce banc est con\u00e7u pour supporter des routines d&rsquo;entra\u00eenement rigoureuses, offrant \u00e0 la fois confort et fiabilit\u00e9 aux utilisateurs ax\u00e9s sur la force et le fitness.<\/p>\n","protected":false},"featured_media":58995,"template":"","meta":{"_acf_changed":false,"inline_featured_image":false},"product_cat":[413,1246,1261],"product_tag":[],"class_list":{"0":"post-58912","1":"product","2":"type-product","3":"status-publish","4":"has-post-thumbnail","6":"product_cat-page-daccueil","7":"product_cat-bancs","8":"product_cat-bancs-econ-series","10":"first","11":"instock","12":"shipping-taxable","13":"purchasable","14":"product-type-simple"},"acf":[],"_links":{"self":[{"href":"https:\/\/store.evolve-fitness.eu\/fr\/wp-json\/wp\/v2\/product\/58912","targetHints":{"allow":["GET"]}}],"collection":[{"href":"https:\/\/store.evolve-fitness.eu\/fr\/wp-json\/wp\/v2\/product"}],"about":[{"href":"https:\/\/store.evolve-fitness.eu\/fr\/wp-json\/wp\/v2\/types\/product"}],"wp:featuredmedia":[{"embeddable":true,"href":"https:\/\/store.evolve-fitness.eu\/fr\/wp-json\/wp\/v2\/media\/58995"}],"wp:attachment":[{"href":"https:\/\/store.evolve-fitness.eu\/fr\/wp-json\/wp\/v2\/media?parent=58912"}],"wp:term":[{"taxonomy":"product_cat","embeddable":true,"href":"https:\/\/store.evolve-fitness.eu\/fr\/wp-json\/wp\/v2\/product_cat?post=58912"},{"taxonomy":"product_tag","embeddable":true,"href":"https:\/\/store.evolve-fitness.eu\/fr\/wp-json\/wp\/v2\/product_tag?post=58912"}],"curies":[{"name":"wp","href":"https:\/\/api.w.org\/{rel}","templated":true}]}}