{"id":58722,"date":"2024-02-01T07:30:55","date_gmt":"2024-02-01T07:30:55","guid":{"rendered":"https:\/\/store.evolve-fitness.eu\/product\/banc-reglable-evolve-econ-series-2\/"},"modified":"2026-04-10T12:00:23","modified_gmt":"2026-04-10T12:00:23","slug":"banc-reglable-evolve-econ-series-2","status":"publish","type":"product","link":"https:\/\/store.evolve-fitness.eu\/fr\/produit\/banc-reglable-evolve-econ-series-2\/","title":{"rendered":"Banc r\u00e9glable Evolve Econ Series"},"content":{"rendered":"\n<section class=\"wp-block-group alignfull black-content has-white-color has-darkgray-background-color has-text-color has-background is-layout-constrained wp-block-group-is-layout-constrained\" style=\"padding-top:var(--wp--preset--spacing--section-bottom);padding-bottom:var(--wp--preset--spacing--section-bottom)\">\n<div class=\"wp-block-columns alignwide mobile-reverse is-layout-flex wp-container-core-columns-is-layout-ca64bf2d wp-block-columns-is-layout-flex\" style=\"margin-bottom:var(--wp--preset--spacing--side-padding)\">\n<div class=\"wp-block-column is-vertically-aligned-center is-layout-flow wp-block-column-is-layout-flow\">\n<h3 class=\"wp-block-heading\" style=\"margin-bottom:var(--wp--preset--spacing--h-3-bottom)\">R\u00e9glages ajustables<\/h3>\n\n\n\n<p><strong><em><strong>Flexibilit\u00e9 pour chaque s\u00e9ance d&rsquo;entra\u00eenement<\/strong><\/em><\/strong><\/p>\n\n\n\n<p style=\"margin-bottom:var(--wp--preset--spacing--tb-section-padding)\">Ce banc offre plusieurs positions pour le dossier et l&rsquo;assise, ce qui permet une grande polyvalence pour une large gamme d&rsquo;exercices, permettant aux utilisateurs de cibler efficacement des groupes musculaires sp\u00e9cifiques.<\/p>\n<\/div>\n\n\n\n<div class=\"wp-block-column is-vertically-aligned-center is-layout-flow wp-block-column-is-layout-flow\">\n<figure class=\"wp-block-video\"><video height=\"1200\" style=\"aspect-ratio: 1600 \/ 1200;\" width=\"1600\" autoplay=\"\" controls=\"\" loop=\"\" muted=\"\" src=\"https:\/\/evolve-fitness.eu\/wp-content\/uploads\/2024\/01\/Evolve-Econ-Series-Adjustable-Bench-EC-100-V1.mp4\"><\/video><\/figure>\n<\/div>\n<\/div>\n\n\n\n<div class=\"wp-block-columns alignwide is-layout-flex wp-container-core-columns-is-layout-c45ee707 wp-block-columns-is-layout-flex\" style=\"margin-bottom:var(--wp--preset--spacing--side-padding);padding-top:var(--wp--preset--spacing--side-padding)\">\n<div class=\"wp-block-column is-vertically-aligned-center is-layout-flow wp-block-column-is-layout-flow\">\n<figure class=\"wp-block-image size-large\"><img decoding=\"async\" src=\"https:\/\/evolve-fitness.eu\/wp-content\/uploads\/2024\/01\/Evolve-Econ-Series-Adjustable-Bench-EC-100-C3-1024x683.jpg\" alt=\"\" class=\"wp-image-10822\"\/><\/figure>\n<\/div>\n\n\n\n<div class=\"wp-block-column is-vertically-aligned-center is-layout-flow wp-block-column-is-layout-flow\">\n<h3 class=\"wp-block-heading\" style=\"margin-bottom:var(--wp--preset--spacing--h-3-bottom)\"><strong>Un cadre durable<\/strong><\/h3>\n\n\n\n<p><strong><em> <strong>La stabilit\u00e9 rencontre la force<\/strong><\/em><\/strong><\/p>\n\n\n\n<p>Construit avec des mat\u00e9riaux robustes, il garantit une durabilit\u00e9 et une stabilit\u00e9 \u00e0 long terme, soutenant les utilisateurs dans des routines d&rsquo;entra\u00eenement intenses et vari\u00e9es.<\/p>\n<\/div>\n<\/div>\n\n\n\n<div class=\"wp-block-columns alignwide is-layout-flex wp-container-core-columns-is-layout-c45ee707 wp-block-columns-is-layout-flex\" style=\"margin-bottom:var(--wp--preset--spacing--side-padding);padding-top:var(--wp--preset--spacing--side-padding)\">\n<div class=\"wp-block-column is-vertically-aligned-center is-layout-flow wp-block-column-is-layout-flow\">\n<h3 class=\"wp-block-heading\" style=\"margin-bottom:var(--wp--preset--spacing--h-3-bottom)\"><strong>Un confort accru<\/strong><\/h3>\n\n\n\n<p><strong><em>Conception ergonomique pour un soutien optimal<\/em><\/strong><\/p>\n\n\n\n<p style=\"margin-bottom:var(--wp--preset--spacing--tb-section-padding)\">Le banc r\u00e9glable Evolve Econ Series est un \u00e9quipement de fitness polyvalent con\u00e7u pour une large gamme d&rsquo;exercices, adapt\u00e9 aux salles de sport domestiques et commerciales. Sa capacit\u00e9 de r\u00e9glage permet d&rsquo;effectuer des exercices sur banc inclin\u00e9, d\u00e9clin\u00e9 ou plat, ce qui le rend parfait pour les entra\u00eenements de l&rsquo;ensemble du corps. Il peut \u00eatre utilis\u00e9 pour la musculation, en ciblant les muscles tels que la poitrine, les \u00e9paules, le dos et la ceinture abdominale, en supportant une vari\u00e9t\u00e9 d&rsquo;entra\u00eenements allant du d\u00e9velopp\u00e9 couch\u00e9 aux exercices avec halt\u00e8res, en am\u00e9liorant la force du haut et du bas du corps.<\/p>\n<\/div>\n\n\n\n<div class=\"wp-block-column is-vertically-aligned-center is-layout-flow wp-block-column-is-layout-flow\">\n<figure class=\"wp-block-image size-large\"><img decoding=\"async\" src=\"https:\/\/evolve-fitness.eu\/wp-content\/uploads\/2024\/01\/Evolve-Econ-Series-Adjustable-Bench-EC-100-C2-1024x683.jpg\" alt=\"\" class=\"wp-image-10824\"\/><\/figure>\n<\/div>\n<\/div>\n\n\n\n<div class=\"wp-block-columns alignwide is-layout-flex wp-container-core-columns-is-layout-c45ee707 wp-block-columns-is-layout-flex\" style=\"margin-bottom:var(--wp--preset--spacing--side-padding);padding-top:var(--wp--preset--spacing--side-padding)\">\n<div class=\"wp-block-column is-vertically-aligned-center is-layout-flow wp-block-column-is-layout-flow\">\n<figure class=\"wp-block-image size-large\"><img decoding=\"async\" src=\"https:\/\/evolve-fitness.eu\/wp-content\/uploads\/2024\/01\/Evolve-Econ-Series-Adjustable-Bench-EC-100-C5-1024x683.jpg\" alt=\"\" class=\"wp-image-10826\"\/><\/figure>\n<\/div>\n\n\n\n<div class=\"wp-block-column is-vertically-aligned-center is-layout-flow wp-block-column-is-layout-flow\">\n<h3 class=\"wp-block-heading\" style=\"margin-bottom:var(--wp--preset--spacing--h-3-bottom)\"><strong><strong><strong><strong>Entretien facile<\/strong><\/strong><\/strong><\/strong><\/h3>\n\n\n\n<p><strong><em><strong><strong>Simplicit\u00e9 et facilit\u00e9<\/strong><\/strong><\/em><\/strong><\/p>\n\n\n\n<p>Le banc r\u00e9glable de la s\u00e9rie Evolve Econ est dot\u00e9 d&rsquo;un m\u00e9canisme de roue de r\u00e9glage, con\u00e7u pour des transitions douces et faciles entre les diff\u00e9rents angles et positions. Les utilisateurs peuvent ainsi passer rapidement d&rsquo;un r\u00e9glage plat \u00e0 un r\u00e9glage inclin\u00e9 ou d\u00e9clin\u00e9, ce qui permet d&rsquo;effectuer une gamme vari\u00e9e d&rsquo;exercices ciblant divers groupes musculaires de mani\u00e8re efficace et efficiente. Les mat\u00e9riaux et la conception du banc facilitent le nettoyage et l&rsquo;entretien, ce qui lui permet de rester en excellent \u00e9tat au fil du temps.<\/p>\n<\/div>\n<\/div>\n\n\n\n<div class=\"wp-block-columns alignwide is-layout-flex wp-container-core-columns-is-layout-c45ee707 wp-block-columns-is-layout-flex\" style=\"margin-bottom:var(--wp--preset--spacing--side-padding);padding-top:var(--wp--preset--spacing--side-padding)\">\n<div class=\"wp-block-column is-vertically-aligned-center is-layout-flow wp-block-column-is-layout-flow\">\n<h3 class=\"wp-block-heading\" style=\"margin-bottom:var(--wp--preset--spacing--h-3-bottom)\"><strong><strong><strong><strong>Fonction d&rsquo;\u00e9conomie d&rsquo;espace<\/strong><\/strong><\/strong><\/strong><\/h3>\n\n\n\n<p><strong><em><strong>Id\u00e9al pour les espaces limit\u00e9s<\/strong><\/em><\/strong><\/p>\n\n\n\n<p>Le banc r\u00e9glable Evolve Econ Series est \u00e9quip\u00e9 de roues de transport, ce qui am\u00e9liore sa portabilit\u00e9 et sa commodit\u00e9. Ces roues facilitent le d\u00e9placement du banc dans votre espace d&rsquo;entra\u00eenement, ce qui permet de le repositionner ou de le ranger sans effort, sans avoir \u00e0 soulever de lourdes charges ou \u00e0 fournir un effort physique important. Cette caract\u00e9ristique est particuli\u00e8rement utile dans les espaces polyvalents ou les salles de sport \u00e0 domicile o\u00f9 l&rsquo;\u00e9quipement doit \u00eatre d\u00e9plac\u00e9 fr\u00e9quemment pour s&rsquo;adapter \u00e0 diff\u00e9rentes activit\u00e9s ou pour lib\u00e9rer de l&rsquo;espace. Sa conception permet un r\u00e9glage et un rangement faciles, ce qui le rend id\u00e9al pour les salles de sport \u00e0 domicile ou les espaces o\u00f9 l&rsquo;efficacit\u00e9 est essentielle.<\/p>\n<\/div>\n\n\n\n<div class=\"wp-block-column is-vertically-aligned-center is-layout-flow wp-block-column-is-layout-flow\">\n<figure class=\"wp-block-video\"><video height=\"1200\" style=\"aspect-ratio: 1600 \/ 1200;\" width=\"1600\" autoplay=\"\" controls=\"\" loop=\"\" muted=\"\" src=\"https:\/\/evolve-fitness.eu\/wp-content\/uploads\/2024\/01\/Evolve-Econ-Series-Adjustable-Bench-EC-100-V3.mp4\"><\/video><\/figure>\n<\/div>\n<\/div>\n<\/section>\n","protected":false},"excerpt":{"rendered":"<p>Le banc r\u00e9glable Evolve Econ Series, EC-100 combine polyvalence et durabilit\u00e9, offrant une gamme de r\u00e9glages d&rsquo;inclinaison et de d\u00e9clin pour am\u00e9liorer la vari\u00e9t\u00e9 de votre entra\u00eenement. Sa construction robuste assure la stabilit\u00e9 pendant les exercices intenses, tandis que les caract\u00e9ristiques r\u00e9glables permettent un engagement musculaire cibl\u00e9. Id\u00e9al pour un usage domestique ou commercial, ce banc est un compl\u00e9ment pr\u00e9cieux \u00e0 tout programme de remise en forme, destin\u00e9 aux athl\u00e8tes de tous niveaux cherchant \u00e0 maximiser l&rsquo;efficacit\u00e9 de leur entra\u00eenement.<\/p>\n","protected":false},"featured_media":58741,"template":"","meta":{"_acf_changed":false,"inline_featured_image":false},"product_cat":[413,1246,1261],"product_tag":[],"class_list":{"0":"post-58722","1":"product","2":"type-product","3":"status-publish","4":"has-post-thumbnail","6":"product_cat-page-daccueil","7":"product_cat-bancs","8":"product_cat-bancs-econ-series","10":"first","11":"instock","12":"shipping-taxable","13":"purchasable","14":"product-type-simple"},"acf":[],"_links":{"self":[{"href":"https:\/\/store.evolve-fitness.eu\/fr\/wp-json\/wp\/v2\/product\/58722","targetHints":{"allow":["GET"]}}],"collection":[{"href":"https:\/\/store.evolve-fitness.eu\/fr\/wp-json\/wp\/v2\/product"}],"about":[{"href":"https:\/\/store.evolve-fitness.eu\/fr\/wp-json\/wp\/v2\/types\/product"}],"wp:featuredmedia":[{"embeddable":true,"href":"https:\/\/store.evolve-fitness.eu\/fr\/wp-json\/wp\/v2\/media\/58741"}],"wp:attachment":[{"href":"https:\/\/store.evolve-fitness.eu\/fr\/wp-json\/wp\/v2\/media?parent=58722"}],"wp:term":[{"taxonomy":"product_cat","embeddable":true,"href":"https:\/\/store.evolve-fitness.eu\/fr\/wp-json\/wp\/v2\/product_cat?post=58722"},{"taxonomy":"product_tag","embeddable":true,"href":"https:\/\/store.evolve-fitness.eu\/fr\/wp-json\/wp\/v2\/product_tag?post=58722"}],"curies":[{"name":"wp","href":"https:\/\/api.w.org\/{rel}","templated":true}]}}