{"id":58212,"date":"2024-02-01T07:02:01","date_gmt":"2024-02-01T07:02:01","guid":{"rendered":"https:\/\/store.evolve-fitness.eu\/product\/evolve-ultra-series-plateforme-chargee-pour-la-presse-verticale-des-jambes\/"},"modified":"2025-09-25T13:40:51","modified_gmt":"2025-09-25T13:40:51","slug":"evolve-ultra-series-plateforme-chargee-pour-la-presse-verticale-des-jambes","status":"publish","type":"product","link":"https:\/\/store.evolve-fitness.eu\/fr\/produit\/evolve-ultra-series-plateforme-chargee-pour-la-presse-verticale-des-jambes\/","title":{"rendered":"Evolve Ultra Series Plateforme charg\u00e9e pour la presse verticale des jambes"},"content":{"rendered":"\n<section class=\"wp-block-group alignfull black-content has-white-color has-darkgray-background-color has-text-color has-background is-layout-constrained wp-block-group-is-layout-constrained\" style=\"padding-top:var(--wp--preset--spacing--section-bottom);padding-bottom:var(--wp--preset--spacing--section-bottom)\">\n<section class=\"wp-block-group alignfull black-content has-white-color has-darkgray-background-color has-text-color has-background is-layout-constrained wp-block-group-is-layout-constrained\" style=\"margin-bottom:0;padding-top:var(--wp--preset--spacing--tb-padding);padding-bottom:var(--wp--preset--spacing--tb-padding)\">\n<div class=\"wp-block-columns alignwide mobile-reverse is-layout-flex wp-container-core-columns-is-layout-035fa626 wp-block-columns-is-layout-flex\" style=\"margin-bottom:var(--wp--preset--spacing--side-padding);padding-top:var(--wp--preset--spacing--tb-padding);padding-bottom:var(--wp--preset--spacing--tb-padding)\">\n<div class=\"wp-block-column is-vertically-aligned-center is-layout-flow wp-block-column-is-layout-flow\">\n<h3 class=\"wp-block-heading\" style=\"margin-bottom:var(--wp--preset--spacing--h-3-bottom)\"><strong><strong><strong><strong><strong><strong><strong>Engagement musculaire cibl\u00e9<\/strong><\/strong><\/strong><\/strong><\/strong><\/strong><\/strong><\/h3>\n\n\n\n<p><strong><em><strong><strong><strong><strong><strong>Mouvement unilat\u00e9ral du bras (disponible sur certaines machines)<\/strong><\/strong><\/strong><\/strong><\/strong><\/em><\/strong><\/p>\n\n\n\n<p>La presse \u00e0 jambes verticale Evolve Ultra Series charg\u00e9e de plaques est con\u00e7ue pour fournir un entra\u00eenement complet du bas du corps, en se concentrant sur les quadriceps, les ischio-jambiers et les fessiers. Son orientation verticale permet une amplitude de mouvement naturelle et contr\u00f4l\u00e9e, ciblant efficacement ces principaux groupes musculaires. Gr\u00e2ce aux niveaux de r\u00e9sistance r\u00e9glables, les utilisateurs peuvent personnaliser leurs entra\u00eenements en fonction de leur force et de leurs objectifs de remise en forme, ce qui convient aux personnes de tous niveaux. En favorisant une forme et une technique appropri\u00e9es, la presse verticale pour les jambes contribue \u00e0 am\u00e9liorer la force, la stabilit\u00e9 et la fonction g\u00e9n\u00e9rale du bas du corps. Sa conception ergonomique garantit le confort et la s\u00e9curit\u00e9 de l&rsquo;utilisateur, en minimisant le risque de tension ou de blessure pendant l&rsquo;utilisation. Que les utilisateurs cherchent \u00e0 d\u00e9velopper leur masse musculaire, \u00e0 augmenter leur force ou \u00e0 am\u00e9liorer l&rsquo;endurance du bas du corps, la presse \u00e0 jambes verticale offre une solution pratique et efficace pour atteindre leurs objectifs de remise en forme.<\/p>\n<\/div>\n\n\n\n<div class=\"wp-block-column is-vertically-aligned-center is-layout-flow wp-block-column-is-layout-flow\">\n<figure class=\"wp-block-video\"><video autoplay=\"\" controls=\"\" loop=\"\" muted=\"\" src=\"https:\/\/evolve-fitness.eu\/wp-content\/uploads\/2024\/03\/EV-PL-UL-430-Evolve-Ultra-Series-Plate-loaded-Vertical-Leg-Press-1.mp4\"><\/video><\/figure>\n<\/div>\n<\/div>\n\n\n\n<div class=\"wp-block-columns alignwide mobile-reverse is-layout-flex wp-container-core-columns-is-layout-7a02faa9 wp-block-columns-is-layout-flex\" style=\"margin-bottom:var(--wp--preset--spacing--tb-section-padding)\">\n<div class=\"wp-block-column is-vertically-aligned-center is-layout-flow wp-block-column-is-layout-flow\">\n<figure class=\"wp-block-image size-large\"><img decoding=\"async\" src=\"https:\/\/evolve-fitness.eu\/wp-content\/uploads\/2023\/11\/EV-PL-UL-430-4-683x1024.jpg\" alt=\"EV-PL-UL-430\" class=\"wp-image-166764\"\/><\/figure>\n<\/div>\n\n\n\n<div class=\"wp-block-column is-vertically-aligned-center is-layout-flow wp-block-column-is-layout-flow\">\n<h3 class=\"wp-block-heading\" style=\"margin-bottom:var(--wp--preset--spacing--h-3-bottom)\"><strong><strong><strong><strong><strong><strong><strong><strong>Design confortable<\/strong><\/strong><\/strong><\/strong><\/strong><\/strong><\/strong><\/strong><\/h3>\n\n\n\n<p><strong><em><strong><strong><strong><strong><strong><strong>Rembourrage et poign\u00e9es ergonomiques<\/strong><\/strong><\/strong><\/strong><\/strong><\/strong><\/em><\/strong><\/p>\n\n\n\n<p>Con\u00e7ue pour le confort de l&rsquo;utilisateur, la machine Seated Calf Raise est \u00e9quip\u00e9e de coussins et de poign\u00e9es ergonomiques qui favorisent le positionnement correct des jambes et le soutien pendant les exercices.<\/p>\n<\/div>\n<\/div>\n\n\n\n<div class=\"wp-block-columns alignwide mobile-reverse is-layout-flex wp-container-core-columns-is-layout-7a02faa9 wp-block-columns-is-layout-flex\" style=\"margin-bottom:var(--wp--preset--spacing--tb-section-padding)\">\n<div class=\"wp-block-column is-vertically-aligned-center is-layout-flow wp-block-column-is-layout-flow\">\n<h3 class=\"wp-block-heading\" style=\"margin-bottom:var(--wp--preset--spacing--h-3-bottom)\"><strong><strong><strong><strong><strong><strong><strong><strong><strong>R\u00e9sistance r\u00e9glable<\/strong><\/strong><\/strong><\/strong><\/strong><\/strong><\/strong><\/strong><\/strong><\/h3>\n\n\n\n<p><strong><em><strong><strong><strong><strong><strong><strong>Piles de poids personnalisables<\/strong><\/strong><\/strong><\/strong><\/strong><\/strong><\/em><\/strong><\/p>\n\n\n\n<p>Les utilisateurs peuvent facilement ajuster les niveaux de r\u00e9sistance en ajoutant ou en retirant des plaques de poids, ce qui permet des s\u00e9ances d&rsquo;entra\u00eenement personnalis\u00e9es qui r\u00e9pondent aux niveaux de force et de progression des mollets individuels. Qu&rsquo;il s&rsquo;agisse d&rsquo;am\u00e9liorer l&rsquo;endurance des mollets ou de gagner en force, la r\u00e9sistance r\u00e9glable permet de s&rsquo;adapter \u00e0 diff\u00e9rents objectifs d&rsquo;entra\u00eenement.<\/p>\n<\/div>\n\n\n\n<div class=\"wp-block-column is-vertically-aligned-center is-layout-flow wp-block-column-is-layout-flow\">\n<figure class=\"wp-block-image size-large\"><img decoding=\"async\" src=\"https:\/\/evolve-fitness.eu\/wp-content\/uploads\/2023\/11\/EV-PL-UL-430-19-683x1024.jpg\" alt=\"\" class=\"wp-image-166789\"\/><\/figure>\n<\/div>\n<\/div>\n<\/section>\n\n\n\n<section class=\"wp-block-group alignfull black-content has-white-color has-darkgray-background-color has-text-color has-background is-layout-constrained wp-block-group-is-layout-constrained\" style=\"margin-bottom:0;padding-top:var(--wp--preset--spacing--tb-padding);padding-bottom:var(--wp--preset--spacing--tb-padding)\">\n<div class=\"wp-block-columns alignwide mobile-reverse is-layout-flex wp-container-core-columns-is-layout-7a02faa9 wp-block-columns-is-layout-flex\" style=\"margin-bottom:var(--wp--preset--spacing--tb-section-padding)\">\n<div class=\"wp-block-column is-vertically-aligned-center is-layout-flow wp-block-column-is-layout-flow\">\n<figure class=\"wp-block-image size-large\"><img decoding=\"async\" src=\"https:\/\/evolve-fitness.eu\/wp-content\/uploads\/2023\/11\/EV-PL-UL-430-8-1024x683.jpg\" alt=\"EV-PL-UL-430\" class=\"wp-image-166814\"\/><\/figure>\n<\/div>\n\n\n\n<div class=\"wp-block-column is-vertically-aligned-center is-layout-flow wp-block-column-is-layout-flow\">\n<h3 class=\"wp-block-heading\" style=\"margin-bottom:var(--wp--preset--spacing--h-3-bottom)\"><strong><strong><strong><strong><strong><strong><strong><strong><strong>Empreinte compacte<\/strong><\/strong><\/strong><\/strong><\/strong><\/strong><\/strong><\/strong><\/strong><\/h3>\n\n\n\n<p><strong><em><strong><strong><strong><strong><strong><strong>Conception efficace de l&rsquo;espace<\/strong><\/strong><\/strong><\/strong><\/strong><\/strong><\/em><\/strong><\/p>\n\n\n\n<p>Malgr\u00e9 sa fonctionnalit\u00e9, l&rsquo;appareil Standing Leg Curl conserve un encombrement r\u00e9duit, ce qui le rend adapt\u00e9 aux personnes disposant d&rsquo;un espace d&rsquo;entra\u00eenement limit\u00e9. Son design \u00e9pur\u00e9 maximise l&rsquo;efficacit\u00e9 de l&rsquo;espace sans compromettre la fonctionnalit\u00e9, garantissant une zone d&rsquo;entra\u00eenement optimis\u00e9e d\u00e9di\u00e9e \u00e0 l&rsquo;entra\u00eenement efficace des ischio-jambiers.<\/p>\n<\/div>\n<\/div>\n\n\n\n<div class=\"wp-block-columns alignwide mobile-reverse is-layout-flex wp-container-core-columns-is-layout-7a02faa9 wp-block-columns-is-layout-flex\" style=\"margin-bottom:var(--wp--preset--spacing--tb-section-padding)\">\n<div class=\"wp-block-column is-vertically-aligned-center is-layout-flow wp-block-column-is-layout-flow\">\n<h3 class=\"wp-block-heading\" style=\"margin-bottom:var(--wp--preset--spacing--h-3-bottom)\"><strong><strong><strong><strong><strong><strong><strong><strong><strong>Finition durable<\/strong><\/strong><\/strong><\/strong><\/strong><\/strong><\/strong><\/strong><\/strong><\/h3>\n\n\n\n<p><strong><em><strong><strong><strong><strong><strong><strong>Technologie de pulv\u00e9risation \u00e9lectrostatique de poudres thermodurcissables<\/strong><\/strong><\/strong><\/strong><\/strong><\/strong><\/em><\/strong><\/p>\n\n\n\n<p>Nos machines sont dot\u00e9es de la technologie de pulv\u00e9risation \u00e9lectrostatique de poudre thermodurcissable qui garantit une finition durable. Ce rev\u00eatement de pointe pr\u00e9serve l&rsquo;attrait visuel de l&rsquo;\u00e9quipement au fil du temps.<\/p>\n<\/div>\n\n\n\n<div class=\"wp-block-column is-vertically-aligned-center is-layout-flow wp-block-column-is-layout-flow\">\n<figure class=\"wp-block-image size-large\"><img decoding=\"async\" src=\"https:\/\/evolve-fitness.eu\/wp-content\/uploads\/2023\/11\/EV-PL-UL-430-7-1024x683.jpg\" alt=\"\" class=\"wp-image-166864\"\/><\/figure>\n<\/div>\n<\/div>\n<\/section>\n<\/section>\n","protected":false},"excerpt":{"rendered":"<p>La presse \u00e0 jambes verticale UL-430 de la s\u00e9rie Evolve Ultra est le summum de l&rsquo;efficacit\u00e9 et de la durabilit\u00e9 des \u00e9quipements de gymnastique. Cet appareil de pointe est con\u00e7u pour am\u00e9liorer votre entra\u00eenement gr\u00e2ce \u00e0 des caract\u00e9ristiques telles que les chevilles pour le rangement des plaques de poids, qui garantissent un acc\u00e8s organis\u00e9 et facile aux poids. Sa durabilit\u00e9 est in\u00e9gal\u00e9e, gr\u00e2ce aux boulons et \u00e9crous en acier inoxydable, ce qui garantit une utilisation \u00e0 long terme. Pour le confort et l&rsquo;endurance, il est dot\u00e9 d&rsquo;un rev\u00eatement en cuir PU de premi\u00e8re qualit\u00e9 et tr\u00e8s r\u00e9sistant, alliant le luxe \u00e0 la robustesse. Les poign\u00e9es antid\u00e9rapantes et la position assise r\u00e9glable de la s\u00e9rie Econ offrent s\u00e9curit\u00e9 et personnalisation, permettant une vari\u00e9t\u00e9 d&rsquo;exercices. Les boutons de r\u00e9glage et les poign\u00e9es de couleur jaune vif rendent la personnalisation simple et visible. En outre, la machine est livr\u00e9e avec des protections de sol durables pour garder votre salle de sport impeccable et une technologie de pulv\u00e9risation \u00e9lectrostatique de poudre thermodurcissable pour une finition durable. Avec une garantie de 2 ans et des caract\u00e9ristiques cl\u00e9s telles qu&rsquo;un rembourrage \u00e9pais et des positions r\u00e9glables, le UL-430 est un compl\u00e9ment essentiel \u00e0 tout espace de fitness, offrant \u00e0 la fois style et substance.<\/p>\n","protected":false},"featured_media":58216,"template":"","meta":{"_acf_changed":false,"inline_featured_image":false},"product_cat":[413,780,784],"product_tag":[],"class_list":{"0":"post-58212","1":"product","2":"type-product","3":"status-publish","4":"has-post-thumbnail","6":"product_cat-page-daccueil","7":"product_cat-machines-a-plateau","8":"product_cat-ultra-series-plate-loaded-fr","10":"first","11":"instock","12":"shipping-taxable","13":"purchasable","14":"product-type-simple"},"acf":[],"_links":{"self":[{"href":"https:\/\/store.evolve-fitness.eu\/fr\/wp-json\/wp\/v2\/product\/58212","targetHints":{"allow":["GET"]}}],"collection":[{"href":"https:\/\/store.evolve-fitness.eu\/fr\/wp-json\/wp\/v2\/product"}],"about":[{"href":"https:\/\/store.evolve-fitness.eu\/fr\/wp-json\/wp\/v2\/types\/product"}],"wp:featuredmedia":[{"embeddable":true,"href":"https:\/\/store.evolve-fitness.eu\/fr\/wp-json\/wp\/v2\/media\/58216"}],"wp:attachment":[{"href":"https:\/\/store.evolve-fitness.eu\/fr\/wp-json\/wp\/v2\/media?parent=58212"}],"wp:term":[{"taxonomy":"product_cat","embeddable":true,"href":"https:\/\/store.evolve-fitness.eu\/fr\/wp-json\/wp\/v2\/product_cat?post=58212"},{"taxonomy":"product_tag","embeddable":true,"href":"https:\/\/store.evolve-fitness.eu\/fr\/wp-json\/wp\/v2\/product_tag?post=58212"}],"curies":[{"name":"wp","href":"https:\/\/api.w.org\/{rel}","templated":true}]}}