{"id":57869,"date":"2024-01-30T15:06:19","date_gmt":"2024-01-30T15:06:19","guid":{"rendered":"https:\/\/store.evolve-fitness.eu\/product\/coup-de-pied-arriere-evolve-ultra-series-plate-loaded\/"},"modified":"2025-12-03T13:28:13","modified_gmt":"2025-12-03T13:28:13","slug":"coup-de-pied-arriere-evolve-ultra-series-plate-loaded","status":"publish","type":"product","link":"https:\/\/store.evolve-fitness.eu\/fr\/produit\/coup-de-pied-arriere-evolve-ultra-series-plate-loaded\/","title":{"rendered":"Evolve Ultra Series Plate Loaded Rear Kick"},"content":{"rendered":"\n<section class=\"wp-block-group alignfull black-content has-white-color has-darkgray-background-color has-text-color has-background is-layout-constrained wp-block-group-is-layout-constrained\" style=\"padding-top:var(--wp--preset--spacing--section-bottom);padding-bottom:var(--wp--preset--spacing--section-bottom)\">\n<section class=\"wp-block-group alignfull black-content has-white-color has-darkgray-background-color has-text-color has-background is-layout-constrained wp-block-group-is-layout-constrained\" style=\"padding-top:var(--wp--preset--spacing--section-bottom);padding-bottom:var(--wp--preset--spacing--section-bottom)\">\n<div class=\"wp-block-columns alignwide mobile-reverse is-layout-flex wp-container-core-columns-is-layout-ca64bf2d wp-block-columns-is-layout-flex\" style=\"margin-bottom:var(--wp--preset--spacing--side-padding)\">\n<div class=\"wp-block-column is-vertically-aligned-center is-layout-flow wp-block-column-is-layout-flow\">\n<h3 class=\"wp-block-heading\" style=\"margin-bottom:var(--wp--preset--spacing--h-3-bottom)\"><strong><strong><strong><strong>Groupes musculaires<\/strong><\/strong><\/strong><\/strong><\/h3>\n\n\n\n<p><strong><em><strong><strong>Activation musculaire cibl\u00e9e<\/strong><\/strong><\/em><\/strong><\/p>\n\n\n\n<p style=\"margin-bottom:var(--wp--preset--spacing--tb-section-padding)\">L&rsquo;Evolve Ultra Series Plate Loaded Rear Kick, UL-070, est con\u00e7u pour cibler les fessiers, les ischio-jambiers et les muscles du bas du dos. Gr\u00e2ce \u00e0 sa conception sp\u00e9cialis\u00e9e, cette machine assure une activation pr\u00e9cise des muscles cibl\u00e9s, facilitant ainsi le d\u00e9veloppement complet et la force.<\/p>\n\n\n\n<h3 class=\"wp-block-heading\" style=\"margin-bottom:var(--wp--preset--spacing--h-3-bottom)\"><strong><strong><strong><strong><strong><strong>R\u00e9sistance r\u00e9glable<\/strong><\/strong><\/strong><\/strong><\/strong><\/strong><\/h3>\n\n\n\n<p><strong><em><strong><strong><strong><strong>Piles de poids personnalisables<\/strong><\/strong><\/strong><\/strong><\/em><\/strong><\/p>\n\n\n\n<p>Les utilisateurs peuvent facilement ajuster les niveaux de r\u00e9sistance en ajoutant ou en retirant des plaques de poids, ce qui permet de personnaliser les s\u00e9ances d&rsquo;entra\u00eenement en fonction des niveaux de forme et des objectifs de chacun. Que les utilisateurs visent l&rsquo;endurance, l&rsquo;hypertrophie ou les gains de force, la fonction de r\u00e9sistance r\u00e9glable permet un entra\u00eenement adaptable pour r\u00e9pondre \u00e0 diff\u00e9rents objectifs de remise en forme.<\/p>\n<\/div>\n\n\n\n<div class=\"wp-block-column is-vertically-aligned-center is-layout-flow wp-block-column-is-layout-flow\">\n<figure class=\"wp-block-video\"><video height=\"1080\" style=\"aspect-ratio: 1920 \/ 1080;\" width=\"1920\" autoplay=\"\" controls=\"\" loop=\"\" muted=\"\" src=\"https:\/\/evolve-fitness.eu\/wp-content\/uploads\/2024\/03\/EV-PL-UL-070-Evolve-Ultra-Series-Plate-Loaded-Rear-Kick-1.mp4\"><\/video><\/figure>\n<\/div>\n<\/div>\n\n\n\n<div class=\"wp-block-columns alignwide mobile-reverse is-layout-flex wp-container-core-columns-is-layout-ca64bf2d wp-block-columns-is-layout-flex\" style=\"margin-bottom:var(--wp--preset--spacing--side-padding)\">\n<div class=\"wp-block-column is-vertically-aligned-center is-layout-flow wp-block-column-is-layout-flow\">\n<figure class=\"wp-block-image size-large\"><img decoding=\"async\" src=\"https:\/\/evolve-fitness.eu\/wp-content\/uploads\/2023\/09\/EV-PL-UL-070-4-683x1024.jpg\" alt=\"EV-PL-UL-070\" class=\"wp-image-166586\"\/><\/figure>\n<\/div>\n\n\n\n<div class=\"wp-block-column is-vertically-aligned-center is-layout-flow wp-block-column-is-layout-flow\">\n<h3 class=\"wp-block-heading\" style=\"margin-bottom:var(--wp--preset--spacing--h-3-bottom)\"><strong><strong><strong>Design confortable<\/strong><\/strong><\/strong><\/h3>\n\n\n\n<p><strong><strong><em>Rembourrage et poign\u00e9es ergonomiques<\/em><\/strong><\/strong><\/p>\n\n\n\n<p style=\"margin-bottom:var(--wp--preset--spacing--tb-section-padding)\">Con\u00e7u pour le confort de l&rsquo;utilisateur, le Rear Kick est dot\u00e9 de coussins et de poign\u00e9es ergonomiques qui favorisent l&rsquo;alignement du corps et le soutien pendant les exercices. L&rsquo;inclusion d&rsquo;un si\u00e8ge et d&rsquo;un repose-jambes r\u00e9glables am\u00e9liore le confort et la personnalisation de l&rsquo;utilisateur, minimisant l&rsquo;inconfort et les tensions potentielles pendant les s\u00e9ances d&rsquo;entra\u00eenement.<\/p>\n<\/div>\n<\/div>\n\n\n\n<div class=\"wp-block-columns alignwide mobile-reverse is-layout-flex wp-container-core-columns-is-layout-ca64bf2d wp-block-columns-is-layout-flex\" style=\"margin-bottom:var(--wp--preset--spacing--side-padding)\">\n<div class=\"wp-block-column is-vertically-aligned-center is-layout-flow wp-block-column-is-layout-flow\">\n<h3 class=\"wp-block-heading\" style=\"margin-bottom:var(--wp--preset--spacing--h-3-bottom)\"><strong><strong><strong>Durabilit\u00e9 et stabilit\u00e9<\/strong><\/strong><\/strong><\/h3>\n\n\n\n<p><strong><em><strong><strong><strong><strong><strong><strong>Construction de haute qualit\u00e9<\/strong><\/strong><\/strong><\/strong><\/strong><\/strong><\/em><\/strong><\/p>\n\n\n\n<p style=\"margin-bottom:var(--wp--preset--spacing--tb-section-padding)\">Construit \u00e0 partir de mat\u00e9riaux durables et d&rsquo;une ing\u00e9nierie de pr\u00e9cision, l&rsquo;Evolve Ultra Series Plate Loaded Rear Kick garantit long\u00e9vit\u00e9 et fiabilit\u00e9, et convient aussi bien \u00e0 la maison qu&rsquo;aux salles de sport commerciales. Son cadre robuste assure la stabilit\u00e9 et la s\u00e9curit\u00e9 pendant les s\u00e9ances d&rsquo;entra\u00eenement rigoureuses, permettant aux utilisateurs d&rsquo;effectuer des exercices de coup de pied arri\u00e8re en toute confiance et sans compromis.<\/p>\n\n\n\n<h3 class=\"wp-block-heading\" style=\"margin-bottom:var(--wp--preset--spacing--h-3-bottom)\"><strong><strong><strong><strong>Poign\u00e9es antid\u00e9rapantes<\/strong><\/strong><\/strong><\/strong><\/h3>\n\n\n\n<p><strong><em><strong><strong>Une prise s\u00fbre pour plus de s\u00e9curit\u00e9 et de confiance<\/strong><\/strong><\/em><\/strong><\/p>\n\n\n\n<p>Priorit\u00e9 \u00e0 la s\u00e9curit\u00e9 et \u00e0 la confiance avec nos <strong>poign\u00e9es antid\u00e9rapantes<\/strong>. Ils offrent une prise s\u00fbre, r\u00e9duisant ainsi le risque d&rsquo;accident lors de vos s\u00e9ances d&rsquo;entra\u00eenement.<\/p>\n<\/div>\n\n\n\n<div class=\"wp-block-column is-vertically-aligned-center is-layout-flow wp-block-column-is-layout-flow\">\n<figure class=\"wp-block-image size-large\"><img decoding=\"async\" src=\"https:\/\/evolve-fitness.eu\/wp-content\/uploads\/2023\/09\/EV-PL-UL-070-1-683x1024.jpg\" alt=\"\" class=\"wp-image-166611\"\/><\/figure>\n<\/div>\n<\/div>\n\n\n\n<div class=\"wp-block-columns alignwide mobile-reverse is-layout-flex wp-container-core-columns-is-layout-ca64bf2d wp-block-columns-is-layout-flex\" style=\"margin-bottom:var(--wp--preset--spacing--side-padding)\">\n<div class=\"wp-block-column is-vertically-aligned-center is-layout-flow wp-block-column-is-layout-flow\">\n<figure class=\"wp-block-image size-large\"><img decoding=\"async\" src=\"https:\/\/evolve-fitness.eu\/wp-content\/uploads\/2023\/09\/EV-PL-UL-070-6-1024x683.jpg\" alt=\"\" class=\"wp-image-166637\"\/><\/figure>\n<\/div>\n\n\n\n<div class=\"wp-block-column is-vertically-aligned-center is-layout-flow wp-block-column-is-layout-flow\">\n<h3 class=\"wp-block-heading\" style=\"margin-bottom:var(--wp--preset--spacing--h-3-bottom)\"><strong><strong><strong>Performance durable<\/strong><\/strong><\/strong><\/h3>\n\n\n\n<p><strong><em><strong><strong>Cuir PU robuste de premi\u00e8re qualit\u00e9<\/strong><\/strong><\/em><\/strong><\/p>\n\n\n\n<p style=\"margin-bottom:var(--wp--preset--spacing--tb-section-padding)\">Nos \u00e9quipements sont dot\u00e9s d&rsquo;un cuir PU de premi\u00e8re qualit\u00e9 et tr\u00e8s r\u00e9sistant, con\u00e7u pour supporter les entra\u00eenements les plus durs. Il n&rsquo;est pas seulement esth\u00e9tique, il est aussi performant \u00e0 long terme.<\/p>\n\n\n\n<h3 class=\"wp-block-heading\" style=\"margin-bottom:var(--wp--preset--spacing--h-3-bottom)\"><strong><strong><strong><strong><strong><strong><strong>Finition durable<\/strong><\/strong><\/strong><\/strong><\/strong><\/strong><\/strong><\/h3>\n\n\n\n<p><strong><em><strong><strong><strong><strong><strong>Technologie de pulv\u00e9risation \u00e9lectrostatique de poudres thermodurcissables<\/strong><\/strong><\/strong><\/strong><\/strong><\/em><\/strong><\/p>\n\n\n\n<p>B\u00e9n\u00e9ficiez d&rsquo;une finition durable gr\u00e2ce \u00e0 notre <strong>technologie de pulv\u00e9risation \u00e9lectrostatique de poudre thermodurcissable<\/strong>. Ce rev\u00eatement avanc\u00e9 permet \u00e0 votre \u00e9quipement de conserver son attrait visuel au fil du temps.<\/p>\n\n\n\n<p><\/p>\n\n\n\n<h3 class=\"wp-block-heading\" style=\"margin-bottom:var(--wp--preset--spacing--h-3-bottom)\"><strong><strong><strong><strong>Construit pour durer<\/strong><\/strong><\/strong><\/strong><\/h3>\n\n\n\n<p><strong><em><strong><strong><strong>Boulons et \u00e9crous en acier inoxydable<\/strong><\/strong><\/strong><\/em><\/strong><\/p>\n\n\n\n<p style=\"margin-bottom:var(--wp--preset--spacing--tb-section-padding)\">La s\u00e9rie Prime est construite pour durer, avec tous les boulons et \u00e9crous en <strong>acier inoxydable<\/strong>. Cette qualit\u00e9 de construction assure la long\u00e9vit\u00e9 de votre \u00e9quipement.<\/p>\n<\/div>\n<\/div>\n<\/section>\n<\/section>\n","protected":false},"excerpt":{"rendered":"<p>Am\u00e9liorez votre entra\u00eenement des jambes et des fessiers avec le Evolve Ultra Series Plate Loaded Rear Kick UL-070. Con\u00e7ue pour les salles de sport commerciales, cette machine offre une grande stabilit\u00e9 gr\u00e2ce \u00e0 son cadre en acier robuste et \u00e0 sa protection contre la rouille. Son repose-pieds surdimensionn\u00e9 permet un ciblage pr\u00e9cis, tandis que le rembourrage confortable et les poign\u00e9es antid\u00e9rapantes garantissent une bonne forme. Les couleurs personnalisables sont assorties \u00e0 la marque de votre salle de sport, ce qui en fait un choix \u00e9l\u00e9gant et durable. Avec son rembourrage r\u00e9sistant \u00e0 la d\u00e9formation, ses poign\u00e9es antid\u00e9rapantes et ses protections de sol, il est id\u00e9al pour les centres de remise en forme. \u00c9levez votre gymnase avec le Evolve Rear Kick pour la qualit\u00e9 et la performance.  <\/p>\n","protected":false},"featured_media":61031,"template":"","meta":{"_acf_changed":false,"inline_featured_image":false},"product_cat":[413,780,784],"product_tag":[],"class_list":{"0":"post-57869","1":"product","2":"type-product","3":"status-publish","4":"has-post-thumbnail","6":"product_cat-page-daccueil","7":"product_cat-machines-a-plateau","8":"product_cat-ultra-series-plate-loaded-fr","10":"first","11":"instock","12":"shipping-taxable","13":"purchasable","14":"product-type-simple"},"acf":[],"_links":{"self":[{"href":"https:\/\/store.evolve-fitness.eu\/fr\/wp-json\/wp\/v2\/product\/57869","targetHints":{"allow":["GET"]}}],"collection":[{"href":"https:\/\/store.evolve-fitness.eu\/fr\/wp-json\/wp\/v2\/product"}],"about":[{"href":"https:\/\/store.evolve-fitness.eu\/fr\/wp-json\/wp\/v2\/types\/product"}],"wp:featuredmedia":[{"embeddable":true,"href":"https:\/\/store.evolve-fitness.eu\/fr\/wp-json\/wp\/v2\/media\/61031"}],"wp:attachment":[{"href":"https:\/\/store.evolve-fitness.eu\/fr\/wp-json\/wp\/v2\/media?parent=57869"}],"wp:term":[{"taxonomy":"product_cat","embeddable":true,"href":"https:\/\/store.evolve-fitness.eu\/fr\/wp-json\/wp\/v2\/product_cat?post=57869"},{"taxonomy":"product_tag","embeddable":true,"href":"https:\/\/store.evolve-fitness.eu\/fr\/wp-json\/wp\/v2\/product_tag?post=57869"}],"curies":[{"name":"wp","href":"https:\/\/api.w.org\/{rel}","templated":true}]}}