{"id":56119,"date":"2024-01-29T13:18:50","date_gmt":"2024-01-29T13:18:50","guid":{"rendered":"https:\/\/store.evolve-fitness.eu\/product\/pull-evolve-ultra-series-plate-loaded\/"},"modified":"2024-05-27T07:39:02","modified_gmt":"2024-05-27T07:39:02","slug":"pull-evolve-ultra-series-plate-loaded","status":"publish","type":"product","link":"https:\/\/store.evolve-fitness.eu\/fr\/produit\/pull-evolve-ultra-series-plate-loaded\/","title":{"rendered":"Pull Evolve Ultra Series Plate Loaded"},"content":{"rendered":"\n<section class=\"wp-block-group alignfull black-content has-white-color has-darkgray-background-color has-text-color has-background is-layout-constrained wp-block-group-is-layout-constrained\" style=\"padding-top:var(--wp--preset--spacing--section-bottom);padding-bottom:var(--wp--preset--spacing--section-bottom)\">\n<h3 class=\"wp-block-heading has-text-align-center\" style=\"padding-top:var(--wp--preset--spacing--section-title-bottom);padding-bottom:var(--wp--preset--spacing--section-title-bottom)\"><strong><strong><strong>EVOLVE PLATE LOADED ULTRA SERIES<\/strong><\/strong><\/strong><\/h3>\n\n\n\n<section class=\"wp-block-group alignfull black-content has-white-color has-darkgray-background-color has-text-color has-background is-layout-constrained wp-block-group-is-layout-constrained\" style=\"margin-bottom:0;padding-top:var(--wp--preset--spacing--tb-padding);padding-bottom:var(--wp--preset--spacing--tb-padding)\">\n<div class=\"wp-block-columns alignwide mobile-reverse is-layout-flex wp-container-core-columns-is-layout-7a02faa9 wp-block-columns-is-layout-flex\" style=\"margin-bottom:var(--wp--preset--spacing--tb-section-padding)\">\n<div class=\"wp-block-column is-vertically-aligned-center is-layout-flow wp-block-column-is-layout-flow\">\n<h3 class=\"wp-block-heading\" style=\"margin-bottom:var(--wp--preset--spacing--h-3-bottom)\"><strong><strong><strong><strong><strong><strong><strong><strong>Des performances durables<\/strong><\/strong><\/strong><\/strong><\/strong><\/strong><\/strong><\/strong><\/h3>\n\n\n\n<p><strong><em><strong><strong><strong><strong><strong>Cuir PU robuste de premi\u00e8re qualit\u00e9<\/strong><\/strong><\/strong><\/strong><\/strong><\/em><\/strong><\/p>\n\n\n\n<p style=\"margin-bottom:var(--wp--preset--spacing--tb-section-padding)\">Faites l&rsquo;exp\u00e9rience d&rsquo;un confort et d&rsquo;une performance exceptionnels gr\u00e2ce \u00e0 notre rev\u00eatement en <strong>cuir PU robuste de premi\u00e8re qualit\u00e9<\/strong>. Il allie la durabilit\u00e9 \u00e0 l&rsquo;attrait visuel, offrant le meilleur du luxe en mati\u00e8re de fitness.<\/p>\n\n\n\n<h3 class=\"wp-block-heading\" style=\"margin-bottom:var(--wp--preset--spacing--h-3-bottom)\"><strong><strong><strong><strong><strong><strong><strong><strong><strong>Finition durable<\/strong><\/strong><\/strong><\/strong><\/strong><\/strong><\/strong><\/strong><\/strong><\/h3>\n\n\n\n<p><strong><em><strong><strong><strong><strong><strong><strong>Technologie de pulv\u00e9risation \u00e9lectrostatique de poudres thermodurcissables<\/strong><\/strong><\/strong><\/strong><\/strong><\/strong><\/em><\/strong><\/p>\n\n\n\n<p>Nos machines sont \u00e9quip\u00e9es de la <strong>technologie de pulv\u00e9risation \u00e9lectrostatique de poudre thermodurcissable<\/strong> qui garantit une finition durable. Ce rev\u00eatement de pointe pr\u00e9serve l&rsquo;attrait visuel de l&rsquo;\u00e9quipement au fil du temps.<\/p>\n<\/div>\n\n\n\n<div class=\"wp-block-column is-vertically-aligned-center is-layout-flow wp-block-column-is-layout-flow\">\n<figure class=\"wp-block-image size-full\"><img loading=\"lazy\" decoding=\"async\" width=\"810\" height=\"810\" src=\"https:\/\/store.evolve-fitness.eu\/wp-content\/uploads\/2024\/05\/Dizainas-be-pavadinimo-2024-05-27T103342.761.png\" alt=\"\" class=\"wp-image-63387\" srcset=\"https:\/\/store.evolve-fitness.eu\/wp-content\/uploads\/2024\/05\/Dizainas-be-pavadinimo-2024-05-27T103342.761.png 810w, https:\/\/store.evolve-fitness.eu\/wp-content\/uploads\/2024\/05\/Dizainas-be-pavadinimo-2024-05-27T103342.761-300x300.png 300w, https:\/\/store.evolve-fitness.eu\/wp-content\/uploads\/2024\/05\/Dizainas-be-pavadinimo-2024-05-27T103342.761-150x150.png 150w, https:\/\/store.evolve-fitness.eu\/wp-content\/uploads\/2024\/05\/Dizainas-be-pavadinimo-2024-05-27T103342.761-768x768.png 768w, https:\/\/store.evolve-fitness.eu\/wp-content\/uploads\/2024\/05\/Dizainas-be-pavadinimo-2024-05-27T103342.761-600x600.png 600w, https:\/\/store.evolve-fitness.eu\/wp-content\/uploads\/2024\/05\/Dizainas-be-pavadinimo-2024-05-27T103342.761-100x100.png 100w\" sizes=\"auto, (max-width: 810px) 100vw, 810px\" \/><\/figure>\n<\/div>\n<\/div>\n\n\n\n<div class=\"wp-block-columns alignwide mobile-reverse is-layout-flex wp-container-core-columns-is-layout-7a02faa9 wp-block-columns-is-layout-flex\" style=\"margin-bottom:var(--wp--preset--spacing--tb-section-padding)\">\n<div class=\"wp-block-column is-vertically-aligned-center is-layout-flow wp-block-column-is-layout-flow\">\n<figure class=\"wp-block-image alignleft size-full is-resized is-style-rounded\"><img loading=\"lazy\" decoding=\"async\" width=\"810\" height=\"810\" src=\"https:\/\/store.evolve-fitness.eu\/wp-content\/uploads\/2024\/05\/Dizainas-be-pavadinimo-2024-05-27T103427.662.png\" alt=\"\" class=\"wp-image-63413\" style=\"aspect-ratio:1.1333333333333333;object-fit:cover;width:842px;height:auto\" srcset=\"https:\/\/store.evolve-fitness.eu\/wp-content\/uploads\/2024\/05\/Dizainas-be-pavadinimo-2024-05-27T103427.662.png 810w, https:\/\/store.evolve-fitness.eu\/wp-content\/uploads\/2024\/05\/Dizainas-be-pavadinimo-2024-05-27T103427.662-300x300.png 300w, https:\/\/store.evolve-fitness.eu\/wp-content\/uploads\/2024\/05\/Dizainas-be-pavadinimo-2024-05-27T103427.662-150x150.png 150w, https:\/\/store.evolve-fitness.eu\/wp-content\/uploads\/2024\/05\/Dizainas-be-pavadinimo-2024-05-27T103427.662-768x768.png 768w, https:\/\/store.evolve-fitness.eu\/wp-content\/uploads\/2024\/05\/Dizainas-be-pavadinimo-2024-05-27T103427.662-600x600.png 600w, https:\/\/store.evolve-fitness.eu\/wp-content\/uploads\/2024\/05\/Dizainas-be-pavadinimo-2024-05-27T103427.662-100x100.png 100w\" sizes=\"auto, (max-width: 810px) 100vw, 810px\" \/><\/figure>\n<\/div>\n\n\n\n<div class=\"wp-block-column is-vertically-aligned-center is-layout-flow wp-block-column-is-layout-flow\">\n<h3 class=\"wp-block-heading\" style=\"margin-bottom:var(--wp--preset--spacing--h-3-bottom)\"><strong><strong><strong><strong>Position assise r\u00e9glable<\/strong><\/strong><\/strong><\/strong><\/h3>\n\n\n\n<p><strong><strong>Personnalisation facile en jaune vibrant<\/strong><\/strong><\/p>\n\n\n\n<p style=\"margin-bottom:var(--wp--preset--spacing--tb-section-padding)\">Nos machines sont dot\u00e9es d&rsquo;une <strong>position assise r\u00e9glable<\/strong> avec des boutons et des poign\u00e9es de r\u00e9glage en jaune clair, facile \u00e0 voir. Cette conception conviviale permet une personnalisation sans effort, garantissant que votre entra\u00eenement s&rsquo;adapte \u00e0 vos pr\u00e9f\u00e9rences.<\/p>\n\n\n\n<h3 class=\"wp-block-heading\" style=\"margin-bottom:var(--wp--preset--spacing--h-3-bottom)\"><strong><strong><strong><strong>d\u00e9marrage sans effort<\/strong><\/strong><\/strong><\/strong><\/h3>\n\n\n\n<p><strong><em>Am\u00e9liorer l&rsquo;exp\u00e9rience de la remise en forme<\/em><\/strong><\/p>\n\n\n\n<p style=\"margin-bottom:var(--wp--preset--spacing--tb-padding)\">Le pull Evolve Ultra Series Plate Loaded Pullover, UL-350, r\u00e9volutionne l&rsquo;exp\u00e9rience des salles de sport en offrant un d\u00e9marrage sans effort avec assistance des jambes, pour tous les niveaux de condition physique. Cette caract\u00e9ristique novatrice abaisse les barri\u00e8res d&rsquo;entr\u00e9e, ce qui en fait un choix id\u00e9al pour les d\u00e9butants et garantit un environnement inclusif pour les utilisateurs de la salle de sport de tous niveaux. L&rsquo;Effortless Start fonctionne comme un spotter, r\u00e9duisant consid\u00e9rablement l&rsquo;effort et la pression sur l&rsquo;articulation de l&rsquo;\u00e9paule au d\u00e9but et \u00e0 la fin des exercices, am\u00e9liorant ainsi la s\u00e9curit\u00e9 et le confort des utilisateurs. Cette caract\u00e9ristique unique fait de l&rsquo;UL-350 un \u00e9quipement de gymnastique polyvalent et convivial, id\u00e9al pour une client\u00e8le diversifi\u00e9e.<\/p>\n<\/div>\n<\/div>\n\n\n\n<div class=\"wp-block-columns alignwide mobile-reverse is-layout-flex wp-container-core-columns-is-layout-035fa626 wp-block-columns-is-layout-flex\" style=\"margin-bottom:var(--wp--preset--spacing--side-padding);padding-top:var(--wp--preset--spacing--tb-padding);padding-bottom:var(--wp--preset--spacing--tb-padding)\">\n<div class=\"wp-block-column is-vertically-aligned-center is-layout-flow wp-block-column-is-layout-flow\">\n<h3 class=\"wp-block-heading\" style=\"margin-bottom:var(--wp--preset--spacing--h-3-bottom)\"><strong><strong><strong><strong><strong><strong><strong>Protecteurs de sol durables<\/strong><\/strong><\/strong><\/strong><\/strong><\/strong><\/strong><\/h3>\n\n\n\n<p><strong><em><strong><strong><strong><strong>Pr\u00e9server le rev\u00eatement de sol de votre salle de sport<\/strong><\/strong><\/strong><\/strong><\/em><\/strong><\/p>\n\n\n\n<p style=\"margin-bottom:var(--wp--preset--spacing--tb-section-padding)\">Nos \u00e9quipements sont \u00e9quip\u00e9s de <strong>protections de sol durables<\/strong> qui prot\u00e8gent votre salle de sport contre les dommages et les rayures, m\u00eame pendant les s\u00e9ances d&rsquo;entra\u00eenement intenses.<\/p>\n\n\n\n<h3 class=\"wp-block-heading\" style=\"margin-bottom:var(--wp--preset--spacing--h-3-bottom)\"><strong><strong><strong><strong><strong>Organis\u00e9 et efficace<\/strong><\/strong><\/strong><\/strong><\/strong><\/h3>\n\n\n\n<p><strong><em><strong><strong><strong><strong><strong><strong><strong><strong>Piquets pour le stockage des plaques d&rsquo;halt\u00e8res<\/strong><\/strong><\/strong><\/strong><\/strong><\/strong><\/strong><\/strong><\/em><\/strong><\/p>\n\n\n\n<p style=\"margin-bottom:var(--wp--preset--spacing--tb-section-padding)\">Restez organis\u00e9 et efficace avec les <strong>piquets de rangement des plaques de musculation<\/strong>. Gardez vos assiettes \u00e0 port\u00e9e de main et simplifiez vos s\u00e9ances d&rsquo;entra\u00eenement.<\/p>\n\n\n\n<h3 class=\"wp-block-heading\" style=\"margin-bottom:var(--wp--preset--spacing--h-3-bottom)\"><strong><strong><strong><strong><strong><strong><strong><strong>Une durabilit\u00e9 sans compromis<\/strong><\/strong><\/strong><\/strong><\/strong><\/strong><\/strong><\/strong><\/h3>\n\n\n\n<p><strong><em><strong><strong><strong><strong><strong>Boulons et \u00e9crous en acier inoxydable<\/strong><\/strong><\/strong><\/strong><\/strong><\/em><\/strong><\/p>\n\n\n\n<p>Chaque d\u00e9tail compte dans la s\u00e9rie Ultra. C&rsquo;est pourquoi tous les boulons et les \u00e9crous sont en <strong>acier inoxydable<\/strong> afin de garantir une durabilit\u00e9 et une long\u00e9vit\u00e9 sans compromis.<\/p>\n<\/div>\n\n\n\n<div class=\"wp-block-column is-vertically-aligned-center is-layout-flow wp-block-column-is-layout-flow\">\n<figure class=\"wp-block-image size-full is-resized is-style-rounded\"><img loading=\"lazy\" decoding=\"async\" width=\"810\" height=\"810\" src=\"https:\/\/store.evolve-fitness.eu\/wp-content\/uploads\/2024\/05\/Dizainas-be-pavadinimo-2024-05-27T103556.775.png\" alt=\"\" class=\"wp-image-63438\" style=\"aspect-ratio:1.1333333333333333;object-fit:cover;width:860px;height:auto\" srcset=\"https:\/\/store.evolve-fitness.eu\/wp-content\/uploads\/2024\/05\/Dizainas-be-pavadinimo-2024-05-27T103556.775.png 810w, https:\/\/store.evolve-fitness.eu\/wp-content\/uploads\/2024\/05\/Dizainas-be-pavadinimo-2024-05-27T103556.775-300x300.png 300w, https:\/\/store.evolve-fitness.eu\/wp-content\/uploads\/2024\/05\/Dizainas-be-pavadinimo-2024-05-27T103556.775-150x150.png 150w, https:\/\/store.evolve-fitness.eu\/wp-content\/uploads\/2024\/05\/Dizainas-be-pavadinimo-2024-05-27T103556.775-768x768.png 768w, https:\/\/store.evolve-fitness.eu\/wp-content\/uploads\/2024\/05\/Dizainas-be-pavadinimo-2024-05-27T103556.775-600x600.png 600w, https:\/\/store.evolve-fitness.eu\/wp-content\/uploads\/2024\/05\/Dizainas-be-pavadinimo-2024-05-27T103556.775-100x100.png 100w\" sizes=\"auto, (max-width: 810px) 100vw, 810px\" \/><\/figure>\n<\/div>\n<\/div>\n\n\n\n<div class=\"wp-block-columns alignwide mobile-reverse is-layout-flex wp-container-core-columns-is-layout-ca64bf2d wp-block-columns-is-layout-flex\" style=\"margin-bottom:var(--wp--preset--spacing--side-padding)\">\n<div class=\"wp-block-column is-vertically-aligned-center is-layout-flow wp-block-column-is-layout-flow\"><\/div>\n<\/div>\n<\/section>\n<\/section>\n\n<p><\/p>\n","protected":false},"excerpt":{"rendered":"<p>R\u00e9volutionnez votre entra\u00eenement du haut du corps avec le pull Evolve Ultra Series Plate Loaded Pullover, UL-350. Fabriqu\u00e9 avec pr\u00e9cision et puissance, cet appareil de fitness est con\u00e7u pour cibler et renforcer efficacement les muscles lat\u00e9raux. Le syst\u00e8me \u00e0 plaques offre une r\u00e9sistance r\u00e9glable, ce qui permet de s&rsquo;adapter \u00e0 des utilisateurs ayant des niveaux de forme physique diff\u00e9rents. Con\u00e7u dans un souci de durabilit\u00e9, l&rsquo;UL-350 assure un mouvement de traction fluide et contr\u00f4l\u00e9 pour des r\u00e9sultats optimaux. Am\u00e9liorez votre programme d&rsquo;entra\u00eenement musculaire avec cet appareil de pointe \u00e0 plateau charg\u00e9 pour sculpter un haut du corps puissant et bien d\u00e9fini. Lib\u00e9rez le potentiel de vos entra\u00eenements avec la s\u00e9rie Evolve Ultra et embarquez pour un voyage vers une excellence de fitness in\u00e9gal\u00e9e.  <\/p>\n","protected":false},"featured_media":61312,"template":"","meta":{"_acf_changed":false,"inline_featured_image":false},"product_cat":[413,780,784],"product_tag":[],"class_list":{"0":"post-56119","1":"product","2":"type-product","3":"status-publish","4":"has-post-thumbnail","6":"product_cat-page-daccueil","7":"product_cat-machines-a-plateau","8":"product_cat-ultra-series-plate-loaded-fr","10":"first","11":"instock","12":"shipping-taxable","13":"purchasable","14":"product-type-simple"},"acf":[],"_links":{"self":[{"href":"https:\/\/store.evolve-fitness.eu\/fr\/wp-json\/wp\/v2\/product\/56119","targetHints":{"allow":["GET"]}}],"collection":[{"href":"https:\/\/store.evolve-fitness.eu\/fr\/wp-json\/wp\/v2\/product"}],"about":[{"href":"https:\/\/store.evolve-fitness.eu\/fr\/wp-json\/wp\/v2\/types\/product"}],"wp:featuredmedia":[{"embeddable":true,"href":"https:\/\/store.evolve-fitness.eu\/fr\/wp-json\/wp\/v2\/media\/61312"}],"wp:attachment":[{"href":"https:\/\/store.evolve-fitness.eu\/fr\/wp-json\/wp\/v2\/media?parent=56119"}],"wp:term":[{"taxonomy":"product_cat","embeddable":true,"href":"https:\/\/store.evolve-fitness.eu\/fr\/wp-json\/wp\/v2\/product_cat?post=56119"},{"taxonomy":"product_tag","embeddable":true,"href":"https:\/\/store.evolve-fitness.eu\/fr\/wp-json\/wp\/v2\/product_tag?post=56119"}],"curies":[{"name":"wp","href":"https:\/\/api.w.org\/{rel}","templated":true}]}}