{"id":55837,"date":"2024-01-29T13:01:36","date_gmt":"2024-01-29T13:01:36","guid":{"rendered":"https:\/\/store.evolve-fitness.eu\/product\/evolve-ultra-series-plate-loaded-front-pull-down\/"},"modified":"2024-05-27T07:25:22","modified_gmt":"2024-05-27T07:25:22","slug":"evolve-ultra-series-plate-loaded-front-pull-down","status":"publish","type":"product","link":"https:\/\/store.evolve-fitness.eu\/fr\/produit\/evolve-ultra-series-plate-loaded-front-pull-down\/","title":{"rendered":"Evolve Ultra Series Plate Loaded Front Pull Down"},"content":{"rendered":"\n<section class=\"wp-block-group alignfull black-content has-white-color has-darkgray-background-color has-text-color has-background is-layout-constrained wp-block-group-is-layout-constrained\" style=\"padding-top:var(--wp--preset--spacing--section-bottom);padding-bottom:var(--wp--preset--spacing--section-bottom)\">\n<h3 class=\"wp-block-heading has-text-align-center\" style=\"padding-top:var(--wp--preset--spacing--section-title-bottom);padding-bottom:var(--wp--preset--spacing--section-title-bottom)\"><strong><strong><strong>EVOLVE PLATE LOADED ULTRA SERIES<\/strong><\/strong><\/strong><\/h3>\n\n\n\n<section class=\"wp-block-group alignfull black-content has-white-color has-darkgray-background-color has-text-color has-background is-layout-constrained wp-block-group-is-layout-constrained\" style=\"margin-bottom:0;padding-top:var(--wp--preset--spacing--tb-padding);padding-bottom:var(--wp--preset--spacing--tb-padding)\">\n<div class=\"wp-block-columns alignwide mobile-reverse is-layout-flex wp-container-core-columns-is-layout-035fa626 wp-block-columns-is-layout-flex\" style=\"margin-bottom:var(--wp--preset--spacing--side-padding);padding-top:var(--wp--preset--spacing--tb-padding);padding-bottom:var(--wp--preset--spacing--tb-padding)\">\n<div class=\"wp-block-column is-vertically-aligned-center is-layout-flow wp-block-column-is-layout-flow\">\n<figure class=\"wp-block-image size-full is-resized is-style-rounded\"><img loading=\"lazy\" decoding=\"async\" width=\"810\" height=\"810\" src=\"https:\/\/store.evolve-fitness.eu\/wp-content\/uploads\/2024\/05\/Dizainas-be-pavadinimo-2024-05-27T102351.241.png\" alt=\"\" class=\"wp-image-63362\" style=\"aspect-ratio:1.1333333333333333;object-fit:cover;width:999px;height:auto\" srcset=\"https:\/\/store.evolve-fitness.eu\/wp-content\/uploads\/2024\/05\/Dizainas-be-pavadinimo-2024-05-27T102351.241.png 810w, https:\/\/store.evolve-fitness.eu\/wp-content\/uploads\/2024\/05\/Dizainas-be-pavadinimo-2024-05-27T102351.241-300x300.png 300w, https:\/\/store.evolve-fitness.eu\/wp-content\/uploads\/2024\/05\/Dizainas-be-pavadinimo-2024-05-27T102351.241-150x150.png 150w, https:\/\/store.evolve-fitness.eu\/wp-content\/uploads\/2024\/05\/Dizainas-be-pavadinimo-2024-05-27T102351.241-768x768.png 768w, https:\/\/store.evolve-fitness.eu\/wp-content\/uploads\/2024\/05\/Dizainas-be-pavadinimo-2024-05-27T102351.241-600x600.png 600w, https:\/\/store.evolve-fitness.eu\/wp-content\/uploads\/2024\/05\/Dizainas-be-pavadinimo-2024-05-27T102351.241-100x100.png 100w\" sizes=\"auto, (max-width: 810px) 100vw, 810px\" \/><\/figure>\n<\/div>\n\n\n\n<div class=\"wp-block-column is-vertically-aligned-center is-layout-flow wp-block-column-is-layout-flow\">\n<h3 class=\"wp-block-heading\" style=\"margin-bottom:var(--wp--preset--spacing--h-3-bottom)\"><strong><strong><strong><strong><strong>Organis\u00e9 et efficace<\/strong><\/strong><\/strong><\/strong><\/strong><\/h3>\n\n\n\n<p><strong><em><strong><strong><strong><strong><strong><strong><strong><strong>Piquets pour le stockage des plaques d&rsquo;halt\u00e8res<\/strong><\/strong><\/strong><\/strong><\/strong><\/strong><\/strong><\/strong><\/em><\/strong><\/p>\n\n\n\n<p style=\"margin-bottom:var(--wp--preset--spacing--tb-section-padding)\">Restez organis\u00e9 et efficace avec les <strong>piquets de rangement des plaques de musculation<\/strong>. Gardez vos assiettes \u00e0 port\u00e9e de main et simplifiez vos s\u00e9ances d&rsquo;entra\u00eenement.<\/p>\n\n\n\n<h3 class=\"wp-block-heading\" style=\"margin-bottom:var(--wp--preset--spacing--h-3-bottom)\"><strong><strong><strong><strong><strong><strong><strong><strong>Une durabilit\u00e9 sans compromis<\/strong><\/strong><\/strong><\/strong><\/strong><\/strong><\/strong><\/strong><\/h3>\n\n\n\n<p><strong><em><strong><strong><strong><strong><strong>Boulons et \u00e9crous en acier inoxydable<\/strong><\/strong><\/strong><\/strong><\/strong><\/em><\/strong><\/p>\n\n\n\n<p style=\"margin-bottom:var(--wp--preset--spacing--tb-section-padding)\">Chaque d\u00e9tail compte dans la s\u00e9rie Ultra. C&rsquo;est pourquoi tous les boulons et les \u00e9crous sont en <strong>acier inoxydable<\/strong> afin de garantir une durabilit\u00e9 et une long\u00e9vit\u00e9 sans compromis.<\/p>\n\n\n\n<h3 class=\"wp-block-heading\"><strong>POIGN\u00c9ES ANTID\u00c9RAPANTES<\/strong><\/h3>\n\n\n\n<p><strong><em><strong>Une prise s\u00fbre pour plus de s\u00e9curit\u00e9 et de confiance<\/strong><\/em><\/strong><\/p>\n\n\n\n<p>Priorit\u00e9 \u00e0 la s\u00e9curit\u00e9 et \u00e0 la confiance avec nos <strong>poign\u00e9es antid\u00e9rapantes<\/strong>. Ils offrent une prise s\u00fbre, r\u00e9duisant ainsi le risque d&rsquo;accident lors de vos s\u00e9ances d&rsquo;entra\u00eenement.<\/p>\n<\/div>\n<\/div>\n\n\n\n<div class=\"wp-block-columns alignwide mobile-reverse is-layout-flex wp-container-core-columns-is-layout-7a02faa9 wp-block-columns-is-layout-flex\" style=\"margin-bottom:var(--wp--preset--spacing--tb-section-padding)\">\n<div class=\"wp-block-column is-vertically-aligned-center is-layout-flow wp-block-column-is-layout-flow\">\n<h3 class=\"wp-block-heading\" style=\"margin-bottom:var(--wp--preset--spacing--h-3-bottom)\"><strong><strong><strong><strong><strong><strong><strong><strong>Des performances durables<\/strong><\/strong><\/strong><\/strong><\/strong><\/strong><\/strong><\/strong><\/h3>\n\n\n\n<p><strong><em><strong><strong><strong><strong><strong>Cuir PU robuste de premi\u00e8re qualit\u00e9<\/strong><\/strong><\/strong><\/strong><\/strong><\/em><\/strong><\/p>\n\n\n\n<p style=\"margin-bottom:var(--wp--preset--spacing--tb-section-padding)\">Faites l&rsquo;exp\u00e9rience d&rsquo;un confort et d&rsquo;une performance exceptionnels gr\u00e2ce \u00e0 notre rev\u00eatement en <strong>cuir PU robuste de premi\u00e8re qualit\u00e9<\/strong>. Il allie la durabilit\u00e9 \u00e0 l&rsquo;attrait visuel, offrant le meilleur du luxe en mati\u00e8re de fitness.<\/p>\n\n\n\n<h3 class=\"wp-block-heading\"><strong>POSITION ASSISE R\u00c9GLABLE<\/strong><\/h3>\n\n\n\n<p><strong>Personnalisation facile en jaune vibrant<\/strong><\/p>\n\n\n\n<p>Nos machines sont dot\u00e9es d&rsquo;une <strong>position assise r\u00e9glable<\/strong> avec des boutons et des poign\u00e9es de r\u00e9glage en jaune clair, facile \u00e0 voir. Cette conception conviviale permet une personnalisation sans effort, garantissant que votre entra\u00eenement s&rsquo;adapte \u00e0 vos pr\u00e9f\u00e9rences.<\/p>\n<\/div>\n\n\n\n<div class=\"wp-block-column is-vertically-aligned-center is-layout-flow wp-block-column-is-layout-flow\">\n<figure class=\"wp-block-image size-full is-resized is-style-rounded\"><img loading=\"lazy\" decoding=\"async\" width=\"486\" height=\"486\" src=\"https:\/\/store.evolve-fitness.eu\/wp-content\/uploads\/2024\/05\/Dizainas-be-pavadinimo-29-1-edited.png\" alt=\"\" class=\"wp-image-61507\" style=\"aspect-ratio:1.1333333333333333;object-fit:cover;width:684px;height:auto\" srcset=\"https:\/\/store.evolve-fitness.eu\/wp-content\/uploads\/2024\/05\/Dizainas-be-pavadinimo-29-1-edited.png 486w, https:\/\/store.evolve-fitness.eu\/wp-content\/uploads\/2024\/05\/Dizainas-be-pavadinimo-29-1-edited-300x300.png 300w, https:\/\/store.evolve-fitness.eu\/wp-content\/uploads\/2024\/05\/Dizainas-be-pavadinimo-29-1-edited-150x150.png 150w, https:\/\/store.evolve-fitness.eu\/wp-content\/uploads\/2024\/05\/Dizainas-be-pavadinimo-29-1-edited-100x100.png 100w\" sizes=\"auto, (max-width: 486px) 100vw, 486px\" \/><\/figure>\n<\/div>\n<\/div>\n\n\n\n<div class=\"wp-block-columns alignwide mobile-reverse is-layout-flex wp-container-core-columns-is-layout-7a02faa9 wp-block-columns-is-layout-flex\" style=\"margin-bottom:var(--wp--preset--spacing--tb-section-padding)\">\n<div class=\"wp-block-column is-vertically-aligned-center is-layout-flow wp-block-column-is-layout-flow\">\n<figure class=\"wp-block-image alignleft size-full is-resized is-style-rounded\"><img loading=\"lazy\" decoding=\"async\" width=\"810\" height=\"810\" src=\"https:\/\/store.evolve-fitness.eu\/wp-content\/uploads\/2024\/05\/Dizainas-be-pavadinimo-95.png\" alt=\"\" class=\"wp-image-63157\" style=\"aspect-ratio:1.1333333333333333;object-fit:cover;width:853px;height:auto\" srcset=\"https:\/\/store.evolve-fitness.eu\/wp-content\/uploads\/2024\/05\/Dizainas-be-pavadinimo-95.png 810w, https:\/\/store.evolve-fitness.eu\/wp-content\/uploads\/2024\/05\/Dizainas-be-pavadinimo-95-300x300.png 300w, https:\/\/store.evolve-fitness.eu\/wp-content\/uploads\/2024\/05\/Dizainas-be-pavadinimo-95-150x150.png 150w, https:\/\/store.evolve-fitness.eu\/wp-content\/uploads\/2024\/05\/Dizainas-be-pavadinimo-95-768x768.png 768w, https:\/\/store.evolve-fitness.eu\/wp-content\/uploads\/2024\/05\/Dizainas-be-pavadinimo-95-600x600.png 600w, https:\/\/store.evolve-fitness.eu\/wp-content\/uploads\/2024\/05\/Dizainas-be-pavadinimo-95-100x100.png 100w\" sizes=\"auto, (max-width: 810px) 100vw, 810px\" \/><\/figure>\n<\/div>\n\n\n\n<div class=\"wp-block-column is-vertically-aligned-center is-layout-flow wp-block-column-is-layout-flow\">\n<h3 class=\"wp-block-heading\" style=\"margin-bottom:var(--wp--preset--spacing--h-3-bottom)\"><strong><strong><strong><strong><strong><strong><strong>Protecteurs de sol durables<\/strong><\/strong><\/strong><\/strong><\/strong><\/strong><\/strong><\/h3>\n\n\n\n<p><strong><em><strong><strong><strong><strong>Pr\u00e9server le rev\u00eatement de sol de votre salle de sport<\/strong><\/strong><\/strong><\/strong><\/em><\/strong><\/p>\n\n\n\n<p style=\"margin-bottom:var(--wp--preset--spacing--tb-section-padding)\">Nos \u00e9quipements sont \u00e9quip\u00e9s de <strong>protections de sol durables<\/strong> qui prot\u00e8gent votre salle de sport contre les dommages et les rayures, m\u00eame pendant les s\u00e9ances d&rsquo;entra\u00eenement intenses.<\/p>\n\n\n\n<h3 class=\"wp-block-heading\" style=\"margin-bottom:var(--wp--preset--spacing--h-3-bottom)\"><strong><strong><strong><strong><strong><strong><strong><strong><strong>Finition durable<\/strong><\/strong><\/strong><\/strong><\/strong><\/strong><\/strong><\/strong><\/strong><\/h3>\n\n\n\n<p><strong><em><strong><strong><strong><strong><strong><strong>Technologie de pulv\u00e9risation \u00e9lectrostatique de poudres thermodurcissables<\/strong><\/strong><\/strong><\/strong><\/strong><\/strong><\/em><\/strong><\/p>\n\n\n\n<p>Nos machines sont \u00e9quip\u00e9es de la <strong>technologie de pulv\u00e9risation \u00e9lectrostatique de poudre thermodurcissable<\/strong> qui garantit une finition durable. Ce rev\u00eatement de pointe pr\u00e9serve l&rsquo;attrait visuel de l&rsquo;\u00e9quipement au fil du temps.<\/p>\n<\/div>\n<\/div>\n\n\n\n<div class=\"wp-block-columns alignwide mobile-reverse is-layout-flex wp-container-core-columns-is-layout-ca64bf2d wp-block-columns-is-layout-flex\" style=\"margin-bottom:var(--wp--preset--spacing--side-padding)\">\n<div class=\"wp-block-column is-vertically-aligned-center is-layout-flow wp-block-column-is-layout-flow\"><\/div>\n<\/div>\n<\/section>\n<\/section>\n\n<p><\/p>\n","protected":false},"excerpt":{"rendered":"<p>L&rsquo;appareil Evolve Ultra Series Plate Front Pull Down, UL-370, est une solution de remise en forme de premier ordre qui allie durabilit\u00e9, confort et commodit\u00e9. Cet appareil a \u00e9t\u00e9 con\u00e7u dans un souci d&rsquo;efficacit\u00e9 organisationnelle. Il est \u00e9quip\u00e9 d&rsquo;un syst\u00e8me de rangement des plaques de poids qui permet de les garder \u00e0 port\u00e9e de main. Les boulons et \u00e9crous en acier inoxydable garantissent une long\u00e9vit\u00e9 sans compromis. Pour des performances durables, il est rev\u00eatu d&rsquo;un cuir PU de premi\u00e8re qualit\u00e9, tr\u00e8s r\u00e9sistant, \u00e9quilibrant la durabilit\u00e9 et l&rsquo;attrait esth\u00e9tique. La position assise r\u00e9glable, soulign\u00e9e en jaune vif, permet une personnalisation ais\u00e9e, r\u00e9pondant aux pr\u00e9f\u00e9rences individuelles. En outre, la machine comprend des protecteurs de sol durables pour pr\u00e9server les sols des gymnases et utilise la technologie de pulv\u00e9risation \u00e9lectrostatique de poudre thermodurcissable pour une finition durable. Avec un poids de 206 kg et une garantie de 2 ans, ce produit est un m\u00e9lange parfait de fonctionnalit\u00e9 et de luxe pour les amateurs de fitness.<\/p>\n","protected":false},"featured_media":61439,"template":"","meta":{"_acf_changed":false,"inline_featured_image":false},"product_cat":[413,780,784],"product_tag":[],"class_list":{"0":"post-55837","1":"product","2":"type-product","3":"status-publish","4":"has-post-thumbnail","6":"product_cat-page-daccueil","7":"product_cat-machines-a-plateau","8":"product_cat-ultra-series-plate-loaded-fr","10":"first","11":"instock","12":"shipping-taxable","13":"purchasable","14":"product-type-simple"},"acf":[],"_links":{"self":[{"href":"https:\/\/store.evolve-fitness.eu\/fr\/wp-json\/wp\/v2\/product\/55837","targetHints":{"allow":["GET"]}}],"collection":[{"href":"https:\/\/store.evolve-fitness.eu\/fr\/wp-json\/wp\/v2\/product"}],"about":[{"href":"https:\/\/store.evolve-fitness.eu\/fr\/wp-json\/wp\/v2\/types\/product"}],"wp:featuredmedia":[{"embeddable":true,"href":"https:\/\/store.evolve-fitness.eu\/fr\/wp-json\/wp\/v2\/media\/61439"}],"wp:attachment":[{"href":"https:\/\/store.evolve-fitness.eu\/fr\/wp-json\/wp\/v2\/media?parent=55837"}],"wp:term":[{"taxonomy":"product_cat","embeddable":true,"href":"https:\/\/store.evolve-fitness.eu\/fr\/wp-json\/wp\/v2\/product_cat?post=55837"},{"taxonomy":"product_tag","embeddable":true,"href":"https:\/\/store.evolve-fitness.eu\/fr\/wp-json\/wp\/v2\/product_tag?post=55837"}],"curies":[{"name":"wp","href":"https:\/\/api.w.org\/{rel}","templated":true}]}}