{"id":55579,"date":"2024-01-26T14:20:10","date_gmt":"2024-01-26T14:20:10","guid":{"rendered":"https:\/\/store.evolve-fitness.eu\/product\/crochet-de-fixation-de-la-bande-evolve\/"},"modified":"2024-08-06T12:56:55","modified_gmt":"2024-08-06T12:56:55","slug":"crochet-de-fixation-de-la-bande-evolve","status":"publish","type":"product","link":"https:\/\/store.evolve-fitness.eu\/fr\/produit\/crochet-de-fixation-de-la-bande-evolve\/","title":{"rendered":"Crochet de fixation de la bande Evolve"},"content":{"rendered":"","protected":false},"excerpt":{"rendered":"<p>Am\u00e9liorez votre entra\u00eenement de r\u00e9sistance avec le \u00ab\u00a0crochet pour bandes Evolve\u00a0\u00bb &#8211; un outil essentiel qui am\u00e9liore la polyvalence de vos s\u00e9ances d&rsquo;entra\u00eenement. Con\u00e7u pour s&rsquo;int\u00e9grer parfaitement au syst\u00e8me Evolve, ce crochet assure un point d&rsquo;ancrage s\u00fbr pour les bandes de r\u00e9sistance, ajoutant ainsi une nouvelle dimension \u00e0 votre programme d&rsquo;exercices. Que vous recherchiez la force, la souplesse ou la r\u00e9\u00e9ducation, cet accessoire offre une solution dynamique et adaptable. Con\u00e7u pour \u00eatre durable et compatible, le crochet Evolve Bands offre un moyen fiable et efficace d&rsquo;enrichir votre parcours de remise en forme. Lib\u00e9rez tout le potentiel de vos s\u00e9ances d&rsquo;entra\u00eenement et faites l&rsquo;exp\u00e9rience de diverses possibilit\u00e9s d&rsquo;exercices gr\u00e2ce \u00e0 cet accessoire essentiel, transformant chaque s\u00e9ance en une exp\u00e9rience de remise en forme enrichissante et percutante.  <\/p>\n","protected":false},"featured_media":55597,"template":"","meta":{"_acf_changed":false,"inline_featured_image":false},"product_cat":[413,591,664,665],"product_tag":[],"class_list":{"0":"post-55579","1":"product","2":"type-product","3":"status-publish","4":"has-post-thumbnail","6":"product_cat-page-daccueil","7":"product_cat-transversal-et-fonctionnel","8":"product_cat-composants-de-lappareil-de-forage","9":"product_cat-accessoires-fr","11":"first","12":"instock","13":"shipping-taxable","14":"purchasable","15":"product-type-simple"},"acf":[],"_links":{"self":[{"href":"https:\/\/store.evolve-fitness.eu\/fr\/wp-json\/wp\/v2\/product\/55579","targetHints":{"allow":["GET"]}}],"collection":[{"href":"https:\/\/store.evolve-fitness.eu\/fr\/wp-json\/wp\/v2\/product"}],"about":[{"href":"https:\/\/store.evolve-fitness.eu\/fr\/wp-json\/wp\/v2\/types\/product"}],"wp:featuredmedia":[{"embeddable":true,"href":"https:\/\/store.evolve-fitness.eu\/fr\/wp-json\/wp\/v2\/media\/55597"}],"wp:attachment":[{"href":"https:\/\/store.evolve-fitness.eu\/fr\/wp-json\/wp\/v2\/media?parent=55579"}],"wp:term":[{"taxonomy":"product_cat","embeddable":true,"href":"https:\/\/store.evolve-fitness.eu\/fr\/wp-json\/wp\/v2\/product_cat?post=55579"},{"taxonomy":"product_tag","embeddable":true,"href":"https:\/\/store.evolve-fitness.eu\/fr\/wp-json\/wp\/v2\/product_tag?post=55579"}],"curies":[{"name":"wp","href":"https:\/\/api.w.org\/{rel}","templated":true}]}}