{"id":55557,"date":"2024-01-26T14:10:01","date_gmt":"2024-01-26T14:10:01","guid":{"rendered":"https:\/\/store.evolve-fitness.eu\/product\/support-evolve-pour-kettlebell-et-medicine-ball\/"},"modified":"2024-08-06T13:02:38","modified_gmt":"2024-08-06T13:02:38","slug":"support-evolve-pour-kettlebell-et-medicine-ball","status":"publish","type":"product","link":"https:\/\/store.evolve-fitness.eu\/fr\/produit\/support-evolve-pour-kettlebell-et-medicine-ball\/","title":{"rendered":"Support Evolve pour Kettlebell et Medicine Ball"},"content":{"rendered":"","protected":false},"excerpt":{"rendered":"<p>Organisez efficacement l&rsquo;espace de votre salle de sport avec le support Evolve Kettlebell et Medicine Ball. Cette solution de rangement robuste vous permet de garder votre zone d&rsquo;entra\u00eenement sans encombrement et de garder vos kettlebells et medecine balls facilement accessibles. Con\u00e7u dans un souci de durabilit\u00e9, ce support est un ajout \u00e9l\u00e9gant \u00e0 votre \u00e9quipement de sport. La conception peu encombrante vous permet d&rsquo;optimiser votre environnement d&rsquo;entra\u00eenement, favorisant un espace d&rsquo;entra\u00eenement rationalis\u00e9 et efficace. Am\u00e9liorez votre programme d&rsquo;entra\u00eenement avec le support Evolve Kettlebell et Medicine Ball, un accessoire indispensable pour une salle de sport bien organis\u00e9e et fonctionnelle.  <\/p>\n","protected":false},"featured_media":55563,"template":"","meta":{"_acf_changed":false,"inline_featured_image":false},"product_cat":[413,591,664,665],"product_tag":[],"class_list":{"0":"post-55557","1":"product","2":"type-product","3":"status-publish","4":"has-post-thumbnail","6":"product_cat-page-daccueil","7":"product_cat-transversal-et-fonctionnel","8":"product_cat-composants-de-lappareil-de-forage","9":"product_cat-accessoires-fr","11":"first","12":"instock","13":"shipping-taxable","14":"purchasable","15":"product-type-simple"},"acf":[],"_links":{"self":[{"href":"https:\/\/store.evolve-fitness.eu\/fr\/wp-json\/wp\/v2\/product\/55557","targetHints":{"allow":["GET"]}}],"collection":[{"href":"https:\/\/store.evolve-fitness.eu\/fr\/wp-json\/wp\/v2\/product"}],"about":[{"href":"https:\/\/store.evolve-fitness.eu\/fr\/wp-json\/wp\/v2\/types\/product"}],"wp:featuredmedia":[{"embeddable":true,"href":"https:\/\/store.evolve-fitness.eu\/fr\/wp-json\/wp\/v2\/media\/55563"}],"wp:attachment":[{"href":"https:\/\/store.evolve-fitness.eu\/fr\/wp-json\/wp\/v2\/media?parent=55557"}],"wp:term":[{"taxonomy":"product_cat","embeddable":true,"href":"https:\/\/store.evolve-fitness.eu\/fr\/wp-json\/wp\/v2\/product_cat?post=55557"},{"taxonomy":"product_tag","embeddable":true,"href":"https:\/\/store.evolve-fitness.eu\/fr\/wp-json\/wp\/v2\/product_tag?post=55557"}],"curies":[{"name":"wp","href":"https:\/\/api.w.org\/{rel}","templated":true}]}}