{"id":54839,"date":"2024-01-25T13:50:49","date_gmt":"2024-01-25T13:50:49","guid":{"rendered":"https:\/\/store.evolve-fitness.eu\/product\/corde-de-vitesse-evolve-300-cm\/"},"modified":"2026-04-30T12:01:37","modified_gmt":"2026-04-30T12:01:37","slug":"corde-de-vitesse-evolve-300-cm","status":"publish","type":"product","link":"https:\/\/store.evolve-fitness.eu\/fr\/produit\/corde-de-vitesse-evolve-300-cm\/","title":{"rendered":"Corde de vitesse Evolve &#8211; 300 cm"},"content":{"rendered":"\n<section class=\"wp-block-group alignfull has-lightgray-background-color has-background is-layout-constrained wp-block-group-is-layout-constrained\">\n<div class=\"wp-block-columns alignwide is-layout-flex wp-container-core-columns-is-layout-2edb0647 wp-block-columns-is-layout-flex\" style=\"margin-top:0;margin-bottom:0\">\n<div class=\"wp-block-column is-layout-flow wp-block-column-is-layout-flow\" style=\"flex-basis:33.33%\"><\/div>\n\n\n\n<div class=\"wp-block-column is-layout-flow wp-block-column-is-layout-flow\" style=\"flex-basis:66.66%\"><\/div>\n<\/div>\n<\/section>\n","protected":false},"excerpt":{"rendered":"<p>La corde de vitesse Evolve, mesurant 300 cm, est con\u00e7ue pour am\u00e9liorer la forme cardiovasculaire et la coordination. Cette corde de vitesse convient \u00e0 diff\u00e9rents niveaux de comp\u00e9tence et de condition physique, des d\u00e9butants aux athl\u00e8tes avanc\u00e9s. C&rsquo;est un outil efficace pour une large gamme d&rsquo;entra\u00eenements, y compris l&rsquo;entra\u00eenement par intervalles \u00e0 haute intensit\u00e9 et les exercices de conditionnement.<\/p>\n","protected":false},"featured_media":54848,"template":"","meta":{"_acf_changed":false,"inline_featured_image":false},"product_cat":[592,591],"product_tag":[],"class_list":{"0":"post-54839","1":"product","2":"type-product","3":"status-publish","4":"has-post-thumbnail","6":"product_cat-equipement-fonctionnel","7":"product_cat-transversal-et-fonctionnel","9":"first","10":"instock","11":"shipping-taxable","12":"purchasable","13":"product-type-simple"},"acf":[],"_links":{"self":[{"href":"https:\/\/store.evolve-fitness.eu\/fr\/wp-json\/wp\/v2\/product\/54839","targetHints":{"allow":["GET"]}}],"collection":[{"href":"https:\/\/store.evolve-fitness.eu\/fr\/wp-json\/wp\/v2\/product"}],"about":[{"href":"https:\/\/store.evolve-fitness.eu\/fr\/wp-json\/wp\/v2\/types\/product"}],"wp:featuredmedia":[{"embeddable":true,"href":"https:\/\/store.evolve-fitness.eu\/fr\/wp-json\/wp\/v2\/media\/54848"}],"wp:attachment":[{"href":"https:\/\/store.evolve-fitness.eu\/fr\/wp-json\/wp\/v2\/media?parent=54839"}],"wp:term":[{"taxonomy":"product_cat","embeddable":true,"href":"https:\/\/store.evolve-fitness.eu\/fr\/wp-json\/wp\/v2\/product_cat?post=54839"},{"taxonomy":"product_tag","embeddable":true,"href":"https:\/\/store.evolve-fitness.eu\/fr\/wp-json\/wp\/v2\/product_tag?post=54839"}],"curies":[{"name":"wp","href":"https:\/\/api.w.org\/{rel}","templated":true}]}}