{"id":54682,"date":"2024-01-25T13:50:43","date_gmt":"2024-01-25T13:50:43","guid":{"rendered":"https:\/\/store.evolve-fitness.eu\/product\/evolve-barbell-jack\/"},"modified":"2024-07-16T11:32:49","modified_gmt":"2024-07-16T11:32:49","slug":"evolve-barbell-jack","status":"publish","type":"product","link":"https:\/\/store.evolve-fitness.eu\/fr\/produit\/evolve-barbell-jack\/","title":{"rendered":"Evolve Barbell Jack"},"content":{"rendered":"","protected":false},"excerpt":{"rendered":"<p>L&rsquo;Evolve Barbell Jack est un \u00e9quipement de fitness sp\u00e9cialis\u00e9. Il est con\u00e7u pour aider \u00e0 soulever et \u00e0 changer les poids sur les halt\u00e8res, am\u00e9liorant ainsi l&rsquo;efficacit\u00e9 et la s\u00e9curit\u00e9 des s\u00e9ances d&rsquo;halt\u00e9rophilie.<\/p>\n","protected":false},"featured_media":92884,"template":"","meta":{"_acf_changed":false,"inline_featured_image":false},"product_cat":[413,975,1020],"product_tag":[],"class_list":{"0":"post-54682","1":"product","2":"type-product","3":"status-publish","4":"has-post-thumbnail","6":"product_cat-page-daccueil","7":"product_cat-poids-libres","8":"product_cat-bars-et-accessoires","10":"first","11":"outofstock","12":"shipping-taxable","13":"purchasable","14":"product-type-simple"},"acf":[],"_links":{"self":[{"href":"https:\/\/store.evolve-fitness.eu\/fr\/wp-json\/wp\/v2\/product\/54682","targetHints":{"allow":["GET"]}}],"collection":[{"href":"https:\/\/store.evolve-fitness.eu\/fr\/wp-json\/wp\/v2\/product"}],"about":[{"href":"https:\/\/store.evolve-fitness.eu\/fr\/wp-json\/wp\/v2\/types\/product"}],"wp:featuredmedia":[{"embeddable":true,"href":"https:\/\/store.evolve-fitness.eu\/fr\/wp-json\/wp\/v2\/media\/92884"}],"wp:attachment":[{"href":"https:\/\/store.evolve-fitness.eu\/fr\/wp-json\/wp\/v2\/media?parent=54682"}],"wp:term":[{"taxonomy":"product_cat","embeddable":true,"href":"https:\/\/store.evolve-fitness.eu\/fr\/wp-json\/wp\/v2\/product_cat?post=54682"},{"taxonomy":"product_tag","embeddable":true,"href":"https:\/\/store.evolve-fitness.eu\/fr\/wp-json\/wp\/v2\/product_tag?post=54682"}],"curies":[{"name":"wp","href":"https:\/\/api.w.org\/{rel}","templated":true}]}}