{"id":54349,"date":"2024-01-25T07:15:06","date_gmt":"2024-01-25T07:15:06","guid":{"rendered":"https:\/\/store.evolve-fitness.eu\/product\/banc-utilitaire-evolve-prime-series\/"},"modified":"2025-11-28T13:32:54","modified_gmt":"2025-11-28T13:32:54","slug":"banc-utilitaire-evolve-prime-series","status":"publish","type":"product","link":"https:\/\/store.evolve-fitness.eu\/fr\/produit\/banc-utilitaire-evolve-prime-series\/","title":{"rendered":"Banc utilitaire Evolve Prime Series"},"content":{"rendered":"\n<section class=\"wp-block-group alignfull black-content has-white-color has-darkgray-background-color has-text-color has-background is-layout-constrained wp-block-group-is-layout-constrained\" style=\"padding-top:var(--wp--preset--spacing--section-bottom);padding-bottom:var(--wp--preset--spacing--section-bottom)\">\n<div class=\"wp-block-columns alignwide mobile-reverse is-layout-flex wp-container-core-columns-is-layout-ca64bf2d wp-block-columns-is-layout-flex\" style=\"margin-bottom:var(--wp--preset--spacing--side-padding)\">\n<div class=\"wp-block-column is-vertically-aligned-center is-layout-flow wp-block-column-is-layout-flow\">\n<h3 class=\"wp-block-heading\" style=\"margin-bottom:var(--wp--preset--spacing--h-3-bottom)\"><strong><strong><strong><strong><strong><strong><strong>Durable et personnalisable<\/strong><\/strong><\/strong><\/strong><\/strong><\/strong><\/strong><\/h3>\n\n\n\n<p><strong><em><strong><em><strong><strong><strong><strong><strong>Bancs de fitness<\/strong><\/strong><\/strong><\/strong><\/strong><\/em><\/strong><\/em><\/strong><\/p>\n\n\n\n<p style=\"margin-bottom:var(--wp--preset--spacing--tb-section-padding)\">Am\u00e9liorez votre espace de fitness avec nos bancs Evolve. Fabriqu\u00e9s \u00e0 partir d&rsquo;une structure m\u00e9tallique solide utilisant la technologie de pointe de pulv\u00e9risation \u00e9lectrostatique de poudre thermodurcissable, ces bancs sont construits pour durer. Leur conception robuste leur permet de r\u00e9pondre aux exigences des particuliers, des salles de sport professionnelles et des centres de remise en forme commerciaux, y compris les bases militaires, les h\u00f4tels, les auberges et les centres de r\u00e9adaptation.<\/p>\n\n\n\n<h3 class=\"wp-block-heading\" style=\"margin-bottom:var(--wp--preset--spacing--h-3-bottom)\"><strong>Fonctionnel<\/strong> <strong>Stabilit\u00e9<\/strong><\/h3>\n\n\n\n<p><strong><em><strong><em><strong><strong><strong><strong><strong>Couvertures en PVC<\/strong><\/strong><\/strong><\/strong><\/strong><\/em><\/strong><\/em><\/strong><\/p>\n\n\n\n<p>Les pieds de nos bancs Evolve sont recouverts de PVC souple afin de prot\u00e9ger vos sols et d&rsquo;assurer une stabilit\u00e9 exceptionnelle, m\u00eame lors des s\u00e9ances d&rsquo;entra\u00eenement les plus intenses. Vous pouvez compter sur ces bancs pour vous offrir un entra\u00eenement complet du corps avec une stabilit\u00e9 maximale. Le rembourrage doux et confortable est rempli d&rsquo;une mousse dense et r\u00e9sistante qui ne perdra pas sa forme au fil du temps. De plus, il est recouvert d&rsquo;un cuir PU de haute qualit\u00e9, tr\u00e8s r\u00e9sistant, pour une durabilit\u00e9 durable.<\/p>\n<\/div>\n\n\n\n<div class=\"wp-block-column is-vertically-aligned-center is-layout-flow wp-block-column-is-layout-flow\">\n<figure class=\"wp-block-image size-large\"><img decoding=\"async\" src=\"https:\/\/evolve-fitness.eu\/wp-content\/uploads\/2023\/09\/A7_07059-683x1024.jpg\" alt=\"\" class=\"wp-image-8273\"\/><\/figure>\n<\/div>\n<\/div>\n\n\n\n<div class=\"wp-block-columns alignwide is-layout-flex wp-container-core-columns-is-layout-c45ee707 wp-block-columns-is-layout-flex\" style=\"margin-bottom:var(--wp--preset--spacing--side-padding);padding-top:var(--wp--preset--spacing--side-padding)\">\n<div class=\"wp-block-column is-vertically-aligned-center is-layout-flow wp-block-column-is-layout-flow\">\n<figure class=\"wp-block-image size-large\"><img decoding=\"async\" src=\"https:\/\/evolve-fitness.eu\/wp-content\/uploads\/2023\/09\/Lemon-Gym-Saharova-15-edited-1024x768.jpg\" alt=\"\" class=\"wp-image-4049\"\/><\/figure>\n<\/div>\n\n\n\n<div class=\"wp-block-column is-vertically-aligned-center is-layout-flow wp-block-column-is-layout-flow\">\n<h3 class=\"wp-block-heading\" style=\"margin-bottom:var(--wp--preset--spacing--h-3-bottom)\"><strong>Personnalis\u00e9 pour votre marque<\/strong><\/h3>\n\n\n\n<p><strong><em><strong><em>S&rsquo;harmoniser avec les couleurs de votre int\u00e9rieur<\/em><\/strong><\/em><\/strong><\/p>\n\n\n\n<p style=\"margin-bottom:var(--wp--preset--spacing--tb-section-padding)\">Am\u00e9liorez l&rsquo;image de marque de votre salle de sport en choisissant l&rsquo;\u00e9quipement Evolve. Nous proposons des options de personnalisation afin d&rsquo;harmoniser les couleurs de votre int\u00e9rieur. Vous pouvez m\u00eame personnaliser les couleurs du cadre et du rembourrage afin de les int\u00e9grer parfaitement \u00e0 l&rsquo;esth\u00e9tique de votre \u00e9tablissement. Obtenez l&rsquo;\u00e9quipement de fitness que vous attendiez &#8211; durable, \u00e9l\u00e9gant et adapt\u00e9 \u00e0 vos besoins sp\u00e9cifiques. Choisissez Evolve pour un \u00e9quipement de fitness de premier ordre qui excelle dans les environnements commerciaux et compl\u00e8te votre vision du design.<\/p>\n<\/div>\n<\/div>\n<\/section>\n","protected":false},"excerpt":{"rendered":"<p>Le banc utilitaire Evolve Prime Series, PR-205, est un choix durable et polyvalent pour les salles de sport commerciales. Avec son cadre m\u00e9tallique robuste, ses caract\u00e9ristiques antid\u00e9rapantes et ses couleurs personnalisables, il offre stabilit\u00e9, style et confort aux utilisateurs de toutes tailles. Ce banc est con\u00e7u pour durer et est assorti d&rsquo;une garantie de 2 ans, ce qui en fait un excellent investissement pour tout centre de remise en forme.<\/p>\n","protected":false},"featured_media":54367,"template":"","meta":{"_acf_changed":false,"inline_featured_image":false},"product_cat":[413,1246,1247],"product_tag":[],"class_list":{"0":"post-54349","1":"product","2":"type-product","3":"status-publish","4":"has-post-thumbnail","6":"product_cat-page-daccueil","7":"product_cat-bancs","8":"product_cat-bancs-prime-series","10":"first","11":"outofstock","12":"shipping-taxable","13":"purchasable","14":"product-type-simple"},"acf":[],"_links":{"self":[{"href":"https:\/\/store.evolve-fitness.eu\/fr\/wp-json\/wp\/v2\/product\/54349","targetHints":{"allow":["GET"]}}],"collection":[{"href":"https:\/\/store.evolve-fitness.eu\/fr\/wp-json\/wp\/v2\/product"}],"about":[{"href":"https:\/\/store.evolve-fitness.eu\/fr\/wp-json\/wp\/v2\/types\/product"}],"wp:featuredmedia":[{"embeddable":true,"href":"https:\/\/store.evolve-fitness.eu\/fr\/wp-json\/wp\/v2\/media\/54367"}],"wp:attachment":[{"href":"https:\/\/store.evolve-fitness.eu\/fr\/wp-json\/wp\/v2\/media?parent=54349"}],"wp:term":[{"taxonomy":"product_cat","embeddable":true,"href":"https:\/\/store.evolve-fitness.eu\/fr\/wp-json\/wp\/v2\/product_cat?post=54349"},{"taxonomy":"product_tag","embeddable":true,"href":"https:\/\/store.evolve-fitness.eu\/fr\/wp-json\/wp\/v2\/product_tag?post=54349"}],"curies":[{"name":"wp","href":"https:\/\/api.w.org\/{rel}","templated":true}]}}