{"id":53873,"date":"2024-01-24T15:19:10","date_gmt":"2024-01-24T15:19:10","guid":{"rendered":"https:\/\/store.evolve-fitness.eu\/product\/banc-evolve-econ-series-ab-2\/"},"modified":"2025-03-07T07:10:59","modified_gmt":"2025-03-07T07:10:59","slug":"banc-evolve-econ-series-ab-2","status":"publish","type":"product","link":"https:\/\/store.evolve-fitness.eu\/fr\/produit\/banc-evolve-econ-series-ab-2\/","title":{"rendered":"Banc Evolve Econ Series AB"},"content":{"rendered":"\n<section class=\"wp-block-group alignfull black-content has-white-color has-darkgray-background-color has-text-color has-background is-layout-constrained wp-block-group-is-layout-constrained\" style=\"padding-top:var(--wp--preset--spacing--section-bottom);padding-bottom:var(--wp--preset--spacing--section-bottom)\">\n<h3 class=\"wp-block-heading has-text-align-center\" style=\"margin-bottom:var(--wp--preset--spacing--tb-section-padding)\"><strong>\n  <strong>\n    <strong>EVOLVE <\/strong>\n  <\/strong>\n<\/strong>Bancs de la s\u00e9rie Econ<\/h3>\n\n\n\n<div class=\"wp-block-columns alignwide mobile-reverse is-layout-flex wp-container-core-columns-is-layout-ca64bf2d wp-block-columns-is-layout-flex\" style=\"margin-bottom:var(--wp--preset--spacing--side-padding)\">\n<div class=\"wp-block-column is-vertically-aligned-center is-layout-flow wp-block-column-is-layout-flow\">\n<h3 class=\"wp-block-heading\" style=\"margin-bottom:var(--wp--preset--spacing--h-3-bottom)\"><strong><strong><strong><strong><strong><strong>Haute qualit\u00e9<\/strong><\/strong><\/strong><\/strong><\/strong><\/strong><\/h3>\n\n\n\n<p><strong><em><strong><strong><strong><strong>Conception durable<\/strong><\/strong><\/strong><\/strong><\/em><\/strong><\/p>\n\n\n\n<p style=\"margin-bottom:var(--wp--preset--spacing--tb-padding)\">Nos bancs de fitness sont construits pour durer, avec un cadre m\u00e9tallique solide construit \u00e0 partir de tubes circulaires soud\u00e9s. La technologie avanc\u00e9e de pulv\u00e9risation \u00e9lectrostatique de poudres thermodurcissables conf\u00e8re \u00e0 la surface non seulement un aspect \u00e9l\u00e9gant, mais aussi une excellente protection contre la rouille. Que vous soyez un adepte du fitness \u00e0 domicile ou une salle de sport professionnelle, nos bancs Evolve sont con\u00e7us pour r\u00e9pondre \u00e0 vos besoins. Ils sont \u00e9galement parfaits pour les installations de fitness commerciales dans les bases militaires, les h\u00f4tels, les auberges et les centres de r\u00e9\u00e9ducation.<\/p>\n\n\n\n<h3 class=\"wp-block-heading\" style=\"margin-bottom:var(--wp--preset--spacing--h-3-bottom)\"><strong><strong><strong><strong><strong><strong><strong><strong>Fonctionnalit\u00e9 exceptionnelle<\/strong><\/strong><\/strong><\/strong><\/strong><\/strong><\/strong><\/strong><\/h3>\n\n\n\n<p><strong><em><strong><strong><strong><strong><strong>Couvertures en PVC<\/strong><\/strong><\/strong><\/strong><\/strong><\/em><\/strong><\/p>\n\n\n\n<p>Nos bancs sont non seulement durables, mais aussi con\u00e7us pour une fonctionnalit\u00e9 maximale. Les rev\u00eatements en PVC souple sur les pieds prot\u00e8gent vos sols et garantissent la stabilit\u00e9 m\u00eame pendant les s\u00e9ances d&rsquo;entra\u00eenement les plus intenses. Le banc utilitaire Evolve offre une plate-forme stable pour un entra\u00eenement complet du corps. Son rembourrage doux et confortable est rempli d&rsquo;une mousse dense et durable qui ne perdra pas sa forme. De plus, il est recouvert d&rsquo;un cuir PU robuste de premi\u00e8re qualit\u00e9 pour une plus grande durabilit\u00e9.<\/p>\n<\/div>\n\n\n\n<div class=\"wp-block-column is-vertically-aligned-center is-layout-flow wp-block-column-is-layout-flow\">\n<figure class=\"wp-block-image size-full is-style-rounded\"><img loading=\"lazy\" decoding=\"async\" width=\"1080\" height=\"1080\" src=\"https:\/\/store.evolve-fitness.eu\/wp-content\/uploads\/2024\/06\/Dizainas-be-pavadinimo-6-6.png\" alt=\"\" class=\"wp-image-78346\" style=\"object-fit:cover\" srcset=\"https:\/\/store.evolve-fitness.eu\/wp-content\/uploads\/2024\/06\/Dizainas-be-pavadinimo-6-6.png 1080w, https:\/\/store.evolve-fitness.eu\/wp-content\/uploads\/2024\/06\/Dizainas-be-pavadinimo-6-6-300x300.png 300w, https:\/\/store.evolve-fitness.eu\/wp-content\/uploads\/2024\/06\/Dizainas-be-pavadinimo-6-6-1024x1024.png 1024w, https:\/\/store.evolve-fitness.eu\/wp-content\/uploads\/2024\/06\/Dizainas-be-pavadinimo-6-6-150x150.png 150w, https:\/\/store.evolve-fitness.eu\/wp-content\/uploads\/2024\/06\/Dizainas-be-pavadinimo-6-6-768x768.png 768w, https:\/\/store.evolve-fitness.eu\/wp-content\/uploads\/2024\/06\/Dizainas-be-pavadinimo-6-6-600x600.png 600w, https:\/\/store.evolve-fitness.eu\/wp-content\/uploads\/2024\/06\/Dizainas-be-pavadinimo-6-6-100x100.png 100w\" sizes=\"auto, (max-width: 1080px) 100vw, 1080px\" \/><\/figure>\n<\/div>\n<\/div>\n<\/section>\n","protected":false},"excerpt":{"rendered":"<p>Le banc EC-288 Econ Series AB est un banc d&rsquo;entra\u00eenement de qualit\u00e9 commerciale, tr\u00e8s r\u00e9sistant, con\u00e7u pour les exercices abdominaux intensifs. Son cadre m\u00e9tallique durable avec rev\u00eatement anticorrosion assure stabilit\u00e9 et long\u00e9vit\u00e9. Avec une capacit\u00e9 de charge maximale de 300 kg, il convient aux utilisateurs de toutes tailles. La banquette est dot\u00e9e d&rsquo;un rev\u00eatement confortable en cuir PU et de pieds recouverts de PVC souple pour prot\u00e9ger le sol. Parfait pour les salles de sport professionnelles et les particuliers, il est assorti d&rsquo;une garantie de 2 ans, ce qui en fait un choix fiable pour les exercices de base.<\/p>\n","protected":false},"featured_media":53876,"template":"","meta":{"_acf_changed":false,"inline_featured_image":false},"product_cat":[413,1246,1261],"product_tag":[],"class_list":{"0":"post-53873","1":"product","2":"type-product","3":"status-publish","4":"has-post-thumbnail","6":"product_cat-page-daccueil","7":"product_cat-bancs","8":"product_cat-bancs-econ-series","10":"first","11":"outofstock","12":"shipping-taxable","13":"purchasable","14":"product-type-simple"},"acf":[],"_links":{"self":[{"href":"https:\/\/store.evolve-fitness.eu\/fr\/wp-json\/wp\/v2\/product\/53873","targetHints":{"allow":["GET"]}}],"collection":[{"href":"https:\/\/store.evolve-fitness.eu\/fr\/wp-json\/wp\/v2\/product"}],"about":[{"href":"https:\/\/store.evolve-fitness.eu\/fr\/wp-json\/wp\/v2\/types\/product"}],"wp:featuredmedia":[{"embeddable":true,"href":"https:\/\/store.evolve-fitness.eu\/fr\/wp-json\/wp\/v2\/media\/53876"}],"wp:attachment":[{"href":"https:\/\/store.evolve-fitness.eu\/fr\/wp-json\/wp\/v2\/media?parent=53873"}],"wp:term":[{"taxonomy":"product_cat","embeddable":true,"href":"https:\/\/store.evolve-fitness.eu\/fr\/wp-json\/wp\/v2\/product_cat?post=53873"},{"taxonomy":"product_tag","embeddable":true,"href":"https:\/\/store.evolve-fitness.eu\/fr\/wp-json\/wp\/v2\/product_tag?post=53873"}],"curies":[{"name":"wp","href":"https:\/\/api.w.org\/{rel}","templated":true}]}}