{"id":53755,"date":"2024-01-24T14:24:32","date_gmt":"2024-01-24T14:24:32","guid":{"rendered":"https:\/\/store.evolve-fitness.eu\/product\/banc-reglable-evolve-econ-series\/"},"modified":"2025-09-25T17:14:51","modified_gmt":"2025-09-25T17:14:51","slug":"banc-reglable-evolve-econ-series","status":"publish","type":"product","link":"https:\/\/store.evolve-fitness.eu\/fr\/produit\/banc-reglable-evolve-econ-series\/","title":{"rendered":"Banc r\u00e9glable Evolve Econ Series"},"content":{"rendered":"\n<section class=\"wp-block-group alignfull black-content has-white-color has-darkgray-background-color has-text-color has-background is-layout-constrained wp-block-group-is-layout-constrained\" style=\"padding-top:var(--wp--preset--spacing--section-bottom);padding-bottom:var(--wp--preset--spacing--section-bottom)\">\n<div class=\"wp-block-columns alignwide is-layout-flex wp-container-core-columns-is-layout-c45ee707 wp-block-columns-is-layout-flex\" style=\"margin-bottom:var(--wp--preset--spacing--side-padding);padding-top:var(--wp--preset--spacing--side-padding)\">\n<div class=\"wp-block-column is-vertically-aligned-center is-layout-flow wp-block-column-is-layout-flow\">\n<figure class=\"wp-block-image size-large is-style-rounded\"><img decoding=\"async\" src=\"https:\/\/evolve-fitness.eu\/wp-content\/uploads\/2023\/09\/EV-BN-EC-117-1-2-1024x683.jpg\" alt=\"\" class=\"wp-image-165551\"\/><\/figure>\n<\/div>\n\n\n\n<div class=\"wp-block-column is-vertically-aligned-center is-layout-flow wp-block-column-is-layout-flow\">\n<h3 class=\"wp-block-heading\" style=\"margin-bottom:var(--wp--preset--spacing--h-3-bottom)\"><strong><strong><strong><strong><strong><strong><strong><strong><strong><strong><strong>Haute qualit\u00e9<\/strong><\/strong><\/strong><\/strong><\/strong><\/strong><\/strong><\/strong><\/strong><\/strong><\/strong><\/h3>\n\n\n\n<p>Nos bancs de fitness sont construits pour durer, avec un cadre m\u00e9tallique solide construit \u00e0 partir de tubes circulaires soud\u00e9s. La technologie avanc\u00e9e de pulv\u00e9risation \u00e9lectrostatique de poudres thermodurcissables conf\u00e8re \u00e0 la surface non seulement un aspect \u00e9l\u00e9gant, mais aussi une excellente protection contre la rouille. Que vous soyez un adepte du fitness \u00e0 domicile ou une salle de sport professionnelle, nos bancs Evolve sont con\u00e7us pour r\u00e9pondre \u00e0 vos besoins. Ils sont \u00e9galement parfaits pour les installations de fitness commerciales dans les bases militaires, les h\u00f4tels, les auberges et les centres de r\u00e9\u00e9ducation.<\/p>\n<\/div>\n<\/div>\n\n\n\n<div class=\"wp-block-columns alignwide is-layout-flex wp-container-core-columns-is-layout-c45ee707 wp-block-columns-is-layout-flex\" style=\"margin-bottom:var(--wp--preset--spacing--side-padding);padding-top:var(--wp--preset--spacing--side-padding)\">\n<div class=\"wp-block-column is-vertically-aligned-center is-layout-flow wp-block-column-is-layout-flow\">\n<h3 class=\"wp-block-heading\" style=\"margin-bottom:var(--wp--preset--spacing--h-3-bottom)\"><strong><strong><strong><strong><strong><strong><strong><strong><strong>Conception ajustable<\/strong><\/strong><\/strong><\/strong><\/strong><\/strong><\/strong><\/strong><\/strong><\/h3>\n\n\n\n<p style=\"margin-bottom:var(--wp--preset--spacing--tb-section-padding)\">Le banc permet de r\u00e9gler les positions d&rsquo;<strong>inclinaison<\/strong>, d&rsquo;inclinaison <strong>\u00e0 plat<\/strong> et d&rsquo;<strong>inclinaison \u00e0 la baisse<\/strong>, ce qui permet de r\u00e9aliser une large gamme d&rsquo;exercices. Les multiples r\u00e9glages du dossier et de l&rsquo;assise garantissent une ergonomie et une flexibilit\u00e9 optimales pendant les s\u00e9ances d&rsquo;entra\u00eenement. <\/p>\n<\/div>\n\n\n\n<div class=\"wp-block-column is-vertically-aligned-center is-layout-flow wp-block-column-is-layout-flow\">\n<figure class=\"wp-block-image size-large is-style-rounded\"><img decoding=\"async\" src=\"https:\/\/evolve-fitness.eu\/wp-content\/uploads\/2023\/09\/Untitled-1-1-1024x768.png\" alt=\"\" class=\"wp-image-165576\"\/><\/figure>\n<\/div>\n<\/div>\n\n\n\n<div class=\"wp-block-columns alignwide is-layout-flex wp-container-core-columns-is-layout-c45ee707 wp-block-columns-is-layout-flex\" style=\"margin-bottom:var(--wp--preset--spacing--side-padding);padding-top:var(--wp--preset--spacing--side-padding)\">\n<div class=\"wp-block-column is-vertically-aligned-center is-layout-flow wp-block-column-is-layout-flow\">\n<figure class=\"wp-block-image size-large is-style-rounded\"><img decoding=\"async\" src=\"https:\/\/evolve-fitness.eu\/wp-content\/uploads\/2023\/09\/EV-BN-EC-117-4-3-1024x683.jpg\" alt=\"\" class=\"wp-image-165475\"\/><\/figure>\n<\/div>\n\n\n\n<div class=\"wp-block-column is-vertically-aligned-center is-layout-flow wp-block-column-is-layout-flow\">\n<h3 class=\"wp-block-heading\" style=\"margin-bottom:var(--wp--preset--spacing--h-3-bottom)\"><strong><strong>Robuste et durable<\/strong><\/strong><\/h3>\n\n\n\n<p>Fabriqu\u00e9 avec des mat\u00e9riaux de haute qualit\u00e9, il supporte une charge importante, ce qui le rend adapt\u00e9 aux s\u00e9ances d&rsquo;entra\u00eenement intenses.<\/p>\n<\/div>\n<\/div>\n\n\n\n<div class=\"wp-block-columns alignwide is-layout-flex wp-container-core-columns-is-layout-c45ee707 wp-block-columns-is-layout-flex\" style=\"margin-bottom:var(--wp--preset--spacing--side-padding);padding-top:var(--wp--preset--spacing--side-padding)\">\n<div class=\"wp-block-column is-vertically-aligned-center is-layout-flow wp-block-column-is-layout-flow\">\n<h3 class=\"wp-block-heading\" style=\"margin-bottom:var(--wp--preset--spacing--h-3-bottom)\"><strong><strong>Confort<\/strong><\/strong><\/h3>\n\n\n\n<p style=\"margin-bottom:var(--wp--preset--spacing--tb-section-padding)\">Rembourr\u00e9 avec une mousse durable et recouvert d&rsquo;un cuir PU robuste pour une surface confortable et de soutien.<\/p>\n<\/div>\n\n\n\n<div class=\"wp-block-column is-vertically-aligned-center is-layout-flow wp-block-column-is-layout-flow\">\n<figure class=\"wp-block-image size-large is-style-rounded\"><img decoding=\"async\" src=\"https:\/\/evolve-fitness.eu\/wp-content\/uploads\/2023\/09\/EV-BN-EC-117-9-1-1024x683.jpg\" alt=\"\" class=\"wp-image-165500\"\/><\/figure>\n<\/div>\n<\/div>\n\n\n\n<div class=\"wp-block-columns alignwide is-layout-flex wp-container-core-columns-is-layout-c45ee707 wp-block-columns-is-layout-flex\" style=\"margin-bottom:var(--wp--preset--spacing--side-padding);padding-top:var(--wp--preset--spacing--side-padding)\">\n<div class=\"wp-block-column is-vertically-aligned-center is-layout-flow wp-block-column-is-layout-flow\">\n<figure class=\"wp-block-image size-large is-style-rounded\"><img decoding=\"async\" src=\"https:\/\/evolve-fitness.eu\/wp-content\/uploads\/2023\/09\/EV-BN-EC-117-5-1024x683.jpg\" alt=\"\" class=\"wp-image-165525\"\/><\/figure>\n<\/div>\n\n\n\n<div class=\"wp-block-column is-vertically-aligned-center is-layout-flow wp-block-column-is-layout-flow\">\n<h3 class=\"wp-block-heading\" style=\"margin-bottom:var(--wp--preset--spacing--h-3-bottom)\"><strong><strong><strong><strong><strong>Utilisation commerciale et domestique<\/strong><\/strong><\/strong><\/strong><\/strong><\/h3>\n\n\n\n<p>Convient aux salles de sport et aux espaces d&rsquo;entra\u00eenement personnels.<\/p>\n<\/div>\n<\/div>\n<\/section>\n","protected":false},"excerpt":{"rendered":"<p>Le banc r\u00e9glable Evolve Econ Series EC-117 est un choix robuste et fiable pour les environnements de fitness commerciaux. Fabriqu\u00e9 avec un cadre m\u00e9tallique solide et un rev\u00eatement en poudre r\u00e9sistant \u00e0 la corrosion, il garantit la durabilit\u00e9 et la stabilit\u00e9 pour les s\u00e9ances d&rsquo;entra\u00eenement intenses. Avec 3 paires de supports de barres et 8 barres de stockage de plaques de poids int\u00e9gr\u00e9es, ce banc offre polyvalence et organisation. Sa conception ergonomique et son rembourrage confortable conviennent aux utilisateurs de toutes tailles. Id\u00e9al pour les gymnases, les bases militaires, les h\u00f4tels, etc.<\/p>\n","protected":false},"featured_media":78709,"template":"","meta":{"_acf_changed":false,"inline_featured_image":false},"product_cat":[413,1246,1261],"product_tag":[],"class_list":{"0":"post-53755","1":"product","2":"type-product","3":"status-publish","4":"has-post-thumbnail","6":"product_cat-page-daccueil","7":"product_cat-bancs","8":"product_cat-bancs-econ-series","10":"first","11":"instock","12":"shipping-taxable","13":"purchasable","14":"product-type-simple"},"acf":[],"_links":{"self":[{"href":"https:\/\/store.evolve-fitness.eu\/fr\/wp-json\/wp\/v2\/product\/53755","targetHints":{"allow":["GET"]}}],"collection":[{"href":"https:\/\/store.evolve-fitness.eu\/fr\/wp-json\/wp\/v2\/product"}],"about":[{"href":"https:\/\/store.evolve-fitness.eu\/fr\/wp-json\/wp\/v2\/types\/product"}],"wp:featuredmedia":[{"embeddable":true,"href":"https:\/\/store.evolve-fitness.eu\/fr\/wp-json\/wp\/v2\/media\/78709"}],"wp:attachment":[{"href":"https:\/\/store.evolve-fitness.eu\/fr\/wp-json\/wp\/v2\/media?parent=53755"}],"wp:term":[{"taxonomy":"product_cat","embeddable":true,"href":"https:\/\/store.evolve-fitness.eu\/fr\/wp-json\/wp\/v2\/product_cat?post=53755"},{"taxonomy":"product_tag","embeddable":true,"href":"https:\/\/store.evolve-fitness.eu\/fr\/wp-json\/wp\/v2\/product_tag?post=53755"}],"curies":[{"name":"wp","href":"https:\/\/api.w.org\/{rel}","templated":true}]}}