{"id":53392,"date":"2024-01-24T11:28:55","date_gmt":"2024-01-24T11:28:55","guid":{"rendered":"https:\/\/store.evolve-fitness.eu\/product\/banc-dhyperextension-evolve-prime-series-2\/"},"modified":"2026-03-25T11:59:23","modified_gmt":"2026-03-25T11:59:23","slug":"banc-dhyperextension-evolve-prime-series-2","status":"publish","type":"product","link":"https:\/\/store.evolve-fitness.eu\/fr\/produit\/banc-dhyperextension-evolve-prime-series-2\/","title":{"rendered":"Banc d&rsquo;hyperextension Evolve Prime Series"},"content":{"rendered":"\n<section class=\"wp-block-group alignfull black-content has-white-color has-darkgray-background-color has-text-color has-background is-layout-constrained wp-block-group-is-layout-constrained\" style=\"padding-top:var(--wp--preset--spacing--section-bottom);padding-bottom:var(--wp--preset--spacing--section-bottom)\">\n<div class=\"wp-block-columns alignwide is-layout-flex wp-container-core-columns-is-layout-c45ee707 wp-block-columns-is-layout-flex\" style=\"margin-bottom:var(--wp--preset--spacing--side-padding);padding-top:var(--wp--preset--spacing--side-padding)\">\n<div class=\"wp-block-column is-vertically-aligned-center is-layout-flow wp-block-column-is-layout-flow\">\n<figure class=\"wp-block-image size-large\"><img decoding=\"async\" src=\"https:\/\/evolve-fitness.eu\/wp-content\/uploads\/2023\/12\/EV-BN-PR-224-Evolve-Prime-Series-Adjustable-Hyperextension-Bench-8-683x1024.jpg\" alt=\"\" class=\"wp-image-129583\"\/><\/figure>\n<\/div>\n\n\n\n<div class=\"wp-block-column is-vertically-aligned-center is-layout-constrained wp-block-column-is-layout-constrained\">\n<h3 class=\"wp-block-heading\" style=\"margin-bottom:var(--wp--preset--spacing--h-3-bottom)\"><strong>Am\u00e9lior\u00e9e<\/strong><\/h3>\n\n\n\n<p><strong>Entra\u00eenement de base<\/strong><\/p>\n\n\n\n<p style=\"margin-bottom:var(--wp--preset--spacing--tb-section-padding)\">L&rsquo;Evolve PR-224 est sp\u00e9cialis\u00e9 dans le renforcement du bas du dos, des fessiers et des muscles abdominaux, offrant ainsi un entra\u00eenement cibl\u00e9 du tronc. Sa conception assure un engagement musculaire cibl\u00e9 pour un renforcement efficace de la force.<\/p>\n<\/div>\n<\/div>\n\n\n\n<div class=\"wp-block-columns alignwide is-layout-flex wp-container-core-columns-is-layout-c45ee707 wp-block-columns-is-layout-flex\" style=\"margin-bottom:var(--wp--preset--spacing--side-padding);padding-top:var(--wp--preset--spacing--side-padding)\">\n<div class=\"wp-block-column is-vertically-aligned-center is-layout-flow wp-block-column-is-layout-flow\">\n<h3 class=\"wp-block-heading\" style=\"margin-bottom:var(--wp--preset--spacing--h-3-bottom)\"><strong><strong>Personnalisable<\/strong><\/strong><\/h3>\n\n\n\n<p><strong><em><strong><strong>pour les besoins individuels<\/strong><\/strong><\/em><\/strong><\/p>\n\n\n\n<p>Cette chaise romaine est r\u00e9glable, ce qui permet aux utilisateurs de l&rsquo;adapter \u00e0 leur taille et \u00e0 l&rsquo;intensit\u00e9 de leur entra\u00eenement. Cette adaptabilit\u00e9 permet aux utilisateurs d&rsquo;avoir une bonne condition physique.<\/p>\n<\/div>\n\n\n\n<div class=\"wp-block-column is-vertically-aligned-center is-layout-flow wp-block-column-is-layout-flow\">\n<div class=\"wp-block-columns is-layout-flex wp-container-core-columns-is-layout-9d6595d7 wp-block-columns-is-layout-flex\">\n<div class=\"wp-block-column is-layout-flow wp-block-column-is-layout-flow\">\n<figure class=\"wp-block-image size-large\"><img decoding=\"async\" src=\"https:\/\/evolve-fitness.eu\/wp-content\/uploads\/2023\/12\/EV-BN-PR-224-Evolve-Prime-Series-Adjustable-Hyperextension-Bench-7-1024x683.jpg\" alt=\"EV-BN-PR-224\" class=\"wp-image-129609\"\/><\/figure>\n<\/div>\n<\/div>\n<\/div>\n<\/div>\n\n\n\n<div class=\"wp-block-columns alignwide is-layout-flex wp-container-core-columns-is-layout-c45ee707 wp-block-columns-is-layout-flex\" style=\"margin-bottom:var(--wp--preset--spacing--side-padding);padding-top:var(--wp--preset--spacing--side-padding)\">\n<div class=\"wp-block-column is-vertically-aligned-center is-layout-flow wp-block-column-is-layout-flow\">\n<figure class=\"wp-block-image size-large\"><img decoding=\"async\" src=\"https:\/\/evolve-fitness.eu\/wp-content\/uploads\/2023\/12\/EV-BN-PR-224-Evolve-Prime-Series-Adjustable-Hyperextension-Bench-2-1024x683.jpg\" alt=\"EV-BN-PR-224\" class=\"wp-image-129634\"\/><\/figure>\n<\/div>\n\n\n\n<div class=\"wp-block-column is-vertically-aligned-center is-layout-flow wp-block-column-is-layout-flow\">\n<h3 class=\"wp-block-heading\" style=\"margin-bottom:var(--wp--preset--spacing--h-3-bottom)\"><strong><strong><strong>Robuste et fiable<\/strong><\/strong><\/strong><\/h3>\n\n\n\n<p><em><strong><strong>La construction<\/strong><\/strong><\/em><\/p>\n\n\n\n<p>Construit pour durer, le banc Evolve \u00e0 dossier romain \u00e0 inclinaison r\u00e9glable r\u00e9siste \u00e0 une utilisation rigoureuse dans les salles de sport professionnelles, garantissant une fiabilit\u00e9 et une s\u00e9curit\u00e9 \u00e0 long terme pendant les s\u00e9ances d&rsquo;entra\u00eenement.<\/p>\n<\/div>\n<\/div>\n\n\n\n<div class=\"wp-block-columns alignwide is-layout-flex wp-container-core-columns-is-layout-c45ee707 wp-block-columns-is-layout-flex\" style=\"margin-bottom:var(--wp--preset--spacing--side-padding);padding-top:var(--wp--preset--spacing--side-padding)\">\n<div class=\"wp-block-column is-vertically-aligned-center is-layout-flow wp-block-column-is-layout-flow\">\n<h3 class=\"wp-block-heading\" style=\"margin-bottom:var(--wp--preset--spacing--h-3-bottom)\"><strong><strong>Conception ergonomique<\/strong><\/strong><\/h3>\n\n\n\n<p><strong><strong>pour le confort<\/strong><\/strong><\/p>\n\n\n\n<p>Privil\u00e9giant le confort de l&rsquo;utilisateur, il est con\u00e7u de mani\u00e8re ergonomique pour soutenir correctement le corps pendant les exercices, minimisant ainsi le risque de blessure et am\u00e9liorant l&rsquo;efficacit\u00e9 de l&rsquo;entra\u00eenement.<\/p>\n<\/div>\n\n\n\n<div class=\"wp-block-column is-vertically-aligned-center is-layout-flow wp-block-column-is-layout-flow\">\n<div class=\"wp-block-columns is-layout-flex wp-container-core-columns-is-layout-9d6595d7 wp-block-columns-is-layout-flex\">\n<div class=\"wp-block-column is-layout-flow wp-block-column-is-layout-flow\">\n<figure class=\"wp-block-image size-large\"><img decoding=\"async\" src=\"https:\/\/evolve-fitness.eu\/wp-content\/uploads\/2023\/12\/EV-BN-PR-224-Evolve-Prime-Series-Adjustable-Hyperextension-Bench-3-683x1024.jpg\" alt=\"EV-BN-PR-224\" class=\"wp-image-129659\"\/><\/figure>\n<\/div>\n<\/div>\n<\/div>\n<\/div>\n<\/section>\n","protected":false},"excerpt":{"rendered":"<p>Le banc d&rsquo;hyperextension Evolve Prime Series est un si\u00e8ge de qualit\u00e9 professionnelle, con\u00e7u pour am\u00e9liorer l&rsquo;entra\u00eenement du bas du dos, des fessiers et des abdominaux. Con\u00e7u pour \u00eatre durable et stable, il constitue un compl\u00e9ment id\u00e9al \u00e0 toute salle de sport ou espace d&rsquo;entra\u00eenement \u00e0 domicile, offrant \u00e0 la fois confort et robustesse pour divers exercices. La conception r\u00e9glable s&rsquo;adresse aux utilisateurs de diff\u00e9rentes tailles et pr\u00e9f\u00e9rences d&rsquo;entra\u00eenement, garantissant une exp\u00e9rience d&rsquo;entra\u00eenement personnalis\u00e9e et efficace.<\/p>\n","protected":false},"featured_media":53396,"template":"","meta":{"_acf_changed":false,"inline_featured_image":false},"product_cat":[413,1246,1247],"product_tag":[],"class_list":{"0":"post-53392","1":"product","2":"type-product","3":"status-publish","4":"has-post-thumbnail","6":"product_cat-page-daccueil","7":"product_cat-bancs","8":"product_cat-bancs-prime-series","10":"first","11":"outofstock","12":"shipping-taxable","13":"purchasable","14":"product-type-simple"},"acf":[],"_links":{"self":[{"href":"https:\/\/store.evolve-fitness.eu\/fr\/wp-json\/wp\/v2\/product\/53392","targetHints":{"allow":["GET"]}}],"collection":[{"href":"https:\/\/store.evolve-fitness.eu\/fr\/wp-json\/wp\/v2\/product"}],"about":[{"href":"https:\/\/store.evolve-fitness.eu\/fr\/wp-json\/wp\/v2\/types\/product"}],"wp:featuredmedia":[{"embeddable":true,"href":"https:\/\/store.evolve-fitness.eu\/fr\/wp-json\/wp\/v2\/media\/53396"}],"wp:attachment":[{"href":"https:\/\/store.evolve-fitness.eu\/fr\/wp-json\/wp\/v2\/media?parent=53392"}],"wp:term":[{"taxonomy":"product_cat","embeddable":true,"href":"https:\/\/store.evolve-fitness.eu\/fr\/wp-json\/wp\/v2\/product_cat?post=53392"},{"taxonomy":"product_tag","embeddable":true,"href":"https:\/\/store.evolve-fitness.eu\/fr\/wp-json\/wp\/v2\/product_tag?post=53392"}],"curies":[{"name":"wp","href":"https:\/\/api.w.org\/{rel}","templated":true}]}}