{"id":53033,"date":"2024-01-25T09:35:23","date_gmt":"2024-01-25T09:35:23","guid":{"rendered":"https:\/\/store.evolve-fitness.eu\/product\/halteres-a-poids-reglable-evolve-ultra-series-3-32-kg\/"},"modified":"2026-04-10T12:00:22","modified_gmt":"2026-04-10T12:00:22","slug":"halteres-a-poids-reglable-evolve-ultra-series-3-32-kg","status":"publish","type":"product","link":"https:\/\/store.evolve-fitness.eu\/fr\/produit\/halteres-a-poids-reglable-evolve-ultra-series-3-32-kg\/","title":{"rendered":"Halt\u00e8res \u00e0 poids r\u00e9glable Evolve Ultra Series (4-23,5 \/ 32,5 \/ 41,5 kg)"},"content":{"rendered":"\n<section class=\"wp-block-group alignfull black-content has-white-color has-darkgray-background-color has-text-color has-background is-layout-constrained wp-block-group-is-layout-constrained\" style=\"padding-top:var(--wp--preset--spacing--section-bottom);padding-bottom:var(--wp--preset--spacing--section-bottom)\">\n<div class=\"wp-block-columns alignwide is-layout-flex wp-container-core-columns-is-layout-c45ee707 wp-block-columns-is-layout-flex\" style=\"margin-bottom:var(--wp--preset--spacing--side-padding);padding-top:var(--wp--preset--spacing--side-padding)\">\n<div class=\"wp-block-column is-vertically-aligned-center is-layout-flow wp-block-column-is-layout-flow\">\n<figure class=\"wp-block-image size-full is-resized is-style-rounded\"><a href=\"https:\/\/evolve-fitness.eu\/?attachment_id=195580\"><img decoding=\"async\" src=\"https:\/\/evolve-fitness.eu\/wp-content\/uploads\/2025\/04\/EV-DB-AD-415-18.jpg\" alt=\"\" class=\"wp-image-195580\" style=\"object-fit:cover;width:680px;height:600px\"\/><\/a><\/figure>\n<\/div>\n\n\n\n<div class=\"wp-block-column is-vertically-aligned-center is-layout-constrained wp-block-column-is-layout-constrained\">\n<h3 class=\"wp-block-heading\" style=\"margin-bottom:var(--wp--preset--spacing--h-3-bottom)\">D\u00e9veloppement musculaire cibl\u00e9<\/h3>\n\n\n\n<p><strong><em><strong><em>Sculpter avec pr\u00e9cision<\/em><\/strong><\/em><\/strong><\/p>\n\n\n\n<p style=\"margin-bottom:var(--wp--preset--spacing--tb-section-padding)\">Ces halt\u00e8res chrom\u00e9s permettent un entra\u00eenement pr\u00e9cis de la r\u00e9sistance des bras, des \u00e9paules, de la poitrine et des muscles centraux. Id\u00e9aux pour les exercices d&rsquo;isolation et de composition, ils conviennent au d\u00e9veloppement progressif des muscles \u00e0 tous les niveaux de condition physique. <\/p>\n\n\n\n<p><strong><em><strong>Con\u00e7u pour chaque r\u00e9p\u00e9tition<\/strong><\/em><\/strong><\/p>\n\n\n\n<p>Les poign\u00e9es chrom\u00e9es molet\u00e9es offrent une prise s\u00fbre et antid\u00e9rapante qui am\u00e9liore le contr\u00f4le et la s\u00e9curit\u00e9 de l&rsquo;utilisateur pendant les s\u00e9ances de r\u00e9p\u00e9titions intensives. Leur construction en acier massif garantit une r\u00e9sistance \u00e0 l&rsquo;usure \u00e0 long terme, m\u00eame en cas d&rsquo;utilisation fr\u00e9quente. <\/p>\n<\/div>\n<\/div>\n\n\n\n<div class=\"wp-block-columns alignwide is-layout-flex wp-container-core-columns-is-layout-c45ee707 wp-block-columns-is-layout-flex\" style=\"margin-bottom:var(--wp--preset--spacing--side-padding);padding-top:var(--wp--preset--spacing--side-padding)\">\n<div class=\"wp-block-column is-vertically-aligned-center is-layout-flow wp-block-column-is-layout-flow\">\n<h3 class=\"wp-block-heading\" style=\"margin-bottom:var(--wp--preset--spacing--h-3-bottom)\">Conception ergonomique et adaptative<\/h3>\n\n\n\n<p><strong><em><strong>Une d\u00e9finition qui s&rsquo;adapte \u00e0 chaque main<\/strong><\/em><\/strong><\/p>\n\n\n\n<p>Con\u00e7u avec un \u00e9quilibre optimal et un diam\u00e8tre constant, chaque halt\u00e8re procure une sensation uniforme pendant les lev\u00e9es. Leur finition en chrome poli am\u00e9liore non seulement la durabilit\u00e9, mais r\u00e9siste \u00e9galement \u00e0 la corrosion et aux dommages caus\u00e9s par les manipulations r\u00e9guli\u00e8res. <\/p>\n<\/div>\n\n\n\n<div class=\"wp-block-column is-vertically-aligned-center is-layout-flow wp-block-column-is-layout-flow\">\n<figure class=\"wp-block-image size-large is-style-rounded\"><a href=\"https:\/\/evolve-fitness.eu\/?attachment_id=195605\"><img decoding=\"async\" src=\"https:\/\/evolve-fitness.eu\/wp-content\/uploads\/2025\/04\/EV-DB-AD-415-13-1024x683.jpg\" alt=\"\" class=\"wp-image-195605\"\/><\/a><\/figure>\n<\/div>\n<\/div>\n\n\n\n<div class=\"wp-block-columns alignwide is-layout-flex wp-container-core-columns-is-layout-c45ee707 wp-block-columns-is-layout-flex\" style=\"margin-bottom:var(--wp--preset--spacing--side-padding);padding-top:var(--wp--preset--spacing--side-padding)\">\n<div class=\"wp-block-column is-vertically-aligned-center is-layout-flow wp-block-column-is-layout-flow\">\n<div class=\"wp-block-columns is-layout-flex wp-container-core-columns-is-layout-9d6595d7 wp-block-columns-is-layout-flex\">\n<div class=\"wp-block-column is-layout-flow wp-block-column-is-layout-flow\">\n<figure class=\"wp-block-image size-large is-style-rounded\"><a href=\"https:\/\/evolve-fitness.eu\/?attachment_id=195631\"><img decoding=\"async\" src=\"https:\/\/evolve-fitness.eu\/wp-content\/uploads\/2025\/04\/EV-DB-AD-415-17-1024x683.jpg\" alt=\"\" class=\"wp-image-195631\"\/><\/a><\/figure>\n<\/div>\n<\/div>\n<\/div>\n\n\n\n<div class=\"wp-block-column is-vertically-aligned-center is-layout-flow wp-block-column-is-layout-flow\">\n<h3 class=\"wp-block-heading\" style=\"margin-bottom:var(--wp--preset--spacing--h-3-bottom)\">L&rsquo;avenir de la musculation<\/h3>\n\n\n\n<p><em><strong>L&rsquo;\u00e9l\u00e9gance au service de la performance<\/strong><\/em><\/p>\n\n\n\n<p>Les halt\u00e8res chrom\u00e9s d&rsquo;Evolve constituent un compl\u00e9ment de qualit\u00e9 \u00e0 toute installation d&rsquo;entra\u00eenement musculaire. Avec leur design intemporel et leur fabrication de qualit\u00e9 professionnelle, ils favorisent les s\u00e9ances d&rsquo;entra\u00eenement cibl\u00e9es et rehaussent l&rsquo;aspect et la fonctionnalit\u00e9 de tout environnement d&rsquo;entra\u00eenement. <\/p>\n<\/div>\n<\/div>\n\n\n\n<div class=\"wp-block-columns alignwide is-layout-flex wp-container-core-columns-is-layout-c45ee707 wp-block-columns-is-layout-flex\" style=\"margin-bottom:var(--wp--preset--spacing--side-padding);padding-top:var(--wp--preset--spacing--side-padding)\">\n<div class=\"wp-block-column is-vertically-aligned-center is-layout-flow wp-block-column-is-layout-flow\">\n<h3 class=\"wp-block-heading\" style=\"margin-bottom:var(--wp--preset--spacing--h-3-bottom)\">Gamme de poids polyvalente<\/h3>\n\n\n\n<p><strong><em><strong>Des incr\u00e9ments multiples pour un entra\u00eenement progressif<\/strong><\/em><\/strong><\/p>\n\n\n\n<p>Chaque halt\u00e8re r\u00e9glable est dot\u00e9 d&rsquo;un m\u00e9canisme interne pr\u00e9cis qui permet de s\u00e9lectionner le poids en toute transparence. Le mod\u00e8le de 23,5 kg remplace 13 poids individuels, le mod\u00e8le de 32,5 kg en remplace 19 et la version de 41,5 kg en remplace 25. Vous disposez ainsi d&rsquo;un large \u00e9ventail d&rsquo;options pour favoriser une progression graduelle de la force et satisfaire les utilisateurs de tous les niveaux de condition physique. <\/p>\n<\/div>\n\n\n\n<div class=\"wp-block-column is-vertically-aligned-center is-layout-flow wp-block-column-is-layout-flow\">\n<figure class=\"wp-block-image size-full is-style-rounded\"><img decoding=\"async\" src=\"https:\/\/evolve-fitness.eu\/wp-content\/uploads\/2025\/04\/Compare.jpg\" alt=\"\" class=\"wp-image-196316\"\/><\/figure>\n<\/div>\n<\/div>\n\n\n\n<div class=\"wp-block-columns alignwide is-layout-flex wp-container-core-columns-is-layout-c45ee707 wp-block-columns-is-layout-flex\" style=\"margin-bottom:var(--wp--preset--spacing--side-padding);padding-top:var(--wp--preset--spacing--side-padding)\">\n<div class=\"wp-block-column is-vertically-aligned-center is-layout-flow wp-block-column-is-layout-flow\">\n<figure class=\"wp-block-gallery has-nested-images columns-default is-cropped wp-block-gallery-1 is-layout-flex wp-block-gallery-is-layout-flex\">\n<figure data-wp-context=\"{&quot;imageId&quot;:&quot;69d9126fe0956&quot;}\" data-wp-interactive=\"core\/image\" data-wp-key=\"69d9126fe0956\" class=\"wp-block-image size-large is-style-rounded wp-lightbox-container\"><img decoding=\"async\" data-wp-class--hide=\"state.isContentHidden\" data-wp-class--show=\"state.isContentVisible\" data-wp-init=\"callbacks.setButtonStyles\" data-wp-on--click=\"actions.showLightbox\" data-wp-on--load=\"callbacks.setButtonStyles\" data-wp-on-window--resize=\"callbacks.setButtonStyles\" data-id=\"196038\" src=\"https:\/\/evolve-fitness.eu\/wp-content\/uploads\/2025\/04\/EV-RS-DR-03-3-1024x683.jpg\" alt=\"\" class=\"wp-image-196038\"\/><button\n\t\t\tclass=\"lightbox-trigger\"\n\t\t\ttype=\"button\"\n\t\t\taria-haspopup=\"dialog\"\n\t\t\taria-label=\"Agrandir\"\n\t\t\tdata-wp-init=\"callbacks.initTriggerButton\"\n\t\t\tdata-wp-on--click=\"actions.showLightbox\"\n\t\t\tdata-wp-style--right=\"state.imageButtonRight\"\n\t\t\tdata-wp-style--top=\"state.imageButtonTop\"\n\t\t>\n\t\t\t<svg xmlns=\"http:\/\/www.w3.org\/2000\/svg\" width=\"12\" height=\"12\" fill=\"none\" viewBox=\"0 0 12 12\">\n\t\t\t\t<path fill=\"#fff\" d=\"M2 0a2 2 0 0 0-2 2v2h1.5V2a.5.5 0 0 1 .5-.5h2V0H2Zm2 10.5H2a.5.5 0 0 1-.5-.5V8H0v2a2 2 0 0 0 2 2h2v-1.5ZM8 12v-1.5h2a.5.5 0 0 0 .5-.5V8H12v2a2 2 0 0 1-2 2H8Zm2-12a2 2 0 0 1 2 2v2h-1.5V2a.5.5 0 0 0-.5-.5H8V0h2Z\" \/>\n\t\t\t<\/svg>\n\t\t<\/button><\/figure>\n\n\n\n<figure data-wp-context=\"{&quot;imageId&quot;:&quot;69d9126fe11aa&quot;}\" data-wp-interactive=\"core\/image\" data-wp-key=\"69d9126fe11aa\" class=\"wp-block-image size-large is-style-rounded wp-lightbox-container\"><img decoding=\"async\" data-wp-class--hide=\"state.isContentHidden\" data-wp-class--show=\"state.isContentVisible\" data-wp-init=\"callbacks.setButtonStyles\" data-wp-on--click=\"actions.showLightbox\" data-wp-on--load=\"callbacks.setButtonStyles\" data-wp-on-window--resize=\"callbacks.setButtonStyles\" data-id=\"196063\" src=\"https:\/\/evolve-fitness.eu\/wp-content\/uploads\/2025\/04\/EV-RS-DR-03-10-1024x683.jpg\" alt=\"\" class=\"wp-image-196063\"\/><button\n\t\t\tclass=\"lightbox-trigger\"\n\t\t\ttype=\"button\"\n\t\t\taria-haspopup=\"dialog\"\n\t\t\taria-label=\"Agrandir\"\n\t\t\tdata-wp-init=\"callbacks.initTriggerButton\"\n\t\t\tdata-wp-on--click=\"actions.showLightbox\"\n\t\t\tdata-wp-style--right=\"state.imageButtonRight\"\n\t\t\tdata-wp-style--top=\"state.imageButtonTop\"\n\t\t>\n\t\t\t<svg xmlns=\"http:\/\/www.w3.org\/2000\/svg\" width=\"12\" height=\"12\" fill=\"none\" viewBox=\"0 0 12 12\">\n\t\t\t\t<path fill=\"#fff\" d=\"M2 0a2 2 0 0 0-2 2v2h1.5V2a.5.5 0 0 1 .5-.5h2V0H2Zm2 10.5H2a.5.5 0 0 1-.5-.5V8H0v2a2 2 0 0 0 2 2h2v-1.5ZM8 12v-1.5h2a.5.5 0 0 0 .5-.5V8H12v2a2 2 0 0 1-2 2H8Zm2-12a2 2 0 0 1 2 2v2h-1.5V2a.5.5 0 0 0-.5-.5H8V0h2Z\" \/>\n\t\t\t<\/svg>\n\t\t<\/button><\/figure>\n\n\n\n<figure data-wp-context=\"{&quot;imageId&quot;:&quot;69d9126fe1a83&quot;}\" data-wp-interactive=\"core\/image\" data-wp-key=\"69d9126fe1a83\" class=\"wp-block-image size-large is-style-rounded wp-lightbox-container\"><img decoding=\"async\" data-wp-class--hide=\"state.isContentHidden\" data-wp-class--show=\"state.isContentVisible\" data-wp-init=\"callbacks.setButtonStyles\" data-wp-on--click=\"actions.showLightbox\" data-wp-on--load=\"callbacks.setButtonStyles\" data-wp-on-window--resize=\"callbacks.setButtonStyles\" data-id=\"196088\" src=\"https:\/\/evolve-fitness.eu\/wp-content\/uploads\/2025\/04\/EV-RS-DR-03-13-1024x683.jpg\" alt=\"\" class=\"wp-image-196088\"\/><button\n\t\t\tclass=\"lightbox-trigger\"\n\t\t\ttype=\"button\"\n\t\t\taria-haspopup=\"dialog\"\n\t\t\taria-label=\"Agrandir\"\n\t\t\tdata-wp-init=\"callbacks.initTriggerButton\"\n\t\t\tdata-wp-on--click=\"actions.showLightbox\"\n\t\t\tdata-wp-style--right=\"state.imageButtonRight\"\n\t\t\tdata-wp-style--top=\"state.imageButtonTop\"\n\t\t>\n\t\t\t<svg xmlns=\"http:\/\/www.w3.org\/2000\/svg\" width=\"12\" height=\"12\" fill=\"none\" viewBox=\"0 0 12 12\">\n\t\t\t\t<path fill=\"#fff\" d=\"M2 0a2 2 0 0 0-2 2v2h1.5V2a.5.5 0 0 1 .5-.5h2V0H2Zm2 10.5H2a.5.5 0 0 1-.5-.5V8H0v2a2 2 0 0 0 2 2h2v-1.5ZM8 12v-1.5h2a.5.5 0 0 0 .5-.5V8H12v2a2 2 0 0 1-2 2H8Zm2-12a2 2 0 0 1 2 2v2h-1.5V2a.5.5 0 0 0-.5-.5H8V0h2Z\" \/>\n\t\t\t<\/svg>\n\t\t<\/button><\/figure>\n\n\n\n<figure class=\"wp-block-image size-large\"><img decoding=\"async\" data-id=\"196113\" src=\"https:\/\/evolve-fitness.eu\/wp-content\/uploads\/2025\/04\/EV-RS-DR-03-PNG-1-1024x1024.png\" alt=\"\" class=\"wp-image-196113\"\/><\/figure>\n<\/figure>\n<\/div>\n\n\n\n<div class=\"wp-block-column is-vertically-aligned-center is-layout-flow wp-block-column-is-layout-flow\">\n<h3 class=\"wp-block-heading\" style=\"margin-bottom:var(--wp--preset--spacing--h-3-bottom)\">Support d&rsquo;halt\u00e8res en option<\/h3>\n\n\n\n<p><strong><em><strong>Sur\u00e9levez votre jeu d&rsquo;halt\u00e8res<\/strong><\/em><\/strong><\/p>\n\n\n\n<p>Le support d&rsquo;halt\u00e8res en m\u00e9tal optionnel pour l&rsquo;halt\u00e8re r\u00e9glable Evolve Ultra Series est con\u00e7u pour am\u00e9liorer \u00e0 la fois la fonctionnalit\u00e9 et l&rsquo;esth\u00e9tique de votre espace d&rsquo;entra\u00eenement. Construit en m\u00e9tal durable, il offre une plate-forme stable et s\u00fbre pour vos halt\u00e8res r\u00e9glables, garantissant qu&rsquo;ils sont stock\u00e9s en toute s\u00e9curit\u00e9 et facilement accessibles. La conception ergonomique du support favorise une bonne posture de levage, r\u00e9duisant ainsi les tensions pendant les s\u00e9ances d&rsquo;entra\u00eenement. Son encombrement r\u00e9duit permet de maintenir un environnement organis\u00e9 et sans encombrement, ce qui en fait un compl\u00e9ment id\u00e9al pour les salles de sport \u00e0 domicile et les centres de remise en forme professionnels.   <\/p>\n<\/div>\n<\/div>\n<\/section>\n","protected":false},"excerpt":{"rendered":"<p>Les halt\u00e8res chrom\u00e9s \u00e0 poids r\u00e9glable Evolve Ultra Series offrent un m\u00e9lange de durabilit\u00e9 et de fonctionnalit\u00e9. Con\u00e7us pour r\u00e9pondre aux exigences de divers espaces d&rsquo;entra\u00eenement, ils sont dot\u00e9s d&rsquo;une finition polie et d&rsquo;une poign\u00e9e ergonomique, ce qui en fait un compl\u00e9ment fiable et \u00e9l\u00e9gant \u00e0 tout environnement de remise en forme moderne. <\/p>\n","protected":false},"featured_media":148444,"template":"","meta":{"_acf_changed":false,"inline_featured_image":false},"product_cat":[413,975,1316],"product_tag":[],"class_list":{"0":"post-53033","1":"product","2":"type-product","3":"status-publish","4":"has-post-thumbnail","6":"product_cat-page-daccueil","7":"product_cat-poids-libres","8":"product_cat-halteres-fr","10":"first","11":"instock","12":"sale","13":"shipping-taxable","14":"purchasable","15":"product-type-variable"},"acf":[],"_links":{"self":[{"href":"https:\/\/store.evolve-fitness.eu\/fr\/wp-json\/wp\/v2\/product\/53033","targetHints":{"allow":["GET"]}}],"collection":[{"href":"https:\/\/store.evolve-fitness.eu\/fr\/wp-json\/wp\/v2\/product"}],"about":[{"href":"https:\/\/store.evolve-fitness.eu\/fr\/wp-json\/wp\/v2\/types\/product"}],"wp:featuredmedia":[{"embeddable":true,"href":"https:\/\/store.evolve-fitness.eu\/fr\/wp-json\/wp\/v2\/media\/148444"}],"wp:attachment":[{"href":"https:\/\/store.evolve-fitness.eu\/fr\/wp-json\/wp\/v2\/media?parent=53033"}],"wp:term":[{"taxonomy":"product_cat","embeddable":true,"href":"https:\/\/store.evolve-fitness.eu\/fr\/wp-json\/wp\/v2\/product_cat?post=53033"},{"taxonomy":"product_tag","embeddable":true,"href":"https:\/\/store.evolve-fitness.eu\/fr\/wp-json\/wp\/v2\/product_tag?post=53033"}],"curies":[{"name":"wp","href":"https:\/\/api.w.org\/{rel}","templated":true}]}}