{"id":52836,"date":"2024-01-25T09:12:14","date_gmt":"2024-01-25T09:12:14","guid":{"rendered":"https:\/\/store.evolve-fitness.eu\/product\/ballon-de-medecine-evolve-1-5-kg\/"},"modified":"2026-04-28T12:01:38","modified_gmt":"2026-04-28T12:01:38","slug":"ballon-de-medecine-evolve-1-5-kg","status":"publish","type":"product","link":"https:\/\/store.evolve-fitness.eu\/fr\/produit\/ballon-de-medecine-evolve-1-5-kg\/","title":{"rendered":"Evolve Medicine Ball 1 &#8211; 5 kg"},"content":{"rendered":"\n<section class=\"wp-block-group alignfull black-content has-white-color has-darkgray-background-color has-text-color has-background is-layout-constrained wp-block-group-is-layout-constrained\" style=\"padding-top:var(--wp--preset--spacing--section-bottom);padding-bottom:var(--wp--preset--spacing--section-bottom)\">\n<section class=\"wp-block-group alignfull black-content has-white-color has-darkgray-background-color has-text-color has-background is-layout-constrained wp-block-group-is-layout-constrained\" style=\"margin-bottom:0;padding-top:var(--wp--preset--spacing--tb-padding);padding-bottom:var(--wp--preset--spacing--tb-padding)\">\n<div class=\"wp-block-columns alignwide mobile-reverse is-layout-flex wp-container-core-columns-is-layout-7a02faa9 wp-block-columns-is-layout-flex\" style=\"margin-bottom:var(--wp--preset--spacing--tb-section-padding)\">\n<div class=\"wp-block-column is-vertically-aligned-center is-layout-flow wp-block-column-is-layout-flow\">\n<h3 class=\"wp-block-heading\" style=\"margin-bottom:var(--wp--preset--spacing--h-3-bottom)\"><strong><strong><strong><strong><strong><strong><strong><strong><strong><strong><strong><strong><strong><strong><strong>disponible en poids<\/strong><\/strong><\/strong><\/strong><\/strong><\/strong><\/strong><\/strong><\/strong><\/strong><\/strong><\/strong><\/strong><\/strong><\/strong> <strong><strong><strong><strong><strong><strong><strong><strong><strong><strong><strong><strong><strong><strong><strong>de 1 kg \u00e0 5 kg<\/strong><\/strong><\/strong><\/strong><\/strong><\/strong><\/strong><\/strong><\/strong><\/strong><\/strong><\/strong><\/strong><\/strong><\/strong><\/h3>\n\n\n\n<p><strong><em>Con\u00e7u pour un entra\u00eenement polyvalent et fonctionnel<\/em><\/strong><\/p>\n\n\n\n<p style=\"margin-bottom:var(--wp--preset--spacing--tb-section-padding)\">Il est con\u00e7u pour supporter des s\u00e9ances intensives et offre une prise en main confortable pour divers exercices. Ce ballon m\u00e9dicinal fait partie de l&rsquo;\u00e9quipement multifonctionnel durable d&rsquo;Evolve, destin\u00e9 \u00e0 renforcer la force et la coordination, id\u00e9al pour am\u00e9liorer tout programme de remise en forme. Il fait partie int\u00e9grante d&rsquo;un espace d&rsquo;entra\u00eenement bien \u00e9quip\u00e9 et se concentre sur une conception centr\u00e9e sur l&rsquo;utilisateur pour un entra\u00eenement efficace et s\u00fbr.<\/p>\n<\/div>\n\n\n\n<div class=\"wp-block-column is-vertically-aligned-center is-layout-flow wp-block-column-is-layout-flow\">\n<figure class=\"wp-block-video\"><video height=\"1920\" style=\"aspect-ratio: 2560 \/ 1920;\" width=\"2560\" autoplay=\"\" controls=\"\" loop=\"\" muted=\"\" src=\"https:\/\/evolve-fitness.eu\/wp-content\/uploads\/2024\/01\/Evolve-Medicine-Ball-1-5-kg.mp4\"><\/video><\/figure>\n<\/div>\n<\/div>\n\n\n\n<div class=\"wp-block-columns alignwide mobile-reverse is-layout-flex wp-container-core-columns-is-layout-7a02faa9 wp-block-columns-is-layout-flex\" style=\"margin-bottom:var(--wp--preset--spacing--tb-section-padding)\">\n<div class=\"wp-block-column is-vertically-aligned-center is-layout-flow wp-block-column-is-layout-flow\">\n<figure class=\"wp-block-image size-large\"><img decoding=\"async\" src=\"https:\/\/evolve-fitness.eu\/wp-content\/uploads\/2024\/01\/Evolve-Medicine-Ball-1-kg-1-683x1024.jpg\" alt=\"EV-BL-MB\" class=\"wp-image-9759\"\/><\/figure>\n<\/div>\n\n\n\n<div class=\"wp-block-column is-vertically-aligned-center is-layout-flow wp-block-column-is-layout-flow\">\n<h3 class=\"wp-block-heading\" style=\"margin-bottom:var(--wp--preset--spacing--h-3-bottom)\"><strong><strong><strong><strong><strong>Fabriqu\u00e9 \u00e0 partir de mat\u00e9riaux durables et de haute qualit\u00e9<\/strong><\/strong><\/strong><\/strong><\/strong><\/h3>\n\n\n\n<p><strong><em>Con\u00e7u pour r\u00e9sister aux rigueurs d&rsquo;un entra\u00eenement intense<\/em><\/strong><\/p>\n\n\n\n<p style=\"margin-bottom:var(--wp--preset--spacing--tb-section-padding)\">Ses avantages comprennent l&rsquo;am\u00e9lioration de la force, de la coordination et de la flexibilit\u00e9. Il est suffisamment polyvalent pour \u00eatre utilis\u00e9 dans une large gamme d&rsquo;exercices, ce qui en fait un outil pr\u00e9cieux pour les s\u00e9ances d&rsquo;entra\u00eenement \u00e0 domicile et en salle de sport.<\/p>\n<\/div>\n<\/div>\n\n\n\n<div class=\"wp-block-columns alignwide mobile-reverse is-layout-flex wp-container-core-columns-is-layout-035fa626 wp-block-columns-is-layout-flex\" style=\"margin-bottom:var(--wp--preset--spacing--side-padding);padding-top:var(--wp--preset--spacing--tb-padding);padding-bottom:var(--wp--preset--spacing--tb-padding)\">\n<div class=\"wp-block-column is-vertically-aligned-center is-layout-flow wp-block-column-is-layout-flow\">\n<h3 class=\"wp-block-heading\" style=\"margin-bottom:var(--wp--preset--spacing--h-3-bottom)\"><strong><strong><strong><strong><strong><strong><strong><strong>produit essentiel pour am\u00e9liorer l&rsquo;\u00e9quilibre et la coordination<\/strong><\/strong><\/strong><\/strong><\/strong><\/strong><\/strong><\/strong><\/h3>\n\n\n\n<p><strong><em>Id\u00e9al pour la r\u00e9\u00e9ducation et l&rsquo;entra\u00eenement sportif<\/em><\/strong><\/p>\n\n\n\n<p style=\"margin-bottom:var(--wp--preset--spacing--tb-section-padding)\">Le ballon de m\u00e9decine Evolve est un outil efficace pour am\u00e9liorer la proprioception, c&rsquo;est-\u00e0-dire la capacit\u00e9 du corps \u00e0 percevoir sa propre position dans l&rsquo;espace. Il est particuli\u00e8rement b\u00e9n\u00e9fique pour les athl\u00e8tes et les personnes qui se remettent d&rsquo;une blessure, car il les aide \u00e0 retrouver force et stabilit\u00e9.<\/p>\n<\/div>\n\n\n\n<div class=\"wp-block-column is-vertically-aligned-center is-layout-flow wp-block-column-is-layout-flow\">\n<figure class=\"wp-block-image size-large\"><img decoding=\"async\" src=\"https:\/\/evolve-fitness.eu\/wp-content\/uploads\/2024\/01\/Evolve-Medicine-Ball-3-kg-1-1024x683.jpg\" alt=\"EV-BL-MB\" class=\"wp-image-9761\"\/><\/figure>\n<\/div>\n<\/div>\n\n\n\n<div class=\"wp-block-columns alignwide mobile-reverse is-layout-flex wp-container-core-columns-is-layout-7a02faa9 wp-block-columns-is-layout-flex\" style=\"margin-bottom:var(--wp--preset--spacing--tb-section-padding)\">\n<div class=\"wp-block-column is-vertically-aligned-center is-layout-flow wp-block-column-is-layout-flow\">\n<figure class=\"wp-block-video\"><video autoplay=\"\" controls=\"\" loop=\"\" muted=\"\" src=\"https:\/\/evolve-fitness.eu\/wp-content\/uploads\/2023\/12\/2-12.mp4\"><\/video><\/figure>\n<\/div>\n\n\n\n<div class=\"wp-block-column is-vertically-aligned-center is-layout-flow wp-block-column-is-layout-flow\">\n<h3 class=\"wp-block-heading\" style=\"margin-bottom:var(--wp--preset--spacing--h-3-bottom)\"><strong><strong><strong><strong><strong><strong>Paquets d&rsquo;\u00e9quipement<\/strong><\/strong><\/strong><\/strong><\/strong><\/strong><\/h3>\n\n\n\n<p style=\"margin-bottom:var(--wp--preset--spacing--tb-section-padding)\">D\u00e9couvrez nos packs d&rsquo;\u00e9quipements complets qui simplifient le processus d&rsquo;installation de votre propre salle de sport. Avec tout ce dont vous avez besoin pour un entra\u00eenement Cross Training ou fonctionnel, il n&rsquo;a jamais \u00e9t\u00e9 aussi facile d&rsquo;atteindre vos objectifs de remise en forme.<\/p>\n<\/div>\n<\/div>\n\n\n\n<p class=\"has-text-align-center\"><strong>R\u00e9am\u00e9nagez votre espace d&rsquo;entra\u00eenement et atteignez un nouveau niveau de forme physique gr\u00e2ce \u00e0 nos \u00e9quipements polyvalents, robustes et conviviaux.<\/strong><\/p>\n<\/section>\n<\/section>\n\n<section class=\"wp-block-group alignfull has-lightgray-background-color has-background is-layout-constrained wp-block-group-is-layout-constrained\">\n<div class=\"wp-block-columns alignwide is-layout-flex wp-container-core-columns-is-layout-2edb0647 wp-block-columns-is-layout-flex\" style=\"margin-top:0;margin-bottom:0\">\n<div class=\"wp-block-column is-layout-flow wp-block-column-is-layout-flow\" style=\"flex-basis:33.33%\"><\/div>\n\n\n\n<div class=\"wp-block-column is-layout-flow wp-block-column-is-layout-flow\" style=\"flex-basis:66.66%\"><\/div>\n<\/div>\n<\/section>\n","protected":false},"excerpt":{"rendered":"<p>Pr\u00e9sentation de la gamme Evolve Medicine Ball, disponible dans des poids allant de 1 kg \u00e0 5 kg. Con\u00e7us pour \u00eatre polyvalents et fonctionnels, ces m\u00e9decine-balls sont essentiels pour ajouter une r\u00e9sistance dynamique \u00e0 vos entra\u00eenements. Fabriqu\u00e9 avec pr\u00e9cision et durabilit\u00e9, chaque ballon offre une prise en main confortable et convient \u00e0 une vari\u00e9t\u00e9 d&rsquo;exercices visant \u00e0 am\u00e9liorer la force et la coordination. Am\u00e9liorez votre programme de remise en forme avec les Medicine Balls Evolve, une solution compl\u00e8te pour des s\u00e9ances d&rsquo;entra\u00eenement efficaces et engageantes pour l&rsquo;ensemble du corps. Choisissez le poids qui vous convient le mieux et passez \u00e0 la vitesse sup\u00e9rieure.<\/p>\n","protected":false},"featured_media":52868,"template":"","meta":{"_acf_changed":false,"inline_featured_image":false},"product_cat":[592,591],"product_tag":[],"class_list":{"0":"post-52836","1":"product","2":"type-product","3":"status-publish","4":"has-post-thumbnail","6":"product_cat-equipement-fonctionnel","7":"product_cat-transversal-et-fonctionnel","9":"first","10":"instock","11":"shipping-taxable","12":"purchasable","13":"product-type-variable"},"acf":[],"_links":{"self":[{"href":"https:\/\/store.evolve-fitness.eu\/fr\/wp-json\/wp\/v2\/product\/52836","targetHints":{"allow":["GET"]}}],"collection":[{"href":"https:\/\/store.evolve-fitness.eu\/fr\/wp-json\/wp\/v2\/product"}],"about":[{"href":"https:\/\/store.evolve-fitness.eu\/fr\/wp-json\/wp\/v2\/types\/product"}],"wp:featuredmedia":[{"embeddable":true,"href":"https:\/\/store.evolve-fitness.eu\/fr\/wp-json\/wp\/v2\/media\/52868"}],"wp:attachment":[{"href":"https:\/\/store.evolve-fitness.eu\/fr\/wp-json\/wp\/v2\/media?parent=52836"}],"wp:term":[{"taxonomy":"product_cat","embeddable":true,"href":"https:\/\/store.evolve-fitness.eu\/fr\/wp-json\/wp\/v2\/product_cat?post=52836"},{"taxonomy":"product_tag","embeddable":true,"href":"https:\/\/store.evolve-fitness.eu\/fr\/wp-json\/wp\/v2\/product_tag?post=52836"}],"curies":[{"name":"wp","href":"https:\/\/api.w.org\/{rel}","templated":true}]}}