{"id":52551,"date":"2024-01-25T09:00:41","date_gmt":"2024-01-25T09:00:41","guid":{"rendered":"https:\/\/store.evolve-fitness.eu\/product\/tampon-evolve-ab\/"},"modified":"2026-04-02T12:00:35","modified_gmt":"2026-04-02T12:00:35","slug":"tampon-evolve-ab","status":"publish","type":"product","link":"https:\/\/store.evolve-fitness.eu\/fr\/produit\/tampon-evolve-ab\/","title":{"rendered":"Tampon Evolve AB"},"content":{"rendered":"\n<section class=\"wp-block-group alignfull has-lightgray-background-color has-background is-layout-constrained wp-block-group-is-layout-constrained\">\n<div class=\"wp-block-columns alignwide is-layout-flex wp-container-core-columns-is-layout-2edb0647 wp-block-columns-is-layout-flex\" style=\"margin-top:0;margin-bottom:0\">\n<div class=\"wp-block-column is-layout-flow wp-block-column-is-layout-flow\" style=\"flex-basis:33.33%\"><\/div>\n\n\n\n<div class=\"wp-block-column is-layout-flow wp-block-column-is-layout-flow\" style=\"flex-basis:66.66%\"><\/div>\n<\/div>\n<\/section>\n","protected":false},"excerpt":{"rendered":"<p>L&rsquo;Evolve AB Pad est un accessoire de fitness sp\u00e9cialis\u00e9 con\u00e7u pour am\u00e9liorer les exercices d&rsquo;abdominaux. Sa conception ergonomique soutient le bas du dos, garantissant des exercices de base s\u00fbrs et efficaces. Cet \u00e9quipement est id\u00e9al pour une utilisation \u00e0 domicile ou en salle de sport, et s&rsquo;adresse aux utilisateurs qui cherchent \u00e0 am\u00e9liorer la force et la stabilit\u00e9 de leur tronc.<\/p>\n","protected":false},"featured_media":96459,"template":"","meta":{"_acf_changed":false,"inline_featured_image":false},"product_cat":[591,592],"product_tag":[],"class_list":{"0":"post-52551","1":"product","2":"type-product","3":"status-publish","4":"has-post-thumbnail","6":"product_cat-transversal-et-fonctionnel","7":"product_cat-equipement-fonctionnel","9":"first","10":"instock","11":"shipping-taxable","12":"purchasable","13":"product-type-simple"},"acf":[],"_links":{"self":[{"href":"https:\/\/store.evolve-fitness.eu\/fr\/wp-json\/wp\/v2\/product\/52551","targetHints":{"allow":["GET"]}}],"collection":[{"href":"https:\/\/store.evolve-fitness.eu\/fr\/wp-json\/wp\/v2\/product"}],"about":[{"href":"https:\/\/store.evolve-fitness.eu\/fr\/wp-json\/wp\/v2\/types\/product"}],"wp:featuredmedia":[{"embeddable":true,"href":"https:\/\/store.evolve-fitness.eu\/fr\/wp-json\/wp\/v2\/media\/96459"}],"wp:attachment":[{"href":"https:\/\/store.evolve-fitness.eu\/fr\/wp-json\/wp\/v2\/media?parent=52551"}],"wp:term":[{"taxonomy":"product_cat","embeddable":true,"href":"https:\/\/store.evolve-fitness.eu\/fr\/wp-json\/wp\/v2\/product_cat?post=52551"},{"taxonomy":"product_tag","embeddable":true,"href":"https:\/\/store.evolve-fitness.eu\/fr\/wp-json\/wp\/v2\/product_tag?post=52551"}],"curies":[{"name":"wp","href":"https:\/\/api.w.org\/{rel}","templated":true}]}}