{"id":51252,"date":"2024-01-30T15:30:56","date_gmt":"2024-01-30T15:30:56","guid":{"rendered":"https:\/\/store.evolve-fitness.eu\/product\/presse-a-epaulement-evolve-ultra-series-avec-charge-de-plaques\/"},"modified":"2024-12-02T15:08:15","modified_gmt":"2024-12-02T15:08:15","slug":"presse-a-epaulement-evolve-ultra-series-avec-charge-de-plaques","status":"publish","type":"product","link":"https:\/\/store.evolve-fitness.eu\/fr\/produit\/presse-a-epaulement-evolve-ultra-series-avec-charge-de-plaques\/","title":{"rendered":"Presse \u00e0 \u00e9paulement Evolve Ultra Series avec charge de plaques"},"content":{"rendered":"\n<section class=\"wp-block-group alignfull black-content has-white-color has-darkgray-background-color has-text-color has-background is-layout-constrained wp-block-group-is-layout-constrained\" style=\"padding-top:var(--wp--preset--spacing--section-bottom);padding-bottom:var(--wp--preset--spacing--section-bottom)\">\n<section class=\"wp-block-group alignfull black-content has-white-color has-darkgray-background-color has-text-color has-background is-layout-constrained wp-block-group-is-layout-constrained\" style=\"padding-top:var(--wp--preset--spacing--section-bottom);padding-bottom:var(--wp--preset--spacing--section-bottom)\">\n<div class=\"wp-block-columns alignwide mobile-reverse is-layout-flex wp-container-core-columns-is-layout-ca64bf2d wp-block-columns-is-layout-flex\" style=\"margin-bottom:var(--wp--preset--spacing--side-padding)\">\n<div class=\"wp-block-column is-vertically-aligned-center is-layout-flow wp-block-column-is-layout-flow\">\n<h3 class=\"wp-block-heading\" style=\"margin-bottom:var(--wp--preset--spacing--h-3-bottom)\"><strong><strong><strong><strong><strong><strong>Engagement musculaire cibl\u00e9<\/strong><\/strong><\/strong><\/strong><\/strong><\/strong><\/h3>\n\n\n\n<p><strong><em><strong><strong><strong><strong>Groupes musculaires cibl\u00e9s<\/strong><\/strong><\/strong><\/strong><\/em><\/strong><\/p>\n\n\n\n<p style=\"margin-bottom:var(--wp--preset--spacing--tb-section-padding)\">La presse \u00e0 \u00e9paulement Evolve Ultra Series avec charge de plaques est con\u00e7ue pour cibler principalement les muscles delto\u00efdes, en engageant les t\u00eates delto\u00efdes ant\u00e9rieures et lat\u00e9rales ainsi que les triceps.<\/p>\n\n\n\n<p><strong><em><strong><strong><strong><strong><strong><strong>Activation efficace de l&rsquo;\u00e9paule<\/strong><\/strong><\/strong><\/strong><\/strong><\/strong><\/em><\/strong><\/p>\n\n\n\n<p>Gr\u00e2ce \u00e0 sa conception sp\u00e9cialis\u00e9e, cette machine assure une activation cibl\u00e9e des muscles de l&rsquo;\u00e9paule, facilitant ainsi le d\u00e9veloppement et la force de l&rsquo;\u00e9paule.<\/p>\n<\/div>\n\n\n\n<div class=\"wp-block-column is-vertically-aligned-center is-layout-flow wp-block-column-is-layout-flow\">\n<figure class=\"wp-block-video\"><video autoplay=\"\" controls=\"\" loop=\"\" muted=\"\" src=\"https:\/\/evolve-fitness.eu\/wp-content\/uploads\/2024\/03\/EV-PL-UL-030-Evolve-Ultra-Series-Plate-Loaded-Shoulder-Press.mp4\"><\/video><\/figure>\n<\/div>\n<\/div>\n\n\n\n<div class=\"wp-block-columns alignwide mobile-reverse is-layout-flex wp-container-core-columns-is-layout-ca64bf2d wp-block-columns-is-layout-flex\" style=\"margin-bottom:var(--wp--preset--spacing--side-padding)\">\n<div class=\"wp-block-column is-vertically-aligned-center is-layout-flow wp-block-column-is-layout-flow\">\n<figure class=\"wp-block-video\"><video autoplay=\"\" controls=\"\" loop=\"\" muted=\"\" src=\"https:\/\/evolve-fitness.eu\/wp-content\/uploads\/2023\/12\/2-9.mp4\"><\/video><\/figure>\n<\/div>\n\n\n\n<div class=\"wp-block-column is-vertically-aligned-center is-layout-flow wp-block-column-is-layout-flow\">\n<h3 class=\"wp-block-heading\" style=\"margin-bottom:var(--wp--preset--spacing--h-3-bottom)\"><strong><strong><strong><strong><strong>R\u00e9sistance r\u00e9glable<\/strong><\/strong><\/strong><\/strong><\/strong><\/h3>\n\n\n\n<p><strong><strong><strong><em>Intensit\u00e9 d&rsquo;entra\u00eenement adaptable<\/em><\/strong><\/strong><\/strong><\/p>\n\n\n\n<p style=\"margin-bottom:var(--wp--preset--spacing--tb-section-padding)\">Les utilisateurs peuvent facilement ajuster les niveaux de r\u00e9sistance en ajoutant ou en retirant des plaques de poids, ce qui permet de personnaliser les s\u00e9ances d&rsquo;entra\u00eenement en fonction du niveau de forme et des objectifs d&rsquo;entra\u00eenement de chacun. Que les utilisateurs visent l&rsquo;endurance musculaire, l&rsquo;hypertrophie ou les gains de force, la r\u00e9sistance r\u00e9glable permet un entra\u00eenement progressif pour r\u00e9pondre \u00e0 l&rsquo;\u00e9volution des besoins en mati\u00e8re de condition physique.<\/p>\n<\/div>\n<\/div>\n\n\n\n<div class=\"wp-block-columns alignwide mobile-reverse is-layout-flex wp-container-core-columns-is-layout-ca64bf2d wp-block-columns-is-layout-flex\" style=\"margin-bottom:var(--wp--preset--spacing--side-padding)\">\n<div class=\"wp-block-column is-vertically-aligned-center is-layout-flow wp-block-column-is-layout-flow\">\n<h3 class=\"wp-block-heading\"><strong><strong><strong><strong><strong><strong><strong><strong><strong><strong>Durabilit\u00e9 et stabilit\u00e9<\/strong><\/strong><\/strong><\/strong><\/strong><\/strong><\/strong><\/strong><\/strong><\/strong><\/h3>\n\n\n\n<p><strong><em><strong><strong><strong><strong><strong><strong><strong>Construction de haute qualit\u00e9<\/strong><\/strong><\/strong><\/strong><\/strong><\/strong><\/strong><\/em><\/strong><\/p>\n\n\n\n<p>Fabriqu\u00e9e \u00e0 partir de mat\u00e9riaux durables et d&rsquo;une ing\u00e9nierie de pr\u00e9cision, la presse \u00e0 \u00e9paulement \u00e0 plateau Evolve Ultra Series garantit long\u00e9vit\u00e9 et fiabilit\u00e9, et convient aussi bien aux salles de sport priv\u00e9es qu&rsquo;aux salles commerciales. Son cadre robuste assure la stabilit\u00e9 et la s\u00e9curit\u00e9 pendant les s\u00e9ances d&rsquo;entra\u00eenement rigoureuses, ce qui permet aux utilisateurs d&rsquo;effectuer des exercices pour les \u00e9paules en toute confiance et sans compromis.<\/p>\n\n\n\n<p><\/p>\n\n\n\n<h3 class=\"wp-block-heading\"><strong><strong><strong><strong><strong><strong><strong><strong><strong><strong>Empreinte compacte<\/strong><\/strong><\/strong><\/strong><\/strong><\/strong><\/strong><\/strong><\/strong><\/strong><\/h3>\n\n\n\n<p><strong><em><strong><strong><strong><strong><strong><strong><strong>Optimisation de l&rsquo;utilisation de l&rsquo;espace<\/strong><\/strong><\/strong><\/strong><\/strong><\/strong><\/strong><\/em><\/strong><\/p>\n\n\n\n<p>Malgr\u00e9 sa fonctionnalit\u00e9, la presse \u00e0 \u00e9paulettes pr\u00e9sente un encombrement r\u00e9duit, ce qui la rend id\u00e9ale pour les personnes disposant d&rsquo;un espace d&rsquo;entra\u00eenement limit\u00e9. Son design \u00e9pur\u00e9 maximise l&rsquo;efficacit\u00e9 de l&rsquo;espace sans sacrifier la fonctionnalit\u00e9, garantissant une zone d&rsquo;entra\u00eenement optimis\u00e9e pour des s\u00e9ances d&rsquo;entra\u00eenement de l&rsquo;\u00e9paule efficaces.<\/p>\n<\/div>\n\n\n\n<div class=\"wp-block-column is-vertically-aligned-center is-layout-flow wp-block-column-is-layout-flow\">\n<figure class=\"wp-block-image size-large\"><img decoding=\"async\" src=\"https:\/\/evolve-fitness.eu\/wp-content\/uploads\/2023\/09\/A7_08634-683x1024.jpg\" alt=\"EV-PL-UL-030\" class=\"wp-image-166561\"\/><\/figure>\n<\/div>\n<\/div>\n\n\n\n<div class=\"wp-block-columns alignwide mobile-reverse is-layout-flex wp-container-core-columns-is-layout-ca64bf2d wp-block-columns-is-layout-flex\" style=\"margin-bottom:var(--wp--preset--spacing--side-padding)\">\n<div class=\"wp-block-column is-vertically-aligned-center is-layout-flow wp-block-column-is-layout-flow\">\n<figure class=\"wp-block-video\"><video autoplay=\"\" controls=\"\" loop=\"\" muted=\"\" src=\"https:\/\/evolve-fitness.eu\/wp-content\/uploads\/2023\/12\/1-15.mp4\"><\/video><\/figure>\n<\/div>\n\n\n\n<div class=\"wp-block-column is-vertically-aligned-center is-layout-flow wp-block-column-is-layout-flow\">\n<h3 class=\"wp-block-heading\" style=\"margin-bottom:var(--wp--preset--spacing--h-3-bottom)\"><strong><strong><strong><strong><strong>Design confortable<\/strong><\/strong><\/strong><\/strong><\/strong><\/h3>\n\n\n\n<p><strong><em><strong><strong><strong><strong><strong><strong><strong><strong>Si\u00e8ge et dossier r\u00e9glables<\/strong><\/strong><\/strong><\/strong><\/strong><\/strong><\/strong><\/strong><\/em><\/strong><\/p>\n\n\n\n<p style=\"margin-bottom:var(--wp--preset--spacing--tb-section-padding)\">Con\u00e7ue pour le confort de l&rsquo;utilisateur, la presse \u00e0 \u00e9paulettes est dot\u00e9e de coussinets et de poign\u00e9es ergonomiques qui favorisent un alignement correct du corps et un soutien tout au long de l&rsquo;entra\u00eenement. L&rsquo;inclusion d&rsquo;un si\u00e8ge et d&rsquo;un dossier r\u00e9glables am\u00e9liore le confort de l&rsquo;utilisateur et la personnalisation, r\u00e9duisant le risque de tension ou d&rsquo;inconfort pendant les exercices d&rsquo;\u00e9paule.<\/p>\n<\/div>\n<\/div>\n<\/section>\n<\/section>\n","protected":false},"excerpt":{"rendered":"<p>Am\u00e9liorez l&rsquo;entra\u00eenement des \u00e9paules dans votre salle de sport avec la presse \u00e0 \u00e9paules Evolve Ultra Series UL-030. Con\u00e7ue pour les environnements commerciaux, cette machine offre une grande durabilit\u00e9 gr\u00e2ce \u00e0 son cadre en acier solide et \u00e0 sa technologie antirouille. Il est dot\u00e9 de poign\u00e9es antid\u00e9rapantes, d&rsquo;un mouvement unilat\u00e9ral des bras et de couleurs personnalisables pour correspondre \u00e0 l&rsquo;image de marque de votre salle de sport. Avec une charge maximale de 300 kg et une garantie de 2 ans, c&rsquo;est un choix s\u00fbr et solide. Am\u00e9liorez l&rsquo;entra\u00eenement des \u00e9paules dans votre salle de sport gr\u00e2ce \u00e0 cet appareil de pressage d&rsquo;\u00e9paules de haute qualit\u00e9.<\/p>\n","protected":false},"featured_media":61629,"template":"","meta":{"_acf_changed":false,"inline_featured_image":false},"product_cat":[413,780,784],"product_tag":[],"class_list":{"0":"post-51252","1":"product","2":"type-product","3":"status-publish","4":"has-post-thumbnail","6":"product_cat-page-daccueil","7":"product_cat-machines-a-plateau","8":"product_cat-ultra-series-plate-loaded-fr","10":"first","11":"instock","12":"shipping-taxable","13":"purchasable","14":"product-type-simple"},"acf":[],"_links":{"self":[{"href":"https:\/\/store.evolve-fitness.eu\/fr\/wp-json\/wp\/v2\/product\/51252","targetHints":{"allow":["GET"]}}],"collection":[{"href":"https:\/\/store.evolve-fitness.eu\/fr\/wp-json\/wp\/v2\/product"}],"about":[{"href":"https:\/\/store.evolve-fitness.eu\/fr\/wp-json\/wp\/v2\/types\/product"}],"wp:featuredmedia":[{"embeddable":true,"href":"https:\/\/store.evolve-fitness.eu\/fr\/wp-json\/wp\/v2\/media\/61629"}],"wp:attachment":[{"href":"https:\/\/store.evolve-fitness.eu\/fr\/wp-json\/wp\/v2\/media?parent=51252"}],"wp:term":[{"taxonomy":"product_cat","embeddable":true,"href":"https:\/\/store.evolve-fitness.eu\/fr\/wp-json\/wp\/v2\/product_cat?post=51252"},{"taxonomy":"product_tag","embeddable":true,"href":"https:\/\/store.evolve-fitness.eu\/fr\/wp-json\/wp\/v2\/product_tag?post=51252"}],"curies":[{"name":"wp","href":"https:\/\/api.w.org\/{rel}","templated":true}]}}