{"id":49785,"date":"2024-01-18T14:00:24","date_gmt":"2024-01-18T14:00:24","guid":{"rendered":"https:\/\/store.evolve-fitness.eu\/product\/halteres-hexagonaux-evolve-25-kg-60-kg\/"},"modified":"2026-04-03T12:01:05","modified_gmt":"2026-04-03T12:01:05","slug":"halteres-hexagonaux-evolve-25-kg-60-kg","status":"publish","type":"product","link":"https:\/\/store.evolve-fitness.eu\/fr\/produit\/halteres-hexagonaux-evolve-25-kg-60-kg\/","title":{"rendered":"Halt\u00e8res Evolve TPU Hexagonaux 1 &#8211; 50 KG"},"content":{"rendered":"\n<section class=\"wp-block-group alignfull black-content has-white-color has-darkgray-background-color has-text-color has-background is-layout-constrained wp-block-group-is-layout-constrained\" style=\"padding-top:var(--wp--preset--spacing--section-bottom);padding-bottom:var(--wp--preset--spacing--section-bottom)\">\n<div class=\"wp-block-columns alignwide is-layout-flex wp-container-core-columns-is-layout-c45ee707 wp-block-columns-is-layout-flex\" style=\"margin-bottom:var(--wp--preset--spacing--side-padding);padding-top:var(--wp--preset--spacing--side-padding)\">\n<div class=\"wp-block-column is-vertically-aligned-center is-layout-flow wp-block-column-is-layout-flow\">\n<div class=\"wp-block-columns is-layout-flex wp-container-core-columns-is-layout-9d6595d7 wp-block-columns-is-layout-flex\">\n<div class=\"wp-block-column is-layout-flow wp-block-column-is-layout-flow\">\n<figure class=\"wp-block-image size-full is-style-rounded\"><img decoding=\"async\" src=\"https:\/\/evolve-fitness.eu\/wp-content\/uploads\/2023\/11\/Evolve-hex-dumbbells-5.png\" alt=\"\" class=\"wp-image-5356\"\/><\/figure>\n<\/div>\n<\/div>\n<\/div>\n\n\n\n<div class=\"wp-block-column is-vertically-aligned-center is-layout-flow wp-block-column-is-layout-flow\">\n<h3 class=\"wp-block-heading\"><strong>Conception fonctionnelle pour chaque s\u00e9ance d&rsquo;entra\u00eenement<\/strong><\/h3>\n\n\n\n<p><strong><em><strong><em>Repousser ses limites<\/em><\/strong><\/em><\/strong><\/p>\n\n\n\n<p>Con\u00e7us dans un souci de praticit\u00e9, nos halt\u00e8res sont dot\u00e9s de t\u00eates enrob\u00e9es de caoutchouc afin d&rsquo;am\u00e9liorer la durabilit\u00e9, de pr\u00e9server votre espace et de r\u00e9duire le bruit. La forme hexagonale innovante emp\u00eache le roulement, facilitant une vari\u00e9t\u00e9 d&rsquo;exercices pour ceux qui aiment les routines fonctionnelles ou de crossfit. Gr\u00e2ce aux num\u00e9ros de poids clairement emboss\u00e9s et d\u00e9coup\u00e9s au laser, la s\u00e9lection est directe, assurant une transition sans heurts entre les poids.<\/p>\n<\/div>\n<\/div>\n\n\n\n<div class=\"wp-block-columns alignwide is-layout-flex wp-container-core-columns-is-layout-c45ee707 wp-block-columns-is-layout-flex\" style=\"margin-bottom:var(--wp--preset--spacing--side-padding);padding-top:var(--wp--preset--spacing--side-padding)\">\n<div class=\"wp-block-column is-vertically-aligned-center is-layout-flow wp-block-column-is-layout-flow\">\n<h3 class=\"wp-block-heading\"><strong>L&rsquo;excellence ergonomique<\/strong><\/h3>\n\n\n\n<p><strong><em><strong><em>Performance ultime<\/em><\/strong><\/em><\/strong><\/p>\n\n\n\n<p style=\"margin-bottom:var(--wp--preset--spacing--tb-section-padding)\">D\u00e9couvrez le confort de nos halt\u00e8res ergonomiques. Chaque poign\u00e9e est soigneusement courb\u00e9e et rev\u00eatue d&rsquo;une finition en chrome dur, qui non seulement ajoute une touche \u00e9l\u00e9gante et moderne, mais prot\u00e8ge \u00e9galement contre la rouille. Le motif molet\u00e9 assure une prise en main ferme, permettant aux utilisateurs de s&rsquo;entra\u00eener en toute confiance et en toute s\u00e9curit\u00e9.<\/p>\n<\/div>\n\n\n\n<div class=\"wp-block-column is-vertically-aligned-center is-layout-flow wp-block-column-is-layout-flow\">\n<div class=\"wp-block-columns is-layout-flex wp-container-core-columns-is-layout-9d6595d7 wp-block-columns-is-layout-flex\">\n<div class=\"wp-block-column is-layout-flow wp-block-column-is-layout-flow\">\n<figure class=\"wp-block-image size-full is-resized is-style-rounded\"><img decoding=\"async\" src=\"https:\/\/evolve-fitness.eu\/wp-content\/uploads\/2023\/12\/A7_05929.jpg\" alt=\"\" class=\"wp-image-7933\" style=\"object-fit:cover;width:680px;height:600px\"\/><\/figure>\n<\/div>\n<\/div>\n<\/div>\n<\/div>\n\n\n\n<div class=\"wp-block-columns alignwide is-layout-flex wp-container-core-columns-is-layout-c45ee707 wp-block-columns-is-layout-flex\" style=\"margin-bottom:var(--wp--preset--spacing--side-padding);padding-top:var(--wp--preset--spacing--side-padding)\">\n<div class=\"wp-block-column is-vertically-aligned-center is-layout-flow wp-block-column-is-layout-flow\">\n<figure class=\"wp-block-image size-full is-resized is-style-rounded\"><img decoding=\"async\" src=\"https:\/\/evolve-fitness.eu\/wp-content\/uploads\/2023\/11\/Evolve-hex-dumbbells.png\" alt=\"\" class=\"wp-image-5346\" style=\"object-fit:cover;width:680px;height:600px\"\/><\/figure>\n<\/div>\n\n\n\n<div class=\"wp-block-column is-vertically-aligned-center is-layout-constrained wp-block-column-is-layout-constrained\">\n<h3 class=\"wp-block-heading\"><strong>La personnalisation au service de votre marque<\/strong><\/h3>\n\n\n\n<p><strong><em><strong><em>Halt\u00e8res Evolve Custom Fit<\/em><\/strong><\/em><\/strong><\/p>\n\n\n\n<p>Am\u00e9liorez l&rsquo;attrait de votre \u00e9tablissement avec les halt\u00e8res hexagonaux Evolve. Non seulement nous proposons des \u00e9quipements d&rsquo;entra\u00eenement de qualit\u00e9 sup\u00e9rieure, mais nous offrons \u00e9galement des services de personnalisation pour nous aligner sur l&rsquo;esth\u00e9tique de votre marque. Choisissez d&rsquo;int\u00e9grer les couleurs et le logo de votre marque \u00e0 notre processus de d\u00e9coupe au laser et d&rsquo;infusion d&rsquo;ur\u00e9thane. Avec Evolve, votre \u00e9quipement de fitness n&rsquo;est pas seulement un outil pour faire de l&rsquo;exercice, c&rsquo;est le reflet de votre engagement pour la qualit\u00e9 et le style.<\/p>\n<\/div>\n<\/div>\n\n\n\n<div class=\"wp-block-columns alignwide is-layout-flex wp-container-core-columns-is-layout-c45ee707 wp-block-columns-is-layout-flex\" style=\"margin-bottom:var(--wp--preset--spacing--side-padding);padding-top:var(--wp--preset--spacing--side-padding)\">\n<div class=\"wp-block-column is-vertically-aligned-center is-layout-flow wp-block-column-is-layout-flow\">\n<h3 class=\"wp-block-heading\"><strong>Large \u00e9ventail de poids<\/strong><\/h3>\n\n\n\n<p><strong><em><strong><em>Repousser ses limites<\/em><\/strong><\/em><\/strong><\/p>\n\n\n\n<p>Notre gamme de poids, qui s&rsquo;\u00e9tend de 1 kg \u00e0 50 kg, r\u00e9pond \u00e0 tous les niveaux de force et d&rsquo;entra\u00eenement. Disponibles en paires ou en ensembles, les halt\u00e8res hexagonaux Evolve conviennent \u00e0 l&rsquo;ensemble des utilisateurs, des novices qui commencent leur parcours de remise en forme aux athl\u00e8tes chevronn\u00e9s qui cherchent \u00e0 repousser leurs limites.<\/p>\n<\/div>\n\n\n\n<div class=\"wp-block-column is-vertically-aligned-center is-layout-flow wp-block-column-is-layout-flow\">\n<div class=\"wp-block-columns is-layout-flex wp-container-core-columns-is-layout-9d6595d7 wp-block-columns-is-layout-flex\">\n<div class=\"wp-block-column is-layout-flow wp-block-column-is-layout-flow\">\n<figure class=\"wp-block-image size-full is-style-rounded\"><img decoding=\"async\" src=\"https:\/\/evolve-fitness.eu\/wp-content\/uploads\/2023\/11\/Evolve-hex-dumbbells-4-1.png\" alt=\"\" class=\"wp-image-5354\"\/><\/figure>\n<\/div>\n<\/div>\n<\/div>\n<\/div>\n\n\n\n<div class=\"wp-block-columns alignwide is-layout-flex wp-container-core-columns-is-layout-c45ee707 wp-block-columns-is-layout-flex\" style=\"margin-bottom:var(--wp--preset--spacing--side-padding);padding-top:var(--wp--preset--spacing--side-padding)\">\n<div class=\"wp-block-column is-vertically-aligned-center is-layout-flow wp-block-column-is-layout-flow\">\n<div class=\"wp-block-columns is-layout-flex wp-container-core-columns-is-layout-9d6595d7 wp-block-columns-is-layout-flex\">\n<div class=\"wp-block-column is-layout-flow wp-block-column-is-layout-flow\">\n<figure class=\"wp-block-video\"><video autoplay=\"\" controls=\"\" loop=\"\" muted=\"\" src=\"https:\/\/evolve-fitness.eu\/wp-content\/uploads\/2023\/11\/1.mp4\"><\/video><\/figure>\n<\/div>\n<\/div>\n<\/div>\n\n\n\n<div class=\"wp-block-column is-vertically-aligned-center is-layout-flow wp-block-column-is-layout-flow\">\n<h3 class=\"wp-block-heading\"><strong>\u00c9l\u00e9gance technique<\/strong><\/h3>\n\n\n\n<p><strong><em><strong>Des performances durables<\/strong><\/em><\/strong><\/p>\n\n\n\n<p>Les halt\u00e8res Evolve Hexagon sont un paradigme de sophistication technique et de conception esth\u00e9tique, depuis les t\u00eates enrob\u00e9es de caoutchouc jusqu&rsquo;\u00e0 la poign\u00e9e profil\u00e9e, rehauss\u00e9e de chrome. La forme hexagonale maintient l&rsquo;\u00e9quilibre, tandis que les d\u00e9tails d\u00e9coup\u00e9s au laser refl\u00e8tent notre engagement en faveur de l&rsquo;excellence. Evoluez avec nous et faites le premier pas vers une exp\u00e9rience de formation sup\u00e9rieure.<\/p>\n<\/div>\n<\/div>\n<\/section>\n","protected":false},"excerpt":{"rendered":"<p>Chez Evolve, nous croyons au pouvoir de la transformation par la force. C&rsquo;est pourquoi nous avons con\u00e7u l&rsquo;halt\u00e8re Evolve Hexagon Dumbbell pour d\u00e9passer les exigences de durabilit\u00e9 et de performance. Fabriqu\u00e9s en alliage m\u00e9tallique de haute qualit\u00e9, nos halt\u00e8res pr\u00e9sentent une r\u00e9sistance exceptionnelle \u00e0 la corrosion et \u00e0 la d\u00e9formation. Le moulage de pr\u00e9cision m\u00e9ticuleux garantit un \u00e9quilibre et une pr\u00e9cision dimensionnelle irr\u00e9prochables, ce qui en fait le choix id\u00e9al pour tout amateur de fitness, qu&rsquo;il s&rsquo;agisse d&rsquo;\u00e9quiper une salle de sport \u00e0 domicile ou une installation de fitness commerciale sur des bases militaires, des h\u00f4tels, des auberges ou des centres de r\u00e9adaptation.  <\/p>\n","protected":false},"featured_media":125686,"template":"","meta":{"_acf_changed":false,"inline_featured_image":false},"product_cat":[975,1316],"product_tag":[],"class_list":{"0":"post-49785","1":"product","2":"type-product","3":"status-publish","4":"has-post-thumbnail","6":"product_cat-poids-libres","7":"product_cat-halteres-fr","9":"first","10":"instock","11":"shipping-taxable","12":"purchasable","13":"product-type-variable"},"acf":[],"_links":{"self":[{"href":"https:\/\/store.evolve-fitness.eu\/fr\/wp-json\/wp\/v2\/product\/49785","targetHints":{"allow":["GET"]}}],"collection":[{"href":"https:\/\/store.evolve-fitness.eu\/fr\/wp-json\/wp\/v2\/product"}],"about":[{"href":"https:\/\/store.evolve-fitness.eu\/fr\/wp-json\/wp\/v2\/types\/product"}],"wp:featuredmedia":[{"embeddable":true,"href":"https:\/\/store.evolve-fitness.eu\/fr\/wp-json\/wp\/v2\/media\/125686"}],"wp:attachment":[{"href":"https:\/\/store.evolve-fitness.eu\/fr\/wp-json\/wp\/v2\/media?parent=49785"}],"wp:term":[{"taxonomy":"product_cat","embeddable":true,"href":"https:\/\/store.evolve-fitness.eu\/fr\/wp-json\/wp\/v2\/product_cat?post=49785"},{"taxonomy":"product_tag","embeddable":true,"href":"https:\/\/store.evolve-fitness.eu\/fr\/wp-json\/wp\/v2\/product_tag?post=49785"}],"curies":[{"name":"wp","href":"https:\/\/api.w.org\/{rel}","templated":true}]}}