{"id":49297,"date":"2024-01-18T08:54:40","date_gmt":"2024-01-18T08:54:40","guid":{"rendered":"https:\/\/store.evolve-fitness.eu\/product\/evolve-ultra-series-selectorized-chest-press\/"},"modified":"2024-06-05T12:41:46","modified_gmt":"2024-06-05T12:41:46","slug":"evolve-ultra-series-selectorized-chest-press","status":"publish","type":"product","link":"https:\/\/store.evolve-fitness.eu\/fr\/produit\/evolve-ultra-series-selectorized-chest-press\/","title":{"rendered":"Evolve Ultra Series Selectorized Chest Press"},"content":{"rendered":"\n<section class=\"wp-block-group alignfull black-content has-white-color has-darkgray-background-color has-text-color has-background is-layout-constrained wp-block-group-is-layout-constrained\" style=\"padding-top:var(--wp--preset--spacing--section-bottom);padding-bottom:var(--wp--preset--spacing--section-bottom)\">\n<section class=\"wp-block-group alignfull black-content has-white-color has-darkgray-background-color has-text-color has-background is-layout-constrained wp-block-group-is-layout-constrained\" style=\"padding-top:var(--wp--preset--spacing--section-bottom);padding-bottom:var(--wp--preset--spacing--section-bottom)\">\n<div class=\"wp-block-columns alignwide mobile-reverse is-layout-flex wp-container-core-columns-is-layout-ca64bf2d wp-block-columns-is-layout-flex\" style=\"margin-bottom:var(--wp--preset--spacing--side-padding)\">\n<div class=\"wp-block-column is-vertically-aligned-center is-layout-flow wp-block-column-is-layout-flow\">\n<h3 class=\"wp-block-heading\" style=\"margin-bottom:var(--wp--preset--spacing--h-3-bottom)\">Bienvenue dans la s\u00e9rie Ultra<\/h3>\n\n\n\n<p><strong><em>Faites connaissance avec nos \u00e9quipements de la s\u00e9rie Ultra gr\u00e2ce \u00e0 une visite 3D \u00e0 360\u00b0 \u00e0 la pointe de la technologie<\/em><\/strong><\/p>\n\n\n\n<p>La presse pectorale s\u00e9lective Evolve Ultra Series, qui fait partie de la s\u00e9rie Evolve Ultra Series, est con\u00e7ue pour le confort et la performance. L&rsquo;appareil est con\u00e7u pour la polyvalence de l&rsquo;exercice, le soutien ergonomique et les options de r\u00e9glage pour diff\u00e9rentes tailles d&rsquo;utilisateurs. Le design est esth\u00e9tique, avec une finition durable par rev\u00eatement en poudre, et l&rsquo;utilisation de c\u00e2bles de haute qualit\u00e9 garantit un fonctionnement sans heurts.<\/p>\n<\/div>\n\n\n\n<div class=\"wp-block-column is-vertically-aligned-center is-layout-flow wp-block-column-is-layout-flow\">\n<figure class=\"wp-block-video\"><video height=\"1280\" style=\"aspect-ratio: 720 \/ 1280;\" width=\"720\" autoplay=\"\" controls=\"\" loop=\"\" muted=\"\" src=\"https:\/\/evolve-fitness.eu\/wp-content\/uploads\/2023\/08\/EV-SC-UL-010-3D.mp4\"><\/video><\/figure>\n<\/div>\n<\/div>\n\n\n\n<div class=\"wp-block-columns alignwide mobile-reverse is-layout-flex wp-container-core-columns-is-layout-ca64bf2d wp-block-columns-is-layout-flex\" style=\"margin-bottom:var(--wp--preset--spacing--side-padding)\">\n<div class=\"wp-block-column is-vertically-aligned-center is-layout-flow wp-block-column-is-layout-flow\">\n<figure class=\"wp-block-video\"><video height=\"546\" style=\"aspect-ratio: 1152 \/ 546;\" width=\"1152\" autoplay=\"\" controls=\"\" loop=\"\" muted=\"\" src=\"https:\/\/evolve-fitness.eu\/wp-content\/uploads\/2023\/08\/EV-SC-UL-010-Full.mp4\"><\/video><\/figure>\n<\/div>\n\n\n\n<div class=\"wp-block-column is-vertically-aligned-center is-layout-flow wp-block-column-is-layout-flow\">\n<h3 class=\"wp-block-heading\" style=\"margin-bottom:var(--wp--preset--spacing--h-3-bottom)\">MUSCLES<\/h3>\n\n\n\n<p><strong><em>Construit pour le d\u00e9veloppement des muscles de la poitrine<\/em><\/strong><\/p>\n\n\n\n<p style=\"margin-bottom:var(--wp--preset--spacing--tb-section-padding)\">Cet appareil de musculation de la poitrine cible sp\u00e9cifiquement les muscles de la poitrine, en particulier les pectoraux. Il sollicite \u00e9galement les muscles de soutien comme les triceps et les delto\u00efdes ant\u00e9rieurs (muscles de l&rsquo;\u00e9paule) pendant l&rsquo;exercice. Le mouvement ind\u00e9pendant des bras permet un d\u00e9veloppement musculaire \u00e9quilibr\u00e9 des deux c\u00f4t\u00e9s du corps. Une utilisation r\u00e9guli\u00e8re peut entra\u00eener une am\u00e9lioration de la d\u00e9finition musculaire, une augmentation de la force du haut du corps et une am\u00e9lioration de l&rsquo;endurance musculaire. Cette machine est id\u00e9ale pour les d\u00e9butants et les utilisateurs avanc\u00e9s qui souhaitent se concentrer sur le d\u00e9veloppement des muscles pectoraux.<\/p>\n\n\n\n<p><strong><em>Flexibilit\u00e9 de la formation<\/em><\/strong><\/p>\n\n\n\n<p style=\"margin-bottom:var(--wp--preset--spacing--tb-section-padding)\">Les appareils de musculation de la s\u00e9rie Evolve Ultra offrent la possibilit\u00e9 d&rsquo;entra\u00eener chaque bras ind\u00e9pendamment, r\u00e9pondant ainsi aux besoins individuels. Cette caract\u00e9ristique unique vous permet de maintenir un entra\u00eenement \u00e9quilibr\u00e9, m\u00eame si un bras est plus faible ou bless\u00e9. Les mouvements ind\u00e9pendants favorisent le d\u00e9veloppement d&rsquo;une force \u00e9quilibr\u00e9e et permettent diverses options d&rsquo;entra\u00eenement.<\/p>\n<\/div>\n<\/div>\n\n\n\n<div class=\"wp-block-columns alignwide mobile-reverse is-layout-flex wp-container-core-columns-is-layout-ca64bf2d wp-block-columns-is-layout-flex\" style=\"margin-bottom:var(--wp--preset--spacing--side-padding)\">\n<div class=\"wp-block-column is-vertically-aligned-center is-layout-flow wp-block-column-is-layout-flow\">\n<h3 class=\"wp-block-heading\" style=\"margin-bottom:var(--wp--preset--spacing--h-3-bottom)\">Poign\u00e9es multiprises<\/h3>\n\n\n\n<p><em><strong>Am\u00e9liorer vos s\u00e9ances d&rsquo;entra\u00eenement pour la poitrine<\/strong><\/em><\/p>\n\n\n\n<p>Les poign\u00e9es multi-grip de l&rsquo;Evolve Ultra Series Chest Press \u00e9largissent vos possibilit\u00e9s d&rsquo;exercice. Ces poign\u00e9es suppl\u00e9mentaires permettent non seulement une plus grande polyvalence dans vos programmes d&rsquo;entra\u00eenement, mais constituent \u00e9galement une aide pr\u00e9cieuse pour les personnes dont la mobilit\u00e9 des \u00e9paules est limit\u00e9e, en rendant les exercices plus accessibles et plus confortables.<br\/><\/p>\n\n\n\n<p>De plus, ces poign\u00e9es vous permettent de cibler diff\u00e9rents groupes musculaires sous diff\u00e9rents angles pendant vos s\u00e9ances d&rsquo;entra\u00eenement. Ils am\u00e9liorent l&rsquo;adaptabilit\u00e9 de vos s\u00e9ances d&rsquo;entra\u00eenement, ce qui vous permet de solliciter des muscles sp\u00e9cifiques avec pr\u00e9cision et d&rsquo;optimiser votre programme de remise en forme. La conception de la poign\u00e9e horizontale emp\u00eache le coude de tourner vers l&rsquo;ext\u00e9rieur, stabilise l&rsquo;omoplate et limite les mouvements de la poitrine et de l&rsquo;\u00e9paule. Le triceps et le delto\u00efde sont ainsi moins sollicit\u00e9s, ce qui favorise la stimulation de la poitrine. Par ailleurs, la conception verticale de la poign\u00e9e emp\u00eache le coude de tourner vers l&rsquo;int\u00e9rieur, ce qui minimise l&rsquo;implication des triceps et favorise l&rsquo;entra\u00eenement des muscles pectoraux.<\/p>\n<\/div>\n\n\n\n<div class=\"wp-block-column is-vertically-aligned-center is-layout-flow wp-block-column-is-layout-flow\">\n<figure class=\"wp-block-video\"><video height=\"954\" style=\"aspect-ratio: 2016 \/ 954;\" width=\"2016\" autoplay=\"\" controls=\"\" loop=\"\" muted=\"\" src=\"https:\/\/evolve-fitness.eu\/wp-content\/uploads\/2023\/08\/EV-SC-UL-010-Handles.mp4\"><\/video><\/figure>\n<\/div>\n<\/div>\n\n\n\n<div class=\"wp-block-columns alignwide mobile-reverse is-layout-flex wp-container-core-columns-is-layout-ca64bf2d wp-block-columns-is-layout-flex\" style=\"margin-bottom:var(--wp--preset--spacing--side-padding)\">\n<div class=\"wp-block-column is-vertically-aligned-center is-layout-flow wp-block-column-is-layout-flow\">\n<figure class=\"wp-block-image size-large\"><img decoding=\"async\" src=\"https:\/\/evolve-fitness.eu\/wp-content\/uploads\/2023\/08\/Moulded-Seats-Precise-Seat-Adjustments-UL-010-1024x576.jpg\" alt=\"UL-010\" class=\"wp-image-9934\"\/><\/figure>\n<\/div>\n\n\n\n<div class=\"wp-block-column is-vertically-aligned-center is-layout-flow wp-block-column-is-layout-flow\">\n<h3 class=\"wp-block-heading\" style=\"margin-bottom:var(--wp--preset--spacing--h-3-bottom)\">Si\u00e8ges moul\u00e9s et r\u00e9glages pr\u00e9cis des si\u00e8ges<\/h3>\n\n\n\n<p><strong><em>Durabilit\u00e9 et confort exceptionnels<\/em><\/strong><\/p>\n\n\n\n<p style=\"margin-bottom:var(--wp--preset--spacing--tb-section-padding)\">Les si\u00e8ges en polyur\u00e9thane de la s\u00e9rie Evolve Ultra, construits avec un design moul\u00e9 et un rembourrage \u00e0 double couture, offrent une durabilit\u00e9 et un confort exceptionnels. Ils sont con\u00e7us pour offrir un soutien ergonomique \u00e0 la colonne vert\u00e9brale et peuvent s&rsquo;adapter \u00e0 des utilisateurs de diff\u00e9rentes tailles. En outre, les coussins pour machines de musculation en PU constituent un excellent choix en raison de leur durabilit\u00e9, de leur confort, de leur facilit\u00e9 d&rsquo;entretien et de leur rentabilit\u00e9 globale. Ils peuvent r\u00e9sister aux exigences de l&rsquo;entra\u00eenement musculaire tout en offrant une surface d&rsquo;exercice confortable et hygi\u00e9nique. Le si\u00e8ge \u00e9tant soutenu par une tige hydraulique, le r\u00e9glage de la hauteur du si\u00e8ge est simple et peut \u00eatre effectu\u00e9 d&rsquo;une seule main. Le si\u00e8ge a 18 positions de r\u00e9glage.<\/p>\n<\/div>\n<\/div>\n\n\n\n<div class=\"wp-block-columns alignwide mobile-reverse is-layout-flex wp-container-core-columns-is-layout-ca64bf2d wp-block-columns-is-layout-flex\" style=\"margin-bottom:var(--wp--preset--spacing--side-padding)\">\n<div class=\"wp-block-column is-vertically-aligned-center is-layout-flow wp-block-column-is-layout-flow\">\n<h3 class=\"wp-block-heading\" style=\"margin-bottom:var(--wp--preset--spacing--h-3-bottom)\">D\u00e9marrage sans effort<\/h3>\n\n\n\n<p><strong><em>Am\u00e9liorer l&rsquo;exp\u00e9rience de la remise en forme<\/em><\/strong><\/p>\n\n\n\n<p style=\"margin-bottom:var(--wp--preset--spacing--tb-section-padding)\">Le d\u00e9marrage sans effort avec l&rsquo;assistance des jambes de la presse pectorale Evolve Ultra Series garantit l&rsquo;accessibilit\u00e9 \u00e0 tous les niveaux de condition physique. Cette caract\u00e9ristique innovante \u00e9limine les barri\u00e8res \u00e0 l&rsquo;entr\u00e9e pour les nouveaux arrivants et permet \u00e0 votre salle de sport d&rsquo;accueillir des clients de toutes capacit\u00e9s. Le d\u00e9marrage sans effort est utile en tant que spotter, r\u00e9duisant l&rsquo;effort, la pression sur l&rsquo;articulation de l&rsquo;\u00e9paule au d\u00e9but ou \u00e0 la fin de l&rsquo;exercice.<\/p>\n\n\n\n<p><strong><em>Protecteurs de sol moul\u00e9s<\/em><\/strong><\/p>\n\n\n\n<p style=\"margin-bottom:var(--wp--preset--spacing--tb-section-padding)\">Pendant que vous vous entra\u00eenez, vous pouvez ranger votre bouteille d&rsquo;eau, votre t\u00e9l\u00e9phone et vos objets personnels dans les supports pr\u00e9vus \u00e0 cet effet sur les appareils de la s\u00e9rie Evolve Ultra. Ces compartiments sp\u00e9cialement con\u00e7us sont l\u00e0 pour s&rsquo;assurer que vous disposez d&rsquo;un endroit s\u00fbr et facilement accessible pour vos effets personnels pendant vos s\u00e9ances d&rsquo;entra\u00eenement.<\/p>\n<\/div>\n\n\n\n<div class=\"wp-block-column is-vertically-aligned-center is-layout-flow wp-block-column-is-layout-flow\">\n<figure class=\"wp-block-video\"><video height=\"1920\" style=\"aspect-ratio: 1920 \/ 1920;\" width=\"1920\" autoplay=\"\" controls=\"\" loop=\"\" muted=\"\" src=\"https:\/\/evolve-fitness.eu\/wp-content\/uploads\/2023\/10\/ul-010-leg-assist.mp4\"><\/video><\/figure>\n<\/div>\n<\/div>\n\n\n\n<div class=\"wp-block-columns alignwide mobile-reverse is-layout-flex wp-container-core-columns-is-layout-ca64bf2d wp-block-columns-is-layout-flex\" style=\"margin-bottom:var(--wp--preset--spacing--side-padding)\">\n<div class=\"wp-block-column is-vertically-aligned-center is-layout-flow wp-block-column-is-layout-flow\">\n<figure class=\"wp-block-video\"><video autoplay=\"\" controls=\"\" loop=\"\" muted=\"\" src=\"https:\/\/evolve-fitness.eu\/wp-content\/uploads\/2023\/08\/EV-SC-UL-010-Storage-Phone.mp4\"><\/video><\/figure>\n<\/div>\n\n\n\n<div class=\"wp-block-column is-vertically-aligned-center is-layout-flow wp-block-column-is-layout-flow\">\n<h3 class=\"wp-block-heading\" style=\"margin-bottom:var(--wp--preset--spacing--h-3-bottom)\">Rangement pratique des accessoires<\/h3>\n\n\n\n<p><strong><em>Fourni pour votre commodit\u00e9<\/em><\/strong><\/p>\n\n\n\n<p style=\"margin-bottom:var(--wp--preset--spacing--tb-section-padding)\">Pendant que vous vous entra\u00eenez, vous pouvez ranger votre bouteille d&rsquo;eau, votre t\u00e9l\u00e9phone et vos objets personnels dans les supports pr\u00e9vus \u00e0 cet effet sur les appareils de la s\u00e9rie Evolve Ultra. Ces compartiments sp\u00e9cialement con\u00e7us sont l\u00e0 pour s&rsquo;assurer que vous disposez d&rsquo;un endroit s\u00fbr et facilement accessible pour vos effets personnels pendant vos s\u00e9ances d&rsquo;entra\u00eenement.<\/p>\n\n\n\n<p><strong><em>Votre support visuel<\/em><\/strong><\/p>\n\n\n\n<p style=\"margin-bottom:var(--wp--preset--spacing--tb-section-padding)\">Les appareils de la s\u00e9rie Evolve Ultra sont dot\u00e9s d&rsquo;autocollants informatifs qui vous servent d&rsquo;aide visuelle et vous permettent de vous familiariser plus facilement avec les caract\u00e9ristiques et les fonctions de l&rsquo;appareil, ce qui am\u00e9liore votre exp\u00e9rience de l&rsquo;exercice. En outre, il fournit des informations pr\u00e9cieuses sur les diff\u00e9rents groupes musculaires qui peuvent \u00eatre efficacement travaill\u00e9s sur l&rsquo;appareil, ce qui vous permet de tirer le meilleur parti de votre programme de remise en forme en ciblant des zones d&rsquo;int\u00e9r\u00eat sp\u00e9cifiques.<\/p>\n<\/div>\n<\/div>\n\n\n\n<div class=\"wp-block-columns alignwide mobile-reverse is-layout-flex wp-container-core-columns-is-layout-ca64bf2d wp-block-columns-is-layout-flex\" style=\"margin-bottom:var(--wp--preset--spacing--side-padding)\">\n<div class=\"wp-block-column is-vertically-aligned-center is-layout-flow wp-block-column-is-layout-flow\">\n<h3 class=\"wp-block-heading\" style=\"margin-bottom:var(--wp--preset--spacing--h-3-bottom)\">Poids de 110 kg enti\u00e8rement car\u00e9n\u00e9s<\/h3>\n\n\n\n<p><strong><em>Avec la possibilit\u00e9 de l&rsquo;augmenter jusqu&rsquo;\u00e0 122,5 kg<\/em><\/strong><\/p>\n\n\n\n<p style=\"margin-bottom:var(--wp--preset--spacing--tb-section-padding)\">L&rsquo;appareil Evolve Ultra Series Chest Press est \u00e9quip\u00e9 d&rsquo;un niveau de r\u00e9sistance de 105 kg, mais vous avez \u00e9galement la possibilit\u00e9 de le personnaliser et de l&rsquo;ajouter \u00e0 122,5 kg pour une exp\u00e9rience d&rsquo;entra\u00eenement encore plus stimulante. Il est dot\u00e9 d&rsquo;une pile de poids enti\u00e8rement ferm\u00e9e qui garantit la s\u00e9curit\u00e9 de vos exercices.<\/p>\n<\/div>\n\n\n\n<div class=\"wp-block-column is-vertically-aligned-center is-layout-flow wp-block-column-is-layout-flow\">\n<figure class=\"wp-block-image size-full\"><img decoding=\"async\" src=\"https:\/\/evolve-fitness.eu\/wp-content\/uploads\/2024\/01\/stack.webp\" alt=\"\" class=\"wp-image-9940\"\/><\/figure>\n<\/div>\n<\/div>\n\n\n\n<div class=\"wp-block-columns alignwide mobile-reverse is-layout-flex wp-container-core-columns-is-layout-ca64bf2d wp-block-columns-is-layout-flex\" style=\"margin-bottom:var(--wp--preset--spacing--side-padding)\">\n<div class=\"wp-block-column is-vertically-aligned-center is-layout-flow wp-block-column-is-layout-flow\">\n<figure class=\"wp-block-video\"><video height=\"600\" style=\"aspect-ratio: 680 \/ 600;\" width=\"680\" autoplay=\"\" controls=\"\" loop=\"\" muted=\"\" src=\"https:\/\/evolve-fitness.eu\/wp-content\/uploads\/2023\/10\/Evolve-cable.mp4\"><\/video><\/figure>\n<\/div>\n\n\n\n<div class=\"wp-block-column is-vertically-aligned-center is-layout-flow wp-block-column-is-layout-flow\">\n<h3 class=\"wp-block-heading\" style=\"margin-bottom:var(--wp--preset--spacing--h-3-bottom)\">C\u00e2ble<\/h3>\n\n\n\n<p>Qualit\u00e9 sup\u00e9rieure<\/p>\n\n\n\n<p style=\"margin-bottom:var(--wp--preset--spacing--tb-section-padding)\">Les machines Evolve Ultra Series utilisent des c\u00e2bles de qualit\u00e9 sup\u00e9rieure, compos\u00e9s de six brins principaux, chaque brin \u00e9tant constitu\u00e9 de 19 fils torsad\u00e9s ensemble, en polyamide 12 (PA12) et d&rsquo;un diam\u00e8tre de 5 mm. Lorsque vous passez d&rsquo;un exercice \u00e0 l&rsquo;autre, qu&rsquo;il s&rsquo;agisse d&rsquo;une flexion des biceps, d&rsquo;un d\u00e9velopp\u00e9 couch\u00e9, d&rsquo;un d\u00e9velopp\u00e9 lat\u00e9ral ou de toute autre activit\u00e9 de musculation, les performances exceptionnelles des c\u00e2bles de la s\u00e9rie Evolve Ultra garantissent la fluidit\u00e9 des mouvements et la constance de la r\u00e9sistance, ce qui favorise une exp\u00e9rience d&rsquo;entra\u00eenement \u00e0 la fois efficace et agr\u00e9able.<\/p>\n<\/div>\n<\/div>\n\n\n\n<div class=\"wp-block-columns alignwide mobile-reverse is-layout-flex wp-container-core-columns-is-layout-ca64bf2d wp-block-columns-is-layout-flex\" style=\"margin-bottom:var(--wp--preset--spacing--side-padding)\">\n<div class=\"wp-block-column is-vertically-aligned-center is-layout-flow wp-block-column-is-layout-flow\">\n<h3 class=\"wp-block-heading\" style=\"margin-bottom:var(--wp--preset--spacing--h-3-bottom)\">Double rev\u00eatement en poudre<\/h3>\n\n\n\n<p><strong><em>Rev\u00eatement \u00e9lectrostatique par poudrage nacr\u00e9<\/em><\/strong><\/p>\n\n\n\n<p style=\"margin-bottom:var(--wp--preset--spacing--tb-section-padding)\">Les machines de musculation de la s\u00e9rie Evolve Ultra, dot\u00e9es d&rsquo;un cadre noir perle mat \u00e0 rev\u00eatement \u00e9lectrostatique par poudre, allient forme et fonction. Son attrait esth\u00e9tique est renforc\u00e9 par sa finition noire mate, tandis que ses caract\u00e9ristiques pratiques, notamment sa r\u00e9sistance au frottement, ses propri\u00e9t\u00e9s anticorrosion et sa r\u00e9sistance aux rayures, en font un compagnon de fitness fiable et durable.<\/p>\n<\/div>\n\n\n\n<div class=\"wp-block-column is-vertically-aligned-center is-layout-flow wp-block-column-is-layout-flow\">\n<figure class=\"wp-block-video\"><video height=\"1920\" style=\"aspect-ratio: 1920 \/ 1920;\" width=\"1920\" autoplay=\"\" controls=\"\" loop=\"\" muted=\"\" src=\"https:\/\/evolve-fitness.eu\/wp-content\/uploads\/2023\/10\/Evolve-Double-powder-coated-Frame.mp4\"><\/video><\/figure>\n<\/div>\n<\/div>\n\n\n\n<div class=\"wp-block-columns alignwide mobile-reverse is-layout-flex wp-container-core-columns-is-layout-ca64bf2d wp-block-columns-is-layout-flex\" style=\"margin-bottom:var(--wp--preset--spacing--side-padding)\">\n<div class=\"wp-block-column is-vertically-aligned-center is-layout-flow wp-block-column-is-layout-flow\">\n<figure class=\"wp-block-image size-full\"><img decoding=\"async\" src=\"https:\/\/evolve-fitness.eu\/wp-content\/uploads\/2024\/01\/plate.webp\" alt=\"\" class=\"wp-image-9942\"\/><\/figure>\n<\/div>\n\n\n\n<div class=\"wp-block-column is-vertically-aligned-center is-layout-flow wp-block-column-is-layout-flow\">\n<h3 class=\"wp-block-heading\">Plaque de poids sup\u00e9rieure<\/h3>\n\n\n\n<p><strong><em>Pour une meilleure performance<\/em><\/strong><\/p>\n\n\n\n<p>L&rsquo;appareil Evolve Ultra Series Selectorized Leg Curl est \u00e9quip\u00e9 de deux plaques de poids suppl\u00e9mentaires de 2,5 kg, qui permettent d&rsquo;am\u00e9liorer les performances de l&rsquo;appareil. Tout d&rsquo;abord, il augmente la r\u00e9sistance maximale que l&rsquo;appareil peut fournir, ce qui permet aux utilisateurs de se surpasser lors de leurs s\u00e9ances d&rsquo;entra\u00eenement. En outre, ces plaques de poids suppl\u00e9mentaires offrent un avantage unique en permettant aux utilisateurs de faire des incr\u00e9ments plus petits et plus pr\u00e9cis dans leurs ajustements de r\u00e9sistance, chaque plaque offrant une augmentation de 2,5 kg. Cette pr\u00e9cision dans la s\u00e9lection de la r\u00e9sistance permet aux individus d&rsquo;adapter leurs s\u00e9ances d&rsquo;entra\u00eenement \u00e0 leurs besoins et objectifs sp\u00e9cifiques, garantissant ainsi que chaque s\u00e9ance d&rsquo;exercice est adapt\u00e9e pour optimiser les r\u00e9sultats.<\/p>\n<\/div>\n<\/div>\n<\/section>\n<\/section>\n","protected":false},"excerpt":{"rendered":"<p>Am\u00e9liorez vos s\u00e9ances d&rsquo;entra\u00eenement de la poitrine avec la presse \u00e0 poitrine Evolve Ultra Series Selectorized Chest Press, UL-010. Con\u00e7u pour le confort et la performance, il est dot\u00e9 de si\u00e8ges moul\u00e9s, d&rsquo;un mouvement ind\u00e9pendant des bras et d&rsquo;un car\u00e9nage couvert de la pile de poids. Avec une finition mate \u00e9l\u00e9gante, des poign\u00e9es optimales et un r\u00e9glage du si\u00e8ge sans effort, le UL-010 est le summum de l&rsquo;innovation pour votre salle de sport.<\/p>\n","protected":false},"featured_media":75713,"template":"","meta":{"_acf_changed":false,"inline_featured_image":false},"product_cat":[413,1110,1224],"product_tag":[],"class_list":{"0":"post-49297","1":"product","2":"type-product","3":"status-publish","4":"has-post-thumbnail","6":"product_cat-page-daccueil","7":"product_cat-machines-selectionnees","8":"product_cat-machines-selectorized-ultra-series","10":"first","11":"instock","12":"shipping-taxable","13":"purchasable","14":"product-type-simple"},"acf":[],"_links":{"self":[{"href":"https:\/\/store.evolve-fitness.eu\/fr\/wp-json\/wp\/v2\/product\/49297","targetHints":{"allow":["GET"]}}],"collection":[{"href":"https:\/\/store.evolve-fitness.eu\/fr\/wp-json\/wp\/v2\/product"}],"about":[{"href":"https:\/\/store.evolve-fitness.eu\/fr\/wp-json\/wp\/v2\/types\/product"}],"wp:featuredmedia":[{"embeddable":true,"href":"https:\/\/store.evolve-fitness.eu\/fr\/wp-json\/wp\/v2\/media\/75713"}],"wp:attachment":[{"href":"https:\/\/store.evolve-fitness.eu\/fr\/wp-json\/wp\/v2\/media?parent=49297"}],"wp:term":[{"taxonomy":"product_cat","embeddable":true,"href":"https:\/\/store.evolve-fitness.eu\/fr\/wp-json\/wp\/v2\/product_cat?post=49297"},{"taxonomy":"product_tag","embeddable":true,"href":"https:\/\/store.evolve-fitness.eu\/fr\/wp-json\/wp\/v2\/product_tag?post=49297"}],"curies":[{"name":"wp","href":"https:\/\/api.w.org\/{rel}","templated":true}]}}