{"id":48809,"date":"2024-01-18T08:26:02","date_gmt":"2024-01-18T08:26:02","guid":{"rendered":"https:\/\/store.evolve-fitness.eu\/product\/evolve-ultra-series-selectorized-shoulder-press\/"},"modified":"2024-06-05T12:44:05","modified_gmt":"2024-06-05T12:44:05","slug":"evolve-ultra-series-selectorized-shoulder-press","status":"publish","type":"product","link":"https:\/\/store.evolve-fitness.eu\/fr\/produit\/evolve-ultra-series-selectorized-shoulder-press\/","title":{"rendered":"Evolve Ultra Series Selectorized Shoulder Press"},"content":{"rendered":"\n<section class=\"wp-block-group alignfull black-content has-white-color has-darkgray-background-color has-text-color has-background is-layout-constrained wp-block-group-is-layout-constrained\" style=\"padding-top:var(--wp--preset--spacing--section-bottom);padding-bottom:var(--wp--preset--spacing--section-bottom)\">\n<div class=\"wp-block-columns alignwide mobile-reverse is-layout-flex wp-container-core-columns-is-layout-ca64bf2d wp-block-columns-is-layout-flex\" style=\"margin-bottom:var(--wp--preset--spacing--side-padding)\">\n<div class=\"wp-block-column is-vertically-aligned-center is-layout-flow wp-block-column-is-layout-flow\">\n<h3 class=\"wp-block-heading\">Bienvenue dans la s\u00e9rie Ultra<\/h3>\n\n\n\n<p><strong><em>Faites connaissance avec nos \u00e9quipements de la s\u00e9rie Ultra gr\u00e2ce \u00e0 une visite 3D \u00e0 360\u00b0 \u00e0 la pointe de la technologie<\/em><\/strong><\/p>\n\n\n\n<p>La presse \u00e0 \u00e9paulement s\u00e9lective Evolve Ultra Series, qui fait partie de la s\u00e9rie Evolve Ultra Series, est con\u00e7ue pour le confort et la performance. L&rsquo;appareil est con\u00e7u pour la polyvalence de l&rsquo;exercice, le soutien ergonomique et les options de r\u00e9glage pour diff\u00e9rentes tailles d&rsquo;utilisateurs. Le design est esth\u00e9tique, avec une finition durable par rev\u00eatement en poudre, et l&rsquo;utilisation de c\u00e2bles de haute qualit\u00e9 garantit un fonctionnement sans heurts.<\/p>\n<\/div>\n\n\n\n<div class=\"wp-block-column is-vertically-aligned-center is-layout-flow wp-block-column-is-layout-flow\">\n<figure class=\"wp-block-video\"><video autoplay=\"\" controls=\"\" loop=\"\" muted=\"\" src=\"https:\/\/evolve-fitness.eu\/wp-content\/uploads\/2023\/08\/Shoulder-Press-Evolve-Ultra-Series-Selectorized.mp4\"><\/video><\/figure>\n<\/div>\n<\/div>\n\n\n\n<div class=\"wp-block-columns alignwide are-vertically-aligned-center mobile-reverse is-layout-flex wp-container-core-columns-is-layout-e8158c2f wp-block-columns-is-layout-flex\" style=\"padding-top:var(--wp--preset--spacing--side-padding)\">\n<div class=\"wp-block-column is-vertically-aligned-center is-layout-flow wp-block-column-is-layout-flow\">\n<figure class=\"wp-block-video\"><video autoplay=\"\" controls=\"\" loop=\"\" muted=\"\" src=\"https:\/\/evolve-fitness.eu\/wp-content\/uploads\/2023\/08\/Evolve-Ultra-Series-Selectorized-Shoulder-Press-Ul-040.mp4\"><\/video><\/figure>\n<\/div>\n\n\n\n<div class=\"wp-block-column is-vertically-aligned-center is-layout-flow wp-block-column-is-layout-flow\">\n<h3 class=\"wp-block-heading\" style=\"margin-bottom:var(--wp--preset--spacing--h-3-bottom)\"><strong>Muscles<\/strong><\/h3>\n\n\n\n<p><strong><em><strong><em>Qualit\u00e9 sup\u00e9rieure<\/em><\/strong><\/em><\/strong><\/p>\n\n\n\n<p>L&rsquo;appareil Evolve Ultra Series Selectorized Shoulder Press est un excellent choix pour d\u00e9velopper la force et la d\u00e9finition musculaire des \u00e9paules, en mettant l&rsquo;accent sur le delto\u00efde ant\u00e9rieur. Il peut \u00eatre un compl\u00e9ment pr\u00e9cieux \u00e0 un programme d&rsquo;entra\u00eenement pour le haut du corps. L&rsquo;appareil de musculation des \u00e9paules cible principalement les groupes musculaires suivants et permet de les entra\u00eener &#8211; <strong>Delto\u00efde ant\u00e9rieur<\/strong>: la partie ant\u00e9rieure des delto\u00efdes est fortement sollicit\u00e9e pendant les exercices de musculation des \u00e9paules. Il est charg\u00e9 de soulever le poids au-dessus de la t\u00eate ;  <strong>Delto\u00efde lat\u00e9ral<\/strong>: La partie moyenne des delto\u00efdes est \u00e9galement impliqu\u00e9e, contribuant \u00e0 l&rsquo;abduction ou \u00e0 l&rsquo;\u00e9l\u00e9vation des bras sur les c\u00f4t\u00e9s ;  <strong>Delto\u00efde post\u00e9rieur<\/strong>: Le delto\u00efde post\u00e9rieur est moins sollicit\u00e9, notamment pour stabiliser et contr\u00f4ler le poids pendant l&rsquo;exercice ;  <strong>Triceps Brachii (Triceps)<\/strong>: Les triceps sont sollicit\u00e9s lorsque vous \u00e9tendez les bras et poussez le poids au-dessus de la t\u00eate ;  <strong>Trap\u00e8ze (partie sup\u00e9rieure du dos et du cou)<\/strong>: Les muscles trap\u00e8zes, en particulier les trap\u00e8zes sup\u00e9rieurs, jouent un r\u00f4le dans la stabilisation des \u00e9paules et du cou lors de l&rsquo;\u00e9paul\u00e9-jet\u00e9.  <strong>Serratus Anterior<\/strong>: Ce muscle aide \u00e0 stabiliser les omoplates pendant le mouvement.<\/p>\n<\/div>\n<\/div>\n\n\n\n<div class=\"wp-block-columns alignwide mobile-reverse is-layout-flex wp-container-core-columns-is-layout-ca64bf2d wp-block-columns-is-layout-flex\" style=\"margin-bottom:var(--wp--preset--spacing--side-padding)\">\n<div class=\"wp-block-column is-vertically-aligned-center is-layout-flow wp-block-column-is-layout-flow\">\n<h3 class=\"wp-block-heading\" style=\"margin-bottom:var(--wp--preset--spacing--h-3-bottom)\">Poign\u00e9es multiprises<\/h3>\n\n\n\n<p><em><strong>\u00c9largit vos possibilit\u00e9s d&rsquo;exercice<\/strong><\/em><\/p>\n\n\n\n<p style=\"margin-bottom:var(--wp--preset--spacing--tb-section-padding)\">Les poign\u00e9es multi-grip de l&rsquo;Evolve Ultra Series Selectorized Shoulder Press \u00e9largissent consid\u00e9rablement vos possibilit\u00e9s d&rsquo;exercice. Le guidon est con\u00e7u avec une inclinaison vers le haut pour \u00e9viter que le coude ne tourne trop vers l&rsquo;ext\u00e9rieur. Cette conception suit la forme naturelle de l&rsquo;articulation de l&rsquo;\u00e9paule, r\u00e9duisant ainsi le risque de solliciter inutilement les ligaments de l&rsquo;\u00e9paule. Il aide \u00e9galement \u00e0 pr\u00e9venir les blessures caus\u00e9es par un impact ou une compression au point le plus \u00e9lev\u00e9 de l&rsquo;\u00e9paule, tout en favorisant simultan\u00e9ment la stimulation des muscles triceps dans une direction verticale et post\u00e9rieure. En outre, la position du bloc en forme de marteau est sp\u00e9cifiquement optimis\u00e9e pour engager et cibler efficacement les triceps pendant les exercices de pouss\u00e9e.<\/p>\n<\/div>\n\n\n\n<div class=\"wp-block-column is-vertically-aligned-center is-layout-flow wp-block-column-is-layout-flow\">\n<figure class=\"wp-block-video\"><video autoplay=\"\" controls=\"\" loop=\"\" muted=\"\" src=\"https:\/\/evolve-fitness.eu\/wp-content\/uploads\/2023\/08\/UL-040-Multi-grip-Handles.mp4\"><\/video><\/figure>\n<\/div>\n<\/div>\n\n\n\n<div class=\"wp-block-columns alignwide is-layout-flex wp-container-core-columns-is-layout-c45ee707 wp-block-columns-is-layout-flex\" style=\"margin-bottom:var(--wp--preset--spacing--side-padding);padding-top:var(--wp--preset--spacing--side-padding)\">\n<div class=\"wp-block-column is-vertically-aligned-center is-layout-flow wp-block-column-is-layout-flow\">\n<figure class=\"wp-block-video\"><video autoplay=\"\" controls=\"\" loop=\"\" muted=\"\" src=\"https:\/\/evolve-fitness.eu\/wp-content\/uploads\/2023\/08\/UL-040-Moulded-Seats-Precise-Seat-Adjustments.mp4\"><\/video><\/figure>\n<\/div>\n\n\n\n<div class=\"wp-block-column is-vertically-aligned-center is-layout-flow wp-block-column-is-layout-flow\">\n<h3 class=\"wp-block-heading\" style=\"margin-bottom:var(--wp--preset--spacing--h-3-bottom)\">Si\u00e8ges moul\u00e9s et r\u00e9glages pr\u00e9cis des si\u00e8ges<\/h3>\n\n\n\n<p><strong><em>Rembourrage \u00e0 double piq\u00fbre<\/em><\/strong><\/p>\n\n\n\n<p style=\"margin-bottom:var(--wp--preset--spacing--tb-section-padding)\">Les si\u00e8ges en polyur\u00e9thane de la s\u00e9rie Evolve Ultra, construits avec un design moul\u00e9 et un rembourrage \u00e0 double couture, offrent une durabilit\u00e9 et un confort exceptionnels. Ils sont con\u00e7us pour offrir un soutien ergonomique \u00e0 la colonne vert\u00e9brale et peuvent s&rsquo;adapter \u00e0 des utilisateurs de diff\u00e9rentes tailles. En outre, les coussins pour machines de musculation en PU constituent un excellent choix en raison de leur durabilit\u00e9, de leur confort, de leur facilit\u00e9 d&rsquo;entretien et de leur rentabilit\u00e9 globale. Ils peuvent r\u00e9sister aux exigences de l&rsquo;entra\u00eenement musculaire tout en offrant une surface d&rsquo;exercice confortable et hygi\u00e9nique. Le si\u00e8ge \u00e9tant soutenu par une tige hydraulique, le r\u00e9glage de la hauteur du si\u00e8ge est simple et peut \u00eatre effectu\u00e9 d&rsquo;une seule main. Le si\u00e8ge a 18 positions de r\u00e9glage.<\/p>\n<\/div>\n<\/div>\n\n\n\n<div class=\"wp-block-columns alignwide are-vertically-aligned-center mobile-reverse is-layout-flex wp-container-core-columns-is-layout-e8158c2f wp-block-columns-is-layout-flex\" style=\"padding-top:var(--wp--preset--spacing--side-padding)\">\n<div class=\"wp-block-column is-vertically-aligned-center is-layout-flow wp-block-column-is-layout-flow\">\n<h3 class=\"wp-block-heading\" style=\"margin-bottom:var(--wp--preset--spacing--h-3-bottom)\"><strong>Plaque de poids sup\u00e9rieure<\/strong><\/h3>\n\n\n\n<p><strong><em><strong><em>Extension de la r\u00e9sistance maximale<\/em><\/strong><\/em><\/strong><\/p>\n\n\n\n<p>La presse \u00e0 \u00e9paulettes Evolve Ultra Series Selectorized est \u00e9quip\u00e9e de deux plaques de poids suppl\u00e9mentaires de 2,5 kg, ce qui permet d&rsquo;am\u00e9liorer les performances de l&rsquo;appareil. Tout d&rsquo;abord, il augmente la r\u00e9sistance maximale que l&rsquo;appareil peut fournir, ce qui permet aux utilisateurs de se surpasser lors de leurs s\u00e9ances d&rsquo;entra\u00eenement.<br\/>En outre, ces plaques de poids suppl\u00e9mentaires offrent un avantage unique en permettant aux utilisateurs de faire des incr\u00e9ments plus petits et plus pr\u00e9cis dans leurs ajustements de r\u00e9sistance, chaque plaque offrant une augmentation de 2,5 kg. Cette pr\u00e9cision dans la s\u00e9lection de la r\u00e9sistance permet aux individus d&rsquo;adapter leurs s\u00e9ances d&rsquo;entra\u00eenement \u00e0 leurs besoins et objectifs sp\u00e9cifiques, garantissant ainsi que chaque s\u00e9ance d&rsquo;exercice est adapt\u00e9e pour optimiser les r\u00e9sultats.<\/p>\n<\/div>\n\n\n\n<div class=\"wp-block-column is-vertically-aligned-center is-layout-flow wp-block-column-is-layout-flow\">\n<figure class=\"wp-block-image size-full\"><img decoding=\"async\" src=\"https:\/\/evolve-fitness.eu\/wp-content\/uploads\/2024\/01\/plate.webp\" alt=\"\" class=\"wp-image-9942\"\/><\/figure>\n<\/div>\n<\/div>\n\n\n\n<div class=\"wp-block-columns alignwide are-vertically-aligned-center mobile-reverse is-layout-flex wp-container-core-columns-is-layout-e8158c2f wp-block-columns-is-layout-flex\" style=\"padding-top:var(--wp--preset--spacing--side-padding)\">\n<div class=\"wp-block-column is-vertically-aligned-center is-layout-flow wp-block-column-is-layout-flow\">\n<div class=\"wp-block-columns alignwide are-vertically-aligned-center mobile-reverse is-layout-flex wp-container-core-columns-is-layout-e8158c2f wp-block-columns-is-layout-flex\" style=\"padding-top:var(--wp--preset--spacing--side-padding)\">\n<div class=\"wp-block-column is-vertically-aligned-center is-layout-flow wp-block-column-is-layout-flow\">\n<figure class=\"wp-block-video\"><video autoplay=\"\" controls=\"\" loop=\"\" muted=\"\" src=\"https:\/\/evolve-fitness.eu\/wp-content\/uploads\/2023\/08\/UL-040-Weight-Stack.mp4\"><\/video><\/figure>\n<\/div>\n\n\n\n<div class=\"wp-block-column is-vertically-aligned-center is-layout-flow wp-block-column-is-layout-flow\">\n<h3 class=\"wp-block-heading\" style=\"margin-bottom:var(--wp--preset--spacing--h-3-bottom)\"><strong>Pile de poids<\/strong><\/h3>\n\n\n\n<p><strong><em><strong><em>Personnaliser et ajouter<\/em><\/strong><\/em><\/strong><\/p>\n\n\n\n<p>L&rsquo;appareil Evolve Ultra Series Selectorized Shoulder Press est \u00e9quip\u00e9 d&rsquo;un niveau de r\u00e9sistance de 85 kg, mais vous avez \u00e9galement la possibilit\u00e9 de le personnaliser et de l&rsquo;ajouter \u00e0 122,5 kg pour une exp\u00e9rience d&rsquo;entra\u00eenement encore plus stimulante. Il est dot\u00e9 d&rsquo;une pile de poids enti\u00e8rement ferm\u00e9e qui garantit la s\u00e9curit\u00e9 de vos exercices.<\/p>\n<\/div>\n<\/div>\n<\/div>\n<\/div>\n\n\n\n<div class=\"wp-block-columns alignwide are-vertically-aligned-center mobile-reverse is-layout-flex wp-container-core-columns-is-layout-e8158c2f wp-block-columns-is-layout-flex\" style=\"padding-top:var(--wp--preset--spacing--side-padding)\">\n<div class=\"wp-block-column is-vertically-aligned-center is-layout-flow wp-block-column-is-layout-flow\">\n<h3 class=\"wp-block-heading\" style=\"margin-bottom:var(--wp--preset--spacing--h-3-bottom)\"><strong>Angle du dossier r\u00e9glable<\/strong><\/h3>\n\n\n\n<p><strong><em><strong><em>Une exp\u00e9rience d&rsquo;entra\u00eenement tr\u00e8s efficace<\/em><\/strong><\/em><\/strong><\/p>\n\n\n\n<p style=\"margin-bottom:var(--wp--preset--spacing--tb-section-padding)\">L&rsquo;appareil Evolve Ultra Series Selectorized Shoulder Press est con\u00e7u pour une exp\u00e9rience d&rsquo;entra\u00eenement confortable et hautement efficace. Il comporte 5 positions de r\u00e9glage du dossier, ce qui vous permet d&rsquo;adapter l&rsquo;appareil aux proportions, \u00e0 l&rsquo;angle et aux pr\u00e9f\u00e9rences de votre corps. Ce niveau de r\u00e9glage permet de trouver la position id\u00e9ale pour travailler les muscles de l&rsquo;\u00e9paule avec un maximum de confort et d&rsquo;efficacit\u00e9.<\/p>\n<\/div>\n\n\n\n<div class=\"wp-block-column is-vertically-aligned-center is-layout-flow wp-block-column-is-layout-flow\">\n<figure class=\"wp-block-video\"><video autoplay=\"\" controls=\"\" loop=\"\" muted=\"\" src=\"https:\/\/evolve-fitness.eu\/wp-content\/uploads\/2023\/08\/UL-040-Adjustable-Back-rest-angle.mp4\"><\/video><\/figure>\n<\/div>\n<\/div>\n\n\n\n<div class=\"wp-block-columns alignwide are-vertically-aligned-center mobile-reverse is-layout-flex wp-container-core-columns-is-layout-e8158c2f wp-block-columns-is-layout-flex\" style=\"padding-top:var(--wp--preset--spacing--side-padding)\">\n<div class=\"wp-block-column is-vertically-aligned-center is-layout-flow wp-block-column-is-layout-flow\">\n<figure class=\"wp-block-image size-large\"><img decoding=\"async\" src=\"https:\/\/evolve-fitness.eu\/wp-content\/uploads\/2024\/01\/EV-SC-UL-030-Shoulder-1024x576.jpg\" alt=\"\" class=\"wp-image-9966\"\/><\/figure>\n<\/div>\n\n\n\n<div class=\"wp-block-column is-vertically-aligned-center is-layout-flow wp-block-column-is-layout-flow\">\n<h3 class=\"wp-block-heading\" style=\"margin-bottom:var(--wp--preset--spacing--h-3-bottom)\"><strong>Stockage d&rsquo;accessoires<\/strong><\/h3>\n\n\n\n<p><strong><em><strong><em>S\u00e9curis\u00e9 et facilement accessible<\/em><\/strong><\/em><\/strong><\/p>\n\n\n\n<p>Pendant que vous vous entra\u00eenez, vous pouvez ranger votre bouteille d&rsquo;eau, votre t\u00e9l\u00e9phone et vos objets personnels dans les supports pr\u00e9vus \u00e0 cet effet sur les appareils de la s\u00e9rie Evolve Ultra. Ces compartiments sp\u00e9cialement con\u00e7us sont l\u00e0 pour s&rsquo;assurer que vous disposez d&rsquo;un endroit s\u00fbr et facilement accessible pour vos effets personnels pendant vos s\u00e9ances d&rsquo;entra\u00eenement.<\/p>\n\n\n\n<p><strong>\n  <em>\n    <strong>\n      <em>Exercice<\/em>\n    <\/strong>\n  <\/em>\n<\/strong> autocollant <strong>\n  <em>\n    <strong>\n      <em>votre aide visuelle<\/em>\n    <\/strong>\n  <\/em>\n<\/strong><\/p>\n\n\n\n<p>Les appareils de la s\u00e9rie Evolve Ultra sont dot\u00e9s d&rsquo;autocollants informatifs qui vous servent d&rsquo;aide visuelle et vous permettent de vous familiariser plus facilement avec les caract\u00e9ristiques et les fonctions de l&rsquo;appareil, ce qui am\u00e9liore votre exp\u00e9rience de l&rsquo;exercice. En outre, il fournit des informations pr\u00e9cieuses sur les diff\u00e9rents groupes musculaires qui peuvent \u00eatre efficacement travaill\u00e9s sur l&rsquo;appareil, ce qui vous permet de tirer le meilleur parti de votre programme de remise en forme en ciblant des zones d&rsquo;int\u00e9r\u00eat sp\u00e9cifiques.<\/p>\n<\/div>\n<\/div>\n\n\n\n<div class=\"wp-block-columns alignwide are-vertically-aligned-center mobile-reverse is-layout-flex wp-container-core-columns-is-layout-e8158c2f wp-block-columns-is-layout-flex\" style=\"padding-top:var(--wp--preset--spacing--side-padding)\">\n<div class=\"wp-block-column is-vertically-aligned-center is-layout-flow wp-block-column-is-layout-flow\">\n<h3 class=\"wp-block-heading\" style=\"margin-bottom:var(--wp--preset--spacing--h-3-bottom)\"><strong>C\u00e2ble<\/strong><\/h3>\n\n\n\n<p><strong><em><strong><em>Qualit\u00e9 sup\u00e9rieure<\/em><\/strong><\/em><\/strong><\/p>\n\n\n\n<p>Les machines Evolve Ultra Series utilisent des c\u00e2bles de qualit\u00e9 sup\u00e9rieure, compos\u00e9s de six brins principaux, chaque brin \u00e9tant constitu\u00e9 de 19 fils torsad\u00e9s ensemble, en polyamide 12 (PA12) et d&rsquo;un diam\u00e8tre de 5 mm. Lorsque vous passez d&rsquo;un exercice \u00e0 l&rsquo;autre, qu&rsquo;il s&rsquo;agisse d&rsquo;une flexion des biceps, d&rsquo;un d\u00e9velopp\u00e9 couch\u00e9, d&rsquo;un d\u00e9velopp\u00e9 lat\u00e9ral ou de toute autre activit\u00e9 de musculation, les performances exceptionnelles des c\u00e2bles de la s\u00e9rie Evolve Ultra garantissent la fluidit\u00e9 des mouvements et la constance de la r\u00e9sistance, ce qui favorise une exp\u00e9rience d&rsquo;entra\u00eenement \u00e0 la fois efficace et agr\u00e9able.<\/p>\n<\/div>\n\n\n\n<div class=\"wp-block-column is-vertically-aligned-center is-layout-flow wp-block-column-is-layout-flow\">\n<figure class=\"wp-block-video\"><video height=\"600\" style=\"aspect-ratio: 680 \/ 600;\" width=\"680\" autoplay=\"\" controls=\"\" loop=\"\" muted=\"\" src=\"https:\/\/evolve-fitness.eu\/wp-content\/uploads\/2023\/10\/Evolve-cable.mp4\"><\/video><\/figure>\n<\/div>\n<\/div>\n\n\n\n<div class=\"wp-block-columns alignwide are-vertically-aligned-center mobile-reverse is-layout-flex wp-container-core-columns-is-layout-e8158c2f wp-block-columns-is-layout-flex\" style=\"padding-top:var(--wp--preset--spacing--side-padding)\">\n<div class=\"wp-block-column is-vertically-aligned-center is-layout-flow wp-block-column-is-layout-flow\">\n<figure class=\"wp-block-video\"><video height=\"1920\" style=\"aspect-ratio: 1920 \/ 1920;\" width=\"1920\" autoplay=\"\" controls=\"\" loop=\"\" muted=\"\" src=\"https:\/\/evolve-fitness.eu\/wp-content\/uploads\/2023\/10\/Evolve-Double-powder-coated-Frame.mp4\"><\/video><\/figure>\n<\/div>\n\n\n\n<div class=\"wp-block-column is-vertically-aligned-center is-layout-flow wp-block-column-is-layout-flow\">\n<h3 class=\"wp-block-heading\" style=\"margin-bottom:var(--wp--preset--spacing--h-3-bottom)\"><strong>Double rev\u00eatement en poudre<\/strong><\/h3>\n\n\n\n<p><strong><em><strong><em>Rev\u00eatement par poudre \u00e9lectrostatique<\/em><\/strong><\/em><\/strong><\/p>\n\n\n\n<p>Les machines de musculation de la s\u00e9rie Evolve Ultra, dot\u00e9es d&rsquo;un cadre noir perle mat \u00e0 rev\u00eatement \u00e9lectrostatique par poudre, allient forme et fonction. Son attrait esth\u00e9tique est renforc\u00e9 par sa finition noire mate, tandis que ses caract\u00e9ristiques pratiques, notamment sa r\u00e9sistance au frottement, ses propri\u00e9t\u00e9s anticorrosion et sa r\u00e9sistance aux rayures, en font un compagnon de fitness fiable et durable.<\/p>\n\n\n\n<p><strong><em>Protecteurs de sol moul\u00e9s en caoutchouc tr\u00e8s r\u00e9sistants<\/em><\/strong><\/p>\n\n\n\n<p>Les pieds en caoutchouc robustes de la s\u00e9rie Evolve Ultra servent de boucliers de protection pour \u00e9viter tout dommage potentiel \u00e0 vos sols. Ces pieds en caoutchouc tr\u00e8s r\u00e9sistants sont con\u00e7us pour prot\u00e9ger vos surfaces de plancher de tout dommage pouvant survenir pendant l&rsquo;utilisation. En outre, ces pieds en caoutchouc n&rsquo;offrent pas seulement une protection, mais contribuent \u00e9galement \u00e0 la stabilit\u00e9.<\/p>\n<\/div>\n<\/div>\n<\/section>\n","protected":false},"excerpt":{"rendered":"<p>La presse \u00e0 \u00e9paules Evolve Ultra Series Ul-040 Selectorized Shoulder Press permet d&rsquo;am\u00e9liorer l&rsquo;entra\u00eenement des \u00e9paules. D\u00e9couvrez le confort et l&rsquo;innovation gr\u00e2ce aux si\u00e8ges moul\u00e9s, au mouvement ind\u00e9pendant des bras et au r\u00e9glage du si\u00e8ge d&rsquo;une seule main. La s\u00e9curit\u00e9 est primordiale gr\u00e2ce \u00e0 l&rsquo;enveloppe de la pile de poids couverte, tandis que la finition en peinture mate ajoute du style. Transformez votre salle de sport avec cet \u00e9quipement exceptionnel pour obtenir des gains ultimes et attirer les clients.<\/p>\n","protected":false},"featured_media":128447,"template":"","meta":{"_acf_changed":false,"inline_featured_image":false},"product_cat":[1110,1224],"product_tag":[],"class_list":{"0":"post-48809","1":"product","2":"type-product","3":"status-publish","4":"has-post-thumbnail","6":"product_cat-machines-selectionnees","7":"product_cat-machines-selectorized-ultra-series","9":"first","10":"instock","11":"shipping-taxable","12":"purchasable","13":"product-type-simple"},"acf":[],"_links":{"self":[{"href":"https:\/\/store.evolve-fitness.eu\/fr\/wp-json\/wp\/v2\/product\/48809","targetHints":{"allow":["GET"]}}],"collection":[{"href":"https:\/\/store.evolve-fitness.eu\/fr\/wp-json\/wp\/v2\/product"}],"about":[{"href":"https:\/\/store.evolve-fitness.eu\/fr\/wp-json\/wp\/v2\/types\/product"}],"wp:featuredmedia":[{"embeddable":true,"href":"https:\/\/store.evolve-fitness.eu\/fr\/wp-json\/wp\/v2\/media\/128447"}],"wp:attachment":[{"href":"https:\/\/store.evolve-fitness.eu\/fr\/wp-json\/wp\/v2\/media?parent=48809"}],"wp:term":[{"taxonomy":"product_cat","embeddable":true,"href":"https:\/\/store.evolve-fitness.eu\/fr\/wp-json\/wp\/v2\/product_cat?post=48809"},{"taxonomy":"product_tag","embeddable":true,"href":"https:\/\/store.evolve-fitness.eu\/fr\/wp-json\/wp\/v2\/product_tag?post=48809"}],"curies":[{"name":"wp","href":"https:\/\/api.w.org\/{rel}","templated":true}]}}