{"id":48478,"date":"2024-01-18T08:39:39","date_gmt":"2024-01-18T08:39:39","guid":{"rendered":"https:\/\/store.evolve-fitness.eu\/product\/evolve-ultra-series-selectorized-pec-fly-rear-delt\/"},"modified":"2024-06-05T12:45:00","modified_gmt":"2024-06-05T12:45:00","slug":"evolve-ultra-series-selectorized-pec-fly-rear-delt","status":"publish","type":"product","link":"https:\/\/store.evolve-fitness.eu\/fr\/produit\/evolve-ultra-series-selectorized-pec-fly-rear-delt\/","title":{"rendered":"Evolve Ultra Series Selectorized pec Fly\/ Rear Delt"},"content":{"rendered":"\n<section class=\"wp-block-group alignfull black-content has-white-color has-darkgray-background-color has-text-color has-background is-layout-constrained wp-block-group-is-layout-constrained\" style=\"padding-top:var(--wp--preset--spacing--section-bottom);padding-bottom:var(--wp--preset--spacing--section-bottom)\">\n<section class=\"wp-block-group alignfull black-content has-white-color has-darkgray-background-color has-text-color has-background is-layout-constrained wp-block-group-is-layout-constrained\" style=\"padding-top:var(--wp--preset--spacing--section-bottom);padding-bottom:var(--wp--preset--spacing--section-bottom)\">\n<div class=\"wp-block-columns alignwide mobile-reverse is-layout-flex wp-container-core-columns-is-layout-ca64bf2d wp-block-columns-is-layout-flex\" style=\"margin-bottom:var(--wp--preset--spacing--side-padding)\">\n<div class=\"wp-block-column is-vertically-aligned-center is-layout-flow wp-block-column-is-layout-flow\">\n<h3 class=\"wp-block-heading\" style=\"margin-bottom:var(--wp--preset--spacing--h-3-bottom)\">Bienvenue dans la s\u00e9rie Ultra<\/h3>\n\n\n\n<p><strong><em>Faites connaissance avec nos \u00e9quipements de la s\u00e9rie Ultra gr\u00e2ce \u00e0 une visite 3D \u00e0 360\u00b0 \u00e0 la pointe de la technologie<\/em><\/strong><\/p>\n\n\n\n<p>L&rsquo;Evolve Ultra Series Selectorized pec Fly\/ Rear Delt, qui fait partie de l&rsquo;Evolve Ultra Series, est con\u00e7u pour le confort et la performance. L&rsquo;appareil est con\u00e7u pour la polyvalence de l&rsquo;exercice, le soutien ergonomique et les options de r\u00e9glage pour diff\u00e9rentes tailles d&rsquo;utilisateurs. Le design est esth\u00e9tique, avec une finition durable par rev\u00eatement en poudre, et l&rsquo;utilisation de c\u00e2bles de haute qualit\u00e9 garantit un fonctionnement sans heurts.<\/p>\n<\/div>\n\n\n\n<div class=\"wp-block-column is-vertically-aligned-center is-layout-flow wp-block-column-is-layout-flow\">\n<figure class=\"wp-block-video\"><video autoplay=\"\" controls=\"\" loop=\"\" muted=\"\" src=\"https:\/\/evolve-fitness.eu\/wp-content\/uploads\/2023\/08\/Evolve-Ultra-Series-Selectorized-pec-Fly-Rear-Delt.mp4\"><\/video><\/figure>\n<\/div>\n<\/div>\n\n\n\n<div class=\"wp-block-columns alignwide mobile-reverse is-layout-flex wp-container-core-columns-is-layout-ca64bf2d wp-block-columns-is-layout-flex\" style=\"margin-bottom:var(--wp--preset--spacing--side-padding)\">\n<div class=\"wp-block-column is-vertically-aligned-center is-layout-flow wp-block-column-is-layout-flow\">\n<figure class=\"wp-block-video\"><video autoplay=\"\" controls=\"\" loop=\"\" muted=\"\" src=\"https:\/\/evolve-fitness.eu\/wp-content\/uploads\/2023\/08\/Evolve-Ultra-Series-Selectorized-pec-Fly-Rear-Delt-Ul-030-1.mp4\"><\/video><\/figure>\n<\/div>\n\n\n\n<div class=\"wp-block-column is-vertically-aligned-center is-layout-flow wp-block-column-is-layout-flow\">\n<h3 class=\"wp-block-heading\" style=\"margin-bottom:var(--wp--preset--spacing--h-3-bottom)\">Muscles<\/h3>\n\n\n\n<p><strong><em>L&rsquo;appareil permet d&rsquo;entra\u00eener plusieurs groupes musculaires<\/em><\/strong><\/p>\n\n\n\n<p><strong>Muscles pectoraux (poitrine)<\/strong>: Lorsque vous ramenez les poign\u00e9es devant votre poitrine, vous faites travailler principalement les muscles grands pectoraux. Cet exercice permet de d\u00e9velopper et de renforcer la poitrine ;  <strong>Delto\u00efde ant\u00e9rieur (\u00e9paule avant)<\/strong>: Le mouvement de la poulie engage les muscles ant\u00e9rieurs de l&rsquo;\u00e9paule, ce qui contribue au d\u00e9veloppement g\u00e9n\u00e9ral de l&rsquo;\u00e9paule ;  <strong>Delto\u00efde post\u00e9rieur (\u00e9paule post\u00e9rieure)<\/strong>: Lorsque vous effectuez l&rsquo;exercice du delto\u00efde arri\u00e8re en d\u00e9pla\u00e7ant vos bras vers l&rsquo;arri\u00e8re, vous ciblez les muscles delto\u00efdes arri\u00e8re, qui sont les muscles situ\u00e9s \u00e0 l&rsquo;arri\u00e8re de vos \u00e9paules. Cela permet d&rsquo;am\u00e9liorer la force des \u00e9paules et la posture ;  <strong>Serratus Anterior<\/strong>: Le serratus anterior, situ\u00e9 sur le c\u00f4t\u00e9 de la cage thoracique, joue un r\u00f4le dans la stabilisation des omoplates pendant l&rsquo;exercice du pec fly ;  <strong>Triceps brachial<\/strong>: Les muscles triceps situ\u00e9s \u00e0 l&rsquo;arri\u00e8re du bras sont sollicit\u00e9s pendant le mouvement de pression ou d&rsquo;\u00e9tirement de la poulie.<\/p>\n<\/div>\n<\/div>\n\n\n\n<div class=\"wp-block-columns alignwide mobile-reverse is-layout-flex wp-container-core-columns-is-layout-ca64bf2d wp-block-columns-is-layout-flex\" style=\"margin-bottom:var(--wp--preset--spacing--side-padding)\">\n<div class=\"wp-block-column is-vertically-aligned-center is-layout-flow wp-block-column-is-layout-flow\">\n<h3 class=\"wp-block-heading\" style=\"margin-bottom:var(--wp--preset--spacing--h-3-bottom)\">Double fonction<\/h3>\n\n\n\n<p><em>\n  <strong>Une formation<\/strong>\n<\/em> <strong>\n  <em>formation<\/em>\n<\/strong><\/p>\n\n\n\n<p style=\"margin-bottom:var(--wp--preset--spacing--tb-section-padding)\">L&rsquo;Evolve Ultra Series Selectorized Pec Fly \/ Rear Delt est un \u00e9quipement de fitness polyvalent qui r\u00e9pond \u00e0 un double objectif, \u00e0 savoir l&rsquo;entra\u00eenement des pectoraux et des delto\u00efdes. Avec son design \u00e9l\u00e9gant et moderne, il constitue un choix attrayant pour les personnes ayant diff\u00e9rents niveaux d&rsquo;exp\u00e9rience et de capacit\u00e9s en mati\u00e8re de fitness. L&rsquo;une de ses caract\u00e9ristiques les plus remarquables est la pr\u00e9sence de six positions r\u00e9glables sur chaque main, ce qui am\u00e9liore grandement sa fonctionnalit\u00e9. Cette flexibilit\u00e9 permet aux utilisateurs de passer sans effort d&rsquo;un exercice ciblant les muscles pectoraux \u00e0 un exercice ciblant les muscles delto\u00efdes.<\/p>\n<\/div>\n\n\n\n<div class=\"wp-block-column is-vertically-aligned-center is-layout-flow wp-block-column-is-layout-flow\">\n<figure class=\"wp-block-video\"><video height=\"2560\" style=\"aspect-ratio: 1213 \/ 2560;\" width=\"1213\" autoplay=\"\" controls=\"\" loop=\"\" muted=\"\" src=\"https:\/\/evolve-fitness.eu\/wp-content\/uploads\/2023\/08\/EV-SC-UL-030-dual-function.mp4\"><\/video><\/figure>\n<\/div>\n<\/div>\n\n\n\n<div class=\"wp-block-columns alignwide mobile-reverse is-layout-flex wp-container-core-columns-is-layout-ca64bf2d wp-block-columns-is-layout-flex\" style=\"margin-bottom:var(--wp--preset--spacing--side-padding)\">\n<div class=\"wp-block-column is-vertically-aligned-center is-layout-flow wp-block-column-is-layout-flow\">\n<figure class=\"wp-block-image size-large\"><img decoding=\"async\" src=\"https:\/\/evolve-fitness.eu\/wp-content\/uploads\/2023\/08\/A7_08491-683x1024.jpg\" alt=\"\" class=\"wp-image-9102\"\/><\/figure>\n<\/div>\n\n\n\n<div class=\"wp-block-column is-vertically-aligned-center is-layout-flow wp-block-column-is-layout-flow\">\n<h3 class=\"wp-block-heading\" style=\"margin-bottom:var(--wp--preset--spacing--h-3-bottom)\">Poign\u00e9es multiprises<\/h3>\n\n\n\n<p><strong><em>\u00c9largit vos possibilit\u00e9s d&rsquo;exercice<\/em><\/strong><\/p>\n\n\n\n<p style=\"margin-bottom:var(--wp--preset--spacing--tb-section-padding)\">La partie horizontale de la poign\u00e9e est con\u00e7ue pour emp\u00eacher votre coude de se tordre vers l&rsquo;int\u00e9rieur, ce qui permet de maintenir la m\u00eame hauteur pour votre coude et votre \u00e9paule. Cela r\u00e9duit la tension sur les muscles du bas du dos et se concentre davantage sur la stimulation des triceps \u00e0 l&rsquo;arri\u00e8re du bras. La partie inf\u00e9rieure de la poign\u00e9e, qui est verticale, est con\u00e7ue pour emp\u00eacher votre coude de se tourner vers l&rsquo;ext\u00e9rieur lorsque vous effectuez des exercices qui sollicitent votre poitrine. Il stabilise \u00e9galement les omoplates, emp\u00eache l&rsquo;extension excessive de l&rsquo;articulation de l&rsquo;\u00e9paule lors de mouvements sp\u00e9cifiques et am\u00e9liore la stimulation des muscles de la poitrine.<\/p>\n<\/div>\n<\/div>\n\n\n\n<div class=\"wp-block-columns alignwide mobile-reverse is-layout-flex wp-container-core-columns-is-layout-ca64bf2d wp-block-columns-is-layout-flex\" style=\"margin-bottom:var(--wp--preset--spacing--side-padding)\">\n<div class=\"wp-block-column is-vertically-aligned-center is-layout-flow wp-block-column-is-layout-flow\">\n<h3 class=\"wp-block-heading\" style=\"margin-bottom:var(--wp--preset--spacing--h-3-bottom)\">Si\u00e8ges moul\u00e9s et r\u00e9glages pr\u00e9cis des si\u00e8ges<\/h3>\n\n\n\n<p><strong><em>Support ergonomique<\/em><\/strong><\/p>\n\n\n\n<p style=\"margin-bottom:var(--wp--preset--spacing--tb-section-padding)\">Les si\u00e8ges en polyur\u00e9thane de la s\u00e9rie Evolve Ultra, construits avec un design moul\u00e9 et un rembourrage \u00e0 double couture, offrent une durabilit\u00e9 et un confort exceptionnels. Ils sont con\u00e7us pour offrir un soutien ergonomique \u00e0 la colonne vert\u00e9brale et peuvent s&rsquo;adapter \u00e0 des utilisateurs de diff\u00e9rentes tailles. En outre, les coussins pour machines de musculation en PU constituent un excellent choix en raison de leur durabilit\u00e9, de leur confort, de leur facilit\u00e9 d&rsquo;entretien et de leur rentabilit\u00e9 globale. Ils peuvent r\u00e9sister aux exigences de l&rsquo;entra\u00eenement musculaire tout en offrant une surface d&rsquo;exercice confortable et hygi\u00e9nique. Le si\u00e8ge \u00e9tant soutenu par une tige hydraulique, le r\u00e9glage de la hauteur du si\u00e8ge est simple et peut \u00eatre effectu\u00e9 d&rsquo;une seule main. Le si\u00e8ge a 18 positions de r\u00e9glage ;<\/p>\n<\/div>\n\n\n\n<div class=\"wp-block-column is-vertically-aligned-center is-layout-flow wp-block-column-is-layout-flow\">\n<figure class=\"wp-block-video\"><video height=\"1200\" style=\"aspect-ratio: 1200 \/ 1200;\" width=\"1200\" autoplay=\"\" controls=\"\" loop=\"\" muted=\"\" src=\"https:\/\/evolve-fitness.eu\/wp-content\/uploads\/2023\/08\/Evolve-UL-030-Moulded-Seats-Precise-Seat-Adjustments.mp4\"><\/video><\/figure>\n<\/div>\n<\/div>\n\n\n\n<div class=\"wp-block-columns alignwide mobile-reverse is-layout-flex wp-container-core-columns-is-layout-ca64bf2d wp-block-columns-is-layout-flex\" style=\"margin-bottom:var(--wp--preset--spacing--side-padding)\">\n<div class=\"wp-block-column is-vertically-aligned-center is-layout-flow wp-block-column-is-layout-flow\">\n<figure class=\"wp-block-video\"><video height=\"1213\" style=\"aspect-ratio: 2560 \/ 1213;\" width=\"2560\" autoplay=\"\" controls=\"\" loop=\"\" muted=\"\" src=\"https:\/\/evolve-fitness.eu\/wp-content\/uploads\/2023\/08\/EV-SC-UL-030-Adjustable-Back-and-Chest-Rest-1.mp4\"><\/video><\/figure>\n<\/div>\n\n\n\n<div class=\"wp-block-column is-vertically-aligned-center is-layout-flow wp-block-column-is-layout-flow\">\n<h3 class=\"wp-block-heading\" style=\"margin-bottom:var(--wp--preset--spacing--h-3-bottom)\">Appui dorsal et thoracique r\u00e9glable<\/h3>\n\n\n\n<p><strong><em>Trouver le poste id\u00e9al<\/em><\/strong><\/p>\n\n\n\n<p style=\"margin-bottom:var(--wp--preset--spacing--tb-section-padding)\">L&rsquo;appareil Evolve Ultra Series Selectorized Pec Fly \/ Rear Delt est con\u00e7u pour une exp\u00e9rience d&rsquo;entra\u00eenement confortable et hautement efficace. Il est dot\u00e9 d&rsquo;un dossier et d&rsquo;un repose-poitrine r\u00e9glables en 6 positions diff\u00e9rentes, ce qui vous permet d&rsquo;adapter l&rsquo;appareil aux proportions de votre corps et \u00e0 vos pr\u00e9f\u00e9rences. Ce niveau de r\u00e9glage vous permet de trouver la position id\u00e9ale pour travailler votre poitrine et les muscles delto\u00efdes post\u00e9rieurs avec un maximum de confort et d&rsquo;efficacit\u00e9.<\/p>\n<\/div>\n<\/div>\n\n\n\n<div class=\"wp-block-columns alignwide mobile-reverse is-layout-flex wp-container-core-columns-is-layout-ca64bf2d wp-block-columns-is-layout-flex\" style=\"margin-bottom:var(--wp--preset--spacing--side-padding)\">\n<div class=\"wp-block-column is-vertically-aligned-center is-layout-flow wp-block-column-is-layout-flow\">\n<h3 class=\"wp-block-heading\" style=\"margin-bottom:var(--wp--preset--spacing--h-3-bottom)\">Stockage d&rsquo;accessoires<\/h3>\n\n\n\n<p><strong><em>S\u00e9curis\u00e9 et facilement accessible<\/em><\/strong><\/p>\n\n\n\n<p>Pendant que vous vous entra\u00eenez, vous pouvez ranger votre bouteille d&rsquo;eau, votre t\u00e9l\u00e9phone et vos objets personnels dans les supports pr\u00e9vus \u00e0 cet effet sur les appareils de la s\u00e9rie Evolve Ultra. Ces compartiments sp\u00e9cialement con\u00e7us sont l\u00e0 pour s&rsquo;assurer que vous disposez d&rsquo;un endroit s\u00fbr et facilement accessible pour vos effets personnels pendant vos s\u00e9ances d&rsquo;entra\u00eenement.<\/p>\n\n\n\n<p><strong><em>Autocollant d&rsquo;exercice &#8211; votre aide visuelle<\/em><\/strong><\/p>\n\n\n\n<p>Les appareils de la s\u00e9rie Evolve Ultra sont dot\u00e9s d&rsquo;autocollants informatifs qui vous servent d&rsquo;aide visuelle et vous permettent de vous familiariser plus facilement avec les caract\u00e9ristiques et les fonctions de l&rsquo;appareil, ce qui am\u00e9liore votre exp\u00e9rience de l&rsquo;exercice. En outre, il fournit des informations pr\u00e9cieuses sur les diff\u00e9rents groupes musculaires qui peuvent \u00eatre efficacement travaill\u00e9s sur l&rsquo;appareil, ce qui vous permet de tirer le meilleur parti de votre programme de remise en forme en ciblant des zones d&rsquo;int\u00e9r\u00eat sp\u00e9cifiques.<\/p>\n<\/div>\n\n\n\n<div class=\"wp-block-column is-vertically-aligned-center is-layout-flow wp-block-column-is-layout-flow\">\n<figure class=\"wp-block-video\"><video height=\"1213\" style=\"aspect-ratio: 2560 \/ 1213;\" width=\"2560\" autoplay=\"\" controls=\"\" loop=\"\" muted=\"\" src=\"https:\/\/evolve-fitness.eu\/wp-content\/uploads\/2023\/08\/EV-SC-UL-030-storage.mp4\"><\/video><\/figure>\n<\/div>\n<\/div>\n\n\n\n<div class=\"wp-block-columns alignwide mobile-reverse is-layout-flex wp-container-core-columns-is-layout-ca64bf2d wp-block-columns-is-layout-flex\" style=\"margin-bottom:var(--wp--preset--spacing--side-padding)\">\n<div class=\"wp-block-column is-vertically-aligned-center is-layout-flow wp-block-column-is-layout-flow\">\n<figure class=\"wp-block-image size-full\"><img decoding=\"async\" src=\"https:\/\/evolve-fitness.eu\/wp-content\/uploads\/2024\/01\/plate.webp\" alt=\"\" class=\"wp-image-9942\"\/><\/figure>\n<\/div>\n\n\n\n<div class=\"wp-block-column is-vertically-aligned-center is-layout-flow wp-block-column-is-layout-flow\">\n<h3 class=\"wp-block-heading\" style=\"margin-bottom:var(--wp--preset--spacing--h-3-bottom)\">Plaque de poids sup\u00e9rieure<\/h3>\n\n\n\n<p><strong><em>Relevez un nouveau d\u00e9fi<\/em><\/strong><\/p>\n\n\n\n<p>L&rsquo;Evolve Ultra Series Selectorized Pec Fly \/ Rear Delt dispose de deux plaques de poids suppl\u00e9mentaires de 2,5 kg qui permettent d&rsquo;am\u00e9liorer les performances de l&rsquo;appareil. Tout d&rsquo;abord, il augmente la r\u00e9sistance maximale que l&rsquo;appareil peut fournir, ce qui permet aux utilisateurs de se surpasser lors de leurs s\u00e9ances d&rsquo;entra\u00eenement.<br\/>En outre, ces plaques de poids suppl\u00e9mentaires offrent un avantage unique en permettant aux utilisateurs de faire des incr\u00e9ments plus petits et plus pr\u00e9cis dans leurs ajustements de r\u00e9sistance, chaque plaque offrant une augmentation de 2,5 kg. Cette pr\u00e9cision dans la s\u00e9lection de la r\u00e9sistance permet aux individus d&rsquo;adapter leurs s\u00e9ances d&rsquo;entra\u00eenement \u00e0 leurs besoins et objectifs sp\u00e9cifiques, garantissant ainsi que chaque s\u00e9ance d&rsquo;exercice est adapt\u00e9e pour optimiser les r\u00e9sultats.<\/p>\n<\/div>\n<\/div>\n\n\n\n<div class=\"wp-block-columns alignwide mobile-reverse is-layout-flex wp-container-core-columns-is-layout-ca64bf2d wp-block-columns-is-layout-flex\" style=\"margin-bottom:var(--wp--preset--spacing--side-padding)\">\n<div class=\"wp-block-column is-vertically-aligned-center is-layout-flow wp-block-column-is-layout-flow\">\n<h3 class=\"wp-block-heading\" style=\"margin-bottom:var(--wp--preset--spacing--h-3-bottom)\">Mouvement ind\u00e9pendant du bras<\/h3>\n\n\n\n<p><strong><em>Flexibilit\u00e9 de la formation<\/em><\/strong><\/p>\n\n\n\n<p style=\"margin-bottom:var(--wp--preset--spacing--tb-section-padding)\">Les appareils de musculation de la s\u00e9rie Evolve Ultra offrent la possibilit\u00e9 d&rsquo;entra\u00eener chaque bras ind\u00e9pendamment, r\u00e9pondant ainsi aux besoins individuels. Cette caract\u00e9ristique unique vous permet de maintenir un entra\u00eenement \u00e9quilibr\u00e9, m\u00eame si un bras est plus faible ou bless\u00e9. Les mouvements ind\u00e9pendants favorisent le d\u00e9veloppement d&rsquo;une force \u00e9quilibr\u00e9e et permettent diverses options d&rsquo;entra\u00eenement.<\/p>\n<\/div>\n\n\n\n<div class=\"wp-block-column is-vertically-aligned-center is-layout-flow wp-block-column-is-layout-flow\">\n<figure class=\"wp-block-image size-large\"><img decoding=\"async\" src=\"https:\/\/evolve-fitness.eu\/wp-content\/uploads\/2023\/08\/EV-SC-UL-030-Moulded-Seats-Precise-Seat-Adjustments-1024x576.jpg\" alt=\"EV-SC-UL-030\" class=\"wp-image-9960\"\/><\/figure>\n<\/div>\n<\/div>\n\n\n\n<div class=\"wp-block-columns alignwide mobile-reverse is-layout-flex wp-container-core-columns-is-layout-ca64bf2d wp-block-columns-is-layout-flex\" style=\"margin-bottom:var(--wp--preset--spacing--side-padding)\">\n<div class=\"wp-block-column is-vertically-aligned-center is-layout-flow wp-block-column-is-layout-flow\">\n<figure class=\"wp-block-video\"><video height=\"1920\" style=\"aspect-ratio: 1920 \/ 1920;\" width=\"1920\" autoplay=\"\" controls=\"\" loop=\"\" muted=\"\" src=\"https:\/\/evolve-fitness.eu\/wp-content\/uploads\/2023\/10\/Evolve-Double-powder-coated-Frame.mp4\"><\/video><\/figure>\n<\/div>\n\n\n\n<div class=\"wp-block-column is-vertically-aligned-center is-layout-flow wp-block-column-is-layout-flow\">\n<h3 class=\"wp-block-heading\" style=\"margin-bottom:var(--wp--preset--spacing--h-3-bottom)\">Cadre \u00e0 double rev\u00eatement en poudre<\/h3>\n\n\n\n<p><strong><em>Rev\u00eatement \u00e9lectrostatique par poudrage nacr\u00e9<\/em><\/strong><\/p>\n\n\n\n<p>Les machines de musculation de la s\u00e9rie Evolve Ultra, dot\u00e9es d&rsquo;un cadre noir perle mat \u00e0 rev\u00eatement \u00e9lectrostatique par poudre, allient forme et fonction. Son attrait esth\u00e9tique est renforc\u00e9 par sa finition noire mate, tandis que ses caract\u00e9ristiques pratiques, notamment sa r\u00e9sistance au frottement, ses propri\u00e9t\u00e9s anticorrosion et sa r\u00e9sistance aux rayures, en font un compagnon de fitness fiable et durable.<\/p>\n<\/div>\n<\/div>\n\n\n\n<div class=\"wp-block-columns alignwide mobile-reverse is-layout-flex wp-container-core-columns-is-layout-ca64bf2d wp-block-columns-is-layout-flex\" style=\"margin-bottom:var(--wp--preset--spacing--side-padding)\">\n<div class=\"wp-block-column is-vertically-aligned-center is-layout-flow wp-block-column-is-layout-flow\">\n<h3 class=\"wp-block-heading\" style=\"margin-bottom:var(--wp--preset--spacing--h-3-bottom)\">Pile de poids<\/h3>\n\n\n\n<p><strong><em>Entra\u00eenement plus stimulant<\/em><\/strong><\/p>\n\n\n\n<p>L&rsquo;appareil Evolve Ultra Series Selectorized Pec Fly \/ Rear Delt est \u00e9quip\u00e9 d&rsquo;un niveau de r\u00e9sistance de 110 kg, mais vous avez \u00e9galement la possibilit\u00e9 de le personnaliser et de l&rsquo;ajouter \u00e0 122,5 kg pour une exp\u00e9rience d&rsquo;entra\u00eenement encore plus stimulante. Il est dot\u00e9 d&rsquo;une pile de poids enti\u00e8rement ferm\u00e9e qui garantit la s\u00e9curit\u00e9 de vos exercices.<\/p>\n\n\n\n<p><strong><em>Caoutchouc r\u00e9sistant<\/em><\/strong><\/p>\n\n\n\n<p>Les pieds en caoutchouc robustes de la s\u00e9rie Evolve Ultra servent de boucliers de protection pour \u00e9viter tout dommage potentiel \u00e0 vos sols. Ces pieds en caoutchouc tr\u00e8s r\u00e9sistants sont con\u00e7us pour prot\u00e9ger vos surfaces de plancher de tout dommage pouvant survenir pendant l&rsquo;utilisation. En outre, ces pieds en caoutchouc n&rsquo;offrent pas seulement une protection, mais contribuent \u00e9galement \u00e0 la stabilit\u00e9.<\/p>\n<\/div>\n\n\n\n<div class=\"wp-block-column is-vertically-aligned-center is-layout-flow wp-block-column-is-layout-flow\">\n<figure class=\"wp-block-image size-full\"><img decoding=\"async\" src=\"https:\/\/evolve-fitness.eu\/wp-content\/uploads\/2024\/01\/stack.webp\" alt=\"\" class=\"wp-image-9940\"\/><\/figure>\n<\/div>\n<\/div>\n\n\n\n<div class=\"wp-block-columns alignwide mobile-reverse is-layout-flex wp-container-core-columns-is-layout-ca64bf2d wp-block-columns-is-layout-flex\" style=\"margin-bottom:var(--wp--preset--spacing--side-padding)\">\n<div class=\"wp-block-column is-vertically-aligned-center is-layout-flow wp-block-column-is-layout-flow\">\n<figure class=\"wp-block-image size-large\"><img decoding=\"async\" src=\"https:\/\/evolve-fitness.eu\/wp-content\/uploads\/2023\/08\/A7_08481-1024x683.jpg\" alt=\"\" class=\"wp-image-9109\"\/><\/figure>\n<\/div>\n\n\n\n<div class=\"wp-block-column is-vertically-aligned-center is-layout-flow wp-block-column-is-layout-flow\">\n<h3 class=\"wp-block-heading\" style=\"margin-bottom:var(--wp--preset--spacing--h-3-bottom)\">C\u00e2ble<\/h3>\n\n\n\n<p><strong><em>Qualit\u00e9 sup\u00e9rieure<\/em><\/strong><\/p>\n\n\n\n<p>Les machines Evolve Ultra Series utilisent des c\u00e2bles de qualit\u00e9 sup\u00e9rieure, compos\u00e9s de six brins principaux, chaque brin \u00e9tant constitu\u00e9 de 19 fils torsad\u00e9s ensemble, en polyamide 12 (PA12) et d&rsquo;un diam\u00e8tre de 5 mm. Lorsque vous passez d&rsquo;un exercice \u00e0 l&rsquo;autre, qu&rsquo;il s&rsquo;agisse d&rsquo;une flexion des biceps, d&rsquo;une compression de la poitrine, d&rsquo;un tirage au sort ou de toute autre activit\u00e9 de musculation, les performances exceptionnelles des c\u00e2bles de la s\u00e9rie Evolve Ultra garantissent la fluidit\u00e9 des mouvements et la constance de la r\u00e9sistance, ce qui favorise une exp\u00e9rience d&rsquo;entra\u00eenement \u00e0 la fois efficace et agr\u00e9able.<\/p>\n<\/div>\n<\/div>\n<\/section>\n<\/section>\n","protected":false},"excerpt":{"rendered":"<p>Faites l&rsquo;exp\u00e9rience d&rsquo;un entra\u00eenement cibl\u00e9 et efficace du haut du corps avec l&rsquo;appareil Evolve Ultra Series Selectorized Pec Fly\/Rear Delt, Ul-030. Am\u00e9liorez votre programme de remise en forme avec cet \u00e9quipement polyvalent dot\u00e9 d&rsquo;un mouvement ind\u00e9pendant des bras pour un engagement et une sym\u00e9trie sup\u00e9rieurs. Le car\u00e9nage enti\u00e8rement recouvert de la pile de poids garantit la s\u00e9curit\u00e9 sans compromettre le style, tandis que le r\u00e9glage du si\u00e8ge d&rsquo;une seule main am\u00e9liore le confort de l&rsquo;utilisateur. Dot\u00e9e de poign\u00e9es optimales et d&rsquo;une finition \u00e9l\u00e9gante en peinture mate unique, cette machine allie confort, esth\u00e9tique et durabilit\u00e9. Transformez votre salle de sport avec cet ajout innovant qui donne la priorit\u00e9 au confort, \u00e0 la s\u00e9curit\u00e9 et aux r\u00e9sultats.<\/p>\n","protected":false},"featured_media":75738,"template":"","meta":{"_acf_changed":false,"inline_featured_image":false},"product_cat":[413,1110,1224],"product_tag":[],"class_list":{"0":"post-48478","1":"product","2":"type-product","3":"status-publish","4":"has-post-thumbnail","6":"product_cat-page-daccueil","7":"product_cat-machines-selectionnees","8":"product_cat-machines-selectorized-ultra-series","10":"first","11":"outofstock","12":"shipping-taxable","13":"purchasable","14":"product-type-simple"},"acf":[],"_links":{"self":[{"href":"https:\/\/store.evolve-fitness.eu\/fr\/wp-json\/wp\/v2\/product\/48478","targetHints":{"allow":["GET"]}}],"collection":[{"href":"https:\/\/store.evolve-fitness.eu\/fr\/wp-json\/wp\/v2\/product"}],"about":[{"href":"https:\/\/store.evolve-fitness.eu\/fr\/wp-json\/wp\/v2\/types\/product"}],"wp:featuredmedia":[{"embeddable":true,"href":"https:\/\/store.evolve-fitness.eu\/fr\/wp-json\/wp\/v2\/media\/75738"}],"wp:attachment":[{"href":"https:\/\/store.evolve-fitness.eu\/fr\/wp-json\/wp\/v2\/media?parent=48478"}],"wp:term":[{"taxonomy":"product_cat","embeddable":true,"href":"https:\/\/store.evolve-fitness.eu\/fr\/wp-json\/wp\/v2\/product_cat?post=48478"},{"taxonomy":"product_tag","embeddable":true,"href":"https:\/\/store.evolve-fitness.eu\/fr\/wp-json\/wp\/v2\/product_tag?post=48478"}],"curies":[{"name":"wp","href":"https:\/\/api.w.org\/{rel}","templated":true}]}}