{"id":48008,"date":"2024-01-18T07:23:22","date_gmt":"2024-01-18T07:23:22","guid":{"rendered":"https:\/\/store.evolve-fitness.eu\/product\/extension-de-jambe-evolve-ultra-series-selectorized\/"},"modified":"2024-06-05T12:49:22","modified_gmt":"2024-06-05T12:49:22","slug":"extension-de-jambe-evolve-ultra-series-selectorized","status":"publish","type":"product","link":"https:\/\/store.evolve-fitness.eu\/fr\/produit\/extension-de-jambe-evolve-ultra-series-selectorized\/","title":{"rendered":"Extension de jambe Evolve Ultra Series Selectorized"},"content":{"rendered":"\n<section class=\"wp-block-group alignfull black-content has-white-color has-darkgray-background-color has-text-color has-background is-layout-constrained wp-block-group-is-layout-constrained\" style=\"padding-top:var(--wp--preset--spacing--section-bottom);padding-bottom:var(--wp--preset--spacing--section-bottom)\">\n<div class=\"wp-block-columns alignwide is-layout-flex wp-container-core-columns-is-layout-c45ee707 wp-block-columns-is-layout-flex\" style=\"margin-bottom:var(--wp--preset--spacing--side-padding);padding-top:var(--wp--preset--spacing--side-padding)\">\n<div class=\"wp-block-column is-vertically-aligned-center is-layout-flow wp-block-column-is-layout-flow\">\n<h3 class=\"wp-block-heading\">Bienvenue dans la s\u00e9rie Ultra<\/h3>\n\n\n\n<p><strong><em>Faites connaissance avec nos \u00e9quipements de la s\u00e9rie Ultra gr\u00e2ce \u00e0 une visite 3D \u00e0 360\u00b0 \u00e0 la pointe de la technologie<\/em><\/strong><\/p>\n\n\n\n<p>La presse pectorale s\u00e9lective Evolve Ultra Series, qui fait partie de la s\u00e9rie Evolve Ultra Series, est con\u00e7ue pour le confort et la performance. L&rsquo;appareil est con\u00e7u pour la polyvalence de l&rsquo;exercice, le soutien ergonomique et les options de r\u00e9glage pour diff\u00e9rentes tailles d&rsquo;utilisateurs. Le design est esth\u00e9tique, avec une finition durable par rev\u00eatement en poudre, et l&rsquo;utilisation de c\u00e2bles de haute qualit\u00e9 garantit un fonctionnement sans heurts.<\/p>\n<\/div>\n\n\n\n<div class=\"wp-block-column is-vertically-aligned-center is-layout-flow wp-block-column-is-layout-flow\">\n<figure class=\"wp-block-video\"><video height=\"1899\" style=\"aspect-ratio: 1500 \/ 1899;\" width=\"1500\" autoplay=\"\" controls=\"\" loop=\"\" muted=\"\" src=\"https:\/\/evolve-fitness.eu\/wp-content\/uploads\/2023\/08\/Evolve-Ultra-Series-Selectorized-Leg-Extension.mp4\"><\/video><\/figure>\n<\/div>\n<\/div>\n\n\n\n<div class=\"wp-block-columns alignwide mobile-reverse is-layout-flex wp-container-core-columns-is-layout-ca64bf2d wp-block-columns-is-layout-flex\" style=\"margin-bottom:var(--wp--preset--spacing--side-padding)\">\n<div class=\"wp-block-column is-vertically-aligned-center is-layout-flow wp-block-column-is-layout-flow\">\n<figure class=\"wp-block-video\"><video height=\"1920\" style=\"aspect-ratio: 1920 \/ 1920;\" width=\"1920\" autoplay=\"\" controls=\"\" loop=\"\" muted=\"\" src=\"https:\/\/evolve-fitness.eu\/wp-content\/uploads\/2023\/08\/Evolve-Ultra-Series-Selectorized-Leg-Extension-Ul-140-2.mp4\"><\/video><\/figure>\n<\/div>\n\n\n\n<div class=\"wp-block-column is-vertically-aligned-center is-layout-flow wp-block-column-is-layout-flow\">\n<h3 class=\"wp-block-heading\" style=\"margin-bottom:var(--wp--preset--spacing--h-3-bottom)\">Muscles<\/h3>\n\n\n\n<p>La machine Evolve Ultra Series Selectorized Leg Extension cible et engage principalement les muscles suivants :<br\/><br\/><strong>Quadriceps (muscles de l&rsquo;avant de la cuisse)<\/strong>: Les quadriceps sont les principaux muscles sollicit\u00e9s lors de l&rsquo;extension des jambes. Cet exercice permet d&rsquo;isoler et de renforcer efficacement les quatre muscles qui composent le groupe des quadriceps : le vaste m\u00e9dial, le vaste lat\u00e9ral, le vaste interm\u00e9diaire et le droit f\u00e9moral ; le <strong>sartorius<\/strong>: Le muscle sartorius, le plus long du corps, est \u00e9galement sollicit\u00e9 lors des extensions de jambes. Il traverse en diagonale l&rsquo;avant de la cuisse et contribue \u00e0 la flexion de la hanche et du genou ; <strong>Tensor Fasciae Latae (TFL)<\/strong>: le muscle TFL, qui longe la partie lat\u00e9rale (externe) de la cuisse, contribue \u00e0 la flexion et \u00e0 l&rsquo;abduction de la hanche et joue un r\u00f4le de soutien lors de l&rsquo;extension de la jambe.<br\/><br\/>Si les extensions de jambes ciblent principalement ces muscles, d&rsquo;autres muscles stabilisateurs secondaires, tels que les fl\u00e9chisseurs de la hanche, les muscles du tronc et les stabilisateurs autour de l&rsquo;articulation du genou, entrent \u00e9galement en jeu pour fournir un soutien et maintenir une forme correcte pendant l&rsquo;exercice.<\/p>\n<\/div>\n<\/div>\n\n\n\n<div class=\"wp-block-columns alignwide is-layout-flex wp-container-core-columns-is-layout-c45ee707 wp-block-columns-is-layout-flex\" style=\"margin-bottom:var(--wp--preset--spacing--side-padding);padding-top:var(--wp--preset--spacing--side-padding)\">\n<div class=\"wp-block-column is-vertically-aligned-center is-layout-flow wp-block-column-is-layout-flow\">\n<h3 class=\"wp-block-heading\" style=\"margin-bottom:var(--wp--preset--spacing--h-3-bottom)\">Pile de poids<\/h3>\n\n\n\n<p><strong><em>Personnaliser et ajouter<\/em><\/strong><\/p>\n\n\n\n<p style=\"margin-bottom:var(--wp--preset--spacing--tb-section-padding)\">L&rsquo;appareil d&rsquo;extension des jambes Evolve Ultra Series Selectorized comprenant 2 plaques de poids sup\u00e9rieures de 2,5 kg est \u00e9quip\u00e9 d&rsquo;une pile de poids de 110 kg, mais vous avez \u00e9galement la possibilit\u00e9 de la personnaliser et de l&rsquo;ajouter \u00e0 122,5 kg pour une exp\u00e9rience d&rsquo;entra\u00eenement encore plus stimulante. Il est dot\u00e9 d&rsquo;une pile de poids enti\u00e8rement ferm\u00e9e qui garantit la s\u00e9curit\u00e9 de vos exercices.<\/p>\n<\/div>\n\n\n\n<div class=\"wp-block-column is-vertically-aligned-center is-layout-flow wp-block-column-is-layout-flow\">\n<figure class=\"wp-block-image size-full\"><img decoding=\"async\" src=\"https:\/\/evolve-fitness.eu\/wp-content\/uploads\/2024\/01\/stack.webp\" alt=\"\" class=\"wp-image-9940\"\/><\/figure>\n<\/div>\n<\/div>\n\n\n\n<div class=\"wp-block-columns alignwide mobile-reverse is-layout-flex wp-container-core-columns-is-layout-ca64bf2d wp-block-columns-is-layout-flex\" style=\"margin-bottom:var(--wp--preset--spacing--side-padding)\">\n<div class=\"wp-block-column is-vertically-aligned-center is-layout-flow wp-block-column-is-layout-flow\">\n<figure class=\"wp-block-video\"><video autoplay=\"\" controls=\"\" loop=\"\" muted=\"\" src=\"https:\/\/evolve-fitness.eu\/wp-content\/uploads\/2023\/08\/Evolve-UL-140-Adjustable-back-rest.mp4\"><\/video><\/figure>\n<\/div>\n\n\n\n<div class=\"wp-block-column is-vertically-aligned-center is-layout-flow wp-block-column-is-layout-flow\">\n<h3 class=\"wp-block-heading\" style=\"margin-bottom:var(--wp--preset--spacing--h-3-bottom)\">Dossier r\u00e9glable<\/h3>\n\n\n\n<p><strong><em>  8 Positions de r\u00e9glage<\/em><\/strong><\/p>\n\n\n\n<p style=\"margin-bottom:var(--wp--preset--spacing--tb-section-padding)\">Le dossier r\u00e9glable de la machine d&rsquo;extension des jambes Evolve Ultra Series Selectorized avec 8 positions de r\u00e9glage permet aux utilisateurs de trouver la position la plus confortable pour leur corps. Cette personnalisation est particuli\u00e8rement b\u00e9n\u00e9fique pour les personnes de tailles et de proportions corporelles diff\u00e9rentes. Il permet aux utilisateurs d&rsquo;effectuer des extensions de jambes en adoptant une posture correcte et sans g\u00eane, r\u00e9duisant ainsi le risque de tensions ou de blessures.<\/p>\n\n\n\n<p><strong><em><strong><em>  Rembourrage \u00e0 double piq\u00fbre<\/em><\/strong><\/em><\/strong><\/p>\n\n\n\n<p style=\"margin-bottom:var(--wp--preset--spacing--tb-section-padding)\">Les si\u00e8ges en polyur\u00e9thane de la machine Evolve Ultra Series Selectorized Leg Extension, construits avec un design moul\u00e9 et un rembourrage \u00e0 double couture, offrent une durabilit\u00e9 et un confort exceptionnels. Ils sont con\u00e7us pour offrir un soutien ergonomique. En outre, les coussins pour machines de musculation en PU constituent un excellent choix en raison de leur durabilit\u00e9, de leur confort, de leur facilit\u00e9 d&rsquo;entretien et de leur rentabilit\u00e9 globale. Ils peuvent r\u00e9sister aux exigences de l&rsquo;entra\u00eenement musculaire tout en offrant une surface d&rsquo;exercice confortable et hygi\u00e9nique.<\/p>\n<\/div>\n<\/div>\n\n\n\n<div class=\"wp-block-columns alignwide is-layout-flex wp-container-core-columns-is-layout-c45ee707 wp-block-columns-is-layout-flex\" style=\"margin-bottom:var(--wp--preset--spacing--side-padding);padding-top:var(--wp--preset--spacing--side-padding)\">\n<div class=\"wp-block-column is-vertically-aligned-center is-layout-flow wp-block-column-is-layout-flow\">\n<h3 class=\"wp-block-heading\" style=\"margin-bottom:var(--wp--preset--spacing--h-3-bottom)\">Angle r\u00e9glable de la position de d\u00e9part<\/h3>\n\n\n\n<p><strong><em>Pour diff\u00e9rentes hauteurs et tailles<\/em><\/strong><\/p>\n\n\n\n<p style=\"margin-bottom:var(--wp--preset--spacing--tb-section-padding)\">L&rsquo;angle r\u00e9glable de la position de d\u00e9part de l&rsquo;appareil d&rsquo;extension des jambes Evolve Ultra Series Selectorized est une caract\u00e9ristique pr\u00e9cieuse qui am\u00e9liore consid\u00e9rablement l&rsquo;efficacit\u00e9 et la polyvalence de cet \u00e9quipement. L&rsquo;angle r\u00e9glable avec 4 positions diff\u00e9rentes permet aux utilisateurs de d\u00e9finir la position de d\u00e9part qui convient \u00e0 leur souplesse et \u00e0 l&rsquo;amplitude de leurs mouvements. Cela signifie que les personnes ayant diff\u00e9rents niveaux de flexibilit\u00e9 ou de mobilit\u00e9 peuvent adapter la machine \u00e0 leurs besoins sp\u00e9cifiques. Il est particuli\u00e8rement utile pour accommoder les utilisateurs ayant des tailles et des capacit\u00e9s physiques diff\u00e9rentes.<\/p>\n<\/div>\n\n\n\n<div class=\"wp-block-column is-vertically-aligned-center is-layout-flow wp-block-column-is-layout-flow\">\n<figure class=\"wp-block-video\"><video autoplay=\"\" controls=\"\" loop=\"\" muted=\"\" src=\"https:\/\/evolve-fitness.eu\/wp-content\/uploads\/2023\/08\/EV-SC-UL-140-Angle.mp4\"><\/video><\/figure>\n<\/div>\n<\/div>\n\n\n\n<div class=\"wp-block-columns alignwide are-vertically-aligned-center mobile-reverse is-layout-flex wp-container-core-columns-is-layout-e8158c2f wp-block-columns-is-layout-flex\" style=\"padding-top:var(--wp--preset--spacing--side-padding)\">\n<div class=\"wp-block-column is-vertically-aligned-center is-layout-flow wp-block-column-is-layout-flow\">\n<figure class=\"wp-block-video\"><video autoplay=\"\" controls=\"\" loop=\"\" muted=\"\" src=\"https:\/\/evolve-fitness.eu\/wp-content\/uploads\/2023\/08\/Evolve-UL-140-Adjustable-ankle-support.mp4\"><\/video><\/figure>\n<\/div>\n\n\n\n<div class=\"wp-block-column is-vertically-aligned-center is-layout-flow wp-block-column-is-layout-flow\">\n<h3 class=\"wp-block-heading\" style=\"margin-bottom:var(--wp--preset--spacing--h-3-bottom)\"><strong>Support de cheville r\u00e9glable<\/strong><\/h3>\n\n\n\n<p><strong><em><strong><em>S\u00fbre et efficace<\/em><\/strong><\/em><\/strong><\/p>\n\n\n\n<p style=\"margin-bottom:var(--wp--preset--spacing--tb-section-padding)\">Le maintien d&rsquo;un alignement correct du corps est essentiel pour des exercices d&rsquo;extension des jambes s\u00fbrs et efficaces. Le support de cheville r\u00e9glable en 7 positions favorise un positionnement correct en fixant les chevilles de mani\u00e8re \u00e0 stabiliser les genoux et les hanches. Cela minimise le risque de blessures en \u00e9vitant les mouvements non naturels et en garantissant que l&rsquo;exercice cible principalement les quadriceps (muscles de l&rsquo;avant de la cuisse).<\/p>\n<\/div>\n<\/div>\n\n\n\n<div class=\"wp-block-columns alignwide is-layout-flex wp-container-core-columns-is-layout-c45ee707 wp-block-columns-is-layout-flex\" style=\"margin-bottom:var(--wp--preset--spacing--side-padding);padding-top:var(--wp--preset--spacing--side-padding)\">\n<div class=\"wp-block-column is-vertically-aligned-center is-layout-flow wp-block-column-is-layout-flow\">\n<h3 class=\"wp-block-heading\" style=\"margin-bottom:var(--wp--preset--spacing--h-3-bottom)\">Cadre \u00e0 double rev\u00eatement en poudre<\/h3>\n\n\n\n<p><strong><em>Pr\u00e9vention des dommages<\/em><\/strong><\/p>\n\n\n\n<p style=\"margin-bottom:var(--wp--preset--spacing--tb-section-padding)\">Les machines de musculation de la s\u00e9rie Evolve Ultra, dot\u00e9es d&rsquo;un cadre noir perle mat \u00e0 rev\u00eatement \u00e9lectrostatique par poudre, allient forme et fonction. Son attrait esth\u00e9tique est renforc\u00e9 par sa finition noire mate, tandis que ses caract\u00e9ristiques pratiques, notamment sa r\u00e9sistance au frottement, ses propri\u00e9t\u00e9s anticorrosion et sa r\u00e9sistance aux rayures, en font un compagnon de fitness fiable et durable.<\/p>\n<\/div>\n\n\n\n<div class=\"wp-block-column is-vertically-aligned-center is-layout-flow wp-block-column-is-layout-flow\">\n<figure class=\"wp-block-video\"><video height=\"1920\" style=\"aspect-ratio: 1920 \/ 1920;\" width=\"1920\" autoplay=\"\" controls=\"\" loop=\"\" muted=\"\" src=\"https:\/\/evolve-fitness.eu\/wp-content\/uploads\/2023\/10\/Evolve-Double-powder-coated-Frame.mp4\"><\/video><\/figure>\n<\/div>\n<\/div>\n\n\n\n<div class=\"wp-block-columns alignwide is-layout-flex wp-container-core-columns-is-layout-c45ee707 wp-block-columns-is-layout-flex\" style=\"margin-bottom:var(--wp--preset--spacing--side-padding);padding-top:var(--wp--preset--spacing--side-padding)\">\n<div class=\"wp-block-column is-vertically-aligned-center is-layout-flow wp-block-column-is-layout-flow\">\n<figure class=\"wp-block-video\"><video height=\"2560\" style=\"aspect-ratio: 1920 \/ 2560;\" width=\"1920\" autoplay=\"\" controls=\"\" loop=\"\" muted=\"\" src=\"https:\/\/evolve-fitness.eu\/wp-content\/uploads\/2023\/08\/EV-SC-UL-140-Storage-and-Stickers.mp4\"><\/video><\/figure>\n<\/div>\n\n\n\n<div class=\"wp-block-column is-vertically-aligned-center is-layout-flow wp-block-column-is-layout-flow\">\n<h3 class=\"wp-block-heading\" style=\"margin-bottom:var(--wp--preset--spacing--h-3-bottom)\">Autocollant sur les exercices<\/h3>\n\n\n\n<p><strong><em>Parfait pour faciliter la navigation<\/em><\/strong><\/p>\n\n\n\n<p style=\"margin-bottom:var(--wp--preset--spacing--tb-section-padding)\">Les appareils de la s\u00e9rie Evolve Ultra sont dot\u00e9s d&rsquo;autocollants informatifs qui vous servent d&rsquo;aide visuelle et vous permettent de vous familiariser plus facilement avec les caract\u00e9ristiques et les fonctions de l&rsquo;appareil, ce qui am\u00e9liore votre exp\u00e9rience de l&rsquo;exercice. En outre, il fournit des informations pr\u00e9cieuses sur les diff\u00e9rents groupes musculaires qui peuvent \u00eatre efficacement travaill\u00e9s sur l&rsquo;appareil, ce qui vous permet de tirer le meilleur parti de votre programme de remise en forme en ciblant des zones d&rsquo;int\u00e9r\u00eat sp\u00e9cifiques.<\/p>\n\n\n\n<p><strong><em>Rangement pratique des accessoires<\/em><\/strong><\/p>\n\n\n\n<p style=\"margin-bottom:var(--wp--preset--spacing--tb-section-padding)\">Pendant que vous vous entra\u00eenez, vous pouvez ranger votre bouteille d&rsquo;eau, votre t\u00e9l\u00e9phone et vos objets personnels dans les supports pr\u00e9vus \u00e0 cet effet sur les appareils de la s\u00e9rie Evolve Ultra. Ces compartiments sp\u00e9cialement con\u00e7us sont l\u00e0 pour s&rsquo;assurer que vous disposez d&rsquo;un endroit s\u00fbr et facilement accessible pour vos effets personnels pendant vos s\u00e9ances d&rsquo;entra\u00eenement.<\/p>\n<\/div>\n<\/div>\n\n\n\n<div class=\"wp-block-columns alignwide is-layout-flex wp-container-core-columns-is-layout-c45ee707 wp-block-columns-is-layout-flex\" style=\"margin-bottom:var(--wp--preset--spacing--side-padding);padding-top:var(--wp--preset--spacing--side-padding)\">\n<div class=\"wp-block-column is-vertically-aligned-center is-layout-flow wp-block-column-is-layout-flow\">\n<h3 class=\"wp-block-heading\" style=\"margin-bottom:var(--wp--preset--spacing--h-3-bottom)\">C\u00e2ble<\/h3>\n\n\n\n<p><strong><em>Qualit\u00e9 sup\u00e9rieure<\/em><\/strong><\/p>\n\n\n\n<p style=\"margin-bottom:var(--wp--preset--spacing--tb-section-padding)\">Les machines Evolve Ultra Series utilisent des c\u00e2bles de qualit\u00e9 sup\u00e9rieure, compos\u00e9s de six brins principaux, chaque brin \u00e9tant constitu\u00e9 de 19 fils torsad\u00e9s ensemble, en polyamide 12 (PA12) et d&rsquo;un diam\u00e8tre de 5 mm. Lorsque vous passez d&rsquo;un exercice \u00e0 l&rsquo;autre, qu&rsquo;il s&rsquo;agisse d&rsquo;une flexion des biceps, d&rsquo;une compression de la poitrine, d&rsquo;un tirage au sort ou de toute autre activit\u00e9 de musculation, les performances exceptionnelles des c\u00e2bles de la s\u00e9rie Evolve Ultra garantissent la fluidit\u00e9 des mouvements et la constance de la r\u00e9sistance, ce qui favorise une exp\u00e9rience d&rsquo;entra\u00eenement \u00e0 la fois efficace et agr\u00e9able.<\/p>\n<\/div>\n\n\n\n<div class=\"wp-block-column is-vertically-aligned-center is-layout-flow wp-block-column-is-layout-flow\">\n<figure class=\"wp-block-video\"><video height=\"600\" style=\"aspect-ratio: 680 \/ 600;\" width=\"680\" autoplay=\"\" controls=\"\" loop=\"\" muted=\"\" src=\"https:\/\/evolve-fitness.eu\/wp-content\/uploads\/2023\/10\/Evolve-cable.mp4\"><\/video><\/figure>\n<\/div>\n<\/div>\n\n\n\n<div class=\"wp-block-columns alignwide is-layout-flex wp-container-core-columns-is-layout-c45ee707 wp-block-columns-is-layout-flex\" style=\"margin-bottom:var(--wp--preset--spacing--side-padding);padding-top:var(--wp--preset--spacing--side-padding)\">\n<div class=\"wp-block-column is-vertically-aligned-center is-layout-flow wp-block-column-is-layout-flow\">\n<figure class=\"wp-block-image size-full\"><img decoding=\"async\" src=\"https:\/\/evolve-fitness.eu\/wp-content\/uploads\/2024\/01\/plate.webp\" alt=\"\" class=\"wp-image-9942\"\/><\/figure>\n<\/div>\n\n\n\n<div class=\"wp-block-column is-vertically-aligned-center is-layout-flow wp-block-column-is-layout-flow\">\n<h3 class=\"wp-block-heading\" style=\"margin-bottom:var(--wp--preset--spacing--h-3-bottom)\">Plaque de poids sup\u00e9rieure<\/h3>\n\n\n\n<p><strong><em>Pour une meilleure performance<\/em><\/strong> <\/p>\n\n\n\n<p style=\"margin-bottom:var(--wp--preset--spacing--tb-section-padding)\">L&rsquo;appareil d&rsquo;extension des jambes Evolve Ultra Series Selectorized est \u00e9quip\u00e9 de deux plaques de poids suppl\u00e9mentaires de 2,5 kg qui servent \u00e0 am\u00e9liorer les performances de l&rsquo;appareil d&rsquo;exercice. Tout d&rsquo;abord, il augmente la r\u00e9sistance maximale que l&rsquo;appareil peut fournir, ce qui permet aux utilisateurs de se surpasser lors de leurs s\u00e9ances d&rsquo;entra\u00eenement. En outre, ces plaques de poids suppl\u00e9mentaires offrent un avantage unique en permettant aux utilisateurs de faire des incr\u00e9ments plus petits et plus pr\u00e9cis dans leurs ajustements de r\u00e9sistance, chaque plaque offrant une augmentation de 2,5 kg. Cette pr\u00e9cision dans la s\u00e9lection de la r\u00e9sistance permet aux individus d&rsquo;adapter leurs s\u00e9ances d&rsquo;entra\u00eenement \u00e0 leurs besoins et objectifs sp\u00e9cifiques, garantissant ainsi que chaque s\u00e9ance d&rsquo;exercice est adapt\u00e9e pour optimiser les r\u00e9sultats.<\/p>\n<\/div>\n<\/div>\n<\/section>\n","protected":false},"excerpt":{"rendered":"<p>L&rsquo;extension de jambe Evolve Ultra Series UL-140 Selectorized Leg Extension permet d&rsquo;am\u00e9liorer l&rsquo;entra\u00eenement des jambes. Le confort et la s\u00e9curit\u00e9 sont assur\u00e9s par des caract\u00e9ristiques telles que des si\u00e8ges moul\u00e9s et une finition mate \u00e9l\u00e9gante. La polyvalence est assur\u00e9e par le r\u00e9glage du si\u00e8ge d&rsquo;une seule main et les poign\u00e9es optimales. Am\u00e9liorez votre centre de remise en forme avec cet \u00e9quipement innovant et \u00e9l\u00e9gant.<\/p>\n","protected":false},"featured_media":75889,"template":"","meta":{"_acf_changed":false,"inline_featured_image":false},"product_cat":[413,1110,1224],"product_tag":[],"class_list":{"0":"post-48008","1":"product","2":"type-product","3":"status-publish","4":"has-post-thumbnail","6":"product_cat-page-daccueil","7":"product_cat-machines-selectionnees","8":"product_cat-machines-selectorized-ultra-series","10":"first","11":"instock","12":"shipping-taxable","13":"purchasable","14":"product-type-simple"},"acf":[],"_links":{"self":[{"href":"https:\/\/store.evolve-fitness.eu\/fr\/wp-json\/wp\/v2\/product\/48008","targetHints":{"allow":["GET"]}}],"collection":[{"href":"https:\/\/store.evolve-fitness.eu\/fr\/wp-json\/wp\/v2\/product"}],"about":[{"href":"https:\/\/store.evolve-fitness.eu\/fr\/wp-json\/wp\/v2\/types\/product"}],"wp:featuredmedia":[{"embeddable":true,"href":"https:\/\/store.evolve-fitness.eu\/fr\/wp-json\/wp\/v2\/media\/75889"}],"wp:attachment":[{"href":"https:\/\/store.evolve-fitness.eu\/fr\/wp-json\/wp\/v2\/media?parent=48008"}],"wp:term":[{"taxonomy":"product_cat","embeddable":true,"href":"https:\/\/store.evolve-fitness.eu\/fr\/wp-json\/wp\/v2\/product_cat?post=48008"},{"taxonomy":"product_tag","embeddable":true,"href":"https:\/\/store.evolve-fitness.eu\/fr\/wp-json\/wp\/v2\/product_tag?post=48008"}],"curies":[{"name":"wp","href":"https:\/\/api.w.org\/{rel}","templated":true}]}}