{"id":47801,"date":"2024-01-18T07:14:23","date_gmt":"2024-01-18T07:14:23","guid":{"rendered":"https:\/\/store.evolve-fitness.eu\/product\/leg-curl-evolve-ultra-series-selectorized\/"},"modified":"2024-06-05T12:51:19","modified_gmt":"2024-06-05T12:51:19","slug":"leg-curl-evolve-ultra-series-selectorized","status":"publish","type":"product","link":"https:\/\/store.evolve-fitness.eu\/fr\/produit\/leg-curl-evolve-ultra-series-selectorized\/","title":{"rendered":"Leg Curl Evolve Ultra Series Selectorized"},"content":{"rendered":"\n<section class=\"wp-block-group alignfull black-content has-white-color has-darkgray-background-color has-text-color has-background is-layout-constrained wp-block-group-is-layout-constrained\" style=\"padding-top:var(--wp--preset--spacing--section-bottom);padding-bottom:var(--wp--preset--spacing--section-bottom)\">\n<div class=\"wp-block-columns alignwide is-layout-flex wp-container-core-columns-is-layout-c45ee707 wp-block-columns-is-layout-flex\" style=\"margin-bottom:var(--wp--preset--spacing--side-padding);padding-top:var(--wp--preset--spacing--side-padding)\">\n<div class=\"wp-block-column is-vertically-aligned-center is-layout-flow wp-block-column-is-layout-flow\">\n<h3 class=\"wp-block-heading\">Bienvenue dans la s\u00e9rie Ultra<\/h3>\n\n\n\n<p><strong><em>Faites connaissance avec nos \u00e9quipements de la s\u00e9rie Ultra gr\u00e2ce \u00e0 une visite 3D \u00e0 360\u00b0 \u00e0 la pointe de la technologie<\/em><\/strong><\/p>\n\n\n\n<p>La presse pectorale s\u00e9lective Evolve Ultra Series, qui fait partie de la s\u00e9rie Evolve Ultra Series, est con\u00e7ue pour le confort et la performance. L&rsquo;appareil est con\u00e7u pour la polyvalence de l&rsquo;exercice, le soutien ergonomique et les options de r\u00e9glage pour diff\u00e9rentes tailles d&rsquo;utilisateurs. Le design est esth\u00e9tique, avec une finition durable par rev\u00eatement en poudre, et l&rsquo;utilisation de c\u00e2bles de haute qualit\u00e9 garantit un fonctionnement sans heurts.<\/p>\n<\/div>\n\n\n\n<div class=\"wp-block-column is-vertically-aligned-center is-layout-flow wp-block-column-is-layout-flow\">\n<figure class=\"wp-block-video\"><video autoplay=\"\" controls=\"\" loop=\"\" muted=\"\" src=\"https:\/\/evolve-fitness.eu\/wp-content\/uploads\/2023\/08\/Leg-Curl-Evolve-Ultra-Series-Selectorized.mp4\"><\/video><\/figure>\n<\/div>\n<\/div>\n\n\n\n<div class=\"wp-block-columns alignwide mobile-reverse is-layout-flex wp-container-core-columns-is-layout-ca64bf2d wp-block-columns-is-layout-flex\" style=\"margin-bottom:var(--wp--preset--spacing--side-padding)\">\n<div class=\"wp-block-column is-vertically-aligned-center is-layout-flow wp-block-column-is-layout-flow\">\n<figure class=\"wp-block-video\"><video height=\"1920\" style=\"aspect-ratio: 1920 \/ 1920;\" width=\"1920\" autoplay=\"\" controls=\"\" loop=\"\" muted=\"\" src=\"https:\/\/evolve-fitness.eu\/wp-content\/uploads\/2023\/08\/Evolve-Ultra-Series-Selectorized-Leg-Extension-Ul-140-2.mp4\"><\/video><\/figure>\n<\/div>\n\n\n\n<div class=\"wp-block-column is-vertically-aligned-center is-layout-flow wp-block-column-is-layout-flow\">\n<h3 class=\"wp-block-heading\" style=\"margin-bottom:var(--wp--preset--spacing--h-3-bottom)\">Muscles<\/h3>\n\n\n\n<p><\/p>\n\n\n\n<p>L&rsquo;appareil Evolve Ultra Series Lying Leg Curl Machine cible et engage principalement les muscles suivants :<br\/><br\/>Les <strong>ischio-jambiers<\/strong>: Les ischio-jambiers, qui se composent des muscles biceps femoris, semitendinosus et semimembranosus, sont les principaux muscles sollicit\u00e9s lors des flexions de jambes. Cet exercice permet d&rsquo;isoler et de renforcer efficacement les ischio-jambiers, en particulier les muscles situ\u00e9s \u00e0 l&rsquo;arri\u00e8re de la cuisse. Les <strong>muscles du mollet<\/strong>, notamment le gastrocn\u00e9mien et le sol\u00e9aire, sont sollicit\u00e9s en tant que stabilisateurs et muscles secondaires pendant le mouvement d&rsquo;enroulement des jambes, en particulier lorsque l&rsquo;on pointe les orteils pendant l&rsquo;exercice.<br\/><br\/>Bien que l&rsquo;appareil se concentre principalement sur les ischio-jambiers, il sollicite aussi indirectement les muscles du mollet. Une forme correcte et des mouvements contr\u00f4l\u00e9s sont essentiels pour maximiser l&rsquo;efficacit\u00e9 des flexions de jambes et r\u00e9duire le risque de blessure.<\/p>\n<\/div>\n<\/div>\n\n\n\n<div class=\"wp-block-columns alignwide is-layout-flex wp-container-core-columns-is-layout-c45ee707 wp-block-columns-is-layout-flex\" style=\"margin-bottom:var(--wp--preset--spacing--side-padding);padding-top:var(--wp--preset--spacing--side-padding)\">\n<div class=\"wp-block-column is-vertically-aligned-center is-layout-flow wp-block-column-is-layout-flow\">\n<h3 class=\"wp-block-heading\" style=\"margin-bottom:var(--wp--preset--spacing--h-3-bottom)\">Angle r\u00e9glable de la position de d\u00e9part<\/h3>\n\n\n\n<p><strong><em>Pour diff\u00e9rentes hauteurs et tailles<\/em><\/strong><\/p>\n\n\n\n<p style=\"margin-bottom:var(--wp--preset--spacing--tb-section-padding)\">L&rsquo;angle r\u00e9glable de la position de d\u00e9part de l&rsquo;Evolve Ultra Series Lying Leg Curl permet aux utilisateurs d&rsquo;adapter leurs exercices de flexion des jambes \u00e0 leurs besoins individuels. Avec six positions diff\u00e9rentes, les personnes de tailles et de niveaux de flexibilit\u00e9 vari\u00e9s peuvent choisir le r\u00e9glage qui convient le mieux \u00e0 leur confort et \u00e0 l&rsquo;amplitude de leurs mouvements. Cette fonction aide les utilisateurs \u00e0 obtenir un positionnement et une posture corrects en s&rsquo;adaptant \u00e0 leurs caract\u00e9ristiques anatomiques uniques, r\u00e9duisant ainsi le risque de tension ou de blessure.<\/p>\n<\/div>\n\n\n\n<div class=\"wp-block-column is-vertically-aligned-center is-layout-flow wp-block-column-is-layout-flow\">\n<figure class=\"wp-block-video\"><video autoplay=\"\" controls=\"\" loop=\"\" muted=\"\" src=\"https:\/\/evolve-fitness.eu\/wp-content\/uploads\/2023\/08\/Adjustable-angle-of-starting-position-UL-150.mp4\"><\/video><\/figure>\n<\/div>\n<\/div>\n\n\n\n<div class=\"wp-block-columns alignwide mobile-reverse is-layout-flex wp-container-core-columns-is-layout-ca64bf2d wp-block-columns-is-layout-flex\" style=\"margin-bottom:var(--wp--preset--spacing--side-padding)\">\n<div class=\"wp-block-column is-vertically-aligned-center is-layout-flow wp-block-column-is-layout-flow\">\n<figure class=\"wp-block-video\"><video autoplay=\"\" controls=\"\" loop=\"\" muted=\"\" src=\"https:\/\/evolve-fitness.eu\/wp-content\/uploads\/2023\/08\/Evolve-UL-150-Anatomically-Contoured.mp4\"><\/video><\/figure>\n<\/div>\n\n\n\n<div class=\"wp-block-column is-vertically-aligned-center is-layout-flow wp-block-column-is-layout-flow\">\n<h3 class=\"wp-block-heading\" style=\"margin-bottom:var(--wp--preset--spacing--h-3-bottom)\">Contour anatomique<\/h3>\n\n\n\n<p><strong><em>  8 Positions de r\u00e9glage<\/em><\/strong><\/p>\n\n\n\n<p style=\"margin-bottom:var(--wp--preset--spacing--tb-section-padding)\">L&rsquo;appareil Evolve Ultra Series Lying Leg Curl a \u00e9t\u00e9 con\u00e7u en tenant compte de la forme et des courbes naturelles du corps, ce qui garantit une utilisation confortable. Les supports sont dot\u00e9s d&rsquo;un rembourrage important, ce qui am\u00e9liore le confort de l&rsquo;utilisateur et r\u00e9duit le risque d&rsquo;inconfort ou de tension pendant l&rsquo;exercice. L&rsquo;appareil permet une amplitude de mouvement naturelle pendant l&rsquo;exercice, ce qui garantit que les utilisateurs peuvent effectuer des flexions de jambes avec des mouvements qui imitent la biom\u00e9canique naturelle du corps.<\/p>\n<\/div>\n<\/div>\n\n\n\n<div class=\"wp-block-columns alignwide is-layout-flex wp-container-core-columns-is-layout-c45ee707 wp-block-columns-is-layout-flex\" style=\"margin-bottom:var(--wp--preset--spacing--side-padding);padding-top:var(--wp--preset--spacing--side-padding)\">\n<div class=\"wp-block-column is-vertically-aligned-center is-layout-flow wp-block-column-is-layout-flow\">\n<h3 class=\"wp-block-heading\" style=\"margin-bottom:var(--wp--preset--spacing--h-3-bottom)\">Pile de poids<\/h3>\n\n\n\n<p><strong><em>Personnaliser et ajouter<\/em><\/strong><\/p>\n\n\n\n<p style=\"margin-bottom:var(--wp--preset--spacing--tb-section-padding)\">L&rsquo;appareil Evolve Ultra Series Selectorized Leg Curl comprenant 2 plaques de poids sup\u00e9rieures de 2,5 kg est \u00e9quip\u00e9 d&rsquo;une pile de poids de 110 kg, mais vous avez \u00e9galement la possibilit\u00e9 de la personnaliser et de l&rsquo;ajouter \u00e0 122,5 kg pour une exp\u00e9rience d&rsquo;entra\u00eenement encore plus stimulante. Il est dot\u00e9 d&rsquo;une pile de poids enti\u00e8rement ferm\u00e9e qui garantit la s\u00e9curit\u00e9 de vos exercices.<\/p>\n<\/div>\n\n\n\n<div class=\"wp-block-column is-vertically-aligned-center is-layout-flow wp-block-column-is-layout-flow\">\n<figure class=\"wp-block-image size-full\"><img decoding=\"async\" src=\"https:\/\/evolve-fitness.eu\/wp-content\/uploads\/2024\/01\/stack.webp\" alt=\"\" class=\"wp-image-9940\"\/><\/figure>\n<\/div>\n<\/div>\n\n\n\n<div class=\"wp-block-columns alignwide are-vertically-aligned-center mobile-reverse is-layout-flex wp-container-core-columns-is-layout-e8158c2f wp-block-columns-is-layout-flex\" style=\"padding-top:var(--wp--preset--spacing--side-padding)\">\n<div class=\"wp-block-column is-vertically-aligned-center is-layout-flow wp-block-column-is-layout-flow\">\n<figure class=\"wp-block-video\"><video autoplay=\"\" controls=\"\" loop=\"\" muted=\"\" src=\"https:\/\/evolve-fitness.eu\/wp-content\/uploads\/2023\/08\/Evolve-UL-150-Adjustable-ankle-support.mp4\"><\/video><\/figure>\n<\/div>\n\n\n\n<div class=\"wp-block-column is-vertically-aligned-center is-layout-flow wp-block-column-is-layout-flow\">\n<h3 class=\"wp-block-heading\" style=\"margin-bottom:var(--wp--preset--spacing--h-3-bottom)\"><strong>Support de cheville r\u00e9glable<\/strong><\/h3>\n\n\n\n<p><strong><em><strong><em>S\u00fbre et efficace<\/em><\/strong><\/em><\/strong><\/p>\n\n\n\n<p style=\"margin-bottom:var(--wp--preset--spacing--tb-section-padding)\">Le support de cheville r\u00e9glable offre une large gamme de positions, permettant aux utilisateurs d&rsquo;ajuster leurs exercices de flexion des jambes en fonction de leurs besoins individuels. Avec sept r\u00e9glages distincts, les personnes de tailles et de niveaux de flexibilit\u00e9 diff\u00e9rents peuvent s\u00e9lectionner l&rsquo;angle pr\u00e9cis qui convient le mieux \u00e0 leur confort et \u00e0 leur amplitude de mouvement. Cette caract\u00e9ristique favorise l&rsquo;inclusion, permettant aux personnes ayant des morphologies, des niveaux de mobilit\u00e9 et des objectifs de remise en forme diff\u00e9rents de b\u00e9n\u00e9ficier des exercices de flexion des jambes de l&rsquo;appareil.<\/p>\n<\/div>\n<\/div>\n\n\n\n<div class=\"wp-block-columns alignwide is-layout-flex wp-container-core-columns-is-layout-c45ee707 wp-block-columns-is-layout-flex\" style=\"margin-bottom:var(--wp--preset--spacing--side-padding);padding-top:var(--wp--preset--spacing--side-padding)\">\n<div class=\"wp-block-column is-vertically-aligned-center is-layout-flow wp-block-column-is-layout-flow\">\n<h3 class=\"wp-block-heading\" style=\"margin-bottom:var(--wp--preset--spacing--h-3-bottom)\">Cadre \u00e0 double rev\u00eatement en poudre<\/h3>\n\n\n\n<p><strong><em>Pr\u00e9vention des dommages<\/em><\/strong><\/p>\n\n\n\n<p style=\"margin-bottom:var(--wp--preset--spacing--tb-section-padding)\">Les machines de musculation de la s\u00e9rie Evolve Ultra, dot\u00e9es d&rsquo;un cadre noir perle mat \u00e0 rev\u00eatement \u00e9lectrostatique par poudre, allient forme et fonction. Son attrait esth\u00e9tique est renforc\u00e9 par sa finition noire mate, tandis que ses caract\u00e9ristiques pratiques, notamment sa r\u00e9sistance au frottement, ses propri\u00e9t\u00e9s anticorrosion et sa r\u00e9sistance aux rayures, en font un compagnon de fitness fiable et durable.<\/p>\n<\/div>\n\n\n\n<div class=\"wp-block-column is-vertically-aligned-center is-layout-flow wp-block-column-is-layout-flow\">\n<figure class=\"wp-block-video\"><video height=\"1920\" style=\"aspect-ratio: 1920 \/ 1920;\" width=\"1920\" autoplay=\"\" controls=\"\" loop=\"\" muted=\"\" src=\"https:\/\/evolve-fitness.eu\/wp-content\/uploads\/2023\/10\/Evolve-Double-powder-coated-Frame.mp4\"><\/video><\/figure>\n<\/div>\n<\/div>\n\n\n\n<div class=\"wp-block-columns alignwide is-layout-flex wp-container-core-columns-is-layout-c45ee707 wp-block-columns-is-layout-flex\" style=\"margin-bottom:var(--wp--preset--spacing--side-padding);padding-top:var(--wp--preset--spacing--side-padding)\">\n<div class=\"wp-block-column is-vertically-aligned-center is-layout-flow wp-block-column-is-layout-flow\">\n<figure class=\"wp-block-image size-full\"><img decoding=\"async\" src=\"https:\/\/evolve-fitness.eu\/wp-content\/uploads\/2024\/01\/plate.webp\" alt=\"\" class=\"wp-image-9942\"\/><\/figure>\n<\/div>\n\n\n\n<div class=\"wp-block-column is-vertically-aligned-center is-layout-flow wp-block-column-is-layout-flow\">\n<h3 class=\"wp-block-heading\" style=\"margin-bottom:var(--wp--preset--spacing--h-3-bottom)\">Plaque de poids sup\u00e9rieure<\/h3>\n\n\n\n<p><strong><em>Pour une meilleure performance<\/em><\/strong> <\/p>\n\n\n\n<p style=\"margin-bottom:var(--wp--preset--spacing--tb-section-padding)\">L&rsquo;appareil Evolve Ultra Series Selectorized Leg Curl est \u00e9quip\u00e9 de deux plaques de poids suppl\u00e9mentaires de 2,5 kg, qui permettent d&rsquo;am\u00e9liorer les performances de l&rsquo;appareil. Tout d&rsquo;abord, il augmente la r\u00e9sistance maximale que l&rsquo;appareil peut fournir, ce qui permet aux utilisateurs de se surpasser lors de leurs s\u00e9ances d&rsquo;entra\u00eenement. En outre, ces plaques de poids suppl\u00e9mentaires offrent un avantage unique en permettant aux utilisateurs de faire des incr\u00e9ments plus petits et plus pr\u00e9cis dans leurs ajustements de r\u00e9sistance, chaque plaque offrant une augmentation de 2,5 kg. Cette pr\u00e9cision dans la s\u00e9lection de la r\u00e9sistance permet aux individus d&rsquo;adapter leurs s\u00e9ances d&rsquo;entra\u00eenement \u00e0 leurs besoins et objectifs sp\u00e9cifiques, garantissant ainsi que chaque s\u00e9ance d&rsquo;exercice est adapt\u00e9e pour optimiser les r\u00e9sultats.<\/p>\n<\/div>\n<\/div>\n\n\n\n<div class=\"wp-block-columns alignwide is-layout-flex wp-container-core-columns-is-layout-c45ee707 wp-block-columns-is-layout-flex\" style=\"margin-bottom:var(--wp--preset--spacing--side-padding);padding-top:var(--wp--preset--spacing--side-padding)\">\n<div class=\"wp-block-column is-vertically-aligned-center is-layout-flow wp-block-column-is-layout-flow\">\n<h3 class=\"wp-block-heading\" style=\"margin-bottom:var(--wp--preset--spacing--h-3-bottom)\">C\u00e2ble<\/h3>\n\n\n\n<p><strong><em>Qualit\u00e9 sup\u00e9rieure<\/em><\/strong><\/p>\n\n\n\n<p style=\"margin-bottom:var(--wp--preset--spacing--tb-section-padding)\">Les machines Evolve Ultra Series utilisent des c\u00e2bles de qualit\u00e9 sup\u00e9rieure, compos\u00e9s de six brins principaux, chaque brin \u00e9tant constitu\u00e9 de 19 fils torsad\u00e9s ensemble, en polyamide 12 (PA12) et d&rsquo;un diam\u00e8tre de 5 mm. Lorsque vous passez d&rsquo;un exercice \u00e0 l&rsquo;autre, qu&rsquo;il s&rsquo;agisse d&rsquo;une flexion des biceps, d&rsquo;une compression de la poitrine, d&rsquo;un tirage au sort ou de toute autre activit\u00e9 de musculation, les performances exceptionnelles des c\u00e2bles de la s\u00e9rie Evolve Ultra garantissent la fluidit\u00e9 des mouvements et la constance de la r\u00e9sistance, ce qui favorise une exp\u00e9rience d&rsquo;entra\u00eenement \u00e0 la fois efficace et agr\u00e9able.<\/p>\n<\/div>\n\n\n\n<div class=\"wp-block-column is-vertically-aligned-center is-layout-flow wp-block-column-is-layout-flow\">\n<figure class=\"wp-block-video\"><video height=\"600\" style=\"aspect-ratio: 680 \/ 600;\" width=\"680\" autoplay=\"\" controls=\"\" loop=\"\" muted=\"\" src=\"https:\/\/evolve-fitness.eu\/wp-content\/uploads\/2023\/10\/Evolve-cable.mp4\"><\/video><\/figure>\n<\/div>\n<\/div>\n<\/section>\n","protected":false},"excerpt":{"rendered":"<p>Am\u00e9liorez vos s\u00e9ances d&rsquo;entra\u00eenement des jambes avec l&rsquo;appareil Evolve Ultra Series Selectorized Leg Curl, UL-150. Cette machine innovante offre un confort sup\u00e9rieur gr\u00e2ce \u00e0 son si\u00e8ge moul\u00e9, une s\u00e9curit\u00e9 sans faille gr\u00e2ce \u00e0 un car\u00e9nage couvert de la pile de poids, et des r\u00e9glages sans effort d&rsquo;une seule main. D\u00e9couvrez d\u00e8s aujourd&rsquo;hui l&rsquo;avenir du fitness.<\/p>\n","protected":false},"featured_media":75914,"template":"","meta":{"_acf_changed":false,"inline_featured_image":false},"product_cat":[413,1110,1224],"product_tag":[],"class_list":{"0":"post-47801","1":"product","2":"type-product","3":"status-publish","4":"has-post-thumbnail","6":"product_cat-page-daccueil","7":"product_cat-machines-selectionnees","8":"product_cat-machines-selectorized-ultra-series","10":"first","11":"instock","12":"shipping-taxable","13":"purchasable","14":"product-type-simple"},"acf":[],"_links":{"self":[{"href":"https:\/\/store.evolve-fitness.eu\/fr\/wp-json\/wp\/v2\/product\/47801","targetHints":{"allow":["GET"]}}],"collection":[{"href":"https:\/\/store.evolve-fitness.eu\/fr\/wp-json\/wp\/v2\/product"}],"about":[{"href":"https:\/\/store.evolve-fitness.eu\/fr\/wp-json\/wp\/v2\/types\/product"}],"wp:featuredmedia":[{"embeddable":true,"href":"https:\/\/store.evolve-fitness.eu\/fr\/wp-json\/wp\/v2\/media\/75914"}],"wp:attachment":[{"href":"https:\/\/store.evolve-fitness.eu\/fr\/wp-json\/wp\/v2\/media?parent=47801"}],"wp:term":[{"taxonomy":"product_cat","embeddable":true,"href":"https:\/\/store.evolve-fitness.eu\/fr\/wp-json\/wp\/v2\/product_cat?post=47801"},{"taxonomy":"product_tag","embeddable":true,"href":"https:\/\/store.evolve-fitness.eu\/fr\/wp-json\/wp\/v2\/product_tag?post=47801"}],"curies":[{"name":"wp","href":"https:\/\/api.w.org\/{rel}","templated":true}]}}