{"id":46894,"date":"2024-01-17T13:31:57","date_gmt":"2024-01-17T13:31:57","guid":{"rendered":"https:\/\/store.evolve-fitness.eu\/product\/evolve-ultra-series-selectorized-multi-press\/"},"modified":"2025-04-03T11:11:13","modified_gmt":"2025-04-03T11:11:13","slug":"evolve-ultra-series-selectorized-multi-press","status":"publish","type":"product","link":"https:\/\/store.evolve-fitness.eu\/fr\/produit\/evolve-ultra-series-selectorized-multi-press\/","title":{"rendered":"Evolve Ultra Series Selectorized Multi Press"},"content":{"rendered":"\n<section class=\"wp-block-group alignfull black-content has-white-color has-darkgray-background-color has-text-color has-background is-layout-constrained wp-block-group-is-layout-constrained\" style=\"padding-top:var(--wp--preset--spacing--section-bottom);padding-bottom:var(--wp--preset--spacing--section-bottom)\">\n<div class=\"wp-block-columns alignwide mobile-reverse is-layout-flex wp-container-core-columns-is-layout-ca64bf2d wp-block-columns-is-layout-flex\" style=\"margin-bottom:var(--wp--preset--spacing--side-padding)\">\n<div class=\"wp-block-column is-vertically-aligned-center is-layout-flow wp-block-column-is-layout-flow\">\n<h3 class=\"wp-block-heading\" style=\"margin-bottom:var(--wp--preset--spacing--h-3-bottom)\">\u00c9l\u00e9gant et durable<\/h3>\n\n\n\n<p><strong><em>La finition unique de la peinture mate<\/em><\/strong><\/p>\n\n\n\n<p style=\"margin-bottom:var(--wp--preset--spacing--tb-section-padding)\">La s\u00e9rie Ultra pr\u00e9sente une combinaison de s\u00e9curit\u00e9 et de style avec les empilements de poids car\u00e9n\u00e9s. Les housses en plastique opaque donnent la priorit\u00e9 \u00e0 la s\u00e9curit\u00e9 de l&rsquo;entra\u00eenement tout en ajoutant une touche d&rsquo;\u00e9l\u00e9gance \u00e0 votre espace de remise en forme. Que vous soyez propri\u00e9taire d&rsquo;une salle de sport ou passionn\u00e9 de fitness, vous appr\u00e9cierez l&rsquo;attrait visuel et la s\u00e9curit\u00e9 que ces haubans apportent \u00e0 votre salle de sport.<\/p>\n<\/div>\n\n\n\n<div class=\"wp-block-column is-vertically-aligned-center is-layout-flow wp-block-column-is-layout-flow\">\n<figure class=\"wp-block-video\"><video height=\"1092\" style=\"aspect-ratio: 1980 \/ 1092;\" width=\"1980\" autoplay=\"\" controls=\"\" loop=\"\" muted=\"\" src=\"https:\/\/evolve-fitness.eu\/wp-content\/uploads\/2023\/08\/Evolve-Ultra-Series-Selectorized-Multi-Press.mp4\"><\/video><\/figure>\n<\/div>\n<\/div>\n\n\n\n<div class=\"wp-block-columns alignwide is-layout-flex wp-container-core-columns-is-layout-c45ee707 wp-block-columns-is-layout-flex\" style=\"margin-bottom:var(--wp--preset--spacing--side-padding);padding-top:var(--wp--preset--spacing--side-padding)\">\n<div class=\"wp-block-column is-vertically-aligned-center is-layout-flow wp-block-column-is-layout-flow\">\n<figure class=\"wp-block-image size-full is-resized\"><img loading=\"lazy\" decoding=\"async\" width=\"810\" height=\"810\" src=\"https:\/\/store.evolve-fitness.eu\/wp-content\/uploads\/2024\/06\/Dizainas-be-pavadinimo-46.png\" alt=\"\" class=\"wp-image-73843\" style=\"width:963px;height:auto\" srcset=\"https:\/\/store.evolve-fitness.eu\/wp-content\/uploads\/2024\/06\/Dizainas-be-pavadinimo-46.png 810w, https:\/\/store.evolve-fitness.eu\/wp-content\/uploads\/2024\/06\/Dizainas-be-pavadinimo-46-300x300.png 300w, https:\/\/store.evolve-fitness.eu\/wp-content\/uploads\/2024\/06\/Dizainas-be-pavadinimo-46-150x150.png 150w, https:\/\/store.evolve-fitness.eu\/wp-content\/uploads\/2024\/06\/Dizainas-be-pavadinimo-46-768x768.png 768w, https:\/\/store.evolve-fitness.eu\/wp-content\/uploads\/2024\/06\/Dizainas-be-pavadinimo-46-600x600.png 600w, https:\/\/store.evolve-fitness.eu\/wp-content\/uploads\/2024\/06\/Dizainas-be-pavadinimo-46-100x100.png 100w\" sizes=\"auto, (max-width: 810px) 100vw, 810px\" \/><\/figure>\n<\/div>\n\n\n\n<div class=\"wp-block-column is-vertically-aligned-center is-layout-flow wp-block-column-is-layout-flow\">\n<h3 class=\"wp-block-heading\" style=\"margin-bottom:var(--wp--preset--spacing--h-3-bottom)\">Un confort centr\u00e9 sur l&rsquo;utilisateur<\/h3>\n\n\n\n<p><strong><em>R\u00e9glage du si\u00e8ge d&rsquo;une seule main<\/em><\/strong><\/p>\n\n\n\n<p>Propri\u00e9taires de salles de sport en herbe, prenez note ! Le r\u00e9glage du si\u00e8ge d&rsquo;une seule main, tr\u00e8s pratique pour l&rsquo;utilisateur, am\u00e9liore l&rsquo;exp\u00e9rience de l&rsquo;entra\u00eenement. Les clients peuvent passer d&rsquo;un exercice \u00e0 l&rsquo;autre sans interruption, ce qui rend leurs s\u00e9ances d&rsquo;entra\u00eenement plus efficaces et plus agr\u00e9ables. Cette approche centr\u00e9e sur l&rsquo;utilisateur aidera votre centre de remise en forme \u00e0 se d\u00e9marquer dans le secteur concurrentiel de la remise en forme.<\/p>\n<\/div>\n<\/div>\n\n\n\n<div class=\"wp-block-columns alignwide are-vertically-aligned-center mobile-reverse is-layout-flex wp-container-core-columns-is-layout-e8158c2f wp-block-columns-is-layout-flex\" style=\"padding-top:var(--wp--preset--spacing--side-padding)\">\n<div class=\"wp-block-column is-vertically-aligned-center is-layout-flow wp-block-column-is-layout-flow\">\n<h3 class=\"wp-block-heading\" style=\"margin-bottom:var(--wp--preset--spacing--h-3-bottom)\"><strong>Des poign\u00e9es optimales<\/strong><\/h3>\n\n\n\n<p><strong><em><strong><em>Am\u00e9liorer l&rsquo;exp\u00e9rience de la remise en forme<\/em><\/strong><\/em><\/strong><\/p>\n\n\n\n<p style=\"margin-bottom:var(--wp--preset--spacing--tb-section-padding)\">Attirer et fid\u00e9liser les clients est essentiel pour les propri\u00e9taires de salles de sport et les g\u00e9rants d&rsquo;\u00e9tablissements de remise en forme. La s\u00e9rie Evolve Ultra offre des poign\u00e9es optimales, m\u00e9ticuleusement con\u00e7ues pour le confort et la s\u00e9curit\u00e9. Am\u00e9liorez l&rsquo;exp\u00e9rience d&rsquo;entra\u00eenement de vos clients, en les gardant engag\u00e9s et motiv\u00e9s pour atteindre leurs objectifs de remise en forme dans votre \u00e9tablissement.<\/p>\n<\/div>\n\n\n\n<div class=\"wp-block-column is-vertically-aligned-center is-layout-flow wp-block-column-is-layout-flow\">\n<figure class=\"wp-block-image size-full is-resized\"><img loading=\"lazy\" decoding=\"async\" width=\"945\" height=\"945\" src=\"https:\/\/store.evolve-fitness.eu\/wp-content\/uploads\/2024\/06\/Dizainas-be-pavadinimo-47.png\" alt=\"\" class=\"wp-image-73868\" style=\"width:1032px;height:auto\" srcset=\"https:\/\/store.evolve-fitness.eu\/wp-content\/uploads\/2024\/06\/Dizainas-be-pavadinimo-47.png 945w, https:\/\/store.evolve-fitness.eu\/wp-content\/uploads\/2024\/06\/Dizainas-be-pavadinimo-47-300x300.png 300w, https:\/\/store.evolve-fitness.eu\/wp-content\/uploads\/2024\/06\/Dizainas-be-pavadinimo-47-150x150.png 150w, https:\/\/store.evolve-fitness.eu\/wp-content\/uploads\/2024\/06\/Dizainas-be-pavadinimo-47-768x768.png 768w, https:\/\/store.evolve-fitness.eu\/wp-content\/uploads\/2024\/06\/Dizainas-be-pavadinimo-47-600x600.png 600w, https:\/\/store.evolve-fitness.eu\/wp-content\/uploads\/2024\/06\/Dizainas-be-pavadinimo-47-100x100.png 100w\" sizes=\"auto, (max-width: 945px) 100vw, 945px\" \/><\/figure>\n<\/div>\n<\/div>\n<\/section>\n","protected":false},"excerpt":{"rendered":"<p>Faites l&rsquo;exp\u00e9rience d&rsquo;un confort et d&rsquo;une efficacit\u00e9 in\u00e9gal\u00e9s avec la presse multifonctions Evolve Ultra Series Selectorized, Ul-290. Am\u00e9liorez vos s\u00e9ances d&rsquo;entra\u00eenement avec cette machine polyvalente dot\u00e9e d&rsquo;un mouvement ind\u00e9pendant des bras pour une sollicitation optimale des muscles. Son design \u00e9l\u00e9gant, sa finition mate durable et le r\u00e9glage du si\u00e8ge d&rsquo;une seule main, ax\u00e9 sur l&rsquo;utilisateur, offrent une exp\u00e9rience de remise en forme de premier ordre. Privil\u00e9giez la s\u00e9curit\u00e9 avec le car\u00e9nage de la pile de poids enti\u00e8rement couvert, tout en atteignant vos objectifs de fitness avec style. D\u00e9couvrez une nouvelle dimension de l&rsquo;\u00e9quipement de gym avec l&rsquo;Ul-290, con\u00e7u pour transformer votre parcours de remise en forme.<\/p>\n","protected":false},"featured_media":76039,"template":"","meta":{"_acf_changed":false,"inline_featured_image":false},"product_cat":[413,1110,1224],"product_tag":[],"class_list":{"0":"post-46894","1":"product","2":"type-product","3":"status-publish","4":"has-post-thumbnail","6":"product_cat-page-daccueil","7":"product_cat-machines-selectionnees","8":"product_cat-machines-selectorized-ultra-series","10":"first","11":"instock","12":"shipping-taxable","13":"purchasable","14":"product-type-simple"},"acf":[],"_links":{"self":[{"href":"https:\/\/store.evolve-fitness.eu\/fr\/wp-json\/wp\/v2\/product\/46894","targetHints":{"allow":["GET"]}}],"collection":[{"href":"https:\/\/store.evolve-fitness.eu\/fr\/wp-json\/wp\/v2\/product"}],"about":[{"href":"https:\/\/store.evolve-fitness.eu\/fr\/wp-json\/wp\/v2\/types\/product"}],"wp:featuredmedia":[{"embeddable":true,"href":"https:\/\/store.evolve-fitness.eu\/fr\/wp-json\/wp\/v2\/media\/76039"}],"wp:attachment":[{"href":"https:\/\/store.evolve-fitness.eu\/fr\/wp-json\/wp\/v2\/media?parent=46894"}],"wp:term":[{"taxonomy":"product_cat","embeddable":true,"href":"https:\/\/store.evolve-fitness.eu\/fr\/wp-json\/wp\/v2\/product_cat?post=46894"},{"taxonomy":"product_tag","embeddable":true,"href":"https:\/\/store.evolve-fitness.eu\/fr\/wp-json\/wp\/v2\/product_tag?post=46894"}],"curies":[{"name":"wp","href":"https:\/\/api.w.org\/{rel}","templated":true}]}}