{"id":46786,"date":"2024-01-17T12:42:22","date_gmt":"2024-01-17T12:42:22","guid":{"rendered":"https:\/\/store.evolve-fitness.eu\/product\/evolve-ultra-series-selectorized-lateral-raise-standing-pec-fly\/"},"modified":"2025-11-03T08:13:27","modified_gmt":"2025-11-03T08:13:27","slug":"evolve-ultra-series-selectorized-lateral-raise-standing-pec-fly","status":"publish","type":"product","link":"https:\/\/store.evolve-fitness.eu\/fr\/produit\/evolve-ultra-series-selectorized-lateral-raise-standing-pec-fly\/","title":{"rendered":"Evolve Ultra Series Selectorized Lateral Raise \/ Standing Pec Fly (UL-340)"},"content":{"rendered":"\n<section class=\"wp-block-group alignfull black-content has-white-color has-darkgray-background-color has-text-color has-background is-layout-constrained wp-block-group-is-layout-constrained\" style=\"padding-top:var(--wp--preset--spacing--section-bottom);padding-bottom:var(--wp--preset--spacing--section-bottom)\">\n<div class=\"wp-block-columns alignwide mobile-reverse is-layout-flex wp-container-core-columns-is-layout-ca64bf2d wp-block-columns-is-layout-flex\" style=\"margin-bottom:var(--wp--preset--spacing--side-padding)\">\n<div class=\"wp-block-column is-vertically-aligned-center is-layout-flow wp-block-column-is-layout-flow\">\n<h3 class=\"wp-block-heading\">Bienvenue dans la s\u00e9rie Ultra<\/h3>\n\n\n\n<p><\/p>\n\n\n\n<p><strong><em>Faites connaissance avec nos \u00e9quipements de la s\u00e9rie Ultra gr\u00e2ce \u00e0 une visite 3D \u00e0 360\u00b0 \u00e0 la pointe de la technologie<\/em><\/strong><\/p>\n\n\n\n<p>L&rsquo;appareil Evolve Ultra Series Selectorized Lateral Raise \/ Standing Pec Fly, qui fait partie de la s\u00e9rie Evolve Ultra Series, est con\u00e7u pour le confort et la performance. L&rsquo;appareil est con\u00e7u pour la polyvalence de l&rsquo;exercice, le soutien ergonomique et les options de r\u00e9glage pour diff\u00e9rentes tailles d&rsquo;utilisateurs. Le design est esth\u00e9tique, avec une finition durable par rev\u00eatement en poudre, et l&rsquo;utilisation de c\u00e2bles de haute qualit\u00e9 garantit un fonctionnement sans heurts.<\/p>\n<\/div>\n\n\n\n<div class=\"wp-block-column is-vertically-aligned-center is-layout-flow wp-block-column-is-layout-flow\">\n<figure class=\"wp-block-video\"><video height=\"954\" style=\"aspect-ratio: 2016 \/ 954;\" width=\"2016\" autoplay=\"\" controls=\"\" loop=\"\" muted=\"\" src=\"https:\/\/evolve-fitness.eu\/wp-content\/uploads\/2023\/08\/Evolve-Ultra-Series-Selectorized-Lateral-Raise-Standing-Pec-Fly.mp4\"><\/video><\/figure>\n<\/div>\n<\/div>\n\n\n\n<div class=\"wp-block-columns alignwide mobile-reverse is-layout-flex wp-container-core-columns-is-layout-ca64bf2d wp-block-columns-is-layout-flex\" style=\"margin-bottom:var(--wp--preset--spacing--side-padding)\">\n<div class=\"wp-block-column is-vertically-aligned-center is-layout-flow wp-block-column-is-layout-flow\">\n<figure class=\"wp-block-video\"><video height=\"2048\" style=\"aspect-ratio: 1536 \/ 2048;\" width=\"1536\" autoplay=\"\" controls=\"\" loop=\"\" muted=\"\" src=\"https:\/\/evolve-fitness.eu\/wp-content\/uploads\/2023\/08\/EV-SC-UL-340-Main.mp4\"><\/video><\/figure>\n<\/div>\n\n\n\n<div class=\"wp-block-column is-vertically-aligned-center is-layout-flow wp-block-column-is-layout-flow\">\n<h3 class=\"wp-block-heading\" style=\"margin-bottom:var(--wp--preset--spacing--h-3-bottom)\">Muscles<\/h3>\n\n\n\n<p><em><strong>La machine \u00e0 double fonction offre une approche compl\u00e8te de l&rsquo;entra\u00eenement du haut du corps<\/strong><\/em><\/p>\n\n\n\n<p>L&rsquo;appareil Evolve Ultra Series Selectorized Lateral Raise\/Standing Pec Fly est con\u00e7u pour cibler deux groupes musculaires principaux : <strong>L&rsquo;\u00e9l\u00e9vation lat\u00e9rale :<\/strong> Ce mouvement fait travailler principalement les muscles delto\u00efdes des \u00e9paules, en particulier les delto\u00efdes moyens (lat\u00e9raux). Il est efficace pour renforcer les \u00e9paules et augmenter la largeur des \u00e9paules ; <strong>Pec Fly debout :<\/strong> Cet exercice se concentre sur les muscles pectoraux de la poitrine. Il est excellent pour le d\u00e9veloppement de la poitrine, en ciblant le grand pectoral, et contribue \u00e0 am\u00e9liorer l&rsquo;aspect et la force de la poitrine en g\u00e9n\u00e9ral.<\/p>\n<\/div>\n<\/div>\n\n\n\n<div class=\"wp-block-columns alignwide mobile-reverse is-layout-flex wp-container-core-columns-is-layout-ca64bf2d wp-block-columns-is-layout-flex\" style=\"margin-bottom:var(--wp--preset--spacing--side-padding)\">\n<div class=\"wp-block-column is-vertically-aligned-center is-layout-flow wp-block-column-is-layout-flow\">\n<h3 class=\"wp-block-heading\" style=\"margin-bottom:var(--wp--preset--spacing--h-3-bottom)\">La s\u00e9curit\u00e9 au service du style<\/h3>\n\n\n\n<p><strong><em>Housse d&#8217;empilement de poids enti\u00e8rement recouverte<\/em><\/strong><\/p>\n\n\n\n<p>Pour les propri\u00e9taires de salles de sport et les entrepreneurs de fitness, la s\u00e9curit\u00e9 et l&rsquo;esth\u00e9tique sont primordiales. La s\u00e9rie Evolve Ultra est dot\u00e9e d&rsquo;un car\u00e9nage de pile de poids enti\u00e8rement recouvert, combinant parfaitement la s\u00e9curit\u00e9 et le style. En am\u00e9liorant la s\u00e9curit\u00e9 et en pr\u00e9venant les accidents tout en gardant votre espace de gym propre, cette housse est un ajout essentiel \u00e0 tout centre de remise en forme. Am\u00e9liorez l&rsquo;attrait visuel de votre salle de sport tout en donnant la priorit\u00e9 \u00e0 la s\u00e9curit\u00e9 de vos clients lors de chaque s\u00e9ance d&rsquo;entra\u00eenement.<\/p>\n<\/div>\n\n\n\n<div class=\"wp-block-column is-vertically-aligned-center is-layout-flow wp-block-column-is-layout-flow\">\n<figure class=\"wp-block-image size-large\"><img decoding=\"async\" src=\"https:\/\/evolve-fitness.eu\/wp-content\/uploads\/2023\/08\/A7_08509-683x1024.jpg\" alt=\"\" class=\"wp-image-8741\"\/><\/figure>\n<\/div>\n<\/div>\n\n\n\n<div class=\"wp-block-columns alignwide is-layout-flex wp-container-core-columns-is-layout-c45ee707 wp-block-columns-is-layout-flex\" style=\"margin-bottom:var(--wp--preset--spacing--side-padding);padding-top:var(--wp--preset--spacing--side-padding)\">\n<div class=\"wp-block-column is-vertically-aligned-center is-layout-flow wp-block-column-is-layout-flow\">\n<figure class=\"wp-block-image size-large\"><img decoding=\"async\" src=\"https:\/\/evolve-fitness.eu\/wp-content\/uploads\/2023\/08\/A7_08524-1024x685.jpg\" alt=\"\" class=\"wp-image-8737\"\/><\/figure>\n<\/div>\n\n\n\n<div class=\"wp-block-column is-vertically-aligned-center is-layout-flow wp-block-column-is-layout-flow\">\n<h3 class=\"wp-block-heading\" style=\"margin-bottom:var(--wp--preset--spacing--h-3-bottom)\">\u00c9l\u00e9gant et durable<\/h3>\n\n\n\n<p><strong><em>La finition unique de la peinture mate<\/em><\/strong><\/p>\n\n\n\n<p style=\"margin-bottom:var(--wp--preset--spacing--tb-section-padding)\">La s\u00e9rie Ultra pr\u00e9sente une combinaison de s\u00e9curit\u00e9 et de style avec les empilements de poids car\u00e9n\u00e9s. Les housses en plastique opaque donnent la priorit\u00e9 \u00e0 la s\u00e9curit\u00e9 de l&rsquo;entra\u00eenement tout en ajoutant une touche d&rsquo;\u00e9l\u00e9gance \u00e0 votre espace de remise en forme. Que vous soyez propri\u00e9taire d&rsquo;une salle de sport ou passionn\u00e9 de fitness, vous appr\u00e9cierez l&rsquo;attrait visuel et la s\u00e9curit\u00e9 que ces haubans apportent \u00e0 votre salle de sport.<\/p>\n<\/div>\n<\/div>\n\n\n\n<div class=\"wp-block-columns alignwide are-vertically-aligned-center mobile-reverse is-layout-flex wp-container-core-columns-is-layout-e8158c2f wp-block-columns-is-layout-flex\" style=\"padding-top:var(--wp--preset--spacing--side-padding)\">\n<div class=\"wp-block-column is-vertically-aligned-center is-layout-flow wp-block-column-is-layout-flow\">\n<h3 class=\"wp-block-heading\" style=\"margin-bottom:var(--wp--preset--spacing--h-3-bottom)\"><strong>Des poign\u00e9es optimales<\/strong><\/h3>\n\n\n\n<p><strong><em><strong><em>Am\u00e9liorer l&rsquo;exp\u00e9rience de la remise en forme<\/em><\/strong><\/em><\/strong><\/p>\n\n\n\n<p style=\"margin-bottom:var(--wp--preset--spacing--tb-section-padding)\">Attirer et fid\u00e9liser les clients est essentiel pour les propri\u00e9taires de salles de sport et les g\u00e9rants d&rsquo;\u00e9tablissements de remise en forme. La s\u00e9rie Evolve Ultra offre des poign\u00e9es optimales, m\u00e9ticuleusement con\u00e7ues pour le confort et la s\u00e9curit\u00e9. Am\u00e9liorez l&rsquo;exp\u00e9rience d&rsquo;entra\u00eenement de vos clients, en les gardant engag\u00e9s et motiv\u00e9s pour atteindre leurs objectifs de remise en forme dans votre \u00e9tablissement.<\/p>\n<\/div>\n\n\n\n<div class=\"wp-block-column is-vertically-aligned-center is-layout-flow wp-block-column-is-layout-flow\">\n<figure class=\"wp-block-image size-large\"><img decoding=\"async\" src=\"https:\/\/evolve-fitness.eu\/wp-content\/uploads\/2023\/08\/A7_08527-1024x683.jpg\" alt=\"\" class=\"wp-image-8739\"\/><\/figure>\n<\/div>\n<\/div>\n\n\n\n<div class=\"wp-block-columns alignwide are-vertically-aligned-center mobile-reverse is-layout-flex wp-container-core-columns-is-layout-e8158c2f wp-block-columns-is-layout-flex\" style=\"padding-top:var(--wp--preset--spacing--side-padding)\">\n<div class=\"wp-block-column is-vertically-aligned-center is-layout-flow wp-block-column-is-layout-flow\">\n<figure class=\"wp-block-image size-large\"><img decoding=\"async\" src=\"https:\/\/evolve-fitness.eu\/wp-content\/uploads\/2023\/08\/A7_08545-1024x683.jpg\" alt=\"\" class=\"wp-image-8734\"\/><\/figure>\n<\/div>\n\n\n\n<div class=\"wp-block-column is-vertically-aligned-center is-layout-flow wp-block-column-is-layout-flow\">\n<h3 class=\"wp-block-heading\">Mouvement ind\u00e9pendant du bras<\/h3>\n\n\n\n<p><\/p>\n\n\n\n<p><strong><em>Une polyvalence qui change la donne<\/em><\/strong><\/p>\n\n\n\n<p>Les propri\u00e9taires de salles de sport et les responsables d&rsquo;\u00e9tablissements de remise en forme sont conscients de la n\u00e9cessit\u00e9 de disposer d&rsquo;\u00e9quipements polyvalents. Notre s\u00e9rie Evolve Ultra introduit le mouvement ind\u00e9pendant des bras, une caract\u00e9ristique qui change la donne et qui permet aux utilisateurs de b\u00e9n\u00e9ficier d&rsquo;une plus grande amplitude de mouvement. Cet ajout innovant favorise un engagement musculaire et une sym\u00e9trie sup\u00e9rieurs, ce qui en fait un must pour les amateurs de fitness \u00e0 la recherche d&rsquo;exp\u00e9riences d&rsquo;entra\u00eenement dynamiques. Am\u00e9liorez la r\u00e9putation de votre salle de sport gr\u00e2ce \u00e0 un \u00e9quipement qui permet \u00e0 vos clients d&rsquo;atteindre leurs objectifs de remise en forme de mani\u00e8re efficace et efficiente.<\/p>\n<\/div>\n<\/div>\n<\/section>\n","protected":false},"excerpt":{"rendered":"<p>L&rsquo;appareil Evolve Ultra Series UL-340 Selectorized Lateral Raise \/ Standing Pec Fly est le summum de l&rsquo;innovation en mati\u00e8re d&rsquo;\u00e9quipement de fitness. Am\u00e9liorez votre exp\u00e9rience en salle de sport gr\u00e2ce \u00e0 cette machine avanc\u00e9e, con\u00e7ue pour cibler efficacement les muscles delto\u00efdes lat\u00e9raux. Gr\u00e2ce \u00e0 sa conception centr\u00e9e sur l&rsquo;utilisateur, au mouvement ind\u00e9pendant des bras et \u00e0 son confort impeccable, l&rsquo;UL-340 garantit un entra\u00eenement sans pareil. Sa finition \u00e9l\u00e9gante et mate, le r\u00e9glage du si\u00e8ge d&rsquo;une seule main et les poign\u00e9es optimales en font un must pour les propri\u00e9taires de salles de sport et les amateurs de fitness. D\u00e9couvrez l&rsquo;Evolve Ultra Series UL-340 et red\u00e9finissez votre parcours de remise en forme gr\u00e2ce \u00e0 un m\u00e9lange de technologie de pointe et de confort exceptionnel.<\/p>\n","protected":false},"featured_media":76089,"template":"","meta":{"_acf_changed":false,"inline_featured_image":false},"product_cat":[413,1110,1224],"product_tag":[],"class_list":{"0":"post-46786","1":"product","2":"type-product","3":"status-publish","4":"has-post-thumbnail","6":"product_cat-page-daccueil","7":"product_cat-machines-selectionnees","8":"product_cat-machines-selectorized-ultra-series","10":"first","11":"instock","12":"shipping-taxable","13":"purchasable","14":"product-type-simple"},"acf":[],"_links":{"self":[{"href":"https:\/\/store.evolve-fitness.eu\/fr\/wp-json\/wp\/v2\/product\/46786","targetHints":{"allow":["GET"]}}],"collection":[{"href":"https:\/\/store.evolve-fitness.eu\/fr\/wp-json\/wp\/v2\/product"}],"about":[{"href":"https:\/\/store.evolve-fitness.eu\/fr\/wp-json\/wp\/v2\/types\/product"}],"wp:featuredmedia":[{"embeddable":true,"href":"https:\/\/store.evolve-fitness.eu\/fr\/wp-json\/wp\/v2\/media\/76089"}],"wp:attachment":[{"href":"https:\/\/store.evolve-fitness.eu\/fr\/wp-json\/wp\/v2\/media?parent=46786"}],"wp:term":[{"taxonomy":"product_cat","embeddable":true,"href":"https:\/\/store.evolve-fitness.eu\/fr\/wp-json\/wp\/v2\/product_cat?post=46786"},{"taxonomy":"product_tag","embeddable":true,"href":"https:\/\/store.evolve-fitness.eu\/fr\/wp-json\/wp\/v2\/product_tag?post=46786"}],"curies":[{"name":"wp","href":"https:\/\/api.w.org\/{rel}","templated":true}]}}