{"id":46417,"date":"2024-01-26T13:46:43","date_gmt":"2024-01-26T13:46:43","guid":{"rendered":"https:\/\/store.evolve-fitness.eu\/product\/evolve-wall-mounted-weight-plate-storage\/"},"modified":"2024-08-06T11:41:30","modified_gmt":"2024-08-06T11:41:30","slug":"evolve-wall-mounted-weight-plate-storage","status":"publish","type":"product","link":"https:\/\/store.evolve-fitness.eu\/fr\/produit\/evolve-wall-mounted-weight-plate-storage\/","title":{"rendered":"Evolve Wall Mounted Weight Plate Storage"},"content":{"rendered":"","protected":false},"excerpt":{"rendered":"<p>Maximisez l&rsquo;espace de votre salle de sport avec le rangement mural pour plaques d&rsquo;halt\u00e8res Evolve. Cette solution de rangement \u00e9l\u00e9gante et pratique vous permet de garder vos plaques de poids organis\u00e9es et facilement accessibles. La conception murale permet d&rsquo;\u00e9conomiser de l&rsquo;espace pr\u00e9cieux au sol tout en offrant un moyen \u00e9l\u00e9gant et efficace de stocker vos poids. Con\u00e7ue pour durer et \u00eatre compatible avec diff\u00e9rentes tailles de plateaux de pes\u00e9e, cette unit\u00e9 de rangement allie harmonieusement fonctionnalit\u00e9 et esth\u00e9tique. Am\u00e9liorez votre zone d&rsquo;entra\u00eenement avec le rangement mural pour plaques de poids Evolve, en optimisant \u00e0 la fois la forme et la fonction.  <\/p>\n","protected":false},"featured_media":147980,"template":"","meta":{"_acf_changed":false,"inline_featured_image":false},"product_cat":[413,591,664,703],"product_tag":[],"class_list":{"0":"post-46417","1":"product","2":"type-product","3":"status-publish","4":"has-post-thumbnail","6":"product_cat-page-daccueil","7":"product_cat-transversal-et-fonctionnel","8":"product_cat-composants-de-lappareil-de-forage","9":"product_cat-stockage","11":"first","12":"instock","13":"shipping-taxable","14":"purchasable","15":"product-type-simple"},"acf":[],"_links":{"self":[{"href":"https:\/\/store.evolve-fitness.eu\/fr\/wp-json\/wp\/v2\/product\/46417","targetHints":{"allow":["GET"]}}],"collection":[{"href":"https:\/\/store.evolve-fitness.eu\/fr\/wp-json\/wp\/v2\/product"}],"about":[{"href":"https:\/\/store.evolve-fitness.eu\/fr\/wp-json\/wp\/v2\/types\/product"}],"wp:featuredmedia":[{"embeddable":true,"href":"https:\/\/store.evolve-fitness.eu\/fr\/wp-json\/wp\/v2\/media\/147980"}],"wp:attachment":[{"href":"https:\/\/store.evolve-fitness.eu\/fr\/wp-json\/wp\/v2\/media?parent=46417"}],"wp:term":[{"taxonomy":"product_cat","embeddable":true,"href":"https:\/\/store.evolve-fitness.eu\/fr\/wp-json\/wp\/v2\/product_cat?post=46417"},{"taxonomy":"product_tag","embeddable":true,"href":"https:\/\/store.evolve-fitness.eu\/fr\/wp-json\/wp\/v2\/product_tag?post=46417"}],"curies":[{"name":"wp","href":"https:\/\/api.w.org\/{rel}","templated":true}]}}