{"id":46172,"date":"2024-01-26T13:36:49","date_gmt":"2024-01-26T13:36:49","guid":{"rendered":"https:\/\/store.evolve-fitness.eu\/product\/attache-de-suspension-de-tapis-reglable-evolve\/"},"modified":"2024-08-06T11:37:14","modified_gmt":"2024-08-06T11:37:14","slug":"attache-de-suspension-de-tapis-reglable-evolve","status":"publish","type":"product","link":"https:\/\/store.evolve-fitness.eu\/fr\/produit\/attache-de-suspension-de-tapis-reglable-evolve\/","title":{"rendered":"Attache de suspension de tapis r\u00e9glable Evolve"},"content":{"rendered":"","protected":false},"excerpt":{"rendered":"<p>Optimisez l&rsquo;organisation de votre salle de sport avec le support de tapis r\u00e9glable Evolve. Con\u00e7u pour la commodit\u00e9, cet accessoire s&rsquo;int\u00e8gre sans effort dans votre espace d&rsquo;entra\u00eenement, offrant une solution flexible pour garder les tapis d&rsquo;exercice bien rang\u00e9s et facilement accessibles. La fonction de r\u00e9glage permet de s&rsquo;adapter \u00e0 diff\u00e9rentes tailles de tapis, offrant ainsi une solution de stockage efficace et sans encombrement. Am\u00e9liorez votre environnement de fitness avec cet accessoire pratique, qui favorise un espace d&rsquo;entra\u00eenement propre et organis\u00e9. Simplifiez votre programme de remise en forme gr\u00e2ce \u00e0 l&rsquo;accessoire Evolve Adjustable Mats Hanger, indispensable pour une gestion rationalis\u00e9e et efficace de la salle de sport.  <\/p>\n","protected":false},"featured_media":46184,"template":"","meta":{"_acf_changed":false,"inline_featured_image":false},"product_cat":[413,591,664,703],"product_tag":[],"class_list":{"0":"post-46172","1":"product","2":"type-product","3":"status-publish","4":"has-post-thumbnail","6":"product_cat-page-daccueil","7":"product_cat-transversal-et-fonctionnel","8":"product_cat-composants-de-lappareil-de-forage","9":"product_cat-stockage","11":"first","12":"instock","13":"shipping-taxable","14":"purchasable","15":"product-type-simple"},"acf":[],"_links":{"self":[{"href":"https:\/\/store.evolve-fitness.eu\/fr\/wp-json\/wp\/v2\/product\/46172","targetHints":{"allow":["GET"]}}],"collection":[{"href":"https:\/\/store.evolve-fitness.eu\/fr\/wp-json\/wp\/v2\/product"}],"about":[{"href":"https:\/\/store.evolve-fitness.eu\/fr\/wp-json\/wp\/v2\/types\/product"}],"wp:featuredmedia":[{"embeddable":true,"href":"https:\/\/store.evolve-fitness.eu\/fr\/wp-json\/wp\/v2\/media\/46184"}],"wp:attachment":[{"href":"https:\/\/store.evolve-fitness.eu\/fr\/wp-json\/wp\/v2\/media?parent=46172"}],"wp:term":[{"taxonomy":"product_cat","embeddable":true,"href":"https:\/\/store.evolve-fitness.eu\/fr\/wp-json\/wp\/v2\/product_cat?post=46172"},{"taxonomy":"product_tag","embeddable":true,"href":"https:\/\/store.evolve-fitness.eu\/fr\/wp-json\/wp\/v2\/product_tag?post=46172"}],"curies":[{"name":"wp","href":"https:\/\/api.w.org\/{rel}","templated":true}]}}