{"id":44559,"date":"2024-01-26T08:26:50","date_gmt":"2024-01-26T08:26:50","guid":{"rendered":"https:\/\/store.evolve-fitness.eu\/product\/boite-a-fessiers-angulaire-evolve\/"},"modified":"2026-04-10T12:00:23","modified_gmt":"2026-04-10T12:00:23","slug":"boite-a-fessiers-angulaire-evolve","status":"publish","type":"product","link":"https:\/\/store.evolve-fitness.eu\/fr\/produit\/boite-a-fessiers-angulaire-evolve\/","title":{"rendered":"Bo\u00eete \u00e0 fessiers angulaire Evolve"},"content":{"rendered":"\n<section class=\"wp-block-group alignfull black-content has-white-color has-darkgray-background-color has-text-color has-background is-layout-constrained wp-block-group-is-layout-constrained\" style=\"padding-top:var(--wp--preset--spacing--section-bottom);padding-bottom:var(--wp--preset--spacing--section-bottom)\">\n<div class=\"wp-block-columns alignwide mobile-reverse is-layout-flex wp-container-core-columns-is-layout-ca64bf2d wp-block-columns-is-layout-flex\" style=\"margin-bottom:var(--wp--preset--spacing--side-padding)\">\n<div class=\"wp-block-column is-vertically-aligned-center is-layout-flow wp-block-column-is-layout-flow\">\n<h3 class=\"wp-block-heading\" style=\"margin-bottom:var(--wp--preset--spacing--h-3-bottom)\"><strong>Conception angulaire innovante<\/strong><\/h3>\n\n\n\n<p><strong><em>Am\u00e9liore l&rsquo;activation des muscles et aide \u00e0 maintenir une forme correcte, r\u00e9duisant ainsi le risque de blessure.<\/em><\/strong><\/p>\n\n\n\n<p style=\"margin-bottom:var(--wp--preset--spacing--tb-section-padding)\">Transformez vos s\u00e9ances d&rsquo;entra\u00eenement des fessiers avec la bo\u00eete \u00e0 fessiers angulaire Evolve, GB-050. Ce design unique est con\u00e7u pour optimiser l&rsquo;engagement des muscles fessiers, garantissant une efficacit\u00e9 maximale \u00e0 chaque entra\u00eenement. Il r\u00e9pond \u00e0 une vari\u00e9t\u00e9 d&rsquo;exercices, permettant un entra\u00eenement cibl\u00e9 qui donne de meilleurs r\u00e9sultats. Parfaite pour une utilisation en salle de sport ou \u00e0 la maison, cette bo\u00eete \u00e0 fessiers est un must pour tous ceux qui prennent au s\u00e9rieux la remise en forme du bas du corps.<\/p>\n<\/div>\n\n\n\n<div class=\"wp-block-column is-vertically-aligned-center is-layout-flow wp-block-column-is-layout-flow\">\n<figure class=\"wp-block-image size-large\"><img decoding=\"async\" src=\"https:\/\/evolve-fitness.eu\/wp-content\/uploads\/2024\/01\/Evolve-Angled-Glute-Box-C1-1024x683.jpg\" alt=\"EV-PF-GB-050\" class=\"wp-image-10669\"\/><\/figure>\n<\/div>\n<\/div>\n\n\n\n<div class=\"wp-block-columns alignwide is-layout-flex wp-container-core-columns-is-layout-c45ee707 wp-block-columns-is-layout-flex\" style=\"margin-bottom:var(--wp--preset--spacing--side-padding);padding-top:var(--wp--preset--spacing--side-padding)\">\n<div class=\"wp-block-column is-vertically-aligned-center is-layout-flow wp-block-column-is-layout-flow\">\n<figure class=\"wp-block-image size-large\"><img decoding=\"async\" src=\"https:\/\/evolve-fitness.eu\/wp-content\/uploads\/2024\/01\/Evolve-Angled-Glute-Box-C2-1024x683.jpg\" alt=\"EV-PF-GB-050\" class=\"wp-image-10671\"\/><\/figure>\n<\/div>\n\n\n\n<div class=\"wp-block-column is-vertically-aligned-center is-layout-flow wp-block-column-is-layout-flow\">\n<h3 class=\"wp-block-heading\" style=\"margin-bottom:var(--wp--preset--spacing--h-3-bottom)\"><strong>Durabilit\u00e9 et qualit\u00e9<\/strong><\/h3>\n\n\n\n<p><strong><em>  Fabriqu\u00e9 \u00e0 partir de mat\u00e9riaux de haute qualit\u00e9<\/em><\/strong><\/p>\n\n\n\n<p>Le caisson fessier angulaire Evolve r\u00e9siste aux rigueurs d&rsquo;entra\u00eenements intenses, garantissant une long\u00e9vit\u00e9 et des performances constantes. Cet outil de fitness robuste r\u00e9siste \u00e0 un usage intensif, ce qui le rend id\u00e9al pour les salles de sport commerciales et les salles de sport personnelles. Sa construction robuste offre une plateforme stable pour tous les types d&rsquo;exercices pour les fessiers, garantissant ainsi des s\u00e9ances d&rsquo;entra\u00eenement s\u00fbres et efficaces.<\/p>\n<\/div>\n<\/div>\n\n\n\n<div class=\"wp-block-columns alignwide is-layout-flex wp-container-core-columns-is-layout-c45ee707 wp-block-columns-is-layout-flex\" style=\"margin-bottom:var(--wp--preset--spacing--side-padding);padding-top:var(--wp--preset--spacing--side-padding)\">\n<div class=\"wp-block-column is-vertically-aligned-center is-layout-flow wp-block-column-is-layout-flow\">\n<h3 class=\"wp-block-heading\" style=\"margin-bottom:var(--wp--preset--spacing--h-3-bottom)\"><strong>Confort et s\u00e9curit\u00e9<\/strong><\/h3>\n\n\n\n<p><strong><em>Con\u00e7u pour le bien-\u00eatre de l&rsquo;utilisateur<\/em><\/strong><\/p>\n\n\n\n<p style=\"margin-bottom:var(--wp--preset--spacing--tb-section-padding)\">Son rembourrage confortable r\u00e9duit la tension sur les jambes et les hanches pendant les exercices, ce qui permet des s\u00e9ances plus longues et plus productives. La surface antid\u00e9rapante garantit la stabilit\u00e9 et la s\u00e9curit\u00e9, m\u00eame pendant les s\u00e9ances d&rsquo;entra\u00eenement les plus intenses. Cette bo\u00eete \u00e0 fessiers est parfaite pour les utilisateurs de tous niveaux, des d\u00e9butants aux athl\u00e8tes avanc\u00e9s, et offre une exp\u00e9rience d&rsquo;entra\u00eenement s\u00fbre et confortable.<\/p>\n<\/div>\n\n\n\n<div class=\"wp-block-column is-vertically-aligned-center is-layout-flow wp-block-column-is-layout-flow\">\n<figure class=\"wp-block-video\"><video autoplay=\"\" controls=\"\" loop=\"\" muted=\"\" src=\"https:\/\/evolve-fitness.eu\/wp-content\/uploads\/2024\/07\/6.mp4\"><\/video><\/figure>\n<\/div>\n<\/div>\n\n\n\n<div class=\"wp-block-columns alignwide is-layout-flex wp-container-core-columns-is-layout-c45ee707 wp-block-columns-is-layout-flex\" style=\"margin-bottom:var(--wp--preset--spacing--side-padding);padding-top:var(--wp--preset--spacing--side-padding)\">\n<div class=\"wp-block-column is-vertically-aligned-center is-layout-flow wp-block-column-is-layout-flow\">\n<figure class=\"wp-block-video\"><video autoplay=\"\" controls=\"\" loop=\"\" muted=\"\" src=\"https:\/\/evolve-fitness.eu\/wp-content\/uploads\/2024\/07\/2-1.mp4\"><\/video><\/figure>\n<\/div>\n\n\n\n<div class=\"wp-block-column is-vertically-aligned-center is-layout-flow wp-block-column-is-layout-flow\">\n<h3 class=\"wp-block-heading\" style=\"margin-bottom:var(--wp--preset--spacing--h-3-bottom)\"><strong><strong><strong><strong>Un outil de formation polyvalent<\/strong><\/strong><\/strong><\/strong><\/h3>\n\n\n\n<p><strong><em>Apportez une nouvelle dimension \u00e0 votre programme d&rsquo;entra\u00eenement<\/em><\/strong><\/p>\n\n\n\n<p>Am\u00e9liorez la polyvalence de votre entra\u00eenement avec la bo\u00eete \u00e0 fessiers angulaire Evolve. Sa conception adaptable lui permet de convenir \u00e0 un large \u00e9ventail d&rsquo;exercices, qui ne se limitent pas \u00e0 l&rsquo;entra\u00eenement des fessiers. De la pouss\u00e9e des hanches \u00e0 la mont\u00e9e des marches et plus encore, cet outil ajoute de la vari\u00e9t\u00e9 \u00e0 votre programme de remise en forme, vous aidant ainsi \u00e0 \u00e9viter les stagnations et \u00e0 maintenir vos progr\u00e8s.<\/p>\n<\/div>\n<\/div>\n\n\n\n<div class=\"wp-block-columns alignwide is-layout-flex wp-container-core-columns-is-layout-c45ee707 wp-block-columns-is-layout-flex\" style=\"margin-bottom:var(--wp--preset--spacing--side-padding);padding-top:var(--wp--preset--spacing--side-padding)\">\n<div class=\"wp-block-column is-vertically-aligned-center is-layout-flow wp-block-column-is-layout-flow\">\n<h3 class=\"wp-block-heading\" style=\"margin-bottom:var(--wp--preset--spacing--h-3-bottom)\"><strong>Peu encombrant et facile \u00e0 ranger<\/strong><\/h3>\n\n\n\n<p><strong><em>Un outil d&rsquo;entra\u00eenement puissant sans prendre trop de place<\/em><\/strong><\/p>\n\n\n\n<p style=\"margin-bottom:var(--wp--preset--spacing--tb-section-padding)\">Id\u00e9al pour les adeptes du fitness soucieux de l&rsquo;espace, le caisson de fessiers angulaire Evolve est con\u00e7u pour un rangement facile et une utilisation efficace de l&rsquo;espace. Sa taille compacte en fait un outil id\u00e9al pour les petits espaces d&rsquo;entra\u00eenement, y compris les salles de sport \u00e0 domicile. Malgr\u00e9 son design peu encombrant, il ne fait aucun compromis sur la fonctionnalit\u00e9, offrant un potentiel d&rsquo;entra\u00eenement \u00e0 grande \u00e9chelle.<\/p>\n<\/div>\n\n\n\n<div class=\"wp-block-column is-vertically-aligned-center is-layout-flow wp-block-column-is-layout-flow\">\n<figure class=\"wp-block-image size-large\"><img decoding=\"async\" src=\"https:\/\/evolve-fitness.eu\/wp-content\/uploads\/2024\/01\/Evolve-Angled-Glute-Box-C5-1024x683.jpg\" alt=\"EV-PF-GB-050\" class=\"wp-image-10677\"\/><\/figure>\n<\/div>\n<\/div>\n<\/section>\n","protected":false},"excerpt":{"rendered":"<p>Am\u00e9liorez vos s\u00e9ances d&rsquo;entra\u00eenement du bas du corps avec la bo\u00eete \u00e0 fessiers inclin\u00e9e Evolve, GB-050. Cet accessoire de fitness haut de gamme est sp\u00e9cialement con\u00e7u pour cibler et am\u00e9liorer vos s\u00e9ances d&rsquo;entra\u00eenement des fessiers, offrant un soutien et une efficacit\u00e9 in\u00e9gal\u00e9s. Sa conception angulaire unique maximise l&rsquo;engagement musculaire et assure une posture correcte, ce qui change la donne pour les athl\u00e8tes et les amateurs de fitness qui cherchent \u00e0 obtenir une force et une d\u00e9finition optimales du bas du corps. Construit dans un souci de durabilit\u00e9 et de confort de l&rsquo;utilisateur, le caisson de fessiers inclin\u00e9 Evolve est le compl\u00e9ment id\u00e9al de tout espace d&rsquo;entra\u00eenement \u00e0 domicile ou en salle de sport. Am\u00e9liorez votre programme de remise en forme avec cet outil d&rsquo;entra\u00eenement des fessiers \u00e0 la pointe de la technologie et d\u00e9couvrez un nouveau niveau d&rsquo;intensit\u00e9 et d&rsquo;efficacit\u00e9 de l&rsquo;entra\u00eenement.<\/p>\n","protected":false},"featured_media":96484,"template":"","meta":{"_acf_changed":false,"inline_featured_image":false},"product_cat":[2416,591,592],"product_tag":[],"class_list":{"0":"post-44559","1":"product","2":"type-product","3":"status-publish","4":"has-post-thumbnail","6":"product_cat-hyrox-gear","7":"product_cat-transversal-et-fonctionnel","8":"product_cat-equipement-fonctionnel","10":"first","11":"instock","12":"sale","13":"shipping-taxable","14":"purchasable","15":"product-type-simple"},"acf":[],"_links":{"self":[{"href":"https:\/\/store.evolve-fitness.eu\/fr\/wp-json\/wp\/v2\/product\/44559","targetHints":{"allow":["GET"]}}],"collection":[{"href":"https:\/\/store.evolve-fitness.eu\/fr\/wp-json\/wp\/v2\/product"}],"about":[{"href":"https:\/\/store.evolve-fitness.eu\/fr\/wp-json\/wp\/v2\/types\/product"}],"wp:featuredmedia":[{"embeddable":true,"href":"https:\/\/store.evolve-fitness.eu\/fr\/wp-json\/wp\/v2\/media\/96484"}],"wp:attachment":[{"href":"https:\/\/store.evolve-fitness.eu\/fr\/wp-json\/wp\/v2\/media?parent=44559"}],"wp:term":[{"taxonomy":"product_cat","embeddable":true,"href":"https:\/\/store.evolve-fitness.eu\/fr\/wp-json\/wp\/v2\/product_cat?post=44559"},{"taxonomy":"product_tag","embeddable":true,"href":"https:\/\/store.evolve-fitness.eu\/fr\/wp-json\/wp\/v2\/product_tag?post=44559"}],"curies":[{"name":"wp","href":"https:\/\/api.w.org\/{rel}","templated":true}]}}