{"id":44010,"date":"2024-01-29T14:14:55","date_gmt":"2024-01-29T14:14:55","guid":{"rendered":"https:\/\/store.evolve-fitness.eu\/product\/presse-a-jambes-evolve-ultra-series-avec-plateau\/"},"modified":"2025-12-17T12:01:00","modified_gmt":"2025-12-17T12:01:00","slug":"presse-a-jambes-evolve-ultra-series-avec-plateau","status":"publish","type":"product","link":"https:\/\/store.evolve-fitness.eu\/fr\/produit\/presse-a-jambes-evolve-ultra-series-avec-plateau\/","title":{"rendered":"Presse \u00e0 jambes Evolve Ultra Series avec plateau"},"content":{"rendered":"\n<section class=\"wp-block-group alignfull black-content has-white-color has-darkgray-background-color has-text-color has-background is-layout-constrained wp-block-group-is-layout-constrained\" style=\"padding-top:var(--wp--preset--spacing--section-bottom);padding-bottom:var(--wp--preset--spacing--section-bottom)\">\n<h3 class=\"wp-block-heading has-text-align-center\"><strong><strong><strong>EVOLVE PLATE LOADED ULTRA SERIES<\/strong><\/strong><\/strong><\/h3>\n\n\n\n<p>La s\u00e9rie Evolve Plate Loaded Ultra est la quintessence de l&rsquo;excellence, offrant une qualit\u00e9 sup\u00e9rieure au meilleur prix possible. Am\u00e9liorez votre entra\u00eenement musculaire avec un \u00e9quipement qui allie luxe, performance et prix abordable. D\u00e9couvrez la gamme compl\u00e8te d\u00e8s aujourd&rsquo;hui et vivez une exp\u00e9rience de remise en forme comme jamais auparavant.<\/p>\n\n\n\n<section class=\"wp-block-group alignfull black-content has-white-color has-darkgray-background-color has-text-color has-background is-layout-constrained wp-block-group-is-layout-constrained\" style=\"padding-top:var(--wp--preset--spacing--section-bottom);padding-bottom:var(--wp--preset--spacing--section-bottom)\">\n<div class=\"wp-block-columns alignwide mobile-reverse is-layout-flex wp-container-core-columns-is-layout-ca64bf2d wp-block-columns-is-layout-flex\" style=\"margin-bottom:var(--wp--preset--spacing--side-padding)\">\n<div class=\"wp-block-column is-vertically-aligned-center is-layout-flow wp-block-column-is-layout-flow\">\n<h3 class=\"wp-block-heading\" style=\"margin-bottom:var(--wp--preset--spacing--h-3-bottom)\"><strong><strong><strong><strong><strong>Rembourrage \u00e9pais<\/strong><\/strong><\/strong><\/strong><\/strong><\/h3>\n\n\n\n<p><strong><em><strong><strong><strong>Confort et durabilit\u00e9 supr\u00eames<\/strong><\/strong><\/strong><\/em><\/strong><\/p>\n\n\n\n<p style=\"margin-bottom:var(--wp--preset--spacing--tb-section-padding)\">Notre rembourrage \u00e9pais offre un confort in\u00e9gal\u00e9 pendant vos s\u00e9ances d&rsquo;entra\u00eenement tout en garantissant une durabilit\u00e9 durable. Cette caract\u00e9ristique fait de vos s\u00e9ances d&rsquo;entra\u00eenement un v\u00e9ritable plaisir.<\/p>\n\n\n\n<h3 class=\"wp-block-heading\" style=\"margin-bottom:var(--wp--preset--spacing--h-3-bottom)\"><strong><strong><strong><strong><strong><strong><strong>Engagement musculaire cibl\u00e9<\/strong><\/strong><\/strong><\/strong><\/strong><\/strong><\/strong><\/h3>\n\n\n\n<p><strong><em><strong><strong><strong><strong><strong>Mouvement unilat\u00e9ral du bras (disponible sur certaines machines)<\/strong><\/strong><\/strong><\/strong><\/strong><\/em><\/strong><\/p>\n\n\n\n<p>Pour ceux qui recherchent la polyvalence, certaines machines de la s\u00e9rie Ultra offrent un <strong>mouvement unilat\u00e9ral des bras<\/strong>. Cela vous permet de cibler efficacement des groupes musculaires sp\u00e9cifiques, ce qui vous permet de personnaliser votre programme de remise en forme.<\/p>\n<\/div>\n\n\n\n<div class=\"wp-block-column is-vertically-aligned-center is-layout-flow wp-block-column-is-layout-flow\">\n<figure class=\"wp-block-video\"><video autoplay=\"\" controls=\"\" loop=\"\" muted=\"\" src=\"https:\/\/evolve-fitness.eu\/wp-content\/uploads\/2023\/12\/2-7.mp4\"><\/video><\/figure>\n<\/div>\n<\/div>\n\n\n\n<div class=\"wp-block-columns alignwide mobile-reverse is-layout-flex wp-container-core-columns-is-layout-ca64bf2d wp-block-columns-is-layout-flex\" style=\"margin-bottom:var(--wp--preset--spacing--side-padding)\">\n<div class=\"wp-block-column is-vertically-aligned-center is-layout-flow wp-block-column-is-layout-flow\">\n<figure class=\"wp-block-video\"><video autoplay=\"\" controls=\"\" loop=\"\" muted=\"\" src=\"https:\/\/evolve-fitness.eu\/wp-content\/uploads\/2023\/12\/3-1.mp4\"><\/video><\/figure>\n<\/div>\n\n\n\n<div class=\"wp-block-column is-vertically-aligned-center is-layout-flow wp-block-column-is-layout-flow\">\n<h3 class=\"wp-block-heading\" style=\"margin-bottom:var(--wp--preset--spacing--h-3-bottom)\"><strong><strong><strong><strong>Position assise r\u00e9glable<\/strong><\/strong><\/strong><\/strong><\/h3>\n\n\n\n<p><strong><strong>Personnalisation facile en jaune vibrant<\/strong><\/strong><\/p>\n\n\n\n<p style=\"margin-bottom:var(--wp--preset--spacing--tb-section-padding)\">Nos machines sont dot\u00e9es d&rsquo;une <strong>position assise r\u00e9glable<\/strong> avec des boutons et des poign\u00e9es de r\u00e9glage en jaune clair, facile \u00e0 voir. Cette conception conviviale permet une personnalisation sans effort, garantissant que votre entra\u00eenement s&rsquo;adapte \u00e0 vos pr\u00e9f\u00e9rences.<\/p>\n\n\n\n<h3 class=\"wp-block-heading\" style=\"margin-bottom:var(--wp--preset--spacing--h-3-bottom)\"><strong><strong><strong><strong><strong><strong><strong><strong>Une durabilit\u00e9 sans compromis<\/strong><\/strong><\/strong><\/strong><\/strong><\/strong><\/strong><\/strong><\/h3>\n\n\n\n<p><strong><em><strong><strong><strong><strong><strong>Boulons et \u00e9crous en acier inoxydable<\/strong><\/strong><\/strong><\/strong><\/strong><\/em><\/strong><\/p>\n\n\n\n<p>Chaque d\u00e9tail compte dans la s\u00e9rie Ultra. C&rsquo;est pourquoi tous les boulons et les \u00e9crous sont en <strong>acier inoxydable<\/strong> afin de garantir une durabilit\u00e9 et une long\u00e9vit\u00e9 sans compromis.<\/p>\n<\/div>\n<\/div>\n\n\n\n<div class=\"wp-block-columns alignwide mobile-reverse is-layout-flex wp-container-core-columns-is-layout-ca64bf2d wp-block-columns-is-layout-flex\" style=\"margin-bottom:var(--wp--preset--spacing--side-padding)\">\n<div class=\"wp-block-column is-vertically-aligned-center is-layout-flow wp-block-column-is-layout-flow\">\n<h3 class=\"wp-block-heading\"><strong>POIGN\u00c9ES ANTID\u00c9RAPANTES<\/strong><\/h3>\n\n\n\n<p><strong><em><strong>Une prise s\u00fbre pour plus de s\u00e9curit\u00e9 et de confiance<\/strong><\/em><\/strong><\/p>\n\n\n\n<p style=\"margin-bottom:var(--wp--preset--spacing--tb-section-padding)\">Priorit\u00e9 \u00e0 la s\u00e9curit\u00e9 et \u00e0 la confiance avec nos <strong>poign\u00e9es antid\u00e9rapantes<\/strong>. Ils offrent une prise s\u00fbre, r\u00e9duisant ainsi le risque d&rsquo;accident lors de vos s\u00e9ances d&rsquo;entra\u00eenement.<\/p>\n\n\n\n<h3 class=\"wp-block-heading\" style=\"margin-bottom:var(--wp--preset--spacing--h-3-bottom)\"><strong><strong><strong><strong><strong><strong><strong>Protecteurs de sol durables<\/strong><\/strong><\/strong><\/strong><\/strong><\/strong><\/strong><\/h3>\n\n\n\n<p><strong><em><strong><strong><strong><strong>Pr\u00e9server le rev\u00eatement de sol de votre salle de sport<\/strong><\/strong><\/strong><\/strong><\/em><\/strong><\/p>\n\n\n\n<p style=\"margin-bottom:var(--wp--preset--spacing--tb-section-padding)\">Nos \u00e9quipements sont \u00e9quip\u00e9s de <strong>protections de sol durables<\/strong> qui prot\u00e8gent votre salle de sport contre les dommages et les rayures, m\u00eame pendant les s\u00e9ances d&rsquo;entra\u00eenement intenses.<\/p>\n\n\n\n<h3 class=\"wp-block-heading\" style=\"margin-bottom:var(--wp--preset--spacing--h-3-bottom)\"><strong><strong><strong><strong><strong>Organis\u00e9 et efficace<\/strong><\/strong><\/strong><\/strong><\/strong><\/h3>\n\n\n\n<p><strong><em><strong><strong><strong><strong><strong><strong><strong><strong>Piquets pour le stockage des plaques d&rsquo;halt\u00e8res<\/strong><\/strong><\/strong><\/strong><\/strong><\/strong><\/strong><\/strong><\/em><\/strong><\/p>\n\n\n\n<p style=\"margin-bottom:var(--wp--preset--spacing--tb-section-padding)\">Restez organis\u00e9 et efficace avec les <strong>piquets de rangement des plaques de musculation<\/strong>. Gardez vos assiettes \u00e0 port\u00e9e de main et simplifiez vos s\u00e9ances d&rsquo;entra\u00eenement.<\/p>\n<\/div>\n\n\n\n<div class=\"wp-block-column is-vertically-aligned-center is-layout-flow wp-block-column-is-layout-flow\">\n<figure class=\"wp-block-video\"><video autoplay=\"\" controls=\"\" loop=\"\" muted=\"\" src=\"https:\/\/evolve-fitness.eu\/wp-content\/uploads\/2023\/12\/1-10.mp4\"><\/video><\/figure>\n<\/div>\n<\/div>\n\n\n\n<div class=\"wp-block-columns alignwide mobile-reverse is-layout-flex wp-container-core-columns-is-layout-ca64bf2d wp-block-columns-is-layout-flex\" style=\"margin-bottom:var(--wp--preset--spacing--side-padding)\">\n<div class=\"wp-block-column is-vertically-aligned-center is-layout-flow wp-block-column-is-layout-flow\">\n<figure class=\"wp-block-image size-large\"><img decoding=\"async\" src=\"https:\/\/evolve-fitness.eu\/wp-content\/uploads\/2023\/12\/A7_06862-1024x683.jpg\" alt=\"\" class=\"wp-image-8192\"\/><\/figure>\n<\/div>\n\n\n\n<div class=\"wp-block-column is-vertically-aligned-center is-layout-flow wp-block-column-is-layout-flow\">\n<h3 class=\"wp-block-heading\" style=\"margin-bottom:var(--wp--preset--spacing--h-3-bottom)\"><strong><strong><strong><strong><strong><strong><strong><strong><strong><strong><strong><strong><strong><strong><strong><strong><strong>Finition durable<\/strong><\/strong><\/strong><\/strong><\/strong><\/strong><\/strong><\/strong><\/strong><\/strong><\/strong><\/strong><\/strong><\/strong><\/strong><\/strong><\/strong><\/h3>\n\n\n\n<p><strong><em><strong><strong><strong><strong><strong><strong><em><strong><strong><strong><strong><strong><strong>Technologie de pulv\u00e9risation \u00e9lectrostatique de poudres thermodurcissables<\/strong><\/strong><\/strong><\/strong><\/strong><\/strong><\/em><\/strong><\/strong><\/strong><\/strong><\/strong><\/strong><\/em><\/strong><\/p>\n\n\n\n<p style=\"margin-bottom:var(--wp--preset--spacing--tb-section-padding)\">Nos machines sont \u00e9quip\u00e9es de la <strong>technologie de pulv\u00e9risation \u00e9lectrostatique de poudre thermodurcissable<\/strong> qui garantit une finition durable. Ce rev\u00eatement de pointe pr\u00e9serve l&rsquo;attrait visuel de l&rsquo;\u00e9quipement au fil du temps.<\/p>\n<\/div>\n<\/div>\n<\/section>\n<\/section>\n\n<p> <\/p>\n","protected":false},"excerpt":{"rendered":"<p>Am\u00e9liorez votre salle de sport avec la presse \u00e0 jambes Evolve Ultra Series UL-190. Con\u00e7u pour les environnements commerciaux, il offre un entra\u00eenement complet du corps, avec quatre supports de plaque de poids int\u00e9gr\u00e9s pour des changements de r\u00e9sistance rapides. Avec un cadre en acier durable, une protection contre la rouille et une conception conviviale, y compris un repose-pieds angulaire surdimensionn\u00e9 et des poign\u00e9es antid\u00e9rapantes, cette presse \u00e0 jambes assure une stabilit\u00e9 et un confort maximums. Personnalisez-le pour qu&rsquo;il corresponde aux couleurs de votre club. Avec une charge maximale de 500 kg, des roulements lin\u00e9aires et une garantie de 2 ans, c&rsquo;est le choix id\u00e9al pour la qualit\u00e9 et la long\u00e9vit\u00e9.<\/p>\n","protected":false},"featured_media":60874,"template":"","meta":{"_acf_changed":false,"inline_featured_image":false},"product_cat":[413,780,784],"product_tag":[],"class_list":{"0":"post-44010","1":"product","2":"type-product","3":"status-publish","4":"has-post-thumbnail","6":"product_cat-page-daccueil","7":"product_cat-machines-a-plateau","8":"product_cat-ultra-series-plate-loaded-fr","10":"first","11":"outofstock","12":"shipping-taxable","13":"purchasable","14":"product-type-simple"},"acf":[],"_links":{"self":[{"href":"https:\/\/store.evolve-fitness.eu\/fr\/wp-json\/wp\/v2\/product\/44010","targetHints":{"allow":["GET"]}}],"collection":[{"href":"https:\/\/store.evolve-fitness.eu\/fr\/wp-json\/wp\/v2\/product"}],"about":[{"href":"https:\/\/store.evolve-fitness.eu\/fr\/wp-json\/wp\/v2\/types\/product"}],"wp:featuredmedia":[{"embeddable":true,"href":"https:\/\/store.evolve-fitness.eu\/fr\/wp-json\/wp\/v2\/media\/60874"}],"wp:attachment":[{"href":"https:\/\/store.evolve-fitness.eu\/fr\/wp-json\/wp\/v2\/media?parent=44010"}],"wp:term":[{"taxonomy":"product_cat","embeddable":true,"href":"https:\/\/store.evolve-fitness.eu\/fr\/wp-json\/wp\/v2\/product_cat?post=44010"},{"taxonomy":"product_tag","embeddable":true,"href":"https:\/\/store.evolve-fitness.eu\/fr\/wp-json\/wp\/v2\/product_tag?post=44010"}],"curies":[{"name":"wp","href":"https:\/\/api.w.org\/{rel}","templated":true}]}}