{"id":43315,"date":"2024-01-23T12:59:22","date_gmt":"2024-01-23T12:59:22","guid":{"rendered":"https:\/\/store.evolve-fitness.eu\/product\/halteres-droits-fixes-evolve-cpu-en-urethane\/"},"modified":"2026-03-11T13:00:14","modified_gmt":"2026-03-11T13:00:14","slug":"halteres-droits-fixes-evolve-cpu-en-urethane","status":"publish","type":"product","link":"https:\/\/store.evolve-fitness.eu\/fr\/produit\/halteres-droits-fixes-evolve-cpu-en-urethane\/","title":{"rendered":"Halt\u00e8res droits fixes Evolve CPU en ur\u00e9thane"},"content":{"rendered":"\n<section class=\"wp-block-group alignfull black-content has-white-color has-darkgray-background-color has-text-color has-background is-layout-constrained wp-block-group-is-layout-constrained\" style=\"padding-top:var(--wp--preset--spacing--section-bottom);padding-bottom:var(--wp--preset--spacing--section-bottom)\">\n<div class=\"wp-block-columns alignwide mobile-reverse is-layout-flex wp-container-core-columns-is-layout-ca64bf2d wp-block-columns-is-layout-flex\" style=\"margin-bottom:var(--wp--preset--spacing--side-padding)\">\n<div class=\"wp-block-column is-vertically-aligned-center is-layout-flow wp-block-column-is-layout-flow\">\n<h3 class=\"wp-block-heading\" style=\"margin-bottom:var(--wp--preset--spacing--h-3-bottom)\"><strong>Construit pour durer<\/strong><\/h3>\n\n\n\n<p><em><strong>Durabilit\u00e9 in\u00e9gal\u00e9e de l&rsquo;ur\u00e9thane<\/strong><\/em><\/p>\n\n\n\n<p style=\"margin-bottom:var(--wp--preset--spacing--tb-section-padding)\">D\u00e9couvrez la durabilit\u00e9 in\u00e9gal\u00e9e du rev\u00eatement en ur\u00e9thane d&rsquo;Evolve, qui r\u00e9siste aux chocs, \u00e0 l&rsquo;\u00e9caillage et aux \u00e9l\u00e9ments. Nos halt\u00e8res conservent leur aspect et leur toucher haut de gamme sans les odeurs ind\u00e9sirables ou la d\u00e9gradation commune aux halt\u00e8res en caoutchouc. La protection en ur\u00e9thane pr\u00e9serve non seulement l&rsquo;halt\u00e8re mais aussi votre espace d&rsquo;entra\u00eenement.<\/p>\n<\/div>\n\n\n\n<div class=\"wp-block-column is-vertically-aligned-center is-layout-flow wp-block-column-is-layout-flow\">\n<figure class=\"wp-block-image alignright size-full is-resized is-style-rounded\"><img decoding=\"async\" src=\"https:\/\/evolve-fitness.eu\/wp-content\/uploads\/2023\/11\/Evolve-Urethane-Fixed-Weight-Barbells-2.png\" alt=\"\" class=\"wp-image-5363\" style=\"object-fit:cover;width:680px;height:600px\"\/><\/figure>\n<\/div>\n<\/div>\n\n\n\n<div class=\"wp-block-columns alignwide is-layout-flex wp-container-core-columns-is-layout-c45ee707 wp-block-columns-is-layout-flex\" style=\"margin-bottom:var(--wp--preset--spacing--side-padding);padding-top:var(--wp--preset--spacing--side-padding)\">\n<div class=\"wp-block-column is-vertically-aligned-center is-layout-flow wp-block-column-is-layout-flow\">\n<figure class=\"wp-block-image size-full is-resized is-style-rounded\"><img decoding=\"async\" src=\"https:\/\/evolve-fitness.eu\/wp-content\/uploads\/2023\/11\/Evolve-Urethane-Fixed-Weight-Barbells.png\" alt=\"\" class=\"wp-image-5361\" style=\"object-fit:cover;width:680px;height:600px\"\/><\/figure>\n<\/div>\n\n\n\n<div class=\"wp-block-column is-vertically-aligned-center is-layout-flow wp-block-column-is-layout-flow\">\n<h3 class=\"wp-block-heading\" style=\"margin-bottom:var(--wp--preset--spacing--h-3-bottom)\">La personnalisation au service de la qualit\u00e9<\/h3>\n\n\n\n<p><strong><em><strong><em><strong><em>Adapt\u00e9 \u00e0 votre marque<\/em><\/strong><\/em><\/strong><\/em><\/strong><\/p>\n\n\n\n<p style=\"margin-bottom:var(--wp--preset--spacing--tb-section-padding)\">Am\u00e9liorez votre espace de fitness avec des halt\u00e8res qui refl\u00e8tent l&rsquo;\u00e9thique de votre marque. Avec une infusion de couleur personnalisable et des logos d\u00e9coup\u00e9s au laser, les halt\u00e8res Evolve sont plus qu&rsquo;un simple \u00e9quipement ; ils sont un gage de qualit\u00e9 et de d\u00e9vouement aux objectifs de remise en forme de votre client\u00e8le.<\/p>\n<\/div>\n<\/div>\n\n\n\n<div class=\"wp-block-columns alignwide are-vertically-aligned-center mobile-reverse is-layout-flex wp-container-core-columns-is-layout-e8158c2f wp-block-columns-is-layout-flex\" style=\"padding-top:var(--wp--preset--spacing--side-padding)\">\n<div class=\"wp-block-column is-vertically-aligned-center is-layout-flow wp-block-column-is-layout-flow\">\n<h3 class=\"wp-block-heading\" style=\"margin-bottom:var(--wp--preset--spacing--h-3-bottom)\"><strong>Ing\u00e9nierie de pr\u00e9cision<\/strong><\/h3>\n\n\n\n<p><strong><em><strong><em>Pour les normes professionnelles<\/em><\/strong><\/em><\/strong><\/p>\n\n\n\n<p style=\"margin-bottom:var(--wp--preset--spacing--tb-section-padding)\">Nos halt\u00e8res sont fabriqu\u00e9s en alliage m\u00e9tallique solide, con\u00e7u avec pr\u00e9cision pour r\u00e9sister aux exigences de n&rsquo;importe quel environnement d&rsquo;entra\u00eenement. Des bases militaires aux salles de sport haut de gamme, les halt\u00e8res Evolve offrent l&rsquo;\u00e9quilibre et la pr\u00e9cision dimensionnelle requis pour les centres de remise en forme de haut niveau.<\/p>\n<\/div>\n\n\n\n<div class=\"wp-block-column is-vertically-aligned-center is-layout-flow wp-block-column-is-layout-flow\">\n<figure class=\"wp-block-image alignright size-full is-resized is-style-rounded\"><img decoding=\"async\" src=\"https:\/\/evolve-fitness.eu\/wp-content\/uploads\/2023\/11\/Evolve-Urethane-Fixed-Weight-Barbells-3.png\" alt=\"\" class=\"wp-image-5365\" style=\"object-fit:cover;width:680px;height:600px\"\/><\/figure>\n<\/div>\n<\/div>\n\n\n\n<div class=\"wp-block-columns alignwide are-vertically-aligned-center mobile-reverse is-layout-flex wp-container-core-columns-is-layout-e8158c2f wp-block-columns-is-layout-flex\" style=\"padding-top:var(--wp--preset--spacing--side-padding)\">\n<div class=\"wp-block-column is-vertically-aligned-center is-layout-flow wp-block-column-is-layout-flow\">\n<figure class=\"wp-block-image alignright size-full is-resized is-style-rounded\"><img decoding=\"async\" src=\"https:\/\/evolve-fitness.eu\/wp-content\/uploads\/2023\/11\/Evolve-Urethane-Fixed-Weight-Barbells-4.png\" alt=\"\" class=\"wp-image-5367\" style=\"object-fit:cover;width:680px;height:600px\"\/><\/figure>\n<\/div>\n\n\n\n<div class=\"wp-block-column is-vertically-aligned-center is-layout-flow wp-block-column-is-layout-flow\">\n<h3 class=\"wp-block-heading\" style=\"margin-bottom:var(--wp--preset--spacing--h-3-bottom)\"><strong>La clart\u00e9 dans chaque ascenseur<\/strong><\/h3>\n\n\n\n<p><strong><em><strong><em>Indications du poids d\u00e9coup\u00e9 au laser<\/em><\/strong><\/em><\/strong><\/p>\n\n\n\n<p style=\"margin-bottom:var(--wp--preset--spacing--tb-section-padding)\">Fini les devinettes, les poids et les logos clairement d\u00e9finis et d\u00e9coup\u00e9s au laser r\u00e9sistent \u00e0 l&rsquo;\u00e9preuve du temps. L&rsquo;infusion d&rsquo;ur\u00e9thane garantit la visibilit\u00e9 et un aspect professionnel pour les ann\u00e9es \u00e0 venir, ce qui permet \u00e0 votre investissement d&rsquo;\u00eatre non seulement intelligent mais aussi \u00e9l\u00e9gant.<\/p>\n<\/div>\n<\/div>\n<\/section>\n","protected":false},"excerpt":{"rendered":"<p>Maximisez votre entra\u00eenement de force avec les halt\u00e8res Evolve en ur\u00e9thane \u00e0 poids fixe, allant de 10 \u00e0 55 kg pour convenir \u00e0 tous les niveaux de forme physique.<br \/>\nLeur poids fixe permet de changer rapidement de r\u00e9sistance pendant l&rsquo;entra\u00eenement.<br \/>\nFabriqu\u00e9s en ur\u00e9thane durable, avec des d\u00e9tails grav\u00e9s au laser et un logo, ces halt\u00e8res sont con\u00e7us pour durer et pour rehausser le look de n&rsquo;importe quelle salle de sport.<br \/>\nParfaits pour des exercices simples et efficaces, les halt\u00e8res Evolve sont le meilleur choix pour un \u00e9quipement d&rsquo;halt\u00e9rophilie fiable et \u00e9l\u00e9gant.   <\/p>\n","protected":false},"featured_media":43316,"template":"","meta":{"_acf_changed":false,"inline_featured_image":false},"product_cat":[413,975,1331],"product_tag":[],"class_list":{"0":"post-43315","1":"product","2":"type-product","3":"status-publish","4":"has-post-thumbnail","6":"product_cat-page-daccueil","7":"product_cat-poids-libres","8":"product_cat-halteres-a-poids-fixe","10":"first","11":"instock","12":"shipping-taxable","13":"purchasable","14":"product-type-variable"},"acf":[],"_links":{"self":[{"href":"https:\/\/store.evolve-fitness.eu\/fr\/wp-json\/wp\/v2\/product\/43315","targetHints":{"allow":["GET"]}}],"collection":[{"href":"https:\/\/store.evolve-fitness.eu\/fr\/wp-json\/wp\/v2\/product"}],"about":[{"href":"https:\/\/store.evolve-fitness.eu\/fr\/wp-json\/wp\/v2\/types\/product"}],"wp:featuredmedia":[{"embeddable":true,"href":"https:\/\/store.evolve-fitness.eu\/fr\/wp-json\/wp\/v2\/media\/43316"}],"wp:attachment":[{"href":"https:\/\/store.evolve-fitness.eu\/fr\/wp-json\/wp\/v2\/media?parent=43315"}],"wp:term":[{"taxonomy":"product_cat","embeddable":true,"href":"https:\/\/store.evolve-fitness.eu\/fr\/wp-json\/wp\/v2\/product_cat?post=43315"},{"taxonomy":"product_tag","embeddable":true,"href":"https:\/\/store.evolve-fitness.eu\/fr\/wp-json\/wp\/v2\/product_tag?post=43315"}],"curies":[{"name":"wp","href":"https:\/\/api.w.org\/{rel}","templated":true}]}}