{"id":42206,"date":"2024-01-17T11:34:30","date_gmt":"2024-01-17T11:34:30","guid":{"rendered":"https:\/\/store.evolve-fitness.eu\/product\/evolve-ultra-series-series-selectorized-8-stack-multigym\/"},"modified":"2024-12-06T11:25:36","modified_gmt":"2024-12-06T11:25:36","slug":"evolve-ultra-series-series-selectorized-8-stack-multigym","status":"publish","type":"product","link":"https:\/\/store.evolve-fitness.eu\/fr\/produit\/evolve-ultra-series-series-selectorized-8-stack-multigym\/","title":{"rendered":"Evolve Ultra Series Series Selectorized 8 Stack Multigym"},"content":{"rendered":"\n<section class=\"wp-block-group alignfull black-content has-white-color has-darkgray-background-color has-text-color has-background is-layout-constrained wp-block-group-is-layout-constrained\" style=\"padding-top:var(--wp--preset--spacing--section-bottom);padding-bottom:var(--wp--preset--spacing--section-bottom)\">\n<div class=\"wp-block-columns alignwide mobile-reverse is-layout-flex wp-container-core-columns-is-layout-ca64bf2d wp-block-columns-is-layout-flex\" style=\"margin-bottom:var(--wp--preset--spacing--side-padding)\">\n<div class=\"wp-block-column is-vertically-aligned-center is-layout-flow wp-block-column-is-layout-flow\">\n<h3 class=\"wp-block-heading\" style=\"margin-bottom:var(--wp--preset--spacing--h-3-bottom)\">  S\u00e9rie Evolve Ultra<\/h3>\n\n\n\n<p style=\"margin-bottom:var(--wp--preset--spacing--tb-section-padding)\">Bienvenue dans la s\u00e9rie Evolve Ultra, o\u00f9 nous red\u00e9finissons l&rsquo;excellence. Con\u00e7ue pour les propri\u00e9taires de salles de sport, les propri\u00e9taires potentiels de salles de sport et les centres de remise en forme de toutes tailles, notre s\u00e9rie Ultra propose une gamme d&rsquo;appareils s\u00e9lectifs \u00e9conomiques qui privil\u00e9gient la qualit\u00e9 et les performances. Examinons les caract\u00e9ristiques uniques qui font de la s\u00e9rie Ultra un choix exceptionnel pour ceux qui recherchent un \u00e9quipement de fitness \u00e9conomique mais de haute qualit\u00e9.<\/p>\n<\/div>\n\n\n\n<div class=\"wp-block-column is-vertically-aligned-center is-layout-flow wp-block-column-is-layout-flow\">\n<figure class=\"wp-block-image alignright size-full is-resized is-style-rounded\"><img decoding=\"async\" src=\"https:\/\/evolve-fitness.eu\/wp-content\/uploads\/2023\/12\/EV-SC-UL-800-Evolve-Ultra-Selectorized-8-Stack-Multigym-Double-Powder-Coated-full.png\" alt=\"EV-SC-UL-800\" class=\"wp-image-119445\" style=\"object-fit:cover;width:680px;height:600px\"\/><\/figure>\n<\/div>\n<\/div>\n\n\n\n<div class=\"wp-block-columns alignwide is-layout-flex wp-container-core-columns-is-layout-c45ee707 wp-block-columns-is-layout-flex\" style=\"margin-bottom:var(--wp--preset--spacing--side-padding);padding-top:var(--wp--preset--spacing--side-padding)\">\n<div class=\"wp-block-column is-vertically-aligned-center is-layout-flow wp-block-column-is-layout-flow\">\n<figure class=\"wp-block-image size-large\"><img decoding=\"async\" src=\"https:\/\/evolve-fitness.eu\/wp-content\/uploads\/2023\/12\/EV-SC-UL-800-1-1024x683.jpg\" alt=\"\" class=\"wp-image-167398\"\/><\/figure>\n<\/div>\n\n\n\n<div class=\"wp-block-column is-vertically-aligned-center is-layout-flow wp-block-column-is-layout-flow\">\n<h3 class=\"wp-block-heading\">La s\u00e9curit\u00e9 au service du style<\/h3>\n\n\n\n<p><strong><em>Housse d&#8217;empilement de poids enti\u00e8rement recouverte<\/em><\/strong><\/p>\n\n\n\n<p style=\"margin-bottom:var(--wp--preset--spacing--tb-section-padding)\">Pour les propri\u00e9taires de salles de sport et les entrepreneurs de fitness, la s\u00e9curit\u00e9 et l&rsquo;esth\u00e9tique sont primordiales. La s\u00e9rie Evolve Ultra est dot\u00e9e d&rsquo;un car\u00e9nage de pile de poids enti\u00e8rement recouvert, combinant parfaitement la s\u00e9curit\u00e9 et le style. En am\u00e9liorant la s\u00e9curit\u00e9 et en pr\u00e9venant les accidents tout en gardant votre espace de gym propre, cette housse est un ajout essentiel \u00e0 tout centre de remise en forme. Am\u00e9liorez l&rsquo;attrait visuel de votre salle de sport tout en donnant la priorit\u00e9 \u00e0 la s\u00e9curit\u00e9 de vos clients lors de chaque s\u00e9ance d&rsquo;entra\u00eenement.<\/p>\n<\/div>\n<\/div>\n\n\n\n<div class=\"wp-block-columns alignwide are-vertically-aligned-center mobile-reverse is-layout-flex wp-container-core-columns-is-layout-e8158c2f wp-block-columns-is-layout-flex\" style=\"padding-top:var(--wp--preset--spacing--side-padding)\">\n<div class=\"wp-block-column is-vertically-aligned-center is-layout-flow wp-block-column-is-layout-flow\">\n<h3 class=\"wp-block-heading\" style=\"margin-bottom:var(--wp--preset--spacing--h-3-bottom)\"><strong>DOUBLE REV\u00caTEMENT PAR POUDRE<\/strong><\/h3>\n\n\n\n<p><strong><em><strong><em>Rev\u00eatement par poudre \u00e9lectrostatique<\/em><\/strong><\/em><\/strong><\/p>\n\n\n\n<p style=\"margin-bottom:var(--wp--preset--spacing--tb-section-padding)\">Les machines de musculation de la s\u00e9rie Evolve Ultra, dot\u00e9es d&rsquo;un cadre noir perle mat \u00e0 rev\u00eatement \u00e9lectrostatique par poudre, allient forme et fonction. Son attrait esth\u00e9tique est renforc\u00e9 par sa finition noire mate, tandis que ses caract\u00e9ristiques pratiques, notamment sa r\u00e9sistance au frottement, ses propri\u00e9t\u00e9s anticorrosion et sa r\u00e9sistance aux rayures, en font un compagnon de fitness fiable et durable.<\/p>\n<\/div>\n\n\n\n<div class=\"wp-block-column is-vertically-aligned-center is-layout-flow wp-block-column-is-layout-flow\">\n<figure class=\"wp-block-image size-large\"><img decoding=\"async\" src=\"https:\/\/evolve-fitness.eu\/wp-content\/uploads\/2023\/12\/EV-SC-UL-800-4-1024x683.jpg\" alt=\"\" class=\"wp-image-167423\"\/><\/figure>\n<\/div>\n<\/div>\n\n\n\n<div class=\"wp-block-columns alignwide is-layout-flex wp-container-core-columns-is-layout-c45ee707 wp-block-columns-is-layout-flex\" style=\"margin-bottom:var(--wp--preset--spacing--side-padding);padding-top:var(--wp--preset--spacing--side-padding)\">\n<div class=\"wp-block-column is-vertically-aligned-center is-layout-flow wp-block-column-is-layout-flow\">\n<figure class=\"wp-block-image size-large\"><img decoding=\"async\" src=\"https:\/\/evolve-fitness.eu\/wp-content\/uploads\/2023\/12\/EV-SC-UL-800-5-1024x683.jpg\" alt=\"EV-SC-UL-800\" class=\"wp-image-167473\"\/><\/figure>\n<\/div>\n\n\n\n<div class=\"wp-block-column is-vertically-aligned-center is-layout-flow wp-block-column-is-layout-flow\">\n<h3 class=\"wp-block-heading\">PR\u00c9SERVER VOTRE ESPACE<\/h3>\n\n\n\n<p><strong><em><strong><em>Coussinets en caoutchouc pour la protection des sols<\/em><\/strong><\/em><\/strong><\/p>\n\n\n\n<p>Maintenez un environnement d&rsquo;entra\u00eenement propre et sans d\u00e9g\u00e2ts gr\u00e2ce aux tampons en caoutchouc. Les propri\u00e9taires de salles de sport sont conscients de l&rsquo;importance de pr\u00e9server leurs sols. Nos pieds rev\u00eatus de caoutchouc prot\u00e8gent votre rev\u00eatement de sol contre les rayures et les dommages potentiels, ce qui fait de la s\u00e9rie Ultra le choix des propri\u00e9taires de salles de sport qui souhaitent prot\u00e9ger leur espace.<\/p>\n<\/div>\n<\/div>\n\n\n\n<div class=\"wp-block-columns alignwide are-vertically-aligned-center mobile-reverse is-layout-flex wp-container-core-columns-is-layout-e8158c2f wp-block-columns-is-layout-flex\" style=\"padding-top:var(--wp--preset--spacing--side-padding)\">\n<div class=\"wp-block-column is-vertically-aligned-center is-layout-flow wp-block-column-is-layout-flow\">\n<h3 class=\"wp-block-heading\" style=\"margin-bottom:var(--wp--preset--spacing--h-3-bottom)\"><strong>Des poign\u00e9es optimales<\/strong><\/h3>\n\n\n\n<p><strong><em><strong><em>Am\u00e9liorer l&rsquo;exp\u00e9rience de la remise en forme<\/em><\/strong><\/em><\/strong><\/p>\n\n\n\n<p style=\"margin-bottom:var(--wp--preset--spacing--tb-section-padding)\">Attirer et fid\u00e9liser les clients est essentiel pour les propri\u00e9taires de salles de sport et les g\u00e9rants d&rsquo;\u00e9tablissements de remise en forme. La s\u00e9rie Evolve Ultra offre des poign\u00e9es optimales, m\u00e9ticuleusement con\u00e7ues pour le confort et la s\u00e9curit\u00e9. Am\u00e9liorez l&rsquo;exp\u00e9rience d&rsquo;entra\u00eenement de vos clients, en les gardant engag\u00e9s et motiv\u00e9s pour atteindre leurs objectifs de remise en forme dans votre \u00e9tablissement.<\/p>\n<\/div>\n\n\n\n<div class=\"wp-block-column is-vertically-aligned-center is-layout-flow wp-block-column-is-layout-flow\">\n<figure class=\"wp-block-image size-large\"><img decoding=\"async\" src=\"https:\/\/evolve-fitness.eu\/wp-content\/uploads\/2023\/12\/EV-SC-UL-800-11-1024x683.jpg\" alt=\"\" class=\"wp-image-167448\"\/><\/figure>\n<\/div>\n<\/div>\n<\/section>\n","protected":false},"excerpt":{"rendered":"<p>D\u00e9couvrez l&rsquo;Evolve Ultra Series Selectorized 8 Stack Multigym, un m\u00e9lange parfait de style, de s\u00e9curit\u00e9 et de durabilit\u00e9 pour les propri\u00e9taires de salles de sport et les amateurs de fitness. Son car\u00e9nage de pile de poids enti\u00e8rement couvert am\u00e9liore \u00e0 la fois la s\u00e9curit\u00e9 et l&rsquo;esth\u00e9tique, tandis que le cadre \u00e0 double rev\u00eatement par poudre, noir perle \u00e9lectrostatique mat, garantit des performances durables avec une r\u00e9sistance \u00e0 l&rsquo;usure et \u00e0 la d\u00e9chirure. \u00c9quip\u00e9 de tampons en caoutchouc prot\u00e9geant le sol et de poign\u00e9es optimales pour le confort de l&rsquo;utilisateur, ce multigym de 1566 kg est un investissement dans un \u00e9quipement de remise en forme de premier ordre. Avec une garantie de 2 ans et des fonctions avanc\u00e9es comme la protection contre la corrosion, c&rsquo;est le choix id\u00e9al pour rehausser tout centre de remise en forme.<\/p>\n","protected":false},"featured_media":42236,"template":"","meta":{"_acf_changed":false,"inline_featured_image":false},"product_cat":[413,1110,1224],"product_tag":[],"class_list":{"0":"post-42206","1":"product","2":"type-product","3":"status-publish","4":"has-post-thumbnail","6":"product_cat-page-daccueil","7":"product_cat-machines-selectionnees","8":"product_cat-machines-selectorized-ultra-series","10":"first","11":"outofstock","12":"shipping-taxable","13":"purchasable","14":"product-type-simple"},"acf":[],"_links":{"self":[{"href":"https:\/\/store.evolve-fitness.eu\/fr\/wp-json\/wp\/v2\/product\/42206","targetHints":{"allow":["GET"]}}],"collection":[{"href":"https:\/\/store.evolve-fitness.eu\/fr\/wp-json\/wp\/v2\/product"}],"about":[{"href":"https:\/\/store.evolve-fitness.eu\/fr\/wp-json\/wp\/v2\/types\/product"}],"wp:featuredmedia":[{"embeddable":true,"href":"https:\/\/store.evolve-fitness.eu\/fr\/wp-json\/wp\/v2\/media\/42236"}],"wp:attachment":[{"href":"https:\/\/store.evolve-fitness.eu\/fr\/wp-json\/wp\/v2\/media?parent=42206"}],"wp:term":[{"taxonomy":"product_cat","embeddable":true,"href":"https:\/\/store.evolve-fitness.eu\/fr\/wp-json\/wp\/v2\/product_cat?post=42206"},{"taxonomy":"product_tag","embeddable":true,"href":"https:\/\/store.evolve-fitness.eu\/fr\/wp-json\/wp\/v2\/product_tag?post=42206"}],"curies":[{"name":"wp","href":"https:\/\/api.w.org\/{rel}","templated":true}]}}