{"id":42172,"date":"2024-01-11T15:07:09","date_gmt":"2024-01-11T15:07:09","guid":{"rendered":"https:\/\/store.evolve-fitness.eu\/product\/machine-a-cable-pour-la-poitrine-et-les-epaules-evolve-prime-series\/"},"modified":"2024-03-14T01:36:44","modified_gmt":"2024-03-14T01:36:44","slug":"machine-a-cable-pour-la-poitrine-et-les-epaules-evolve-prime-series","status":"publish","type":"product","link":"https:\/\/store.evolve-fitness.eu\/fr\/produit\/machine-a-cable-pour-la-poitrine-et-les-epaules-evolve-prime-series\/","title":{"rendered":"Machine \u00e0 c\u00e2ble pour la poitrine et les \u00e9paules Evolve Prime Series"},"content":{"rendered":"\n<section class=\"wp-block-group alignfull black-content has-white-color has-darkgray-background-color has-text-color has-background is-layout-constrained wp-block-group-is-layout-constrained\" style=\"padding-top:var(--wp--preset--spacing--section-bottom);padding-bottom:var(--wp--preset--spacing--section-bottom)\">\n<div class=\"wp-block-columns is-layout-flex wp-container-core-columns-is-layout-9d6595d7 wp-block-columns-is-layout-flex\">\n<div class=\"wp-block-column is-layout-flow wp-block-column-is-layout-flow\">\n<figure class=\"wp-block-image size-full\"><img loading=\"lazy\" decoding=\"async\" width=\"1080\" height=\"1080\" src=\"https:\/\/store.evolve-fitness.eu\/wp-content\/uploads\/2024\/01\/Evolve-Shoulder-and-Chest-Cable-System.png\" alt=\"\" class=\"wp-image-4465\" srcset=\"https:\/\/store.evolve-fitness.eu\/wp-content\/uploads\/2024\/01\/Evolve-Shoulder-and-Chest-Cable-System.png 1080w, https:\/\/store.evolve-fitness.eu\/wp-content\/uploads\/2024\/01\/Evolve-Shoulder-and-Chest-Cable-System-300x300.png 300w, https:\/\/store.evolve-fitness.eu\/wp-content\/uploads\/2024\/01\/Evolve-Shoulder-and-Chest-Cable-System-1024x1024.png 1024w, https:\/\/store.evolve-fitness.eu\/wp-content\/uploads\/2024\/01\/Evolve-Shoulder-and-Chest-Cable-System-150x150.png 150w, https:\/\/store.evolve-fitness.eu\/wp-content\/uploads\/2024\/01\/Evolve-Shoulder-and-Chest-Cable-System-768x768.png 768w, https:\/\/store.evolve-fitness.eu\/wp-content\/uploads\/2024\/01\/Evolve-Shoulder-and-Chest-Cable-System-600x600.png 600w, https:\/\/store.evolve-fitness.eu\/wp-content\/uploads\/2024\/01\/Evolve-Shoulder-and-Chest-Cable-System-100x100.png 100w\" sizes=\"auto, (max-width: 1080px) 100vw, 1080px\" \/><\/figure>\n<\/div>\n\n\n\n<div class=\"wp-block-column is-layout-flow wp-block-column-is-layout-flow\" style=\"padding-top:var(--wp--preset--spacing--tb-section-padding);padding-bottom:var(--wp--preset--spacing--tb-section-padding)\">\n<p class=\"has-big-title-font-size\">Machine \u00e0 c\u00e2ble pour la poitrine et les \u00e9paules<\/p>\n\n\n\n<p>1. Conception exclusive : Imite les activit\u00e9s quotidiennes gr\u00e2ce \u00e0 des glissi\u00e8res en aluminium, des roulements et des c\u00e2bles de haute qualit\u00e9 pour des mouvements fluides et sans restriction ; les paires de poign\u00e9es doubles ciblent les diff\u00e9rents muscles du haut du corps.<\/p>\n\n\n\n<p>2. Utilisation polyvalente : convient aux exercices en position assise ou debout, \u00e0 tous les niveaux de condition physique et aux utilisateurs de fauteuils roulants.<\/p>\n\n\n\n<p>3. Cadre durable : Cadre m\u00e9tallique robuste, rev\u00eatu de poudre, pour une meilleure durabilit\u00e9 et une protection contre la rouille.<\/p>\n\n\n\n<p>4. Options d&rsquo;exercices flexibles : Le mouvement ind\u00e9pendant des poign\u00e9es permet un entra\u00eenement \u00e9quilibr\u00e9 des deux c\u00f4t\u00e9s du corps ; comprend des roues de transport pour une mobilit\u00e9 facile et une gamme d&rsquo;exercices.<\/p>\n\n\n\n<p>5. Rembourrage ergonomique : Rembourrage de qualit\u00e9 industrielle avec une mousse dense et r\u00e9sistante \u00e0 la d\u00e9formation et un rev\u00eatement en cuir synth\u00e9tique durable.<\/p>\n\n\n\n<p>6. S\u00e9curit\u00e9 et facilit\u00e9 d&rsquo;utilisation : Les piles de poids sont couvertes pour pr\u00e9venir les blessures et la r\u00e9sistance est facile \u00e0 r\u00e9gler \u00e0 l&rsquo;aide d&rsquo;une goupille \u00e0 code couleur rouge ; les plaques de poids sont trait\u00e9es pour r\u00e9sister \u00e0 la rouille et aux dommages.<\/p>\n<\/div>\n<\/div>\n<\/section>\n","protected":false},"excerpt":{"rendered":"<p>Le syst\u00e8me de c\u00e2bles pour les \u00e9paules et la poitrine Evolve est un appareil polyvalent et facile \u00e0 utiliser, parfait pour am\u00e9liorer l&rsquo;entra\u00eenement des \u00e9paules et de la poitrine. Il offre des mouvements fluides et sans restriction gr\u00e2ce \u00e0 sa conception unique, une r\u00e9sistance r\u00e9glable et convient \u00e0 diff\u00e9rents niveaux de condition physique, y compris aux personnes ayant des difficult\u00e9s \u00e0 se d\u00e9placer. Son cadre durable, rev\u00eatu de poudre, et son rembourrage ergonomique garantissent confort et long\u00e9vit\u00e9. Ce syst\u00e8me de c\u00e2bles, id\u00e9al pour les exercices en position assise ou debout, offre une exp\u00e9rience d&rsquo;entra\u00eenement sur mesure, r\u00e9pondant \u00e0 tous les besoins de renforcement du haut du corps.<\/p>\n","protected":false},"featured_media":42183,"template":"","meta":{"_acf_changed":false,"inline_featured_image":false},"product_cat":[413,1110,1152],"product_tag":[],"class_list":{"0":"post-42172","1":"product","2":"type-product","3":"status-publish","4":"has-post-thumbnail","6":"product_cat-page-daccueil","7":"product_cat-machines-selectionnees","8":"product_cat-machines-selectorized-prime-series","10":"first","11":"outofstock","12":"shipping-taxable","13":"purchasable","14":"product-type-simple"},"acf":[],"_links":{"self":[{"href":"https:\/\/store.evolve-fitness.eu\/fr\/wp-json\/wp\/v2\/product\/42172","targetHints":{"allow":["GET"]}}],"collection":[{"href":"https:\/\/store.evolve-fitness.eu\/fr\/wp-json\/wp\/v2\/product"}],"about":[{"href":"https:\/\/store.evolve-fitness.eu\/fr\/wp-json\/wp\/v2\/types\/product"}],"wp:featuredmedia":[{"embeddable":true,"href":"https:\/\/store.evolve-fitness.eu\/fr\/wp-json\/wp\/v2\/media\/42183"}],"wp:attachment":[{"href":"https:\/\/store.evolve-fitness.eu\/fr\/wp-json\/wp\/v2\/media?parent=42172"}],"wp:term":[{"taxonomy":"product_cat","embeddable":true,"href":"https:\/\/store.evolve-fitness.eu\/fr\/wp-json\/wp\/v2\/product_cat?post=42172"},{"taxonomy":"product_tag","embeddable":true,"href":"https:\/\/store.evolve-fitness.eu\/fr\/wp-json\/wp\/v2\/product_tag?post=42172"}],"curies":[{"name":"wp","href":"https:\/\/api.w.org\/{rel}","templated":true}]}}