{"id":41890,"date":"2024-01-11T14:08:56","date_gmt":"2024-01-11T14:08:56","guid":{"rendered":"https:\/\/store.evolve-fitness.eu\/product\/machine-a-cable-evolve-prime-series-lat-pull-and-row\/"},"modified":"2024-03-14T01:34:32","modified_gmt":"2024-03-14T01:34:32","slug":"machine-a-cable-evolve-prime-series-lat-pull-and-row","status":"publish","type":"product","link":"https:\/\/store.evolve-fitness.eu\/fr\/produit\/machine-a-cable-evolve-prime-series-lat-pull-and-row\/","title":{"rendered":"Machine \u00e0 c\u00e2ble Evolve Prime Series Lat Pull and Row"},"content":{"rendered":"\n<section class=\"wp-block-group alignfull black-content has-white-color has-darkgray-background-color has-text-color has-background is-layout-constrained wp-block-group-is-layout-constrained\" style=\"padding-top:var(--wp--preset--spacing--section-bottom);padding-bottom:var(--wp--preset--spacing--section-bottom)\">\n<div class=\"wp-block-columns is-layout-flex wp-container-core-columns-is-layout-9d6595d7 wp-block-columns-is-layout-flex\">\n<div class=\"wp-block-column is-layout-flow wp-block-column-is-layout-flow\">\n<figure class=\"wp-block-image size-full\"><img loading=\"lazy\" decoding=\"async\" width=\"614\" height=\"768\" src=\"https:\/\/store.evolve-fitness.eu\/wp-content\/uploads\/2024\/01\/Lat-Pull-Row-Trainer-7.png\" alt=\"\" class=\"wp-image-4461\" srcset=\"https:\/\/store.evolve-fitness.eu\/wp-content\/uploads\/2024\/01\/Lat-Pull-Row-Trainer-7.png 614w, https:\/\/store.evolve-fitness.eu\/wp-content\/uploads\/2024\/01\/Lat-Pull-Row-Trainer-7-240x300.png 240w, https:\/\/store.evolve-fitness.eu\/wp-content\/uploads\/2024\/01\/Lat-Pull-Row-Trainer-7-600x750.png 600w\" sizes=\"auto, (max-width: 614px) 100vw, 614px\" \/><\/figure>\n<\/div>\n\n\n\n<div class=\"wp-block-column is-layout-flow wp-block-column-is-layout-flow\" style=\"padding-top:var(--wp--preset--spacing--tb-section-padding);padding-bottom:var(--wp--preset--spacing--tb-section-padding)\">\n<p class=\"has-big-title-font-size\">Machine \u00e0 c\u00e2ble pour les tractions et les \u00e9tirements lat\u00e9raux<\/p>\n\n\n\n<p><\/p>\n\n\n\n<p>1. Conception exclusive : Comprend des simulations d&rsquo;activit\u00e9s quotidiennes, des glissi\u00e8res en aluminium, des c\u00e2bles de haute qualit\u00e9 et deux paires de poign\u00e9es pour divers exercices du haut du corps.  <\/p>\n\n\n\n<p>2. Polyvalence : Convient aux exercices assis et debout, accessible \u00e0 diff\u00e9rents niveaux de forme physique et aux personnes ayant des difficult\u00e9s \u00e0 se mouvoir, y compris les utilisateurs de fauteuils roulants.  <\/p>\n\n\n\n<p>3. Cadre durable : Combine un m\u00e9tal de haute qualit\u00e9 recouvert de poudre pour une protection contre la rouille et une couleur durable.  <\/p>\n\n\n\n<p>4. Libert\u00e9 d&rsquo;exercice illimit\u00e9e : Mouvement ind\u00e9pendant des poign\u00e9es pour un entra\u00eenement \u00e9quilibr\u00e9, personnalisable en fonction des besoins individuels, avec des roues de transport pour un repositionnement facile.  <\/p>\n\n\n\n<p>5. Rembourrage ergonomique : Mousse de qualit\u00e9 industrielle r\u00e9sistante \u00e0 la d\u00e9formation, recouverte d&rsquo;un cuir synth\u00e9tique durable pour le confort.  <\/p>\n\n\n\n<p>6. S\u00e9curit\u00e9 et facilit\u00e9 d&rsquo;utilisation : piles de poids \u00e9l\u00e9gantes et couvertes pour \u00e9viter les blessures, avec r\u00e9glage facile de la r\u00e9sistance gr\u00e2ce \u00e0 une goupille \u00e0 code couleur rouge, et plaques de poids r\u00e9sistantes \u00e0 la rouille.<\/p>\n<\/div>\n<\/div>\n<\/section>\n","protected":false},"excerpt":{"rendered":"<p>D\u00e9couvrez la machine Evolve Vertical Cable Pull, une solution d&rsquo;entra\u00eenement polyvalente pour le haut du corps, adapt\u00e9e \u00e0 tous les niveaux de condition physique. Sa conception unique offre une large gamme d&rsquo;exercices avec des mouvements fluides et ininterrompus et une r\u00e9sistance r\u00e9glable. Id\u00e9al pour les exercices en position assise ou debout, il s&rsquo;adresse aux utilisateurs ayant des capacit\u00e9s diff\u00e9rentes, y compris l&rsquo;acc\u00e8s aux fauteuils roulants. Le cadre durable, rev\u00eatu de poudre, et le rembourrage ergonomique garantissent confort et long\u00e9vit\u00e9. Gr\u00e2ce aux mouvements ind\u00e9pendants des poign\u00e9es et \u00e0 la r\u00e9sistance facile \u00e0 r\u00e9gler, il est parfait pour un entra\u00eenement musculaire \u00e9quilibr\u00e9 et un programme de remise en forme complet.<\/p>\n","protected":false},"featured_media":41893,"template":"","meta":{"_acf_changed":false,"inline_featured_image":false},"product_cat":[413,1110,1152],"product_tag":[],"class_list":{"0":"post-41890","1":"product","2":"type-product","3":"status-publish","4":"has-post-thumbnail","6":"product_cat-page-daccueil","7":"product_cat-machines-selectionnees","8":"product_cat-machines-selectorized-prime-series","10":"first","11":"outofstock","12":"shipping-taxable","13":"purchasable","14":"product-type-simple"},"acf":[],"_links":{"self":[{"href":"https:\/\/store.evolve-fitness.eu\/fr\/wp-json\/wp\/v2\/product\/41890","targetHints":{"allow":["GET"]}}],"collection":[{"href":"https:\/\/store.evolve-fitness.eu\/fr\/wp-json\/wp\/v2\/product"}],"about":[{"href":"https:\/\/store.evolve-fitness.eu\/fr\/wp-json\/wp\/v2\/types\/product"}],"wp:featuredmedia":[{"embeddable":true,"href":"https:\/\/store.evolve-fitness.eu\/fr\/wp-json\/wp\/v2\/media\/41893"}],"wp:attachment":[{"href":"https:\/\/store.evolve-fitness.eu\/fr\/wp-json\/wp\/v2\/media?parent=41890"}],"wp:term":[{"taxonomy":"product_cat","embeddable":true,"href":"https:\/\/store.evolve-fitness.eu\/fr\/wp-json\/wp\/v2\/product_cat?post=41890"},{"taxonomy":"product_tag","embeddable":true,"href":"https:\/\/store.evolve-fitness.eu\/fr\/wp-json\/wp\/v2\/product_tag?post=41890"}],"curies":[{"name":"wp","href":"https:\/\/api.w.org\/{rel}","templated":true}]}}